{"id":16512,"date":"2024-02-09T10:31:05","date_gmt":"2024-02-09T10:31:05","guid":{"rendered":"https:\/\/themeholt.com\/product\/yoast-seo-premium-addons\/"},"modified":"2024-11-04T04:11:35","modified_gmt":"2024-11-04T04:11:35","slug":"suplimente-yoast-seo-premium","status":"publish","type":"product","link":"https:\/\/themeholt.com\/ro\/product\/suplimente-yoast-seo-premium\/","title":{"rendered":"Suplimente Yoast Seo Premium"},"content":{"rendered":"<p><span style=\"font-weight: 400\">Abona\u021bi-v\u0103 la Plugin Subscription pentru Access 5 Addons SEO \u0219i cre\u0219te\u021bi performan\u021ba site-ului dvs. f\u0103r\u0103 efort. Ob\u021bine\u021bi un an \u00eentreg de actualiz\u0103ri simple \u0219i asisten\u021b\u0103 non-stop, asigur\u00e2ndu-v\u0103 c\u0103 pluginurile dvs. r\u0103m\u00e2n avansate. Acest pachet all-inclusive ofer\u0103 nu doar confort, ci \u0219i economii majore. F\u0103r\u0103 fiori, doar solu\u021bii practice pentru \u00eembun\u0103t\u0103\u021birea prezen\u021bei tale online. R\u0103m\u00e2ne\u021bi \u00eenainte \u00een peisajul digital cu acest abonament, conceput pentru simplitate \u0219i eficacitate. Debloca\u021bi puterea a cinci suplimente SEO esen\u021biale, sus\u021binute de \u00eembun\u0103t\u0103\u021biri continue \u0219i asisten\u021b\u0103 de \u00eencredere. \u00cembun\u0103t\u0103\u021bi\u021bi-v\u0103 experien\u021ba web cu un abonament simplu, care acord\u0103 prioritate succesului site-ului dvs.<\/span><\/p>\n","protected":false},"excerpt":{"rendered":"<ul>\n<li><span style=\"font-weight: 400\">Ob\u021bine\u021bi acces la 5 suplimente: de exemplu, local-seo, \u0219tiri-seo, video-seo, woocommerce-seo \u0219i plugin Seo<\/span><\/li>\n<li><span style=\"font-weight: 400\">Actualiz\u0103ri complete de un an &amp; suport\u00a0<\/span><\/li>\n<li><span style=\"font-weight: 400\">Ob\u021bine\u021bi tot ce ave\u021bi nevoie la un pre\u021b mai mic!<\/span><\/li>\n<\/ul>\n","protected":false},"featured_media":16451,"template":"","meta":{"_acf_changed":false,"inline_featured_image":false},"product_brand":[],"product_cat":[1536],"product_tag":[],"class_list":{"0":"post-16512","1":"product","2":"type-product","3":"status-publish","4":"has-post-thumbnail","6":"product_cat-plugins-ro","8":"first","9":"instock","10":"sale","11":"downloadable","12":"virtual","13":"taxable","14":"purchasable","15":"product-type-simple"},"acf":[],"yoast_head":"<!-- This site is optimized with the Yoast SEO Premium plugin v22.1 (Yoast SEO v26.0) - https:\/\/yoast.com\/wordpress\/plugins\/seo\/ -->\n<title>Suplimente Yoast Seo Premium - ThemeHolt<\/title>\n<meta name=\"robots\" content=\"index, follow, max-snippet:-1, max-image-preview:large, max-video-preview:-1\" \/>\n<link rel=\"canonical\" href=\"https:\/\/themeholt.com\/ro\/product\/suplimente-yoast-seo-premium\/\" \/>\n<meta property=\"og:locale\" content=\"ro_RO\" \/>\n<meta property=\"og:type\" content=\"article\" \/>\n<meta property=\"og:title\" content=\"Suplimente Yoast Seo Premium\" \/>\n<meta property=\"og:description\" content=\"Ob\u021bine\u021bi acces la 5 suplimente: de exemplu, local-seo, \u0219tiri-seo, video-seo, woocommerce-seo \u0219i plugin Seo  Actualiz\u0103ri complete de un an &amp; suport\u00a0  Ob\u021bine\u021bi tot ce ave\u021bi nevoie la un pre\u021b mai mic!\" \/>\n<meta property=\"og:url\" content=\"https:\/\/themeholt.com\/ro\/product\/suplimente-yoast-seo-premium\/\" \/>\n<meta property=\"og:site_name\" content=\"ThemeHolt\" \/>\n<meta property=\"article:publisher\" content=\"https:\/\/www.facebook.com\/themeholtT\" \/>\n<meta property=\"article:modified_time\" content=\"2024-11-04T04:11:35+00:00\" \/>\n<meta property=\"og:image\" content=\"https:\/\/themeholt.com\/wp-content\/uploads\/2024\/02\/yoast-ecommerce-seo.jpg\" \/>\n\t<meta property=\"og:image:width\" content=\"2000\" \/>\n\t<meta property=\"og:image:height\" content=\"1333\" \/>\n\t<meta property=\"og:image:type\" content=\"image\/jpeg\" \/>\n<meta name=\"twitter:card\" content=\"summary_large_image\" \/>\n<meta name=\"twitter:site\" content=\"@ThemeholtT\" \/>\n<meta name=\"twitter:label1\" content=\"Timp estimat pentru citire\" \/>\n\t<meta name=\"twitter:data1\" content=\"1 minut\" \/>\n<script type=\"application\/ld+json\" class=\"yoast-schema-graph\">{\"@context\":\"https:\/\/schema.org\",\"@graph\":[{\"@type\":\"WebPage\",\"@id\":\"https:\/\/themeholt.com\/ro\/product\/suplimente-yoast-seo-premium\/\",\"url\":\"https:\/\/themeholt.com\/ro\/product\/suplimente-yoast-seo-premium\/\",\"name\":\"Suplimente Yoast Seo Premium - ThemeHolt\",\"isPartOf\":{\"@id\":\"https:\/\/themeholt.com\/#website\"},\"primaryImageOfPage\":{\"@id\":\"https:\/\/themeholt.com\/ro\/product\/suplimente-yoast-seo-premium\/#primaryimage\"},\"image\":{\"@id\":\"https:\/\/themeholt.com\/ro\/product\/suplimente-yoast-seo-premium\/#primaryimage\"},\"thumbnailUrl\":\"https:\/\/themeholt.com\/wp-content\/uploads\/2024\/02\/yoast-ecommerce-seo.jpg\",\"datePublished\":\"2024-02-09T10:31:05+00:00\",\"dateModified\":\"2024-11-04T04:11:35+00:00\",\"breadcrumb\":{\"@id\":\"https:\/\/themeholt.com\/ro\/product\/suplimente-yoast-seo-premium\/#breadcrumb\"},\"inLanguage\":\"ro-RO\",\"potentialAction\":[{\"@type\":\"ReadAction\",\"target\":[\"https:\/\/themeholt.com\/ro\/product\/suplimente-yoast-seo-premium\/\"]}]},{\"@type\":\"ImageObject\",\"inLanguage\":\"ro-RO\",\"@id\":\"https:\/\/themeholt.com\/ro\/product\/suplimente-yoast-seo-premium\/#primaryimage\",\"url\":\"https:\/\/themeholt.com\/wp-content\/uploads\/2024\/02\/yoast-ecommerce-seo.jpg\",\"contentUrl\":\"https:\/\/themeholt.com\/wp-content\/uploads\/2024\/02\/yoast-ecommerce-seo.jpg\",\"width\":2000,\"height\":1333},{\"@type\":\"BreadcrumbList\",\"@id\":\"https:\/\/themeholt.com\/ro\/product\/suplimente-yoast-seo-premium\/#breadcrumb\",\"itemListElement\":[{\"@type\":\"ListItem\",\"position\":1,\"name\":\"Home\",\"item\":\"https:\/\/themeholt.com\/ro\/\"},{\"@type\":\"ListItem\",\"position\":2,\"name\":\"Shop\",\"item\":\"https:\/\/themeholt.com\/shop\/\"},{\"@type\":\"ListItem\",\"position\":3,\"name\":\"Suplimente Yoast Seo Premium\"}]},{\"@type\":\"WebSite\",\"@id\":\"https:\/\/themeholt.com\/#website\",\"url\":\"https:\/\/themeholt.com\/\",\"name\":\"ThemeHolt\",\"description\":\"Themeholt is a website that offers high-quality WordPress themes\",\"publisher\":{\"@id\":\"https:\/\/themeholt.com\/#organization\"},\"potentialAction\":[{\"@type\":\"SearchAction\",\"target\":{\"@type\":\"EntryPoint\",\"urlTemplate\":\"https:\/\/themeholt.com\/?s={search_term_string}\"},\"query-input\":{\"@type\":\"PropertyValueSpecification\",\"valueRequired\":true,\"valueName\":\"search_term_string\"}}],\"inLanguage\":\"ro-RO\"},{\"@type\":\"Organization\",\"@id\":\"https:\/\/themeholt.com\/#organization\",\"name\":\"ThemeHolt\",\"alternateName\":\"ThemeHolt\",\"url\":\"https:\/\/themeholt.com\/\",\"logo\":{\"@type\":\"ImageObject\",\"inLanguage\":\"ro-RO\",\"@id\":\"https:\/\/themeholt.com\/#\/schema\/logo\/image\/\",\"url\":\"https:\/\/themeholt.com\/wp-content\/uploads\/2024\/10\/themeholt.png\",\"contentUrl\":\"https:\/\/themeholt.com\/wp-content\/uploads\/2024\/10\/themeholt.png\",\"width\":225,\"height\":225,\"caption\":\"ThemeHolt\"},\"image\":{\"@id\":\"https:\/\/themeholt.com\/#\/schema\/logo\/image\/\"},\"sameAs\":[\"https:\/\/www.facebook.com\/themeholtT\",\"https:\/\/x.com\/ThemeholtT\",\"https:\/\/www.linkedin.com\/company\/themeholt\",\"https:\/\/www.instagram.com\/themeholtt\/\"],\"description\":\"Themeholt is a website that offers high-quality WordPress themes that are easy to use and ready for just about everything. In Eindhoven, Netherlands, since 2020 offering simple, accessible WordPress themes by providing a variety of requirements. Themeholt focuses on practicality and efficiency, allowing faster project completion with its superior marketplace and easy-to-use templates.\",\"legalName\":\"ThemeHolt\",\"foundingDate\":\"2022-11-10\",\"numberOfEmployees\":{\"@type\":\"QuantitativeValue\",\"minValue\":\"51\",\"maxValue\":\"200\"}}]}<\/script>\n<!-- \/ Yoast SEO Premium plugin. -->","yoast_head_json":{"title":"Suplimente Yoast Seo Premium - ThemeHolt","robots":{"index":"index","follow":"follow","max-snippet":"max-snippet:-1","max-image-preview":"max-image-preview:large","max-video-preview":"max-video-preview:-1"},"canonical":"https:\/\/themeholt.com\/ro\/product\/suplimente-yoast-seo-premium\/","og_locale":"ro_RO","og_type":"article","og_title":"Suplimente Yoast Seo Premium","og_description":"Ob\u021bine\u021bi acces la 5 suplimente: de exemplu, local-seo, \u0219tiri-seo, video-seo, woocommerce-seo \u0219i plugin Seo  Actualiz\u0103ri complete de un an &amp; suport\u00a0  Ob\u021bine\u021bi tot ce ave\u021bi nevoie la un pre\u021b mai mic!","og_url":"https:\/\/themeholt.com\/ro\/product\/suplimente-yoast-seo-premium\/","og_site_name":"ThemeHolt","article_publisher":"https:\/\/www.facebook.com\/themeholtT","article_modified_time":"2024-11-04T04:11:35+00:00","og_image":[{"width":2000,"height":1333,"url":"https:\/\/themeholt.com\/wp-content\/uploads\/2024\/02\/yoast-ecommerce-seo.jpg","type":"image\/jpeg"}],"twitter_card":"summary_large_image","twitter_site":"@ThemeholtT","twitter_misc":{"Timp estimat pentru citire":"1 minut"},"schema":{"@context":"https:\/\/schema.org","@graph":[{"@type":"WebPage","@id":"https:\/\/themeholt.com\/ro\/product\/suplimente-yoast-seo-premium\/","url":"https:\/\/themeholt.com\/ro\/product\/suplimente-yoast-seo-premium\/","name":"Suplimente Yoast Seo Premium - ThemeHolt","isPartOf":{"@id":"https:\/\/themeholt.com\/#website"},"primaryImageOfPage":{"@id":"https:\/\/themeholt.com\/ro\/product\/suplimente-yoast-seo-premium\/#primaryimage"},"image":{"@id":"https:\/\/themeholt.com\/ro\/product\/suplimente-yoast-seo-premium\/#primaryimage"},"thumbnailUrl":"https:\/\/themeholt.com\/wp-content\/uploads\/2024\/02\/yoast-ecommerce-seo.jpg","datePublished":"2024-02-09T10:31:05+00:00","dateModified":"2024-11-04T04:11:35+00:00","breadcrumb":{"@id":"https:\/\/themeholt.com\/ro\/product\/suplimente-yoast-seo-premium\/#breadcrumb"},"inLanguage":"ro-RO","potentialAction":[{"@type":"ReadAction","target":["https:\/\/themeholt.com\/ro\/product\/suplimente-yoast-seo-premium\/"]}]},{"@type":"ImageObject","inLanguage":"ro-RO","@id":"https:\/\/themeholt.com\/ro\/product\/suplimente-yoast-seo-premium\/#primaryimage","url":"https:\/\/themeholt.com\/wp-content\/uploads\/2024\/02\/yoast-ecommerce-seo.jpg","contentUrl":"https:\/\/themeholt.com\/wp-content\/uploads\/2024\/02\/yoast-ecommerce-seo.jpg","width":2000,"height":1333},{"@type":"BreadcrumbList","@id":"https:\/\/themeholt.com\/ro\/product\/suplimente-yoast-seo-premium\/#breadcrumb","itemListElement":[{"@type":"ListItem","position":1,"name":"Home","item":"https:\/\/themeholt.com\/ro\/"},{"@type":"ListItem","position":2,"name":"Shop","item":"https:\/\/themeholt.com\/shop\/"},{"@type":"ListItem","position":3,"name":"Suplimente Yoast Seo Premium"}]},{"@type":"WebSite","@id":"https:\/\/themeholt.com\/#website","url":"https:\/\/themeholt.com\/","name":"ThemeHolt","description":"Themeholt is a website that offers high-quality WordPress themes","publisher":{"@id":"https:\/\/themeholt.com\/#organization"},"potentialAction":[{"@type":"SearchAction","target":{"@type":"EntryPoint","urlTemplate":"https:\/\/themeholt.com\/?s={search_term_string}"},"query-input":{"@type":"PropertyValueSpecification","valueRequired":true,"valueName":"search_term_string"}}],"inLanguage":"ro-RO"},{"@type":"Organization","@id":"https:\/\/themeholt.com\/#organization","name":"ThemeHolt","alternateName":"ThemeHolt","url":"https:\/\/themeholt.com\/","logo":{"@type":"ImageObject","inLanguage":"ro-RO","@id":"https:\/\/themeholt.com\/#\/schema\/logo\/image\/","url":"https:\/\/themeholt.com\/wp-content\/uploads\/2024\/10\/themeholt.png","contentUrl":"https:\/\/themeholt.com\/wp-content\/uploads\/2024\/10\/themeholt.png","width":225,"height":225,"caption":"ThemeHolt"},"image":{"@id":"https:\/\/themeholt.com\/#\/schema\/logo\/image\/"},"sameAs":["https:\/\/www.facebook.com\/themeholtT","https:\/\/x.com\/ThemeholtT","https:\/\/www.linkedin.com\/company\/themeholt","https:\/\/www.instagram.com\/themeholtt\/"],"description":"Themeholt is a website that offers high-quality WordPress themes that are easy to use and ready for just about everything. In Eindhoven, Netherlands, since 2020 offering simple, accessible WordPress themes by providing a variety of requirements. Themeholt focuses on practicality and efficiency, allowing faster project completion with its superior marketplace and easy-to-use templates.","legalName":"ThemeHolt","foundingDate":"2022-11-10","numberOfEmployees":{"@type":"QuantitativeValue","minValue":"51","maxValue":"200"}}]}},"_links":{"self":[{"href":"https:\/\/themeholt.com\/ro\/wp-json\/wp\/v2\/product\/16512","targetHints":{"allow":["GET"]}}],"collection":[{"href":"https:\/\/themeholt.com\/ro\/wp-json\/wp\/v2\/product"}],"about":[{"href":"https:\/\/themeholt.com\/ro\/wp-json\/wp\/v2\/types\/product"}],"wp:featuredmedia":[{"embeddable":true,"href":"https:\/\/themeholt.com\/ro\/wp-json\/wp\/v2\/media\/16451"}],"wp:attachment":[{"href":"https:\/\/themeholt.com\/ro\/wp-json\/wp\/v2\/media?parent=16512"}],"wp:term":[{"taxonomy":"product_brand","embeddable":true,"href":"https:\/\/themeholt.com\/ro\/wp-json\/wp\/v2\/product_brand?post=16512"},{"taxonomy":"product_cat","embeddable":true,"href":"https:\/\/themeholt.com\/ro\/wp-json\/wp\/v2\/product_cat?post=16512"},{"taxonomy":"product_tag","embeddable":true,"href":"https:\/\/themeholt.com\/ro\/wp-json\/wp\/v2\/product_tag?post=16512"}],"curies":[{"name":"wp","href":"https:\/\/api.w.org\/{rel}","templated":true}]}}