{"id":16528,"date":"2023-10-11T07:06:57","date_gmt":"2023-10-11T07:06:57","guid":{"rendered":"https:\/\/themeholt.com\/product\/oeelco-oil-company-industrial\/"},"modified":"2024-11-04T04:24:18","modified_gmt":"2024-11-04T04:24:18","slug":"oeelco-oil-company-industrial","status":"publish","type":"product","link":"https:\/\/themeholt.com\/ro\/product\/oeelco-oil-company-industrial\/","title":{"rendered":"Oeelco Oil Company Industrial"},"content":{"rendered":"<p>Temele WordPress Oil Company sunt \u0219abloane de site web concepute de exper\u021bi, adaptate pentru afaceri din sectorul petrolului \u0219i al energiei. Aceste teme ofer\u0103 o gam\u0103 larg\u0103 de caracteristici \u0219i func\u021bionalit\u0103\u021bi, perfect potrivite pentru a ajuta companiile petroliere s\u0103 stabileasc\u0103 o prezen\u021b\u0103 online puternic\u0103. Cu design-urile lor robuste, machetele personalizabile \u0219i con\u021binutul specializat, aceste teme permit companiilor petroliere s\u0103 \u00ee\u0219i prezinte \u00een mod eficient serviciile, produsele \u0219i expertiza \u00een industrie. Indiferent dac\u0103 sunte\u021bi implicat \u00een explorarea petrolului, foraj, rafinare sau distribu\u021bie, aceste teme ofer\u0103 platforma ideal\u0103 pentru a comunica misiunea companiei dvs., practicile de siguran\u021b\u0103 \u0219i angajamentul de mediu. \u00cen plus, designul lor receptiv asigur\u0103 compatibilitatea cu diverse dispozitive, permi\u021b\u00e2ndu-v\u0103 s\u0103 ajunge\u021bi la un public global. Investe\u0219te \u00een teme WordPress Oil Company pentru a crea un site web care s\u0103 reflecte profesionalismul \u0219i inova\u021bia sinonime cu industria petrolier\u0103, \u00een timp ce v\u0103 spore\u0219te vizibilitatea \u0219i credibilitatea online.<\/p>\n","protected":false},"excerpt":{"rendered":"<ul>\n<li>Design curat<\/li>\n<li>Aspect profesional<\/li>\n<li>Aspect receptiv<\/li>\n<li>SEO optimizat<\/li>\n<li>Tem\u0103 complet personalizabil\u0103<\/li>\n<li>Elementor Page Builder<\/li>\n<li>Preg\u0103tit pentru WooCommerce<\/li>\n<li>Securitate \u0219i conformitate<\/li>\n<\/ul>\n","protected":false},"featured_media":16531,"template":"","meta":{"_acf_changed":false,"inline_featured_image":false},"product_brand":[],"product_cat":[1523],"product_tag":[1540,1541,1544],"class_list":{"0":"post-16528","1":"product","2":"type-product","3":"status-publish","4":"has-post-thumbnail","6":"product_cat-corporate-business-ro","7":"product_tag-best-oil-company-theme-ro","8":"product_tag-oil-company-industrial-ro","9":"product_tag-oil-company-wordpress-theme-ro","11":"first","12":"instock","13":"sale","14":"downloadable","15":"taxable","16":"shipping-taxable","17":"purchasable","18":"product-type-simple"},"acf":[],"yoast_head":"<!-- This site is optimized with the Yoast SEO Premium plugin v22.1 (Yoast SEO v26.0) - https:\/\/yoast.com\/wordpress\/plugins\/seo\/ -->\n<title>Oeelco Oil Company Industrial | Afaceri corporative | Themeholt<\/title>\n<meta name=\"description\" content=\"Explora\u021bi excelen\u021ba industrial\u0103 a companiei petroliere oeelco cu Themeholt. Cre\u0219te\u021bi-v\u0103 afacerea corporativ\u0103 cu solu\u021bii moderne \u0219i practici de energie durabil\u0103.\" \/>\n<meta name=\"robots\" content=\"index, follow, max-snippet:-1, max-image-preview:large, max-video-preview:-1\" \/>\n<link rel=\"canonical\" href=\"https:\/\/themeholt.com\/ro\/product\/oeelco-oil-company-industrial\/\" \/>\n<meta property=\"og:locale\" content=\"ro_RO\" \/>\n<meta property=\"og:type\" content=\"article\" \/>\n<meta property=\"og:title\" content=\"Oeelco Oil Company Industrial\" \/>\n<meta property=\"og:description\" content=\"Explora\u021bi excelen\u021ba industrial\u0103 a companiei petroliere oeelco cu Themeholt. Cre\u0219te\u021bi-v\u0103 afacerea corporativ\u0103 cu solu\u021bii moderne \u0219i practici de energie durabil\u0103.\" \/>\n<meta property=\"og:url\" content=\"https:\/\/themeholt.com\/ro\/product\/oeelco-oil-company-industrial\/\" \/>\n<meta property=\"og:site_name\" content=\"ThemeHolt\" \/>\n<meta property=\"article:publisher\" content=\"https:\/\/www.facebook.com\/themeholtT\" \/>\n<meta property=\"article:modified_time\" content=\"2024-11-04T04:24:18+00:00\" \/>\n<meta property=\"og:image\" content=\"https:\/\/themeholt.com\/wp-content\/uploads\/2023\/10\/361.png\" \/>\n\t<meta property=\"og:image:width\" content=\"1365\" \/>\n\t<meta property=\"og:image:height\" content=\"1125\" \/>\n\t<meta property=\"og:image:type\" content=\"image\/png\" \/>\n<meta name=\"twitter:card\" content=\"summary_large_image\" \/>\n<meta name=\"twitter:site\" content=\"@ThemeholtT\" \/>\n<meta name=\"twitter:label1\" content=\"Timp estimat pentru citire\" \/>\n\t<meta name=\"twitter:data1\" content=\"1 minut\" \/>\n<script type=\"application\/ld+json\" class=\"yoast-schema-graph\">{\"@context\":\"https:\/\/schema.org\",\"@graph\":[{\"@type\":\"WebPage\",\"@id\":\"https:\/\/themeholt.com\/ro\/product\/oeelco-oil-company-industrial\/\",\"url\":\"https:\/\/themeholt.com\/ro\/product\/oeelco-oil-company-industrial\/\",\"name\":\"Oeelco Oil Company Industrial | Afaceri corporative | Themeholt\",\"isPartOf\":{\"@id\":\"https:\/\/themeholt.com\/#website\"},\"primaryImageOfPage\":{\"@id\":\"https:\/\/themeholt.com\/ro\/product\/oeelco-oil-company-industrial\/#primaryimage\"},\"image\":{\"@id\":\"https:\/\/themeholt.com\/ro\/product\/oeelco-oil-company-industrial\/#primaryimage\"},\"thumbnailUrl\":\"https:\/\/themeholt.com\/wp-content\/uploads\/2023\/10\/361.png\",\"datePublished\":\"2023-10-11T07:06:57+00:00\",\"dateModified\":\"2024-11-04T04:24:18+00:00\",\"description\":\"Explora\u021bi excelen\u021ba industrial\u0103 a companiei petroliere oeelco cu Themeholt. Cre\u0219te\u021bi-v\u0103 afacerea corporativ\u0103 cu solu\u021bii moderne \u0219i practici de energie durabil\u0103.\",\"breadcrumb\":{\"@id\":\"https:\/\/themeholt.com\/ro\/product\/oeelco-oil-company-industrial\/#breadcrumb\"},\"inLanguage\":\"ro-RO\",\"potentialAction\":[{\"@type\":\"ReadAction\",\"target\":[\"https:\/\/themeholt.com\/ro\/product\/oeelco-oil-company-industrial\/\"]}]},{\"@type\":\"ImageObject\",\"inLanguage\":\"ro-RO\",\"@id\":\"https:\/\/themeholt.com\/ro\/product\/oeelco-oil-company-industrial\/#primaryimage\",\"url\":\"https:\/\/themeholt.com\/wp-content\/uploads\/2023\/10\/361.png\",\"contentUrl\":\"https:\/\/themeholt.com\/wp-content\/uploads\/2023\/10\/361.png\",\"width\":1365,\"height\":1125},{\"@type\":\"BreadcrumbList\",\"@id\":\"https:\/\/themeholt.com\/ro\/product\/oeelco-oil-company-industrial\/#breadcrumb\",\"itemListElement\":[{\"@type\":\"ListItem\",\"position\":1,\"name\":\"Home\",\"item\":\"https:\/\/themeholt.com\/ro\/\"},{\"@type\":\"ListItem\",\"position\":2,\"name\":\"Shop\",\"item\":\"https:\/\/themeholt.com\/shop\/\"},{\"@type\":\"ListItem\",\"position\":3,\"name\":\"Oeelco Oil Company Industrial\"}]},{\"@type\":\"WebSite\",\"@id\":\"https:\/\/themeholt.com\/#website\",\"url\":\"https:\/\/themeholt.com\/\",\"name\":\"ThemeHolt\",\"description\":\"Themeholt is a website that offers high-quality WordPress themes\",\"publisher\":{\"@id\":\"https:\/\/themeholt.com\/#organization\"},\"potentialAction\":[{\"@type\":\"SearchAction\",\"target\":{\"@type\":\"EntryPoint\",\"urlTemplate\":\"https:\/\/themeholt.com\/?s={search_term_string}\"},\"query-input\":{\"@type\":\"PropertyValueSpecification\",\"valueRequired\":true,\"valueName\":\"search_term_string\"}}],\"inLanguage\":\"ro-RO\"},{\"@type\":\"Organization\",\"@id\":\"https:\/\/themeholt.com\/#organization\",\"name\":\"ThemeHolt\",\"alternateName\":\"ThemeHolt\",\"url\":\"https:\/\/themeholt.com\/\",\"logo\":{\"@type\":\"ImageObject\",\"inLanguage\":\"ro-RO\",\"@id\":\"https:\/\/themeholt.com\/#\/schema\/logo\/image\/\",\"url\":\"https:\/\/themeholt.com\/wp-content\/uploads\/2024\/10\/themeholt.png\",\"contentUrl\":\"https:\/\/themeholt.com\/wp-content\/uploads\/2024\/10\/themeholt.png\",\"width\":225,\"height\":225,\"caption\":\"ThemeHolt\"},\"image\":{\"@id\":\"https:\/\/themeholt.com\/#\/schema\/logo\/image\/\"},\"sameAs\":[\"https:\/\/www.facebook.com\/themeholtT\",\"https:\/\/x.com\/ThemeholtT\",\"https:\/\/www.linkedin.com\/company\/themeholt\",\"https:\/\/www.instagram.com\/themeholtt\/\"],\"description\":\"Themeholt is a website that offers high-quality WordPress themes that are easy to use and ready for just about everything. In Eindhoven, Netherlands, since 2020 offering simple, accessible WordPress themes by providing a variety of requirements. Themeholt focuses on practicality and efficiency, allowing faster project completion with its superior marketplace and easy-to-use templates.\",\"legalName\":\"ThemeHolt\",\"foundingDate\":\"2022-11-10\",\"numberOfEmployees\":{\"@type\":\"QuantitativeValue\",\"minValue\":\"51\",\"maxValue\":\"200\"}}]}<\/script>\n<!-- \/ Yoast SEO Premium plugin. -->","yoast_head_json":{"title":"Oeelco Oil Company Industrial | Afaceri corporative | Themeholt","description":"Explora\u021bi excelen\u021ba industrial\u0103 a companiei petroliere oeelco cu Themeholt. Cre\u0219te\u021bi-v\u0103 afacerea corporativ\u0103 cu solu\u021bii moderne \u0219i practici de energie durabil\u0103.","robots":{"index":"index","follow":"follow","max-snippet":"max-snippet:-1","max-image-preview":"max-image-preview:large","max-video-preview":"max-video-preview:-1"},"canonical":"https:\/\/themeholt.com\/ro\/product\/oeelco-oil-company-industrial\/","og_locale":"ro_RO","og_type":"article","og_title":"Oeelco Oil Company Industrial","og_description":"Explora\u021bi excelen\u021ba industrial\u0103 a companiei petroliere oeelco cu Themeholt. Cre\u0219te\u021bi-v\u0103 afacerea corporativ\u0103 cu solu\u021bii moderne \u0219i practici de energie durabil\u0103.","og_url":"https:\/\/themeholt.com\/ro\/product\/oeelco-oil-company-industrial\/","og_site_name":"ThemeHolt","article_publisher":"https:\/\/www.facebook.com\/themeholtT","article_modified_time":"2024-11-04T04:24:18+00:00","og_image":[{"width":1365,"height":1125,"url":"https:\/\/themeholt.com\/wp-content\/uploads\/2023\/10\/361.png","type":"image\/png"}],"twitter_card":"summary_large_image","twitter_site":"@ThemeholtT","twitter_misc":{"Timp estimat pentru citire":"1 minut"},"schema":{"@context":"https:\/\/schema.org","@graph":[{"@type":"WebPage","@id":"https:\/\/themeholt.com\/ro\/product\/oeelco-oil-company-industrial\/","url":"https:\/\/themeholt.com\/ro\/product\/oeelco-oil-company-industrial\/","name":"Oeelco Oil Company Industrial | Afaceri corporative | Themeholt","isPartOf":{"@id":"https:\/\/themeholt.com\/#website"},"primaryImageOfPage":{"@id":"https:\/\/themeholt.com\/ro\/product\/oeelco-oil-company-industrial\/#primaryimage"},"image":{"@id":"https:\/\/themeholt.com\/ro\/product\/oeelco-oil-company-industrial\/#primaryimage"},"thumbnailUrl":"https:\/\/themeholt.com\/wp-content\/uploads\/2023\/10\/361.png","datePublished":"2023-10-11T07:06:57+00:00","dateModified":"2024-11-04T04:24:18+00:00","description":"Explora\u021bi excelen\u021ba industrial\u0103 a companiei petroliere oeelco cu Themeholt. Cre\u0219te\u021bi-v\u0103 afacerea corporativ\u0103 cu solu\u021bii moderne \u0219i practici de energie durabil\u0103.","breadcrumb":{"@id":"https:\/\/themeholt.com\/ro\/product\/oeelco-oil-company-industrial\/#breadcrumb"},"inLanguage":"ro-RO","potentialAction":[{"@type":"ReadAction","target":["https:\/\/themeholt.com\/ro\/product\/oeelco-oil-company-industrial\/"]}]},{"@type":"ImageObject","inLanguage":"ro-RO","@id":"https:\/\/themeholt.com\/ro\/product\/oeelco-oil-company-industrial\/#primaryimage","url":"https:\/\/themeholt.com\/wp-content\/uploads\/2023\/10\/361.png","contentUrl":"https:\/\/themeholt.com\/wp-content\/uploads\/2023\/10\/361.png","width":1365,"height":1125},{"@type":"BreadcrumbList","@id":"https:\/\/themeholt.com\/ro\/product\/oeelco-oil-company-industrial\/#breadcrumb","itemListElement":[{"@type":"ListItem","position":1,"name":"Home","item":"https:\/\/themeholt.com\/ro\/"},{"@type":"ListItem","position":2,"name":"Shop","item":"https:\/\/themeholt.com\/shop\/"},{"@type":"ListItem","position":3,"name":"Oeelco Oil Company Industrial"}]},{"@type":"WebSite","@id":"https:\/\/themeholt.com\/#website","url":"https:\/\/themeholt.com\/","name":"ThemeHolt","description":"Themeholt is a website that offers high-quality WordPress themes","publisher":{"@id":"https:\/\/themeholt.com\/#organization"},"potentialAction":[{"@type":"SearchAction","target":{"@type":"EntryPoint","urlTemplate":"https:\/\/themeholt.com\/?s={search_term_string}"},"query-input":{"@type":"PropertyValueSpecification","valueRequired":true,"valueName":"search_term_string"}}],"inLanguage":"ro-RO"},{"@type":"Organization","@id":"https:\/\/themeholt.com\/#organization","name":"ThemeHolt","alternateName":"ThemeHolt","url":"https:\/\/themeholt.com\/","logo":{"@type":"ImageObject","inLanguage":"ro-RO","@id":"https:\/\/themeholt.com\/#\/schema\/logo\/image\/","url":"https:\/\/themeholt.com\/wp-content\/uploads\/2024\/10\/themeholt.png","contentUrl":"https:\/\/themeholt.com\/wp-content\/uploads\/2024\/10\/themeholt.png","width":225,"height":225,"caption":"ThemeHolt"},"image":{"@id":"https:\/\/themeholt.com\/#\/schema\/logo\/image\/"},"sameAs":["https:\/\/www.facebook.com\/themeholtT","https:\/\/x.com\/ThemeholtT","https:\/\/www.linkedin.com\/company\/themeholt","https:\/\/www.instagram.com\/themeholtt\/"],"description":"Themeholt is a website that offers high-quality WordPress themes that are easy to use and ready for just about everything. In Eindhoven, Netherlands, since 2020 offering simple, accessible WordPress themes by providing a variety of requirements. Themeholt focuses on practicality and efficiency, allowing faster project completion with its superior marketplace and easy-to-use templates.","legalName":"ThemeHolt","foundingDate":"2022-11-10","numberOfEmployees":{"@type":"QuantitativeValue","minValue":"51","maxValue":"200"}}]}},"_links":{"self":[{"href":"https:\/\/themeholt.com\/ro\/wp-json\/wp\/v2\/product\/16528","targetHints":{"allow":["GET"]}}],"collection":[{"href":"https:\/\/themeholt.com\/ro\/wp-json\/wp\/v2\/product"}],"about":[{"href":"https:\/\/themeholt.com\/ro\/wp-json\/wp\/v2\/types\/product"}],"wp:featuredmedia":[{"embeddable":true,"href":"https:\/\/themeholt.com\/ro\/wp-json\/wp\/v2\/media\/16531"}],"wp:attachment":[{"href":"https:\/\/themeholt.com\/ro\/wp-json\/wp\/v2\/media?parent=16528"}],"wp:term":[{"taxonomy":"product_brand","embeddable":true,"href":"https:\/\/themeholt.com\/ro\/wp-json\/wp\/v2\/product_brand?post=16528"},{"taxonomy":"product_cat","embeddable":true,"href":"https:\/\/themeholt.com\/ro\/wp-json\/wp\/v2\/product_cat?post=16528"},{"taxonomy":"product_tag","embeddable":true,"href":"https:\/\/themeholt.com\/ro\/wp-json\/wp\/v2\/product_tag?post=16528"}],"curies":[{"name":"wp","href":"https:\/\/api.w.org\/{rel}","templated":true}]}}