{"id":16529,"date":"2023-10-11T07:21:06","date_gmt":"2023-10-11T07:21:06","guid":{"rendered":"https:\/\/themeholt.com\/product\/lawe-lawyer-attorney\/"},"modified":"2024-11-04T04:22:36","modified_gmt":"2024-11-04T04:22:36","slug":"avocat-avocat","status":"publish","type":"product","link":"https:\/\/themeholt.com\/ro\/product\/avocat-avocat\/","title":{"rendered":"Avocat Avocat"},"content":{"rendered":"<p>Teme WordPress pentru firm\u0103 de avocatur\u0103 concepute pentru profesioni\u0219ti \u0219i avoca\u021bi din domeniul juridic. Cu temele noastre premium pentru firm\u0103 de avocatur\u0103 WordPress, pute\u021bi crea o prezen\u021b\u0103 online sofisticat\u0103 care s\u0103 v\u0103 prezinte experien\u021ba juridic\u0103, serviciile \u0219i echipa dumneavoastr\u0103 de avoca\u021bi \u0219i avoca\u021bi califica\u021bi.<\/p>\n<p>Temele WordPress pentru firma noastr\u0103 de avocatur\u0103 ofer\u0103 o gam\u0103 larg\u0103 de func\u021bii pentru a v\u0103 sprijini practica juridic\u0103. V\u0103 pute\u021bi eviden\u021bia cu u\u0219urin\u021b\u0103 domeniile de specializare, cum ar fi ap\u0103rarea penal\u0103, v\u0103t\u0103marea corporal\u0103, dreptul familiei sau dreptul corporativ. Aceste teme vin cu \u0219abloane pre-proiectate care sunt adaptate nevoilor firmelor de avocatur\u0103, f\u0103c\u00e2nd f\u0103r\u0103 efort crearea unui site web informativ \u0219i atractiv din punct de vedere vizual.<\/p>\n","protected":false},"excerpt":{"rendered":"<ul>\n<li>\u0218abloane de bloguri legale<\/li>\n<li>Integrare blog<\/li>\n<li>Integrarea re\u021belelor sociale<\/li>\n<li>Design curat<\/li>\n<li>Aspect profesional<\/li>\n<li>Aspect receptiv<\/li>\n<li>SEO OptimizedElementor Page Builder<\/li>\n<\/ul>\n","protected":false},"featured_media":16530,"template":"","meta":{"_acf_changed":false,"inline_featured_image":false},"product_brand":[],"product_cat":[1523],"product_tag":[1539,1542,1543],"class_list":{"0":"post-16529","1":"product","2":"type-product","3":"status-publish","4":"has-post-thumbnail","6":"product_cat-corporate-business-ro","7":"product_tag-best-law-firm-wordpress-themes-ro","8":"product_tag-law-firm-wordpress-themes-ro","9":"product_tag-lawyer-attorney-ro","11":"first","12":"instock","13":"sale","14":"downloadable","15":"taxable","16":"shipping-taxable","17":"purchasable","18":"product-type-simple"},"acf":[],"yoast_head":"<!-- This site is optimized with the Yoast SEO Premium plugin v22.1 (Yoast SEO v26.0) - https:\/\/yoast.com\/wordpress\/plugins\/seo\/ -->\n<title>Avocat Avocat Avocat | Avocat Tema Wordpress | Tema avocatului<\/title>\n<meta name=\"description\" content=\"Descoperi\u021bi avocatul avocat, o tem\u0103 puternic\u0103 pentru avoca\u021bi, conceput\u0103 pentru avoca\u021bi. Impresiona\u021bi clien\u021bii cu un site web profesional care reflect\u0103 experien\u021ba.\" \/>\n<meta name=\"robots\" content=\"index, follow, max-snippet:-1, max-image-preview:large, max-video-preview:-1\" \/>\n<link rel=\"canonical\" href=\"https:\/\/themeholt.com\/ro\/product\/avocat-avocat\/\" \/>\n<meta property=\"og:locale\" content=\"ro_RO\" \/>\n<meta property=\"og:type\" content=\"article\" \/>\n<meta property=\"og:title\" content=\"Avocat Avocat\" \/>\n<meta property=\"og:description\" content=\"Descoperi\u021bi avocatul avocat, o tem\u0103 puternic\u0103 pentru avoca\u021bi, conceput\u0103 pentru avoca\u021bi. Impresiona\u021bi clien\u021bii cu un site web profesional care reflect\u0103 experien\u021ba.\" \/>\n<meta property=\"og:url\" content=\"https:\/\/themeholt.com\/ro\/product\/avocat-avocat\/\" \/>\n<meta property=\"og:site_name\" content=\"ThemeHolt\" \/>\n<meta property=\"article:publisher\" content=\"https:\/\/www.facebook.com\/themeholtT\" \/>\n<meta property=\"article:modified_time\" content=\"2024-11-04T04:22:36+00:00\" \/>\n<meta property=\"og:image\" content=\"https:\/\/themeholt.com\/wp-content\/uploads\/2023\/10\/366.png\" \/>\n\t<meta property=\"og:image:width\" content=\"1365\" \/>\n\t<meta property=\"og:image:height\" content=\"1329\" \/>\n\t<meta property=\"og:image:type\" content=\"image\/png\" \/>\n<meta name=\"twitter:card\" content=\"summary_large_image\" \/>\n<meta name=\"twitter:site\" content=\"@ThemeholtT\" \/>\n<meta name=\"twitter:label1\" content=\"Timp estimat pentru citire\" \/>\n\t<meta name=\"twitter:data1\" content=\"1 minut\" \/>\n<script type=\"application\/ld+json\" class=\"yoast-schema-graph\">{\"@context\":\"https:\/\/schema.org\",\"@graph\":[{\"@type\":\"WebPage\",\"@id\":\"https:\/\/themeholt.com\/ro\/product\/avocat-avocat\/\",\"url\":\"https:\/\/themeholt.com\/ro\/product\/avocat-avocat\/\",\"name\":\"Avocat Avocat Avocat | Avocat Tema Wordpress | Tema avocatului\",\"isPartOf\":{\"@id\":\"https:\/\/themeholt.com\/#website\"},\"primaryImageOfPage\":{\"@id\":\"https:\/\/themeholt.com\/ro\/product\/avocat-avocat\/#primaryimage\"},\"image\":{\"@id\":\"https:\/\/themeholt.com\/ro\/product\/avocat-avocat\/#primaryimage\"},\"thumbnailUrl\":\"https:\/\/themeholt.com\/wp-content\/uploads\/2023\/10\/366.png\",\"datePublished\":\"2023-10-11T07:21:06+00:00\",\"dateModified\":\"2024-11-04T04:22:36+00:00\",\"description\":\"Descoperi\u021bi avocatul avocat, o tem\u0103 puternic\u0103 pentru avoca\u021bi, conceput\u0103 pentru avoca\u021bi. Impresiona\u021bi clien\u021bii cu un site web profesional care reflect\u0103 experien\u021ba.\",\"breadcrumb\":{\"@id\":\"https:\/\/themeholt.com\/ro\/product\/avocat-avocat\/#breadcrumb\"},\"inLanguage\":\"ro-RO\",\"potentialAction\":[{\"@type\":\"ReadAction\",\"target\":[\"https:\/\/themeholt.com\/ro\/product\/avocat-avocat\/\"]}]},{\"@type\":\"ImageObject\",\"inLanguage\":\"ro-RO\",\"@id\":\"https:\/\/themeholt.com\/ro\/product\/avocat-avocat\/#primaryimage\",\"url\":\"https:\/\/themeholt.com\/wp-content\/uploads\/2023\/10\/366.png\",\"contentUrl\":\"https:\/\/themeholt.com\/wp-content\/uploads\/2023\/10\/366.png\",\"width\":1365,\"height\":1329},{\"@type\":\"BreadcrumbList\",\"@id\":\"https:\/\/themeholt.com\/ro\/product\/avocat-avocat\/#breadcrumb\",\"itemListElement\":[{\"@type\":\"ListItem\",\"position\":1,\"name\":\"Home\",\"item\":\"https:\/\/themeholt.com\/ro\/\"},{\"@type\":\"ListItem\",\"position\":2,\"name\":\"Shop\",\"item\":\"https:\/\/themeholt.com\/shop\/\"},{\"@type\":\"ListItem\",\"position\":3,\"name\":\"Avocat Avocat\"}]},{\"@type\":\"WebSite\",\"@id\":\"https:\/\/themeholt.com\/#website\",\"url\":\"https:\/\/themeholt.com\/\",\"name\":\"ThemeHolt\",\"description\":\"Themeholt is a website that offers high-quality WordPress themes\",\"publisher\":{\"@id\":\"https:\/\/themeholt.com\/#organization\"},\"potentialAction\":[{\"@type\":\"SearchAction\",\"target\":{\"@type\":\"EntryPoint\",\"urlTemplate\":\"https:\/\/themeholt.com\/?s={search_term_string}\"},\"query-input\":{\"@type\":\"PropertyValueSpecification\",\"valueRequired\":true,\"valueName\":\"search_term_string\"}}],\"inLanguage\":\"ro-RO\"},{\"@type\":\"Organization\",\"@id\":\"https:\/\/themeholt.com\/#organization\",\"name\":\"ThemeHolt\",\"alternateName\":\"ThemeHolt\",\"url\":\"https:\/\/themeholt.com\/\",\"logo\":{\"@type\":\"ImageObject\",\"inLanguage\":\"ro-RO\",\"@id\":\"https:\/\/themeholt.com\/#\/schema\/logo\/image\/\",\"url\":\"https:\/\/themeholt.com\/wp-content\/uploads\/2024\/10\/themeholt.png\",\"contentUrl\":\"https:\/\/themeholt.com\/wp-content\/uploads\/2024\/10\/themeholt.png\",\"width\":225,\"height\":225,\"caption\":\"ThemeHolt\"},\"image\":{\"@id\":\"https:\/\/themeholt.com\/#\/schema\/logo\/image\/\"},\"sameAs\":[\"https:\/\/www.facebook.com\/themeholtT\",\"https:\/\/x.com\/ThemeholtT\",\"https:\/\/www.linkedin.com\/company\/themeholt\",\"https:\/\/www.instagram.com\/themeholtt\/\"],\"description\":\"Themeholt is a website that offers high-quality WordPress themes that are easy to use and ready for just about everything. In Eindhoven, Netherlands, since 2020 offering simple, accessible WordPress themes by providing a variety of requirements. Themeholt focuses on practicality and efficiency, allowing faster project completion with its superior marketplace and easy-to-use templates.\",\"legalName\":\"ThemeHolt\",\"foundingDate\":\"2022-11-10\",\"numberOfEmployees\":{\"@type\":\"QuantitativeValue\",\"minValue\":\"51\",\"maxValue\":\"200\"}}]}<\/script>\n<!-- \/ Yoast SEO Premium plugin. -->","yoast_head_json":{"title":"Avocat Avocat Avocat | Avocat Tema Wordpress | Tema avocatului","description":"Descoperi\u021bi avocatul avocat, o tem\u0103 puternic\u0103 pentru avoca\u021bi, conceput\u0103 pentru avoca\u021bi. Impresiona\u021bi clien\u021bii cu un site web profesional care reflect\u0103 experien\u021ba.","robots":{"index":"index","follow":"follow","max-snippet":"max-snippet:-1","max-image-preview":"max-image-preview:large","max-video-preview":"max-video-preview:-1"},"canonical":"https:\/\/themeholt.com\/ro\/product\/avocat-avocat\/","og_locale":"ro_RO","og_type":"article","og_title":"Avocat Avocat","og_description":"Descoperi\u021bi avocatul avocat, o tem\u0103 puternic\u0103 pentru avoca\u021bi, conceput\u0103 pentru avoca\u021bi. Impresiona\u021bi clien\u021bii cu un site web profesional care reflect\u0103 experien\u021ba.","og_url":"https:\/\/themeholt.com\/ro\/product\/avocat-avocat\/","og_site_name":"ThemeHolt","article_publisher":"https:\/\/www.facebook.com\/themeholtT","article_modified_time":"2024-11-04T04:22:36+00:00","og_image":[{"width":1365,"height":1329,"url":"https:\/\/themeholt.com\/wp-content\/uploads\/2023\/10\/366.png","type":"image\/png"}],"twitter_card":"summary_large_image","twitter_site":"@ThemeholtT","twitter_misc":{"Timp estimat pentru citire":"1 minut"},"schema":{"@context":"https:\/\/schema.org","@graph":[{"@type":"WebPage","@id":"https:\/\/themeholt.com\/ro\/product\/avocat-avocat\/","url":"https:\/\/themeholt.com\/ro\/product\/avocat-avocat\/","name":"Avocat Avocat Avocat | Avocat Tema Wordpress | Tema avocatului","isPartOf":{"@id":"https:\/\/themeholt.com\/#website"},"primaryImageOfPage":{"@id":"https:\/\/themeholt.com\/ro\/product\/avocat-avocat\/#primaryimage"},"image":{"@id":"https:\/\/themeholt.com\/ro\/product\/avocat-avocat\/#primaryimage"},"thumbnailUrl":"https:\/\/themeholt.com\/wp-content\/uploads\/2023\/10\/366.png","datePublished":"2023-10-11T07:21:06+00:00","dateModified":"2024-11-04T04:22:36+00:00","description":"Descoperi\u021bi avocatul avocat, o tem\u0103 puternic\u0103 pentru avoca\u021bi, conceput\u0103 pentru avoca\u021bi. Impresiona\u021bi clien\u021bii cu un site web profesional care reflect\u0103 experien\u021ba.","breadcrumb":{"@id":"https:\/\/themeholt.com\/ro\/product\/avocat-avocat\/#breadcrumb"},"inLanguage":"ro-RO","potentialAction":[{"@type":"ReadAction","target":["https:\/\/themeholt.com\/ro\/product\/avocat-avocat\/"]}]},{"@type":"ImageObject","inLanguage":"ro-RO","@id":"https:\/\/themeholt.com\/ro\/product\/avocat-avocat\/#primaryimage","url":"https:\/\/themeholt.com\/wp-content\/uploads\/2023\/10\/366.png","contentUrl":"https:\/\/themeholt.com\/wp-content\/uploads\/2023\/10\/366.png","width":1365,"height":1329},{"@type":"BreadcrumbList","@id":"https:\/\/themeholt.com\/ro\/product\/avocat-avocat\/#breadcrumb","itemListElement":[{"@type":"ListItem","position":1,"name":"Home","item":"https:\/\/themeholt.com\/ro\/"},{"@type":"ListItem","position":2,"name":"Shop","item":"https:\/\/themeholt.com\/shop\/"},{"@type":"ListItem","position":3,"name":"Avocat Avocat"}]},{"@type":"WebSite","@id":"https:\/\/themeholt.com\/#website","url":"https:\/\/themeholt.com\/","name":"ThemeHolt","description":"Themeholt is a website that offers high-quality WordPress themes","publisher":{"@id":"https:\/\/themeholt.com\/#organization"},"potentialAction":[{"@type":"SearchAction","target":{"@type":"EntryPoint","urlTemplate":"https:\/\/themeholt.com\/?s={search_term_string}"},"query-input":{"@type":"PropertyValueSpecification","valueRequired":true,"valueName":"search_term_string"}}],"inLanguage":"ro-RO"},{"@type":"Organization","@id":"https:\/\/themeholt.com\/#organization","name":"ThemeHolt","alternateName":"ThemeHolt","url":"https:\/\/themeholt.com\/","logo":{"@type":"ImageObject","inLanguage":"ro-RO","@id":"https:\/\/themeholt.com\/#\/schema\/logo\/image\/","url":"https:\/\/themeholt.com\/wp-content\/uploads\/2024\/10\/themeholt.png","contentUrl":"https:\/\/themeholt.com\/wp-content\/uploads\/2024\/10\/themeholt.png","width":225,"height":225,"caption":"ThemeHolt"},"image":{"@id":"https:\/\/themeholt.com\/#\/schema\/logo\/image\/"},"sameAs":["https:\/\/www.facebook.com\/themeholtT","https:\/\/x.com\/ThemeholtT","https:\/\/www.linkedin.com\/company\/themeholt","https:\/\/www.instagram.com\/themeholtt\/"],"description":"Themeholt is a website that offers high-quality WordPress themes that are easy to use and ready for just about everything. In Eindhoven, Netherlands, since 2020 offering simple, accessible WordPress themes by providing a variety of requirements. Themeholt focuses on practicality and efficiency, allowing faster project completion with its superior marketplace and easy-to-use templates.","legalName":"ThemeHolt","foundingDate":"2022-11-10","numberOfEmployees":{"@type":"QuantitativeValue","minValue":"51","maxValue":"200"}}]}},"_links":{"self":[{"href":"https:\/\/themeholt.com\/ro\/wp-json\/wp\/v2\/product\/16529","targetHints":{"allow":["GET"]}}],"collection":[{"href":"https:\/\/themeholt.com\/ro\/wp-json\/wp\/v2\/product"}],"about":[{"href":"https:\/\/themeholt.com\/ro\/wp-json\/wp\/v2\/types\/product"}],"wp:featuredmedia":[{"embeddable":true,"href":"https:\/\/themeholt.com\/ro\/wp-json\/wp\/v2\/media\/16530"}],"wp:attachment":[{"href":"https:\/\/themeholt.com\/ro\/wp-json\/wp\/v2\/media?parent=16529"}],"wp:term":[{"taxonomy":"product_brand","embeddable":true,"href":"https:\/\/themeholt.com\/ro\/wp-json\/wp\/v2\/product_brand?post=16529"},{"taxonomy":"product_cat","embeddable":true,"href":"https:\/\/themeholt.com\/ro\/wp-json\/wp\/v2\/product_cat?post=16529"},{"taxonomy":"product_tag","embeddable":true,"href":"https:\/\/themeholt.com\/ro\/wp-json\/wp\/v2\/product_tag?post=16529"}],"curies":[{"name":"wp","href":"https:\/\/api.w.org\/{rel}","templated":true}]}}