{"id":16540,"date":"2023-10-11T04:56:47","date_gmt":"2023-10-11T04:56:47","guid":{"rendered":"https:\/\/themeholt.com\/product\/inusti-industrial-factory-business-2\/"},"modified":"2024-11-04T04:42:07","modified_gmt":"2024-11-04T04:42:07","slug":"afaceri-fabrica-industriala-inusti","status":"publish","type":"product","link":"https:\/\/themeholt.com\/ro\/product\/afaceri-fabrica-industriala-inusti\/","title":{"rendered":"Afaceri Fabrica Industriala Inusti"},"content":{"rendered":"<p>Experimenta\u021bi simbolul succesului digital pentru afacerea dvs. din fabric\u0103 industrial\u0103 cu tema Inusti Industrial Factory Business WordPress. Creat\u0103 special pentru fabrici, fabrici industriale, ateliere \u0219i \u00eentreprinderi de produc\u021bie, aceast\u0103 tem\u0103 este o solu\u021bie unic\u0103 pentru a v\u0103 cre\u0219te prezen\u021ba online.<\/p>\n<p>Tema WordPress pentru afaceri Inusti Industrial Factory este solu\u021bia suprem\u0103 at\u00e2t pentru liderii consacra\u021bi din industrie, c\u00e2t \u0219i pentru startup-urile de produc\u021bie \u00een plin\u0103 dezvoltare. Crea\u021bi o impresie de ne\u0219ters asupra clien\u021bilor dvs., c\u00e2\u0219tiga\u021bi-le \u00eencrederea \u0219i duce\u021bi-v\u0103 afacerea la noi culmi. Ini\u021biaz\u0103-\u021bi transformarea digital\u0103 ast\u0103zi \u0219i fii martor la impactul remarcabil asupra prezen\u021bei tale online.<\/p>\n","protected":false},"excerpt":{"rendered":"<ul>\n<li>Design curat<\/li>\n<li>Aspect profesional<\/li>\n<li>Aspect receptiv<\/li>\n<li>SEO optimizat<\/li>\n<li>Tem\u0103 complet personalizabil\u0103<\/li>\n<li>Elementor Page Builder<\/li>\n<li>Preg\u0103tit pentru WooCommerce<\/li>\n<li>Securitate \u0219i conformitate<\/li>\n<\/ul>\n","protected":false},"featured_media":16542,"template":"","meta":{"_acf_changed":false,"inline_featured_image":false},"product_brand":[],"product_cat":[1772],"product_tag":[1802],"class_list":{"0":"post-16540","1":"product","2":"type-product","3":"status-publish","4":"has-post-thumbnail","6":"product_cat-corporate-business-ru","7":"product_tag-business-wordpress-theme-ru","9":"first","10":"instock","11":"sale","12":"downloadable","13":"taxable","14":"shipping-taxable","15":"purchasable","16":"product-type-simple"},"acf":[],"yoast_head":"<!-- This site is optimized with the Yoast SEO Premium plugin v22.1 (Yoast SEO v26.0) - https:\/\/yoast.com\/wordpress\/plugins\/seo\/ -->\n<title>Inusti Industrial Factory Business | Teme WordPress premium<\/title>\n<meta name=\"description\" content=\"Transform\u0103-\u021bi site-ul web al fabricii industriale cu teme WordPress premium inusti industrial factory business. Cre\u0219te-\u021bi afacerea cu u\u0219urin\u021b\u0103. Cump\u0103ra\u021bi acum!\" \/>\n<meta name=\"robots\" content=\"index, follow, max-snippet:-1, max-image-preview:large, max-video-preview:-1\" \/>\n<link rel=\"canonical\" href=\"https:\/\/themeholt.com\/ro\/product\/afaceri-fabrica-industriala-inusti\/\" \/>\n<meta property=\"og:locale\" content=\"ro_RO\" \/>\n<meta property=\"og:type\" content=\"article\" \/>\n<meta property=\"og:title\" content=\"Afaceri Fabrica Industriala Inusti\" \/>\n<meta property=\"og:description\" content=\"Transform\u0103-\u021bi site-ul web al fabricii industriale cu teme WordPress premium inusti industrial factory business. Cre\u0219te-\u021bi afacerea cu u\u0219urin\u021b\u0103. Cump\u0103ra\u021bi acum!\" \/>\n<meta property=\"og:url\" content=\"https:\/\/themeholt.com\/ro\/product\/afaceri-fabrica-industriala-inusti\/\" \/>\n<meta property=\"og:site_name\" content=\"ThemeHolt\" \/>\n<meta property=\"article:publisher\" content=\"https:\/\/www.facebook.com\/themeholtT\" \/>\n<meta property=\"article:modified_time\" content=\"2024-11-04T04:42:07+00:00\" \/>\n<meta property=\"og:image\" content=\"https:\/\/themeholt.com\/wp-content\/uploads\/2023\/10\/356.png\" \/>\n\t<meta property=\"og:image:width\" content=\"1365\" \/>\n\t<meta property=\"og:image:height\" content=\"1202\" \/>\n\t<meta property=\"og:image:type\" content=\"image\/png\" \/>\n<meta name=\"twitter:card\" content=\"summary_large_image\" \/>\n<meta name=\"twitter:site\" content=\"@ThemeholtT\" \/>\n<meta name=\"twitter:label1\" content=\"Timp estimat pentru citire\" \/>\n\t<meta name=\"twitter:data1\" content=\"1 minut\" \/>\n<script type=\"application\/ld+json\" class=\"yoast-schema-graph\">{\"@context\":\"https:\/\/schema.org\",\"@graph\":[{\"@type\":\"WebPage\",\"@id\":\"https:\/\/themeholt.com\/ro\/product\/afaceri-fabrica-industriala-inusti\/\",\"url\":\"https:\/\/themeholt.com\/ro\/product\/afaceri-fabrica-industriala-inusti\/\",\"name\":\"Inusti Industrial Factory Business | Teme WordPress premium\",\"isPartOf\":{\"@id\":\"https:\/\/themeholt.com\/#website\"},\"primaryImageOfPage\":{\"@id\":\"https:\/\/themeholt.com\/ro\/product\/afaceri-fabrica-industriala-inusti\/#primaryimage\"},\"image\":{\"@id\":\"https:\/\/themeholt.com\/ro\/product\/afaceri-fabrica-industriala-inusti\/#primaryimage\"},\"thumbnailUrl\":\"https:\/\/themeholt.com\/wp-content\/uploads\/2023\/10\/356.png\",\"datePublished\":\"2023-10-11T04:56:47+00:00\",\"dateModified\":\"2024-11-04T04:42:07+00:00\",\"description\":\"Transform\u0103-\u021bi site-ul web al fabricii industriale cu teme WordPress premium inusti industrial factory business. Cre\u0219te-\u021bi afacerea cu u\u0219urin\u021b\u0103. Cump\u0103ra\u021bi acum!\",\"breadcrumb\":{\"@id\":\"https:\/\/themeholt.com\/ro\/product\/afaceri-fabrica-industriala-inusti\/#breadcrumb\"},\"inLanguage\":\"ro-RO\",\"potentialAction\":[{\"@type\":\"ReadAction\",\"target\":[\"https:\/\/themeholt.com\/ro\/product\/afaceri-fabrica-industriala-inusti\/\"]}]},{\"@type\":\"ImageObject\",\"inLanguage\":\"ro-RO\",\"@id\":\"https:\/\/themeholt.com\/ro\/product\/afaceri-fabrica-industriala-inusti\/#primaryimage\",\"url\":\"https:\/\/themeholt.com\/wp-content\/uploads\/2023\/10\/356.png\",\"contentUrl\":\"https:\/\/themeholt.com\/wp-content\/uploads\/2023\/10\/356.png\",\"width\":1365,\"height\":1202},{\"@type\":\"BreadcrumbList\",\"@id\":\"https:\/\/themeholt.com\/ro\/product\/afaceri-fabrica-industriala-inusti\/#breadcrumb\",\"itemListElement\":[{\"@type\":\"ListItem\",\"position\":1,\"name\":\"Home\",\"item\":\"https:\/\/themeholt.com\/ro\/\"},{\"@type\":\"ListItem\",\"position\":2,\"name\":\"Shop\",\"item\":\"https:\/\/themeholt.com\/shop\/\"},{\"@type\":\"ListItem\",\"position\":3,\"name\":\"Afaceri Fabrica Industriala Inusti\"}]},{\"@type\":\"WebSite\",\"@id\":\"https:\/\/themeholt.com\/#website\",\"url\":\"https:\/\/themeholt.com\/\",\"name\":\"ThemeHolt\",\"description\":\"Themeholt is a website that offers high-quality WordPress themes\",\"publisher\":{\"@id\":\"https:\/\/themeholt.com\/#organization\"},\"potentialAction\":[{\"@type\":\"SearchAction\",\"target\":{\"@type\":\"EntryPoint\",\"urlTemplate\":\"https:\/\/themeholt.com\/?s={search_term_string}\"},\"query-input\":{\"@type\":\"PropertyValueSpecification\",\"valueRequired\":true,\"valueName\":\"search_term_string\"}}],\"inLanguage\":\"ro-RO\"},{\"@type\":\"Organization\",\"@id\":\"https:\/\/themeholt.com\/#organization\",\"name\":\"ThemeHolt\",\"alternateName\":\"ThemeHolt\",\"url\":\"https:\/\/themeholt.com\/\",\"logo\":{\"@type\":\"ImageObject\",\"inLanguage\":\"ro-RO\",\"@id\":\"https:\/\/themeholt.com\/#\/schema\/logo\/image\/\",\"url\":\"https:\/\/themeholt.com\/wp-content\/uploads\/2024\/10\/themeholt.png\",\"contentUrl\":\"https:\/\/themeholt.com\/wp-content\/uploads\/2024\/10\/themeholt.png\",\"width\":225,\"height\":225,\"caption\":\"ThemeHolt\"},\"image\":{\"@id\":\"https:\/\/themeholt.com\/#\/schema\/logo\/image\/\"},\"sameAs\":[\"https:\/\/www.facebook.com\/themeholtT\",\"https:\/\/x.com\/ThemeholtT\",\"https:\/\/www.linkedin.com\/company\/themeholt\",\"https:\/\/www.instagram.com\/themeholtt\/\"],\"description\":\"Themeholt is a website that offers high-quality WordPress themes that are easy to use and ready for just about everything. In Eindhoven, Netherlands, since 2020 offering simple, accessible WordPress themes by providing a variety of requirements. Themeholt focuses on practicality and efficiency, allowing faster project completion with its superior marketplace and easy-to-use templates.\",\"legalName\":\"ThemeHolt\",\"foundingDate\":\"2022-11-10\",\"numberOfEmployees\":{\"@type\":\"QuantitativeValue\",\"minValue\":\"51\",\"maxValue\":\"200\"}}]}<\/script>\n<!-- \/ Yoast SEO Premium plugin. -->","yoast_head_json":{"title":"Inusti Industrial Factory Business | Teme WordPress premium","description":"Transform\u0103-\u021bi site-ul web al fabricii industriale cu teme WordPress premium inusti industrial factory business. Cre\u0219te-\u021bi afacerea cu u\u0219urin\u021b\u0103. Cump\u0103ra\u021bi acum!","robots":{"index":"index","follow":"follow","max-snippet":"max-snippet:-1","max-image-preview":"max-image-preview:large","max-video-preview":"max-video-preview:-1"},"canonical":"https:\/\/themeholt.com\/ro\/product\/afaceri-fabrica-industriala-inusti\/","og_locale":"ro_RO","og_type":"article","og_title":"Afaceri Fabrica Industriala Inusti","og_description":"Transform\u0103-\u021bi site-ul web al fabricii industriale cu teme WordPress premium inusti industrial factory business. Cre\u0219te-\u021bi afacerea cu u\u0219urin\u021b\u0103. Cump\u0103ra\u021bi acum!","og_url":"https:\/\/themeholt.com\/ro\/product\/afaceri-fabrica-industriala-inusti\/","og_site_name":"ThemeHolt","article_publisher":"https:\/\/www.facebook.com\/themeholtT","article_modified_time":"2024-11-04T04:42:07+00:00","og_image":[{"width":1365,"height":1202,"url":"https:\/\/themeholt.com\/wp-content\/uploads\/2023\/10\/356.png","type":"image\/png"}],"twitter_card":"summary_large_image","twitter_site":"@ThemeholtT","twitter_misc":{"Timp estimat pentru citire":"1 minut"},"schema":{"@context":"https:\/\/schema.org","@graph":[{"@type":"WebPage","@id":"https:\/\/themeholt.com\/ro\/product\/afaceri-fabrica-industriala-inusti\/","url":"https:\/\/themeholt.com\/ro\/product\/afaceri-fabrica-industriala-inusti\/","name":"Inusti Industrial Factory Business | Teme WordPress premium","isPartOf":{"@id":"https:\/\/themeholt.com\/#website"},"primaryImageOfPage":{"@id":"https:\/\/themeholt.com\/ro\/product\/afaceri-fabrica-industriala-inusti\/#primaryimage"},"image":{"@id":"https:\/\/themeholt.com\/ro\/product\/afaceri-fabrica-industriala-inusti\/#primaryimage"},"thumbnailUrl":"https:\/\/themeholt.com\/wp-content\/uploads\/2023\/10\/356.png","datePublished":"2023-10-11T04:56:47+00:00","dateModified":"2024-11-04T04:42:07+00:00","description":"Transform\u0103-\u021bi site-ul web al fabricii industriale cu teme WordPress premium inusti industrial factory business. Cre\u0219te-\u021bi afacerea cu u\u0219urin\u021b\u0103. Cump\u0103ra\u021bi acum!","breadcrumb":{"@id":"https:\/\/themeholt.com\/ro\/product\/afaceri-fabrica-industriala-inusti\/#breadcrumb"},"inLanguage":"ro-RO","potentialAction":[{"@type":"ReadAction","target":["https:\/\/themeholt.com\/ro\/product\/afaceri-fabrica-industriala-inusti\/"]}]},{"@type":"ImageObject","inLanguage":"ro-RO","@id":"https:\/\/themeholt.com\/ro\/product\/afaceri-fabrica-industriala-inusti\/#primaryimage","url":"https:\/\/themeholt.com\/wp-content\/uploads\/2023\/10\/356.png","contentUrl":"https:\/\/themeholt.com\/wp-content\/uploads\/2023\/10\/356.png","width":1365,"height":1202},{"@type":"BreadcrumbList","@id":"https:\/\/themeholt.com\/ro\/product\/afaceri-fabrica-industriala-inusti\/#breadcrumb","itemListElement":[{"@type":"ListItem","position":1,"name":"Home","item":"https:\/\/themeholt.com\/ro\/"},{"@type":"ListItem","position":2,"name":"Shop","item":"https:\/\/themeholt.com\/shop\/"},{"@type":"ListItem","position":3,"name":"Afaceri Fabrica Industriala Inusti"}]},{"@type":"WebSite","@id":"https:\/\/themeholt.com\/#website","url":"https:\/\/themeholt.com\/","name":"ThemeHolt","description":"Themeholt is a website that offers high-quality WordPress themes","publisher":{"@id":"https:\/\/themeholt.com\/#organization"},"potentialAction":[{"@type":"SearchAction","target":{"@type":"EntryPoint","urlTemplate":"https:\/\/themeholt.com\/?s={search_term_string}"},"query-input":{"@type":"PropertyValueSpecification","valueRequired":true,"valueName":"search_term_string"}}],"inLanguage":"ro-RO"},{"@type":"Organization","@id":"https:\/\/themeholt.com\/#organization","name":"ThemeHolt","alternateName":"ThemeHolt","url":"https:\/\/themeholt.com\/","logo":{"@type":"ImageObject","inLanguage":"ro-RO","@id":"https:\/\/themeholt.com\/#\/schema\/logo\/image\/","url":"https:\/\/themeholt.com\/wp-content\/uploads\/2024\/10\/themeholt.png","contentUrl":"https:\/\/themeholt.com\/wp-content\/uploads\/2024\/10\/themeholt.png","width":225,"height":225,"caption":"ThemeHolt"},"image":{"@id":"https:\/\/themeholt.com\/#\/schema\/logo\/image\/"},"sameAs":["https:\/\/www.facebook.com\/themeholtT","https:\/\/x.com\/ThemeholtT","https:\/\/www.linkedin.com\/company\/themeholt","https:\/\/www.instagram.com\/themeholtt\/"],"description":"Themeholt is a website that offers high-quality WordPress themes that are easy to use and ready for just about everything. In Eindhoven, Netherlands, since 2020 offering simple, accessible WordPress themes by providing a variety of requirements. Themeholt focuses on practicality and efficiency, allowing faster project completion with its superior marketplace and easy-to-use templates.","legalName":"ThemeHolt","foundingDate":"2022-11-10","numberOfEmployees":{"@type":"QuantitativeValue","minValue":"51","maxValue":"200"}}]}},"_links":{"self":[{"href":"https:\/\/themeholt.com\/ro\/wp-json\/wp\/v2\/product\/16540","targetHints":{"allow":["GET"]}}],"collection":[{"href":"https:\/\/themeholt.com\/ro\/wp-json\/wp\/v2\/product"}],"about":[{"href":"https:\/\/themeholt.com\/ro\/wp-json\/wp\/v2\/types\/product"}],"wp:featuredmedia":[{"embeddable":true,"href":"https:\/\/themeholt.com\/ro\/wp-json\/wp\/v2\/media\/16542"}],"wp:attachment":[{"href":"https:\/\/themeholt.com\/ro\/wp-json\/wp\/v2\/media?parent=16540"}],"wp:term":[{"taxonomy":"product_brand","embeddable":true,"href":"https:\/\/themeholt.com\/ro\/wp-json\/wp\/v2\/product_brand?post=16540"},{"taxonomy":"product_cat","embeddable":true,"href":"https:\/\/themeholt.com\/ro\/wp-json\/wp\/v2\/product_cat?post=16540"},{"taxonomy":"product_tag","embeddable":true,"href":"https:\/\/themeholt.com\/ro\/wp-json\/wp\/v2\/product_tag?post=16540"}],"curies":[{"name":"wp","href":"https:\/\/api.w.org\/{rel}","templated":true}]}}