{"id":16553,"date":"2023-10-11T04:37:46","date_gmt":"2023-10-11T04:37:46","guid":{"rendered":"https:\/\/themeholt.com\/product\/virtable-virtual-assistant-business\/"},"modified":"2024-11-04T04:56:33","modified_gmt":"2024-11-04T04:56:33","slug":"virtable-virtual-assistant-business","status":"publish","type":"product","link":"https:\/\/themeholt.com\/ro\/product\/virtable-virtual-assistant-business\/","title":{"rendered":"Virtable Virtual Assistant Business"},"content":{"rendered":"<p>Ridica\u021bi-v\u0103 afacerea cu asisten\u021bi virtuali la noi culmi cu tema noastr\u0103 de afaceri pentru asisten\u021bi virtuali. Aceast\u0103 tem\u0103 WordPress creat\u0103 special este cheia pentru a v\u0103 prezenta expertiza, pentru a v\u0103 conecta cu clien\u021bii \u0219i pentru a v\u0103 eficientiza serviciile cu o prezen\u021b\u0103 online profesional\u0103.<\/p>\n<p>Indiferent dac\u0103 sunte\u021bi un asistent virtual consacrat sau v\u0103 \u00eencepe\u021bi c\u0103l\u0103toria de freelancing, Tema Asistentului Virtual pentru afaceri este poarta dvs. de acces c\u0103tre o prezen\u021b\u0103 online puternic\u0103. Crea\u021bi \u00eencredere, prezenta\u021bi-v\u0103 abilit\u0103\u021bile \u0219i atrage\u021bi clien\u021bi \u00een c\u0103utarea unui asistent virtual de \u00eencredere. Cre\u0219te-\u021bi afacerea de asisten\u021bi virtuali ast\u0103zi \u0219i urm\u0103re\u0219te-\u021bi cariera urc\u00e2nd la noi culmi. \u00cencepe\u021bi acum s\u0103 experimenta\u021bi transformarea prezen\u021bei dvs. digitale.<\/p>\n<h3 class=\"LC20lb MBeuO DKV0Md\"><\/h3>\n","protected":false},"excerpt":{"rendered":"<ul>\n<li>Design curat<\/li>\n<li>Aspect profesional<\/li>\n<li>Aspect receptiv<\/li>\n<li>SEO optimizat<\/li>\n<li>Tem\u0103 complet personalizabil\u0103<\/li>\n<li>Elementor Page Builder<\/li>\n<li>Preg\u0103tit pentru WooCommerce<\/li>\n<li>Securitate \u0219i conformitate<\/li>\n<\/ul>\n","protected":false},"featured_media":16554,"template":"","meta":{"_acf_changed":false,"inline_featured_image":false},"product_brand":[],"product_cat":[1772],"product_tag":[1833],"class_list":{"0":"post-16553","1":"product","2":"type-product","3":"status-publish","4":"has-post-thumbnail","6":"product_cat-corporate-business-ru","7":"product_tag-virtual-assistant-business-ru","9":"first","10":"instock","11":"sale","12":"downloadable","13":"taxable","14":"shipping-taxable","15":"purchasable","16":"product-type-simple"},"acf":[],"yoast_head":"<!-- This site is optimized with the Yoast SEO Premium plugin v22.1 (Yoast SEO v26.0) - https:\/\/yoast.com\/wordpress\/plugins\/seo\/ -->\n<title>Virtable Virtual Assistant Business | Afaceri corporative<\/title>\n<meta name=\"description\" content=\"Cre\u0219te-\u021bi afacerea cu afaceri virtuale de asisten\u021bi virtuali \u0219i teme WordPress accesibile. Cre\u0219te\u021bi productivitatea cu solu\u021biile noastre corporative de \u00eencredere.\" \/>\n<meta name=\"robots\" content=\"index, follow, max-snippet:-1, max-image-preview:large, max-video-preview:-1\" \/>\n<link rel=\"canonical\" href=\"https:\/\/themeholt.com\/ro\/product\/virtable-virtual-assistant-business\/\" \/>\n<meta property=\"og:locale\" content=\"ro_RO\" \/>\n<meta property=\"og:type\" content=\"article\" \/>\n<meta property=\"og:title\" content=\"Virtable Virtual Assistant Business\" \/>\n<meta property=\"og:description\" content=\"Cre\u0219te-\u021bi afacerea cu afaceri virtuale de asisten\u021bi virtuali \u0219i teme WordPress accesibile. Cre\u0219te\u021bi productivitatea cu solu\u021biile noastre corporative de \u00eencredere.\" \/>\n<meta property=\"og:url\" content=\"https:\/\/themeholt.com\/ro\/product\/virtable-virtual-assistant-business\/\" \/>\n<meta property=\"og:site_name\" content=\"ThemeHolt\" \/>\n<meta property=\"article:publisher\" content=\"https:\/\/www.facebook.com\/themeholtT\" \/>\n<meta property=\"article:modified_time\" content=\"2024-11-04T04:56:33+00:00\" \/>\n<meta property=\"og:image\" content=\"https:\/\/themeholt.com\/wp-content\/uploads\/2023\/10\/341.png\" \/>\n\t<meta property=\"og:image:width\" content=\"1295\" \/>\n\t<meta property=\"og:image:height\" content=\"1066\" \/>\n\t<meta property=\"og:image:type\" content=\"image\/png\" \/>\n<meta name=\"twitter:card\" content=\"summary_large_image\" \/>\n<meta name=\"twitter:site\" content=\"@ThemeholtT\" \/>\n<meta name=\"twitter:label1\" content=\"Timp estimat pentru citire\" \/>\n\t<meta name=\"twitter:data1\" content=\"1 minut\" \/>\n<script type=\"application\/ld+json\" class=\"yoast-schema-graph\">{\"@context\":\"https:\/\/schema.org\",\"@graph\":[{\"@type\":\"WebPage\",\"@id\":\"https:\/\/themeholt.com\/ro\/product\/virtable-virtual-assistant-business\/\",\"url\":\"https:\/\/themeholt.com\/ro\/product\/virtable-virtual-assistant-business\/\",\"name\":\"Virtable Virtual Assistant Business | Afaceri corporative\",\"isPartOf\":{\"@id\":\"https:\/\/themeholt.com\/#website\"},\"primaryImageOfPage\":{\"@id\":\"https:\/\/themeholt.com\/ro\/product\/virtable-virtual-assistant-business\/#primaryimage\"},\"image\":{\"@id\":\"https:\/\/themeholt.com\/ro\/product\/virtable-virtual-assistant-business\/#primaryimage\"},\"thumbnailUrl\":\"https:\/\/themeholt.com\/wp-content\/uploads\/2023\/10\/341.png\",\"datePublished\":\"2023-10-11T04:37:46+00:00\",\"dateModified\":\"2024-11-04T04:56:33+00:00\",\"description\":\"Cre\u0219te-\u021bi afacerea cu afaceri virtuale de asisten\u021bi virtuali \u0219i teme WordPress accesibile. Cre\u0219te\u021bi productivitatea cu solu\u021biile noastre corporative de \u00eencredere.\",\"breadcrumb\":{\"@id\":\"https:\/\/themeholt.com\/ro\/product\/virtable-virtual-assistant-business\/#breadcrumb\"},\"inLanguage\":\"ro-RO\",\"potentialAction\":[{\"@type\":\"ReadAction\",\"target\":[\"https:\/\/themeholt.com\/ro\/product\/virtable-virtual-assistant-business\/\"]}]},{\"@type\":\"ImageObject\",\"inLanguage\":\"ro-RO\",\"@id\":\"https:\/\/themeholt.com\/ro\/product\/virtable-virtual-assistant-business\/#primaryimage\",\"url\":\"https:\/\/themeholt.com\/wp-content\/uploads\/2023\/10\/341.png\",\"contentUrl\":\"https:\/\/themeholt.com\/wp-content\/uploads\/2023\/10\/341.png\",\"width\":1295,\"height\":1066},{\"@type\":\"BreadcrumbList\",\"@id\":\"https:\/\/themeholt.com\/ro\/product\/virtable-virtual-assistant-business\/#breadcrumb\",\"itemListElement\":[{\"@type\":\"ListItem\",\"position\":1,\"name\":\"Home\",\"item\":\"https:\/\/themeholt.com\/ro\/\"},{\"@type\":\"ListItem\",\"position\":2,\"name\":\"Shop\",\"item\":\"https:\/\/themeholt.com\/shop\/\"},{\"@type\":\"ListItem\",\"position\":3,\"name\":\"Virtable Virtual Assistant Business\"}]},{\"@type\":\"WebSite\",\"@id\":\"https:\/\/themeholt.com\/#website\",\"url\":\"https:\/\/themeholt.com\/\",\"name\":\"ThemeHolt\",\"description\":\"Themeholt is a website that offers high-quality WordPress themes\",\"publisher\":{\"@id\":\"https:\/\/themeholt.com\/#organization\"},\"potentialAction\":[{\"@type\":\"SearchAction\",\"target\":{\"@type\":\"EntryPoint\",\"urlTemplate\":\"https:\/\/themeholt.com\/?s={search_term_string}\"},\"query-input\":{\"@type\":\"PropertyValueSpecification\",\"valueRequired\":true,\"valueName\":\"search_term_string\"}}],\"inLanguage\":\"ro-RO\"},{\"@type\":\"Organization\",\"@id\":\"https:\/\/themeholt.com\/#organization\",\"name\":\"ThemeHolt\",\"alternateName\":\"ThemeHolt\",\"url\":\"https:\/\/themeholt.com\/\",\"logo\":{\"@type\":\"ImageObject\",\"inLanguage\":\"ro-RO\",\"@id\":\"https:\/\/themeholt.com\/#\/schema\/logo\/image\/\",\"url\":\"https:\/\/themeholt.com\/wp-content\/uploads\/2024\/10\/themeholt.png\",\"contentUrl\":\"https:\/\/themeholt.com\/wp-content\/uploads\/2024\/10\/themeholt.png\",\"width\":225,\"height\":225,\"caption\":\"ThemeHolt\"},\"image\":{\"@id\":\"https:\/\/themeholt.com\/#\/schema\/logo\/image\/\"},\"sameAs\":[\"https:\/\/www.facebook.com\/themeholtT\",\"https:\/\/x.com\/ThemeholtT\",\"https:\/\/www.linkedin.com\/company\/themeholt\",\"https:\/\/www.instagram.com\/themeholtt\/\"],\"description\":\"Themeholt is a website that offers high-quality WordPress themes that are easy to use and ready for just about everything. In Eindhoven, Netherlands, since 2020 offering simple, accessible WordPress themes by providing a variety of requirements. Themeholt focuses on practicality and efficiency, allowing faster project completion with its superior marketplace and easy-to-use templates.\",\"legalName\":\"ThemeHolt\",\"foundingDate\":\"2022-11-10\",\"numberOfEmployees\":{\"@type\":\"QuantitativeValue\",\"minValue\":\"51\",\"maxValue\":\"200\"}}]}<\/script>\n<!-- \/ Yoast SEO Premium plugin. -->","yoast_head_json":{"title":"Virtable Virtual Assistant Business | Afaceri corporative","description":"Cre\u0219te-\u021bi afacerea cu afaceri virtuale de asisten\u021bi virtuali \u0219i teme WordPress accesibile. Cre\u0219te\u021bi productivitatea cu solu\u021biile noastre corporative de \u00eencredere.","robots":{"index":"index","follow":"follow","max-snippet":"max-snippet:-1","max-image-preview":"max-image-preview:large","max-video-preview":"max-video-preview:-1"},"canonical":"https:\/\/themeholt.com\/ro\/product\/virtable-virtual-assistant-business\/","og_locale":"ro_RO","og_type":"article","og_title":"Virtable Virtual Assistant Business","og_description":"Cre\u0219te-\u021bi afacerea cu afaceri virtuale de asisten\u021bi virtuali \u0219i teme WordPress accesibile. Cre\u0219te\u021bi productivitatea cu solu\u021biile noastre corporative de \u00eencredere.","og_url":"https:\/\/themeholt.com\/ro\/product\/virtable-virtual-assistant-business\/","og_site_name":"ThemeHolt","article_publisher":"https:\/\/www.facebook.com\/themeholtT","article_modified_time":"2024-11-04T04:56:33+00:00","og_image":[{"width":1295,"height":1066,"url":"https:\/\/themeholt.com\/wp-content\/uploads\/2023\/10\/341.png","type":"image\/png"}],"twitter_card":"summary_large_image","twitter_site":"@ThemeholtT","twitter_misc":{"Timp estimat pentru citire":"1 minut"},"schema":{"@context":"https:\/\/schema.org","@graph":[{"@type":"WebPage","@id":"https:\/\/themeholt.com\/ro\/product\/virtable-virtual-assistant-business\/","url":"https:\/\/themeholt.com\/ro\/product\/virtable-virtual-assistant-business\/","name":"Virtable Virtual Assistant Business | Afaceri corporative","isPartOf":{"@id":"https:\/\/themeholt.com\/#website"},"primaryImageOfPage":{"@id":"https:\/\/themeholt.com\/ro\/product\/virtable-virtual-assistant-business\/#primaryimage"},"image":{"@id":"https:\/\/themeholt.com\/ro\/product\/virtable-virtual-assistant-business\/#primaryimage"},"thumbnailUrl":"https:\/\/themeholt.com\/wp-content\/uploads\/2023\/10\/341.png","datePublished":"2023-10-11T04:37:46+00:00","dateModified":"2024-11-04T04:56:33+00:00","description":"Cre\u0219te-\u021bi afacerea cu afaceri virtuale de asisten\u021bi virtuali \u0219i teme WordPress accesibile. Cre\u0219te\u021bi productivitatea cu solu\u021biile noastre corporative de \u00eencredere.","breadcrumb":{"@id":"https:\/\/themeholt.com\/ro\/product\/virtable-virtual-assistant-business\/#breadcrumb"},"inLanguage":"ro-RO","potentialAction":[{"@type":"ReadAction","target":["https:\/\/themeholt.com\/ro\/product\/virtable-virtual-assistant-business\/"]}]},{"@type":"ImageObject","inLanguage":"ro-RO","@id":"https:\/\/themeholt.com\/ro\/product\/virtable-virtual-assistant-business\/#primaryimage","url":"https:\/\/themeholt.com\/wp-content\/uploads\/2023\/10\/341.png","contentUrl":"https:\/\/themeholt.com\/wp-content\/uploads\/2023\/10\/341.png","width":1295,"height":1066},{"@type":"BreadcrumbList","@id":"https:\/\/themeholt.com\/ro\/product\/virtable-virtual-assistant-business\/#breadcrumb","itemListElement":[{"@type":"ListItem","position":1,"name":"Home","item":"https:\/\/themeholt.com\/ro\/"},{"@type":"ListItem","position":2,"name":"Shop","item":"https:\/\/themeholt.com\/shop\/"},{"@type":"ListItem","position":3,"name":"Virtable Virtual Assistant Business"}]},{"@type":"WebSite","@id":"https:\/\/themeholt.com\/#website","url":"https:\/\/themeholt.com\/","name":"ThemeHolt","description":"Themeholt is a website that offers high-quality WordPress themes","publisher":{"@id":"https:\/\/themeholt.com\/#organization"},"potentialAction":[{"@type":"SearchAction","target":{"@type":"EntryPoint","urlTemplate":"https:\/\/themeholt.com\/?s={search_term_string}"},"query-input":{"@type":"PropertyValueSpecification","valueRequired":true,"valueName":"search_term_string"}}],"inLanguage":"ro-RO"},{"@type":"Organization","@id":"https:\/\/themeholt.com\/#organization","name":"ThemeHolt","alternateName":"ThemeHolt","url":"https:\/\/themeholt.com\/","logo":{"@type":"ImageObject","inLanguage":"ro-RO","@id":"https:\/\/themeholt.com\/#\/schema\/logo\/image\/","url":"https:\/\/themeholt.com\/wp-content\/uploads\/2024\/10\/themeholt.png","contentUrl":"https:\/\/themeholt.com\/wp-content\/uploads\/2024\/10\/themeholt.png","width":225,"height":225,"caption":"ThemeHolt"},"image":{"@id":"https:\/\/themeholt.com\/#\/schema\/logo\/image\/"},"sameAs":["https:\/\/www.facebook.com\/themeholtT","https:\/\/x.com\/ThemeholtT","https:\/\/www.linkedin.com\/company\/themeholt","https:\/\/www.instagram.com\/themeholtt\/"],"description":"Themeholt is a website that offers high-quality WordPress themes that are easy to use and ready for just about everything. In Eindhoven, Netherlands, since 2020 offering simple, accessible WordPress themes by providing a variety of requirements. Themeholt focuses on practicality and efficiency, allowing faster project completion with its superior marketplace and easy-to-use templates.","legalName":"ThemeHolt","foundingDate":"2022-11-10","numberOfEmployees":{"@type":"QuantitativeValue","minValue":"51","maxValue":"200"}}]}},"_links":{"self":[{"href":"https:\/\/themeholt.com\/ro\/wp-json\/wp\/v2\/product\/16553","targetHints":{"allow":["GET"]}}],"collection":[{"href":"https:\/\/themeholt.com\/ro\/wp-json\/wp\/v2\/product"}],"about":[{"href":"https:\/\/themeholt.com\/ro\/wp-json\/wp\/v2\/types\/product"}],"wp:featuredmedia":[{"embeddable":true,"href":"https:\/\/themeholt.com\/ro\/wp-json\/wp\/v2\/media\/16554"}],"wp:attachment":[{"href":"https:\/\/themeholt.com\/ro\/wp-json\/wp\/v2\/media?parent=16553"}],"wp:term":[{"taxonomy":"product_brand","embeddable":true,"href":"https:\/\/themeholt.com\/ro\/wp-json\/wp\/v2\/product_brand?post=16553"},{"taxonomy":"product_cat","embeddable":true,"href":"https:\/\/themeholt.com\/ro\/wp-json\/wp\/v2\/product_cat?post=16553"},{"taxonomy":"product_tag","embeddable":true,"href":"https:\/\/themeholt.com\/ro\/wp-json\/wp\/v2\/product_tag?post=16553"}],"curies":[{"name":"wp","href":"https:\/\/api.w.org\/{rel}","templated":true}]}}