{"id":16562,"date":"2023-10-10T06:11:39","date_gmt":"2023-10-10T06:11:39","guid":{"rendered":"https:\/\/themeholt.com\/product\/charreria-horse-riding-club\/"},"modified":"2024-11-04T05:04:02","modified_gmt":"2024-11-04T05:04:02","slug":"clubul-de-echitatie-charreria","status":"publish","type":"product","link":"https:\/\/themeholt.com\/ro\/product\/clubul-de-echitatie-charreria\/","title":{"rendered":"Clubul de echita\u021bie Charreria"},"content":{"rendered":"<p><span style=\"font-weight: 400\">Descriere: Tema noastr\u0103 este conceput\u0103 pentru a s\u0103rb\u0103tori tradi\u021biile bogate din Charreria, echip\u00e2nd totodat\u0103 clubul dvs. cu instrumentele necesare pentru a reu\u0219i \u00een era digital\u0103. Indiferent dac\u0103 g\u0103zdui\u021bi evenimente, oferi\u021bi lec\u021bii de c\u0103l\u0103rie sau pur \u0219i simplu v\u0103 \u00eemp\u0103rt\u0103\u0219i\u021bi dragostea pentru Charrer\u00eda, tema noastr\u0103 v\u0103 d\u0103 putere s\u0103 intra\u021bi \u00een leg\u0103tur\u0103 cu un public mai larg \u0219i s\u0103 crea\u021bi o comunitate online vibrant\u0103 Charrer\u00eda.<\/span><\/p>\n<p><span style=\"font-weight: 400\">Al\u0103tura\u021bi-v\u0103 nou\u0103 pentru a valorifica puterea temei WordPress pentru clubul de c\u0103l\u0103rie Charreria<\/span><b><\/b><span style=\"font-weight: 400\"> pentru aduce la via\u021b\u0103 lumea rodeo-ului mexican. Uni\u021bi entuzia\u0219tii Charrer\u00eda, promova\u021bi-v\u0103 clubul \u0219i p\u0103stra\u021bi mo\u0219tenirea acestei arte ecvestre extraordinare.<\/span><\/p>\n<p><span style=\"font-weight: 400\">\u00cenc\u0103rca\u021bi-v\u0103 \u00een aceast\u0103 c\u0103l\u0103torie captivant\u0103 al\u0103turi de noi \u0219i l\u0103sa\u021bi-v\u0103 clubul de c\u0103l\u0103rie Charreria s\u0103 str\u0103luceasc\u0103 online. Urc\u0103-te \u00een \u0219a \u0219i c\u0103l\u0103re\u0219te c\u0103tre un viitor digital al excelen\u021bei Charrer\u00eda!<\/span><\/p>\n","protected":false},"excerpt":{"rendered":"<ul>\n<li><span style=\"font-weight: 400\">Aspect receptiv<\/span><\/li>\n<li><span style=\"font-weight: 400\">SEO optimizat<\/span><\/li>\n<li><span style=\"font-weight: 400\">Complet personalizabil<\/span><\/li>\n<li><span style=\"font-weight: 400\">Elementor Page Builder<\/span><\/li>\n<li><span style=\"font-weight: 400\">Preg\u0103tit pentru WooCommerce<\/span><\/li>\n<li><span style=\"font-weight: 400\">Integrare cu Business Tools<\/span><\/li>\n<\/ul>\n","protected":false},"featured_media":16563,"template":"","meta":{"_acf_changed":false,"inline_featured_image":false},"product_brand":[],"product_cat":[1827],"product_tag":[1830],"class_list":{"0":"post-16562","1":"product","2":"type-product","3":"status-publish","4":"has-post-thumbnail","6":"product_cat-sports-ru","7":"product_tag-sports-wordpress-theme-ru","9":"first","10":"instock","11":"sale","12":"downloadable","13":"taxable","14":"shipping-taxable","15":"purchasable","16":"product-type-simple"},"acf":[],"yoast_head":"<!-- This site is optimized with the Yoast SEO Premium plugin v22.1 (Yoast SEO v26.0) - https:\/\/yoast.com\/wordpress\/plugins\/seo\/ -->\n<title>Tema sport accesibil\u0103 | Tema WordPress Horse Club<\/title>\n<meta name=\"description\" content=\"G\u0103si\u021bi tema WordPress perfect\u0103 pentru clubul de cai pentru site-ul dvs. de curse. Personalizeaz\u0103 cu u\u0219urin\u021b\u0103 \u0219i arat\u0103-\u021bi afec\u021biunea pentru cai cu stil. Contacteaz\u0103-ne acum!\" \/>\n<meta name=\"robots\" content=\"index, follow, max-snippet:-1, max-image-preview:large, max-video-preview:-1\" \/>\n<link rel=\"canonical\" href=\"https:\/\/themeholt.com\/ro\/product\/clubul-de-echitatie-charreria\/\" \/>\n<meta property=\"og:locale\" content=\"ro_RO\" \/>\n<meta property=\"og:type\" content=\"article\" \/>\n<meta property=\"og:title\" content=\"Clubul de echita\u021bie Charreria\" \/>\n<meta property=\"og:description\" content=\"G\u0103si\u021bi tema WordPress perfect\u0103 pentru clubul de cai pentru site-ul dvs. de curse. Personalizeaz\u0103 cu u\u0219urin\u021b\u0103 \u0219i arat\u0103-\u021bi afec\u021biunea pentru cai cu stil. Contacteaz\u0103-ne acum!\" \/>\n<meta property=\"og:url\" content=\"https:\/\/themeholt.com\/ro\/product\/clubul-de-echitatie-charreria\/\" \/>\n<meta property=\"og:site_name\" content=\"ThemeHolt\" \/>\n<meta property=\"article:publisher\" content=\"https:\/\/www.facebook.com\/themeholtT\" \/>\n<meta property=\"article:modified_time\" content=\"2024-11-04T05:04:02+00:00\" \/>\n<meta property=\"og:image\" content=\"https:\/\/themeholt.com\/wp-content\/uploads\/2023\/10\/331.png\" \/>\n\t<meta property=\"og:image:width\" content=\"1358\" \/>\n\t<meta property=\"og:image:height\" content=\"1761\" \/>\n\t<meta property=\"og:image:type\" content=\"image\/png\" \/>\n<meta name=\"twitter:card\" content=\"summary_large_image\" \/>\n<meta name=\"twitter:site\" content=\"@ThemeholtT\" \/>\n<meta name=\"twitter:label1\" content=\"Timp estimat pentru citire\" \/>\n\t<meta name=\"twitter:data1\" content=\"1 minut\" \/>\n<script type=\"application\/ld+json\" class=\"yoast-schema-graph\">{\"@context\":\"https:\/\/schema.org\",\"@graph\":[{\"@type\":\"WebPage\",\"@id\":\"https:\/\/themeholt.com\/ro\/product\/clubul-de-echitatie-charreria\/\",\"url\":\"https:\/\/themeholt.com\/ro\/product\/clubul-de-echitatie-charreria\/\",\"name\":\"Tema sport accesibil\u0103 | Tema WordPress Horse Club\",\"isPartOf\":{\"@id\":\"https:\/\/www.cyan-dolphin-864669.hostingersite.com\/de\/#website\"},\"primaryImageOfPage\":{\"@id\":\"https:\/\/themeholt.com\/ro\/product\/clubul-de-echitatie-charreria\/#primaryimage\"},\"image\":{\"@id\":\"https:\/\/themeholt.com\/ro\/product\/clubul-de-echitatie-charreria\/#primaryimage\"},\"thumbnailUrl\":\"https:\/\/themeholt.com\/wp-content\/uploads\/2023\/10\/331.png\",\"datePublished\":\"2023-10-10T06:11:39+00:00\",\"dateModified\":\"2024-11-04T05:04:02+00:00\",\"description\":\"G\u0103si\u021bi tema WordPress perfect\u0103 pentru clubul de cai pentru site-ul dvs. de curse. Personalizeaz\u0103 cu u\u0219urin\u021b\u0103 \u0219i arat\u0103-\u021bi afec\u021biunea pentru cai cu stil. Contacteaz\u0103-ne acum!\",\"breadcrumb\":{\"@id\":\"https:\/\/themeholt.com\/ro\/product\/clubul-de-echitatie-charreria\/#breadcrumb\"},\"inLanguage\":\"ro-RO\",\"potentialAction\":[{\"@type\":\"ReadAction\",\"target\":[\"https:\/\/themeholt.com\/ro\/product\/clubul-de-echitatie-charreria\/\"]}]},{\"@type\":\"ImageObject\",\"inLanguage\":\"ro-RO\",\"@id\":\"https:\/\/themeholt.com\/ro\/product\/clubul-de-echitatie-charreria\/#primaryimage\",\"url\":\"https:\/\/themeholt.com\/wp-content\/uploads\/2023\/10\/331.png\",\"contentUrl\":\"https:\/\/themeholt.com\/wp-content\/uploads\/2023\/10\/331.png\",\"width\":1358,\"height\":1761},{\"@type\":\"BreadcrumbList\",\"@id\":\"https:\/\/themeholt.com\/ro\/product\/clubul-de-echitatie-charreria\/#breadcrumb\",\"itemListElement\":[{\"@type\":\"ListItem\",\"position\":1,\"name\":\"Home\",\"item\":\"https:\/\/themeholt.com\/ro\/\"},{\"@type\":\"ListItem\",\"position\":2,\"name\":\"Shop\",\"item\":\"https:\/\/themeholt.com\/shop\/\"},{\"@type\":\"ListItem\",\"position\":3,\"name\":\"Clubul de echita\u021bie Charreria\"}]},{\"@type\":\"WebSite\",\"@id\":\"https:\/\/www.cyan-dolphin-864669.hostingersite.com\/de\/#website\",\"url\":\"https:\/\/www.cyan-dolphin-864669.hostingersite.com\/de\/\",\"name\":\"ThemeHolt\",\"description\":\"Themeholt is a website that offers high-quality WordPress themes\",\"publisher\":{\"@id\":\"https:\/\/www.cyan-dolphin-864669.hostingersite.com\/de\/#organization\"},\"potentialAction\":[{\"@type\":\"SearchAction\",\"target\":{\"@type\":\"EntryPoint\",\"urlTemplate\":\"https:\/\/www.cyan-dolphin-864669.hostingersite.com\/de\/?s={search_term_string}\"},\"query-input\":{\"@type\":\"PropertyValueSpecification\",\"valueRequired\":true,\"valueName\":\"search_term_string\"}}],\"inLanguage\":\"ro-RO\"},{\"@type\":\"Organization\",\"@id\":\"https:\/\/www.cyan-dolphin-864669.hostingersite.com\/de\/#organization\",\"name\":\"ThemeHolt\",\"alternateName\":\"ThemeHolt\",\"url\":\"https:\/\/www.cyan-dolphin-864669.hostingersite.com\/de\/\",\"logo\":{\"@type\":\"ImageObject\",\"inLanguage\":\"ro-RO\",\"@id\":\"https:\/\/www.cyan-dolphin-864669.hostingersite.com\/de\/#\/schema\/logo\/image\/\",\"url\":\"https:\/\/themeholt.com\/wp-content\/uploads\/2024\/10\/themeholt.png\",\"contentUrl\":\"https:\/\/themeholt.com\/wp-content\/uploads\/2024\/10\/themeholt.png\",\"width\":225,\"height\":225,\"caption\":\"ThemeHolt\"},\"image\":{\"@id\":\"https:\/\/www.cyan-dolphin-864669.hostingersite.com\/de\/#\/schema\/logo\/image\/\"},\"sameAs\":[\"https:\/\/www.facebook.com\/themeholtT\",\"https:\/\/x.com\/ThemeholtT\",\"https:\/\/www.linkedin.com\/company\/themeholt\",\"https:\/\/www.instagram.com\/themeholtt\/\"],\"description\":\"Themeholt is a website that offers high-quality WordPress themes that are easy to use and ready for just about everything. In Eindhoven, Netherlands, since 2020 offering simple, accessible WordPress themes by providing a variety of requirements. Themeholt focuses on practicality and efficiency, allowing faster project completion with its superior marketplace and easy-to-use templates.\",\"legalName\":\"ThemeHolt\",\"foundingDate\":\"2022-11-10\",\"numberOfEmployees\":{\"@type\":\"QuantitativeValue\",\"minValue\":\"51\",\"maxValue\":\"200\"}}]}<\/script>\n<!-- \/ Yoast SEO Premium plugin. -->","yoast_head_json":{"title":"Tema sport accesibil\u0103 | Tema WordPress Horse Club","description":"G\u0103si\u021bi tema WordPress perfect\u0103 pentru clubul de cai pentru site-ul dvs. de curse. Personalizeaz\u0103 cu u\u0219urin\u021b\u0103 \u0219i arat\u0103-\u021bi afec\u021biunea pentru cai cu stil. Contacteaz\u0103-ne acum!","robots":{"index":"index","follow":"follow","max-snippet":"max-snippet:-1","max-image-preview":"max-image-preview:large","max-video-preview":"max-video-preview:-1"},"canonical":"https:\/\/themeholt.com\/ro\/product\/clubul-de-echitatie-charreria\/","og_locale":"ro_RO","og_type":"article","og_title":"Clubul de echita\u021bie Charreria","og_description":"G\u0103si\u021bi tema WordPress perfect\u0103 pentru clubul de cai pentru site-ul dvs. de curse. Personalizeaz\u0103 cu u\u0219urin\u021b\u0103 \u0219i arat\u0103-\u021bi afec\u021biunea pentru cai cu stil. Contacteaz\u0103-ne acum!","og_url":"https:\/\/themeholt.com\/ro\/product\/clubul-de-echitatie-charreria\/","og_site_name":"ThemeHolt","article_publisher":"https:\/\/www.facebook.com\/themeholtT","article_modified_time":"2024-11-04T05:04:02+00:00","og_image":[{"width":1358,"height":1761,"url":"https:\/\/themeholt.com\/wp-content\/uploads\/2023\/10\/331.png","type":"image\/png"}],"twitter_card":"summary_large_image","twitter_site":"@ThemeholtT","twitter_misc":{"Timp estimat pentru citire":"1 minut"},"schema":{"@context":"https:\/\/schema.org","@graph":[{"@type":"WebPage","@id":"https:\/\/themeholt.com\/ro\/product\/clubul-de-echitatie-charreria\/","url":"https:\/\/themeholt.com\/ro\/product\/clubul-de-echitatie-charreria\/","name":"Tema sport accesibil\u0103 | Tema WordPress Horse Club","isPartOf":{"@id":"https:\/\/www.cyan-dolphin-864669.hostingersite.com\/de\/#website"},"primaryImageOfPage":{"@id":"https:\/\/themeholt.com\/ro\/product\/clubul-de-echitatie-charreria\/#primaryimage"},"image":{"@id":"https:\/\/themeholt.com\/ro\/product\/clubul-de-echitatie-charreria\/#primaryimage"},"thumbnailUrl":"https:\/\/themeholt.com\/wp-content\/uploads\/2023\/10\/331.png","datePublished":"2023-10-10T06:11:39+00:00","dateModified":"2024-11-04T05:04:02+00:00","description":"G\u0103si\u021bi tema WordPress perfect\u0103 pentru clubul de cai pentru site-ul dvs. de curse. Personalizeaz\u0103 cu u\u0219urin\u021b\u0103 \u0219i arat\u0103-\u021bi afec\u021biunea pentru cai cu stil. Contacteaz\u0103-ne acum!","breadcrumb":{"@id":"https:\/\/themeholt.com\/ro\/product\/clubul-de-echitatie-charreria\/#breadcrumb"},"inLanguage":"ro-RO","potentialAction":[{"@type":"ReadAction","target":["https:\/\/themeholt.com\/ro\/product\/clubul-de-echitatie-charreria\/"]}]},{"@type":"ImageObject","inLanguage":"ro-RO","@id":"https:\/\/themeholt.com\/ro\/product\/clubul-de-echitatie-charreria\/#primaryimage","url":"https:\/\/themeholt.com\/wp-content\/uploads\/2023\/10\/331.png","contentUrl":"https:\/\/themeholt.com\/wp-content\/uploads\/2023\/10\/331.png","width":1358,"height":1761},{"@type":"BreadcrumbList","@id":"https:\/\/themeholt.com\/ro\/product\/clubul-de-echitatie-charreria\/#breadcrumb","itemListElement":[{"@type":"ListItem","position":1,"name":"Home","item":"https:\/\/themeholt.com\/ro\/"},{"@type":"ListItem","position":2,"name":"Shop","item":"https:\/\/themeholt.com\/shop\/"},{"@type":"ListItem","position":3,"name":"Clubul de echita\u021bie Charreria"}]},{"@type":"WebSite","@id":"https:\/\/www.cyan-dolphin-864669.hostingersite.com\/de\/#website","url":"https:\/\/www.cyan-dolphin-864669.hostingersite.com\/de\/","name":"ThemeHolt","description":"Themeholt is a website that offers high-quality WordPress themes","publisher":{"@id":"https:\/\/www.cyan-dolphin-864669.hostingersite.com\/de\/#organization"},"potentialAction":[{"@type":"SearchAction","target":{"@type":"EntryPoint","urlTemplate":"https:\/\/www.cyan-dolphin-864669.hostingersite.com\/de\/?s={search_term_string}"},"query-input":{"@type":"PropertyValueSpecification","valueRequired":true,"valueName":"search_term_string"}}],"inLanguage":"ro-RO"},{"@type":"Organization","@id":"https:\/\/www.cyan-dolphin-864669.hostingersite.com\/de\/#organization","name":"ThemeHolt","alternateName":"ThemeHolt","url":"https:\/\/www.cyan-dolphin-864669.hostingersite.com\/de\/","logo":{"@type":"ImageObject","inLanguage":"ro-RO","@id":"https:\/\/www.cyan-dolphin-864669.hostingersite.com\/de\/#\/schema\/logo\/image\/","url":"https:\/\/themeholt.com\/wp-content\/uploads\/2024\/10\/themeholt.png","contentUrl":"https:\/\/themeholt.com\/wp-content\/uploads\/2024\/10\/themeholt.png","width":225,"height":225,"caption":"ThemeHolt"},"image":{"@id":"https:\/\/www.cyan-dolphin-864669.hostingersite.com\/de\/#\/schema\/logo\/image\/"},"sameAs":["https:\/\/www.facebook.com\/themeholtT","https:\/\/x.com\/ThemeholtT","https:\/\/www.linkedin.com\/company\/themeholt","https:\/\/www.instagram.com\/themeholtt\/"],"description":"Themeholt is a website that offers high-quality WordPress themes that are easy to use and ready for just about everything. In Eindhoven, Netherlands, since 2020 offering simple, accessible WordPress themes by providing a variety of requirements. Themeholt focuses on practicality and efficiency, allowing faster project completion with its superior marketplace and easy-to-use templates.","legalName":"ThemeHolt","foundingDate":"2022-11-10","numberOfEmployees":{"@type":"QuantitativeValue","minValue":"51","maxValue":"200"}}]}},"_links":{"self":[{"href":"https:\/\/themeholt.com\/ro\/wp-json\/wp\/v2\/product\/16562","targetHints":{"allow":["GET"]}}],"collection":[{"href":"https:\/\/themeholt.com\/ro\/wp-json\/wp\/v2\/product"}],"about":[{"href":"https:\/\/themeholt.com\/ro\/wp-json\/wp\/v2\/types\/product"}],"wp:featuredmedia":[{"embeddable":true,"href":"https:\/\/themeholt.com\/ro\/wp-json\/wp\/v2\/media\/16563"}],"wp:attachment":[{"href":"https:\/\/themeholt.com\/ro\/wp-json\/wp\/v2\/media?parent=16562"}],"wp:term":[{"taxonomy":"product_brand","embeddable":true,"href":"https:\/\/themeholt.com\/ro\/wp-json\/wp\/v2\/product_brand?post=16562"},{"taxonomy":"product_cat","embeddable":true,"href":"https:\/\/themeholt.com\/ro\/wp-json\/wp\/v2\/product_cat?post=16562"},{"taxonomy":"product_tag","embeddable":true,"href":"https:\/\/themeholt.com\/ro\/wp-json\/wp\/v2\/product_tag?post=16562"}],"curies":[{"name":"wp","href":"https:\/\/api.w.org\/{rel}","templated":true}]}}