{"id":16573,"date":"2023-10-10T06:03:39","date_gmt":"2023-10-10T06:03:39","guid":{"rendered":"https:\/\/themeholt.com\/product\/smash-badminton-school-sports-club\/"},"modified":"2024-11-04T05:09:18","modified_gmt":"2024-11-04T05:09:18","slug":"clubul-sportiv-smash-badminton","status":"publish","type":"product","link":"https:\/\/themeholt.com\/ro\/product\/clubul-sportiv-smash-badminton\/","title":{"rendered":"Clubul sportiv Smash Badminton"},"content":{"rendered":"<p><span style=\"font-weight: 400\">Prezentarea <\/span><b>Temei WordPress pentru sporturi \u0219colare de badminton<\/b><span style=\"font-weight: 400\">\u00a0 solu\u021bia suprem\u0103 pentru pasiona\u021bii de sport, \u0219coli , \u0219i cluburi care doresc s\u0103 stabileasc\u0103 o prezen\u021b\u0103 online dinamic\u0103. Pentru a satisface toate cerin\u021bele dvs. legate de badminton, aceast\u0103 tem\u0103 ofer\u0103 fuziunea ideal\u0103 \u00eentre func\u021bionalitate \u0219i estetic\u0103.<\/span><\/p>\n<p><span style=\"font-weight: 400\">Cu interfa\u021ba sa u\u0219or de utilizat, pute\u021bi prezenta f\u0103r\u0103 efort realiz\u0103rile echipei dvs., pute\u021bi programa meciuri \u0219i pute\u021bi partaja con\u021binut captivant. Designul receptiv al temei asigur\u0103 c\u0103 site-ul dvs. web arat\u0103 grozav pe toate dispozitivele.<\/span><\/p>\n<p><span style=\"font-weight: 400\">Pute\u021bi s\u0103 v\u0103 personaliza\u021bi site-ul cu func\u021biile sale pentru a se potrivi nevoilor dvs., f\u0103c\u00e2nd u\u0219or s\u0103 crea\u021bi o platform\u0103 unic\u0103 \u0219i captivant\u0103 pentru comunitatea dvs. de badminton. \u00cembr\u0103\u021bi\u0219a\u021bi viitorul promov\u0103rii sportului cu aceast\u0103 tem\u0103 excep\u021bional\u0103 WordPress.<\/span><\/p>\n","protected":false},"excerpt":{"rendered":"<ul>\n<li><span style=\"font-weight: 400\">Func\u021bii profesionale<\/span><\/li>\n<li><span style=\"font-weight: 400\">Design sofisticat<\/span><\/li>\n<li><span style=\"font-weight: 400\">Personalizare conceput\u0103<\/span><\/li>\n<li><span style=\"font-weight: 400\">Timpuri de \u00eenc\u0103rcare rapide<\/span><\/li>\n<li><span style=\"font-weight: 400\">Design profesional<\/span><\/li>\n<li><span style=\"font-weight: 400\">Aspect receptiv<\/span><\/li>\n<li><span style=\"font-weight: 400\">SEO optimizat<\/span><\/li>\n<\/ul>\n","protected":false},"featured_media":16574,"template":"","meta":{"_acf_changed":false,"inline_featured_image":false},"product_brand":[],"product_cat":[1827],"product_tag":[1830],"class_list":{"0":"post-16573","1":"product","2":"type-product","3":"status-publish","4":"has-post-thumbnail","6":"product_cat-sports-ru","7":"product_tag-sports-wordpress-theme-ru","9":"first","10":"instock","11":"sale","12":"downloadable","13":"taxable","14":"shipping-taxable","15":"purchasable","16":"product-type-simple"},"acf":[],"yoast_head":"<!-- This site is optimized with the Yoast SEO Premium plugin v22.1 (Yoast SEO v26.0) - https:\/\/yoast.com\/wordpress\/plugins\/seo\/ -->\n<title>Tema WordPress pentru sporturi \u0219colare de badminton | Solu\u021bie final\u0103 pentru site-uri sportive<\/title>\n<meta name=\"description\" content=\"Descoperi\u021bi tema perfect\u0103 pentru site-ul dvs. de sport \u0219colar cu tema noastr\u0103 Wordpress pentru Badminton Sporturi \u0219colare. Implica\u021bi studen\u021bii \u0219i sportivii dvs. cu un design dinamic \u0219i u\u0219or de utilizat. \u00cencepe\u021bi ast\u0103zi!\" \/>\n<meta name=\"robots\" content=\"index, follow, max-snippet:-1, max-image-preview:large, max-video-preview:-1\" \/>\n<link rel=\"canonical\" href=\"https:\/\/themeholt.com\/ro\/product\/clubul-sportiv-smash-badminton\/\" \/>\n<meta property=\"og:locale\" content=\"ro_RO\" \/>\n<meta property=\"og:type\" content=\"article\" \/>\n<meta property=\"og:title\" content=\"Clubul sportiv Smash Badminton\" \/>\n<meta property=\"og:description\" content=\"Descoperi\u021bi tema perfect\u0103 pentru site-ul dvs. de sport \u0219colar cu tema noastr\u0103 Wordpress pentru Badminton Sporturi \u0219colare. Implica\u021bi studen\u021bii \u0219i sportivii dvs. cu un design dinamic \u0219i u\u0219or de utilizat. \u00cencepe\u021bi ast\u0103zi!\" \/>\n<meta property=\"og:url\" content=\"https:\/\/themeholt.com\/ro\/product\/clubul-sportiv-smash-badminton\/\" \/>\n<meta property=\"og:site_name\" content=\"ThemeHolt\" \/>\n<meta property=\"article:publisher\" content=\"https:\/\/www.facebook.com\/themeholtT\" \/>\n<meta property=\"article:modified_time\" content=\"2024-11-04T05:09:18+00:00\" \/>\n<meta property=\"og:image\" content=\"https:\/\/themeholt.com\/wp-content\/uploads\/2023\/10\/321.png\" \/>\n\t<meta property=\"og:image:width\" content=\"1365\" \/>\n\t<meta property=\"og:image:height\" content=\"1199\" \/>\n\t<meta property=\"og:image:type\" content=\"image\/png\" \/>\n<meta name=\"twitter:card\" content=\"summary_large_image\" \/>\n<meta name=\"twitter:site\" content=\"@ThemeholtT\" \/>\n<meta name=\"twitter:label1\" content=\"Timp estimat pentru citire\" \/>\n\t<meta name=\"twitter:data1\" content=\"1 minut\" \/>\n<script type=\"application\/ld+json\" class=\"yoast-schema-graph\">{\"@context\":\"https:\/\/schema.org\",\"@graph\":[{\"@type\":\"WebPage\",\"@id\":\"https:\/\/themeholt.com\/ro\/product\/clubul-sportiv-smash-badminton\/\",\"url\":\"https:\/\/themeholt.com\/ro\/product\/clubul-sportiv-smash-badminton\/\",\"name\":\"Tema WordPress pentru sporturi \u0219colare de badminton | Solu\u021bie final\u0103 pentru site-uri sportive\",\"isPartOf\":{\"@id\":\"https:\/\/www.cyan-dolphin-864669.hostingersite.com\/de\/#website\"},\"primaryImageOfPage\":{\"@id\":\"https:\/\/themeholt.com\/ro\/product\/clubul-sportiv-smash-badminton\/#primaryimage\"},\"image\":{\"@id\":\"https:\/\/themeholt.com\/ro\/product\/clubul-sportiv-smash-badminton\/#primaryimage\"},\"thumbnailUrl\":\"https:\/\/themeholt.com\/wp-content\/uploads\/2023\/10\/321.png\",\"datePublished\":\"2023-10-10T06:03:39+00:00\",\"dateModified\":\"2024-11-04T05:09:18+00:00\",\"description\":\"Descoperi\u021bi tema perfect\u0103 pentru site-ul dvs. de sport \u0219colar cu tema noastr\u0103 Wordpress pentru Badminton Sporturi \u0219colare. Implica\u021bi studen\u021bii \u0219i sportivii dvs. cu un design dinamic \u0219i u\u0219or de utilizat. \u00cencepe\u021bi ast\u0103zi!\",\"breadcrumb\":{\"@id\":\"https:\/\/themeholt.com\/ro\/product\/clubul-sportiv-smash-badminton\/#breadcrumb\"},\"inLanguage\":\"ro-RO\",\"potentialAction\":[{\"@type\":\"ReadAction\",\"target\":[\"https:\/\/themeholt.com\/ro\/product\/clubul-sportiv-smash-badminton\/\"]}]},{\"@type\":\"ImageObject\",\"inLanguage\":\"ro-RO\",\"@id\":\"https:\/\/themeholt.com\/ro\/product\/clubul-sportiv-smash-badminton\/#primaryimage\",\"url\":\"https:\/\/themeholt.com\/wp-content\/uploads\/2023\/10\/321.png\",\"contentUrl\":\"https:\/\/themeholt.com\/wp-content\/uploads\/2023\/10\/321.png\",\"width\":1365,\"height\":1199},{\"@type\":\"BreadcrumbList\",\"@id\":\"https:\/\/themeholt.com\/ro\/product\/clubul-sportiv-smash-badminton\/#breadcrumb\",\"itemListElement\":[{\"@type\":\"ListItem\",\"position\":1,\"name\":\"Home\",\"item\":\"https:\/\/themeholt.com\/ro\/\"},{\"@type\":\"ListItem\",\"position\":2,\"name\":\"Shop\",\"item\":\"https:\/\/themeholt.com\/shop\/\"},{\"@type\":\"ListItem\",\"position\":3,\"name\":\"Clubul sportiv Smash Badminton\"}]},{\"@type\":\"WebSite\",\"@id\":\"https:\/\/www.cyan-dolphin-864669.hostingersite.com\/de\/#website\",\"url\":\"https:\/\/www.cyan-dolphin-864669.hostingersite.com\/de\/\",\"name\":\"ThemeHolt\",\"description\":\"Themeholt is a website that offers high-quality WordPress themes\",\"publisher\":{\"@id\":\"https:\/\/www.cyan-dolphin-864669.hostingersite.com\/de\/#organization\"},\"potentialAction\":[{\"@type\":\"SearchAction\",\"target\":{\"@type\":\"EntryPoint\",\"urlTemplate\":\"https:\/\/www.cyan-dolphin-864669.hostingersite.com\/de\/?s={search_term_string}\"},\"query-input\":{\"@type\":\"PropertyValueSpecification\",\"valueRequired\":true,\"valueName\":\"search_term_string\"}}],\"inLanguage\":\"ro-RO\"},{\"@type\":\"Organization\",\"@id\":\"https:\/\/www.cyan-dolphin-864669.hostingersite.com\/de\/#organization\",\"name\":\"ThemeHolt\",\"alternateName\":\"ThemeHolt\",\"url\":\"https:\/\/www.cyan-dolphin-864669.hostingersite.com\/de\/\",\"logo\":{\"@type\":\"ImageObject\",\"inLanguage\":\"ro-RO\",\"@id\":\"https:\/\/www.cyan-dolphin-864669.hostingersite.com\/de\/#\/schema\/logo\/image\/\",\"url\":\"https:\/\/themeholt.com\/wp-content\/uploads\/2024\/10\/themeholt.png\",\"contentUrl\":\"https:\/\/themeholt.com\/wp-content\/uploads\/2024\/10\/themeholt.png\",\"width\":225,\"height\":225,\"caption\":\"ThemeHolt\"},\"image\":{\"@id\":\"https:\/\/www.cyan-dolphin-864669.hostingersite.com\/de\/#\/schema\/logo\/image\/\"},\"sameAs\":[\"https:\/\/www.facebook.com\/themeholtT\",\"https:\/\/x.com\/ThemeholtT\",\"https:\/\/www.linkedin.com\/company\/themeholt\",\"https:\/\/www.instagram.com\/themeholtt\/\"],\"description\":\"Themeholt is a website that offers high-quality WordPress themes that are easy to use and ready for just about everything. In Eindhoven, Netherlands, since 2020 offering simple, accessible WordPress themes by providing a variety of requirements. Themeholt focuses on practicality and efficiency, allowing faster project completion with its superior marketplace and easy-to-use templates.\",\"legalName\":\"ThemeHolt\",\"foundingDate\":\"2022-11-10\",\"numberOfEmployees\":{\"@type\":\"QuantitativeValue\",\"minValue\":\"51\",\"maxValue\":\"200\"}}]}<\/script>\n<!-- \/ Yoast SEO Premium plugin. -->","yoast_head_json":{"title":"Tema WordPress pentru sporturi \u0219colare de badminton | Solu\u021bie final\u0103 pentru site-uri sportive","description":"Descoperi\u021bi tema perfect\u0103 pentru site-ul dvs. de sport \u0219colar cu tema noastr\u0103 Wordpress pentru Badminton Sporturi \u0219colare. Implica\u021bi studen\u021bii \u0219i sportivii dvs. cu un design dinamic \u0219i u\u0219or de utilizat. \u00cencepe\u021bi ast\u0103zi!","robots":{"index":"index","follow":"follow","max-snippet":"max-snippet:-1","max-image-preview":"max-image-preview:large","max-video-preview":"max-video-preview:-1"},"canonical":"https:\/\/themeholt.com\/ro\/product\/clubul-sportiv-smash-badminton\/","og_locale":"ro_RO","og_type":"article","og_title":"Clubul sportiv Smash Badminton","og_description":"Descoperi\u021bi tema perfect\u0103 pentru site-ul dvs. de sport \u0219colar cu tema noastr\u0103 Wordpress pentru Badminton Sporturi \u0219colare. Implica\u021bi studen\u021bii \u0219i sportivii dvs. cu un design dinamic \u0219i u\u0219or de utilizat. \u00cencepe\u021bi ast\u0103zi!","og_url":"https:\/\/themeholt.com\/ro\/product\/clubul-sportiv-smash-badminton\/","og_site_name":"ThemeHolt","article_publisher":"https:\/\/www.facebook.com\/themeholtT","article_modified_time":"2024-11-04T05:09:18+00:00","og_image":[{"width":1365,"height":1199,"url":"https:\/\/themeholt.com\/wp-content\/uploads\/2023\/10\/321.png","type":"image\/png"}],"twitter_card":"summary_large_image","twitter_site":"@ThemeholtT","twitter_misc":{"Timp estimat pentru citire":"1 minut"},"schema":{"@context":"https:\/\/schema.org","@graph":[{"@type":"WebPage","@id":"https:\/\/themeholt.com\/ro\/product\/clubul-sportiv-smash-badminton\/","url":"https:\/\/themeholt.com\/ro\/product\/clubul-sportiv-smash-badminton\/","name":"Tema WordPress pentru sporturi \u0219colare de badminton | Solu\u021bie final\u0103 pentru site-uri sportive","isPartOf":{"@id":"https:\/\/www.cyan-dolphin-864669.hostingersite.com\/de\/#website"},"primaryImageOfPage":{"@id":"https:\/\/themeholt.com\/ro\/product\/clubul-sportiv-smash-badminton\/#primaryimage"},"image":{"@id":"https:\/\/themeholt.com\/ro\/product\/clubul-sportiv-smash-badminton\/#primaryimage"},"thumbnailUrl":"https:\/\/themeholt.com\/wp-content\/uploads\/2023\/10\/321.png","datePublished":"2023-10-10T06:03:39+00:00","dateModified":"2024-11-04T05:09:18+00:00","description":"Descoperi\u021bi tema perfect\u0103 pentru site-ul dvs. de sport \u0219colar cu tema noastr\u0103 Wordpress pentru Badminton Sporturi \u0219colare. Implica\u021bi studen\u021bii \u0219i sportivii dvs. cu un design dinamic \u0219i u\u0219or de utilizat. \u00cencepe\u021bi ast\u0103zi!","breadcrumb":{"@id":"https:\/\/themeholt.com\/ro\/product\/clubul-sportiv-smash-badminton\/#breadcrumb"},"inLanguage":"ro-RO","potentialAction":[{"@type":"ReadAction","target":["https:\/\/themeholt.com\/ro\/product\/clubul-sportiv-smash-badminton\/"]}]},{"@type":"ImageObject","inLanguage":"ro-RO","@id":"https:\/\/themeholt.com\/ro\/product\/clubul-sportiv-smash-badminton\/#primaryimage","url":"https:\/\/themeholt.com\/wp-content\/uploads\/2023\/10\/321.png","contentUrl":"https:\/\/themeholt.com\/wp-content\/uploads\/2023\/10\/321.png","width":1365,"height":1199},{"@type":"BreadcrumbList","@id":"https:\/\/themeholt.com\/ro\/product\/clubul-sportiv-smash-badminton\/#breadcrumb","itemListElement":[{"@type":"ListItem","position":1,"name":"Home","item":"https:\/\/themeholt.com\/ro\/"},{"@type":"ListItem","position":2,"name":"Shop","item":"https:\/\/themeholt.com\/shop\/"},{"@type":"ListItem","position":3,"name":"Clubul sportiv Smash Badminton"}]},{"@type":"WebSite","@id":"https:\/\/www.cyan-dolphin-864669.hostingersite.com\/de\/#website","url":"https:\/\/www.cyan-dolphin-864669.hostingersite.com\/de\/","name":"ThemeHolt","description":"Themeholt is a website that offers high-quality WordPress themes","publisher":{"@id":"https:\/\/www.cyan-dolphin-864669.hostingersite.com\/de\/#organization"},"potentialAction":[{"@type":"SearchAction","target":{"@type":"EntryPoint","urlTemplate":"https:\/\/www.cyan-dolphin-864669.hostingersite.com\/de\/?s={search_term_string}"},"query-input":{"@type":"PropertyValueSpecification","valueRequired":true,"valueName":"search_term_string"}}],"inLanguage":"ro-RO"},{"@type":"Organization","@id":"https:\/\/www.cyan-dolphin-864669.hostingersite.com\/de\/#organization","name":"ThemeHolt","alternateName":"ThemeHolt","url":"https:\/\/www.cyan-dolphin-864669.hostingersite.com\/de\/","logo":{"@type":"ImageObject","inLanguage":"ro-RO","@id":"https:\/\/www.cyan-dolphin-864669.hostingersite.com\/de\/#\/schema\/logo\/image\/","url":"https:\/\/themeholt.com\/wp-content\/uploads\/2024\/10\/themeholt.png","contentUrl":"https:\/\/themeholt.com\/wp-content\/uploads\/2024\/10\/themeholt.png","width":225,"height":225,"caption":"ThemeHolt"},"image":{"@id":"https:\/\/www.cyan-dolphin-864669.hostingersite.com\/de\/#\/schema\/logo\/image\/"},"sameAs":["https:\/\/www.facebook.com\/themeholtT","https:\/\/x.com\/ThemeholtT","https:\/\/www.linkedin.com\/company\/themeholt","https:\/\/www.instagram.com\/themeholtt\/"],"description":"Themeholt is a website that offers high-quality WordPress themes that are easy to use and ready for just about everything. In Eindhoven, Netherlands, since 2020 offering simple, accessible WordPress themes by providing a variety of requirements. Themeholt focuses on practicality and efficiency, allowing faster project completion with its superior marketplace and easy-to-use templates.","legalName":"ThemeHolt","foundingDate":"2022-11-10","numberOfEmployees":{"@type":"QuantitativeValue","minValue":"51","maxValue":"200"}}]}},"_links":{"self":[{"href":"https:\/\/themeholt.com\/ro\/wp-json\/wp\/v2\/product\/16573","targetHints":{"allow":["GET"]}}],"collection":[{"href":"https:\/\/themeholt.com\/ro\/wp-json\/wp\/v2\/product"}],"about":[{"href":"https:\/\/themeholt.com\/ro\/wp-json\/wp\/v2\/types\/product"}],"wp:featuredmedia":[{"embeddable":true,"href":"https:\/\/themeholt.com\/ro\/wp-json\/wp\/v2\/media\/16574"}],"wp:attachment":[{"href":"https:\/\/themeholt.com\/ro\/wp-json\/wp\/v2\/media?parent=16573"}],"wp:term":[{"taxonomy":"product_brand","embeddable":true,"href":"https:\/\/themeholt.com\/ro\/wp-json\/wp\/v2\/product_brand?post=16573"},{"taxonomy":"product_cat","embeddable":true,"href":"https:\/\/themeholt.com\/ro\/wp-json\/wp\/v2\/product_cat?post=16573"},{"taxonomy":"product_tag","embeddable":true,"href":"https:\/\/themeholt.com\/ro\/wp-json\/wp\/v2\/product_tag?post=16573"}],"curies":[{"name":"wp","href":"https:\/\/api.w.org\/{rel}","templated":true}]}}