{"id":16611,"date":"2023-10-09T12:24:41","date_gmt":"2023-10-09T12:24:41","guid":{"rendered":"https:\/\/themeholt.com\/product\/virtty-virtual-reality-services\/"},"modified":"2024-11-04T06:07:24","modified_gmt":"2024-11-04T06:07:24","slug":"servicii-de-realitate-virtuala-virtty","status":"publish","type":"product","link":"https:\/\/themeholt.com\/ro\/product\/servicii-de-realitate-virtuala-virtty\/","title":{"rendered":"Servicii de realitate virtual\u0103 Virtty"},"content":{"rendered":"<p><span style=\"font-weight: 400\">Tema <\/span><b>Servicii de realitate virtual\u0103 WordPress<\/b><span style=\"font-weight: 400\"> este bogat\u0103 \u00een func\u021bii, oferind toate instrumentele trebuie s\u0103-\u021bi promovezi serviciile VR \u00een mod eficient. Clien\u021bii pot aranja cu u\u0219urin\u021b\u0103 sesiuni sau \u00eent\u00e2lniri datorit\u0103 sistemului integrat de rezervare. \u00cen plus, pute\u021bi folosi func\u021biile de comer\u021b electronic pentru a vinde echipamente VR, accesorii sau experien\u021be direct de pe site-ul dvs. Este u\u0219or s\u0103 interac\u021biona\u021bi cu publicul \u0219i s\u0103 crea\u021bi rela\u021bii de durat\u0103 atunci c\u00e2nd ave\u021bi op\u021biuni de integrare \u00een re\u021belele sociale, formulare de contact \u0219i op\u021biuni de abonare la buletin informativ.<\/span><\/p>\n<p><span style=\"font-weight: 400\">Aceast\u0103 tem\u0103 este unic\u0103 prin faptul c\u0103 \u00eencurajeaz\u0103 performan\u021ba. Este optimizat pentru motorul de c\u0103utare pentru a ajuta la cre\u0219terea prezen\u021bei site-ului dvs. \u00een rezultatele c\u0103ut\u0103rii \u0219i se \u00eencarc\u0103 rapid, astfel \u00eenc\u00e2t utilizatorii s\u0103 nu fie frustra\u021bi de timpii lungi de \u00eenc\u0103rcare. \u00cen plus, o serie de instrumente SEO integrate v\u0103 pot ajuta s\u0103 \u00eembun\u0103t\u0103\u021bi\u021bi func\u021bionalitatea site-ului dvs. web \u0219i s\u0103 simplifice noile clien\u021bi s\u0103 \u00eenve\u021be despre serviciile dvs. de realitate virtual\u0103.<\/span><\/p>\n","protected":false},"excerpt":{"rendered":"<ul>\n<li><span style=\"font-weight: 400\">Design modern \u0219i experien\u021b\u0103 centrat\u0103 pe utilizator<\/span><\/li>\n<li><span style=\"font-weight: 400\">Bogat \u00een func\u021bii \u0219i personalizabil<\/span><\/li>\n<li><span style=\"font-weight: 400\">Prezentare portofoliu<\/span><\/li>\n<li><span style=\"font-weight: 400\">Servicii \u0219i solu\u021bii<\/span><\/li>\n<li><span style=\"font-weight: 400\">Marturii \u0219i studii de caz<\/span><\/li>\n<li><span style=\"font-weight: 400\">Integrare blog<\/span><\/li>\n<\/ul>\n","protected":false},"featured_media":16612,"template":"","meta":{"_acf_changed":false,"inline_featured_image":false},"product_brand":[],"product_cat":[1820],"product_tag":[1825],"class_list":{"0":"post-16611","1":"product","2":"type-product","3":"status-publish","4":"has-post-thumbnail","6":"product_cat-technology-apps-ru","7":"product_tag-best-mobile-applications-themes-ru","9":"first","10":"instock","11":"sale","12":"downloadable","13":"taxable","14":"shipping-taxable","15":"purchasable","16":"product-type-simple"},"acf":[],"yoast_head":"<!-- This site is optimized with the Yoast SEO Premium plugin v22.1 (Yoast SEO v26.0) - https:\/\/yoast.com\/wordpress\/plugins\/seo\/ -->\n<title>Cufunda\u021bi-v\u0103 site-ul web cu o tem\u0103 WordPress pentru servicii de realitate virtual\u0103<\/title>\n<meta name=\"description\" content=\"Descoperi\u021bi cea mai bun\u0103 tem\u0103 WordPress Servicii de realitate virtual\u0103: Cre\u0219te\u021bi-v\u0103 prezen\u021ba online cu un design \u0219i caracteristici captivante. Perfect pentru afaceri \u0219i entuzia\u0219ti VR. Exploreaz\u0103 acum!\" \/>\n<meta name=\"robots\" content=\"index, follow, max-snippet:-1, max-image-preview:large, max-video-preview:-1\" \/>\n<link rel=\"canonical\" href=\"https:\/\/themeholt.com\/ro\/product\/servicii-de-realitate-virtuala-virtty\/\" \/>\n<meta property=\"og:locale\" content=\"ro_RO\" \/>\n<meta property=\"og:type\" content=\"article\" \/>\n<meta property=\"og:title\" content=\"Servicii de realitate virtual\u0103 Virtty\" \/>\n<meta property=\"og:description\" content=\"Descoperi\u021bi cea mai bun\u0103 tem\u0103 WordPress Servicii de realitate virtual\u0103: Cre\u0219te\u021bi-v\u0103 prezen\u021ba online cu un design \u0219i caracteristici captivante. Perfect pentru afaceri \u0219i entuzia\u0219ti VR. Exploreaz\u0103 acum!\" \/>\n<meta property=\"og:url\" content=\"https:\/\/themeholt.com\/ro\/product\/servicii-de-realitate-virtuala-virtty\/\" \/>\n<meta property=\"og:site_name\" content=\"ThemeHolt\" \/>\n<meta property=\"article:publisher\" content=\"https:\/\/www.facebook.com\/themeholtT\" \/>\n<meta property=\"article:modified_time\" content=\"2024-11-04T06:07:24+00:00\" \/>\n<meta property=\"og:image\" content=\"https:\/\/themeholt.com\/wp-content\/uploads\/2023\/10\/41-3-918x1024.png\" \/>\n\t<meta property=\"og:image:width\" content=\"918\" \/>\n\t<meta property=\"og:image:height\" content=\"1024\" \/>\n\t<meta property=\"og:image:type\" content=\"image\/png\" \/>\n<meta name=\"twitter:card\" content=\"summary_large_image\" \/>\n<meta name=\"twitter:site\" content=\"@ThemeholtT\" \/>\n<meta name=\"twitter:label1\" content=\"Timp estimat pentru citire\" \/>\n\t<meta name=\"twitter:data1\" content=\"1 minut\" \/>\n<script type=\"application\/ld+json\" class=\"yoast-schema-graph\">{\"@context\":\"https:\/\/schema.org\",\"@graph\":[{\"@type\":\"WebPage\",\"@id\":\"https:\/\/themeholt.com\/ro\/product\/servicii-de-realitate-virtuala-virtty\/\",\"url\":\"https:\/\/themeholt.com\/ro\/product\/servicii-de-realitate-virtuala-virtty\/\",\"name\":\"Cufunda\u021bi-v\u0103 site-ul web cu o tem\u0103 WordPress pentru servicii de realitate virtual\u0103\",\"isPartOf\":{\"@id\":\"https:\/\/themeholt.com\/#website\"},\"primaryImageOfPage\":{\"@id\":\"https:\/\/themeholt.com\/ro\/product\/servicii-de-realitate-virtuala-virtty\/#primaryimage\"},\"image\":{\"@id\":\"https:\/\/themeholt.com\/ro\/product\/servicii-de-realitate-virtuala-virtty\/#primaryimage\"},\"thumbnailUrl\":\"https:\/\/themeholt.com\/wp-content\/uploads\/2023\/10\/41-3.png\",\"datePublished\":\"2023-10-09T12:24:41+00:00\",\"dateModified\":\"2024-11-04T06:07:24+00:00\",\"description\":\"Descoperi\u021bi cea mai bun\u0103 tem\u0103 WordPress Servicii de realitate virtual\u0103: Cre\u0219te\u021bi-v\u0103 prezen\u021ba online cu un design \u0219i caracteristici captivante. Perfect pentru afaceri \u0219i entuzia\u0219ti VR. Exploreaz\u0103 acum!\",\"breadcrumb\":{\"@id\":\"https:\/\/themeholt.com\/ro\/product\/servicii-de-realitate-virtuala-virtty\/#breadcrumb\"},\"inLanguage\":\"ro-RO\",\"potentialAction\":[{\"@type\":\"ReadAction\",\"target\":[\"https:\/\/themeholt.com\/ro\/product\/servicii-de-realitate-virtuala-virtty\/\"]}]},{\"@type\":\"ImageObject\",\"inLanguage\":\"ro-RO\",\"@id\":\"https:\/\/themeholt.com\/ro\/product\/servicii-de-realitate-virtuala-virtty\/#primaryimage\",\"url\":\"https:\/\/themeholt.com\/wp-content\/uploads\/2023\/10\/41-3.png\",\"contentUrl\":\"https:\/\/themeholt.com\/wp-content\/uploads\/2023\/10\/41-3.png\",\"width\":1363,\"height\":1520},{\"@type\":\"BreadcrumbList\",\"@id\":\"https:\/\/themeholt.com\/ro\/product\/servicii-de-realitate-virtuala-virtty\/#breadcrumb\",\"itemListElement\":[{\"@type\":\"ListItem\",\"position\":1,\"name\":\"Home\",\"item\":\"https:\/\/themeholt.com\/ro\/\"},{\"@type\":\"ListItem\",\"position\":2,\"name\":\"Shop\",\"item\":\"https:\/\/themeholt.com\/shop\/\"},{\"@type\":\"ListItem\",\"position\":3,\"name\":\"Servicii de realitate virtual\u0103 Virtty\"}]},{\"@type\":\"WebSite\",\"@id\":\"https:\/\/themeholt.com\/#website\",\"url\":\"https:\/\/themeholt.com\/\",\"name\":\"ThemeHolt\",\"description\":\"Themeholt is a website that offers high-quality WordPress themes\",\"publisher\":{\"@id\":\"https:\/\/themeholt.com\/#organization\"},\"potentialAction\":[{\"@type\":\"SearchAction\",\"target\":{\"@type\":\"EntryPoint\",\"urlTemplate\":\"https:\/\/themeholt.com\/?s={search_term_string}\"},\"query-input\":{\"@type\":\"PropertyValueSpecification\",\"valueRequired\":true,\"valueName\":\"search_term_string\"}}],\"inLanguage\":\"ro-RO\"},{\"@type\":\"Organization\",\"@id\":\"https:\/\/themeholt.com\/#organization\",\"name\":\"ThemeHolt\",\"alternateName\":\"ThemeHolt\",\"url\":\"https:\/\/themeholt.com\/\",\"logo\":{\"@type\":\"ImageObject\",\"inLanguage\":\"ro-RO\",\"@id\":\"https:\/\/themeholt.com\/#\/schema\/logo\/image\/\",\"url\":\"https:\/\/themeholt.com\/wp-content\/uploads\/2024\/10\/themeholt.png\",\"contentUrl\":\"https:\/\/themeholt.com\/wp-content\/uploads\/2024\/10\/themeholt.png\",\"width\":225,\"height\":225,\"caption\":\"ThemeHolt\"},\"image\":{\"@id\":\"https:\/\/themeholt.com\/#\/schema\/logo\/image\/\"},\"sameAs\":[\"https:\/\/www.facebook.com\/themeholtT\",\"https:\/\/x.com\/ThemeholtT\",\"https:\/\/www.linkedin.com\/company\/themeholt\",\"https:\/\/www.instagram.com\/themeholtt\/\"],\"description\":\"Themeholt is a website that offers high-quality WordPress themes that are easy to use and ready for just about everything. In Eindhoven, Netherlands, since 2020 offering simple, accessible WordPress themes by providing a variety of requirements. Themeholt focuses on practicality and efficiency, allowing faster project completion with its superior marketplace and easy-to-use templates.\",\"legalName\":\"ThemeHolt\",\"foundingDate\":\"2022-11-10\",\"numberOfEmployees\":{\"@type\":\"QuantitativeValue\",\"minValue\":\"51\",\"maxValue\":\"200\"}}]}<\/script>\n<!-- \/ Yoast SEO Premium plugin. -->","yoast_head_json":{"title":"Cufunda\u021bi-v\u0103 site-ul web cu o tem\u0103 WordPress pentru servicii de realitate virtual\u0103","description":"Descoperi\u021bi cea mai bun\u0103 tem\u0103 WordPress Servicii de realitate virtual\u0103: Cre\u0219te\u021bi-v\u0103 prezen\u021ba online cu un design \u0219i caracteristici captivante. Perfect pentru afaceri \u0219i entuzia\u0219ti VR. Exploreaz\u0103 acum!","robots":{"index":"index","follow":"follow","max-snippet":"max-snippet:-1","max-image-preview":"max-image-preview:large","max-video-preview":"max-video-preview:-1"},"canonical":"https:\/\/themeholt.com\/ro\/product\/servicii-de-realitate-virtuala-virtty\/","og_locale":"ro_RO","og_type":"article","og_title":"Servicii de realitate virtual\u0103 Virtty","og_description":"Descoperi\u021bi cea mai bun\u0103 tem\u0103 WordPress Servicii de realitate virtual\u0103: Cre\u0219te\u021bi-v\u0103 prezen\u021ba online cu un design \u0219i caracteristici captivante. Perfect pentru afaceri \u0219i entuzia\u0219ti VR. Exploreaz\u0103 acum!","og_url":"https:\/\/themeholt.com\/ro\/product\/servicii-de-realitate-virtuala-virtty\/","og_site_name":"ThemeHolt","article_publisher":"https:\/\/www.facebook.com\/themeholtT","article_modified_time":"2024-11-04T06:07:24+00:00","og_image":[{"width":918,"height":1024,"url":"https:\/\/themeholt.com\/wp-content\/uploads\/2023\/10\/41-3-918x1024.png","type":"image\/png"}],"twitter_card":"summary_large_image","twitter_site":"@ThemeholtT","twitter_misc":{"Timp estimat pentru citire":"1 minut"},"schema":{"@context":"https:\/\/schema.org","@graph":[{"@type":"WebPage","@id":"https:\/\/themeholt.com\/ro\/product\/servicii-de-realitate-virtuala-virtty\/","url":"https:\/\/themeholt.com\/ro\/product\/servicii-de-realitate-virtuala-virtty\/","name":"Cufunda\u021bi-v\u0103 site-ul web cu o tem\u0103 WordPress pentru servicii de realitate virtual\u0103","isPartOf":{"@id":"https:\/\/themeholt.com\/#website"},"primaryImageOfPage":{"@id":"https:\/\/themeholt.com\/ro\/product\/servicii-de-realitate-virtuala-virtty\/#primaryimage"},"image":{"@id":"https:\/\/themeholt.com\/ro\/product\/servicii-de-realitate-virtuala-virtty\/#primaryimage"},"thumbnailUrl":"https:\/\/themeholt.com\/wp-content\/uploads\/2023\/10\/41-3.png","datePublished":"2023-10-09T12:24:41+00:00","dateModified":"2024-11-04T06:07:24+00:00","description":"Descoperi\u021bi cea mai bun\u0103 tem\u0103 WordPress Servicii de realitate virtual\u0103: Cre\u0219te\u021bi-v\u0103 prezen\u021ba online cu un design \u0219i caracteristici captivante. Perfect pentru afaceri \u0219i entuzia\u0219ti VR. Exploreaz\u0103 acum!","breadcrumb":{"@id":"https:\/\/themeholt.com\/ro\/product\/servicii-de-realitate-virtuala-virtty\/#breadcrumb"},"inLanguage":"ro-RO","potentialAction":[{"@type":"ReadAction","target":["https:\/\/themeholt.com\/ro\/product\/servicii-de-realitate-virtuala-virtty\/"]}]},{"@type":"ImageObject","inLanguage":"ro-RO","@id":"https:\/\/themeholt.com\/ro\/product\/servicii-de-realitate-virtuala-virtty\/#primaryimage","url":"https:\/\/themeholt.com\/wp-content\/uploads\/2023\/10\/41-3.png","contentUrl":"https:\/\/themeholt.com\/wp-content\/uploads\/2023\/10\/41-3.png","width":1363,"height":1520},{"@type":"BreadcrumbList","@id":"https:\/\/themeholt.com\/ro\/product\/servicii-de-realitate-virtuala-virtty\/#breadcrumb","itemListElement":[{"@type":"ListItem","position":1,"name":"Home","item":"https:\/\/themeholt.com\/ro\/"},{"@type":"ListItem","position":2,"name":"Shop","item":"https:\/\/themeholt.com\/shop\/"},{"@type":"ListItem","position":3,"name":"Servicii de realitate virtual\u0103 Virtty"}]},{"@type":"WebSite","@id":"https:\/\/themeholt.com\/#website","url":"https:\/\/themeholt.com\/","name":"ThemeHolt","description":"Themeholt is a website that offers high-quality WordPress themes","publisher":{"@id":"https:\/\/themeholt.com\/#organization"},"potentialAction":[{"@type":"SearchAction","target":{"@type":"EntryPoint","urlTemplate":"https:\/\/themeholt.com\/?s={search_term_string}"},"query-input":{"@type":"PropertyValueSpecification","valueRequired":true,"valueName":"search_term_string"}}],"inLanguage":"ro-RO"},{"@type":"Organization","@id":"https:\/\/themeholt.com\/#organization","name":"ThemeHolt","alternateName":"ThemeHolt","url":"https:\/\/themeholt.com\/","logo":{"@type":"ImageObject","inLanguage":"ro-RO","@id":"https:\/\/themeholt.com\/#\/schema\/logo\/image\/","url":"https:\/\/themeholt.com\/wp-content\/uploads\/2024\/10\/themeholt.png","contentUrl":"https:\/\/themeholt.com\/wp-content\/uploads\/2024\/10\/themeholt.png","width":225,"height":225,"caption":"ThemeHolt"},"image":{"@id":"https:\/\/themeholt.com\/#\/schema\/logo\/image\/"},"sameAs":["https:\/\/www.facebook.com\/themeholtT","https:\/\/x.com\/ThemeholtT","https:\/\/www.linkedin.com\/company\/themeholt","https:\/\/www.instagram.com\/themeholtt\/"],"description":"Themeholt is a website that offers high-quality WordPress themes that are easy to use and ready for just about everything. In Eindhoven, Netherlands, since 2020 offering simple, accessible WordPress themes by providing a variety of requirements. Themeholt focuses on practicality and efficiency, allowing faster project completion with its superior marketplace and easy-to-use templates.","legalName":"ThemeHolt","foundingDate":"2022-11-10","numberOfEmployees":{"@type":"QuantitativeValue","minValue":"51","maxValue":"200"}}]}},"_links":{"self":[{"href":"https:\/\/themeholt.com\/ro\/wp-json\/wp\/v2\/product\/16611","targetHints":{"allow":["GET"]}}],"collection":[{"href":"https:\/\/themeholt.com\/ro\/wp-json\/wp\/v2\/product"}],"about":[{"href":"https:\/\/themeholt.com\/ro\/wp-json\/wp\/v2\/types\/product"}],"wp:featuredmedia":[{"embeddable":true,"href":"https:\/\/themeholt.com\/ro\/wp-json\/wp\/v2\/media\/16612"}],"wp:attachment":[{"href":"https:\/\/themeholt.com\/ro\/wp-json\/wp\/v2\/media?parent=16611"}],"wp:term":[{"taxonomy":"product_brand","embeddable":true,"href":"https:\/\/themeholt.com\/ro\/wp-json\/wp\/v2\/product_brand?post=16611"},{"taxonomy":"product_cat","embeddable":true,"href":"https:\/\/themeholt.com\/ro\/wp-json\/wp\/v2\/product_cat?post=16611"},{"taxonomy":"product_tag","embeddable":true,"href":"https:\/\/themeholt.com\/ro\/wp-json\/wp\/v2\/product_tag?post=16611"}],"curies":[{"name":"wp","href":"https:\/\/api.w.org\/{rel}","templated":true}]}}