{"id":16636,"date":"2023-10-09T10:19:52","date_gmt":"2023-10-09T10:19:52","guid":{"rendered":"https:\/\/themeholt.com\/product\/saep-ecommerce-app\/"},"modified":"2024-11-04T06:48:27","modified_gmt":"2024-11-04T06:48:27","slug":"aplicatia-de-comert-electronic-saep","status":"publish","type":"product","link":"https:\/\/themeholt.com\/ro\/product\/aplicatia-de-comert-electronic-saep\/","title":{"rendered":"Aplica\u021bia de comer\u021b electronic Saep"},"content":{"rendered":"<p><span style=\"font-weight: 400\">Tema <\/span><b>Ecommerce App WordPress <\/b><span style=\"font-weight: 400\">este o solu\u021bie versatil\u0103 \u0219i u\u0219or de utilizat pentru construirea un magazin online cu WordPress. Aceast\u0103 tem\u0103 este perfect\u0103 pentru companiile \u0219i persoanele fizice care doresc s\u0103 v\u00e2nd\u0103 bunuri sau servicii online, deoarece face procesul de construire a unui site web puternic de comer\u021b electronic mai eficient. Tema garanteaz\u0103 clien\u021bilor o experien\u021b\u0103 de cump\u0103r\u0103turi f\u0103r\u0103 probleme, cu designul modern \u0219i atractiv, f\u0103c\u00e2ndu-le simplu s\u0103 r\u0103sfoiasc\u0103 \u0219i s\u0103 cumpere produse.<\/span><\/p>\n<p><span style=\"font-weight: 400\">Are multe caracteristici reglabile care v\u0103 permit s\u0103 personaliza\u021bi aspectul \u0219i aspectul magazinului dvs. pentru a se potrivi m\u0103rcii dvs. Aceast\u0103 tem\u0103 asigur\u0103 o configurare f\u0103r\u0103 probleme pentru afacerea dvs. online, lucr\u00e2nd cu u\u0219urin\u021b\u0103 cu pluginuri de comer\u021b electronic binecunoscute. Tema WordPress pentru aplica\u021bia de comer\u021b electronic ofer\u0103 o baz\u0103 solid\u0103 pentru succesul magazinului dvs. online, indiferent de nivelul dvs. de experien\u021b\u0103.<\/span><\/p>\n","protected":false},"excerpt":{"rendered":"<ul>\n<li><span style=\"font-weight: 400\">Design modern \u0219i experien\u021b\u0103 centrat\u0103 pe utilizator<\/span><\/li>\n<li><span style=\"font-weight: 400\">Bogat \u00een func\u021bii \u0219i personalizabil<\/span><\/li>\n<li><span style=\"font-weight: 400\">Prezentare portofoliu<\/span><\/li>\n<li><span style=\"font-weight: 400\">Servicii \u0219i solu\u021bii<\/span><\/li>\n<li><span style=\"font-weight: 400\">Marturii \u0219i studii de caz<\/span><\/li>\n<li><span style=\"font-weight: 400\">Integrare blog<\/span><\/li>\n<li><span style=\"font-weight: 400\">Formulare de contact \u0219i de \u00eentreb\u0103ri<\/span><\/li>\n<li><span style=\"font-weight: 400\">Optimizare SEO<\/span><\/li>\n<li><span style=\"font-weight: 400\">Asisten\u021b\u0103 pentru clien\u021bi \u0219i actualiz\u0103ri<\/span><\/li>\n<li><span style=\"font-weight: 400\">Responsive \u0219i gata pentru dispozitive mobile<\/span><\/li>\n<\/ul>\n","protected":false},"featured_media":16638,"template":"","meta":{"_acf_changed":false,"inline_featured_image":false},"product_brand":[],"product_cat":[1820],"product_tag":[1825],"class_list":{"0":"post-16636","1":"product","2":"type-product","3":"status-publish","4":"has-post-thumbnail","6":"product_cat-technology-apps-ru","7":"product_tag-best-mobile-applications-themes-ru","9":"first","10":"instock","11":"sale","12":"downloadable","13":"taxable","14":"shipping-taxable","15":"purchasable","16":"product-type-simple"},"acf":[],"yoast_head":"<!-- This site is optimized with the Yoast SEO Premium plugin v22.1 (Yoast SEO v26.0) - https:\/\/yoast.com\/wordpress\/plugins\/seo\/ -->\n<title>Tema aplica\u021biei comer\u021b electronic | Tema WordPress pentru comer\u021b electronic<\/title>\n<meta name=\"description\" content=\"Ob\u021bine\u021bi o tem\u0103 wordpress pentru aplica\u021bia de comer\u021b electronic modern pentru magazinul dvs. online. Configurare simpl\u0103, design frumos \u0219i integrare lin\u0103 pentru v\u00e2nzarea produselor dvs. online.\" \/>\n<meta name=\"robots\" content=\"index, follow, max-snippet:-1, max-image-preview:large, max-video-preview:-1\" \/>\n<link rel=\"canonical\" href=\"https:\/\/themeholt.com\/ro\/product\/aplicatia-de-comert-electronic-saep\/\" \/>\n<meta property=\"og:locale\" content=\"ro_RO\" \/>\n<meta property=\"og:type\" content=\"article\" \/>\n<meta property=\"og:title\" content=\"Aplica\u021bia de comer\u021b electronic Saep\" \/>\n<meta property=\"og:description\" content=\"Ob\u021bine\u021bi o tem\u0103 wordpress pentru aplica\u021bia de comer\u021b electronic modern pentru magazinul dvs. online. Configurare simpl\u0103, design frumos \u0219i integrare lin\u0103 pentru v\u00e2nzarea produselor dvs. online.\" \/>\n<meta property=\"og:url\" content=\"https:\/\/themeholt.com\/ro\/product\/aplicatia-de-comert-electronic-saep\/\" \/>\n<meta property=\"og:site_name\" content=\"ThemeHolt\" \/>\n<meta property=\"article:publisher\" content=\"https:\/\/www.facebook.com\/themeholtT\" \/>\n<meta property=\"article:modified_time\" content=\"2024-11-04T06:48:27+00:00\" \/>\n<meta property=\"og:image\" content=\"https:\/\/themeholt.com\/wp-content\/uploads\/2023\/10\/21-4.png\" \/>\n\t<meta property=\"og:image:width\" content=\"1362\" \/>\n\t<meta property=\"og:image:height\" content=\"1279\" \/>\n\t<meta property=\"og:image:type\" content=\"image\/png\" \/>\n<meta name=\"twitter:card\" content=\"summary_large_image\" \/>\n<meta name=\"twitter:site\" content=\"@ThemeholtT\" \/>\n<meta name=\"twitter:label1\" content=\"Timp estimat pentru citire\" \/>\n\t<meta name=\"twitter:data1\" content=\"1 minut\" \/>\n<script type=\"application\/ld+json\" class=\"yoast-schema-graph\">{\"@context\":\"https:\/\/schema.org\",\"@graph\":[{\"@type\":\"WebPage\",\"@id\":\"https:\/\/themeholt.com\/ro\/product\/aplicatia-de-comert-electronic-saep\/\",\"url\":\"https:\/\/themeholt.com\/ro\/product\/aplicatia-de-comert-electronic-saep\/\",\"name\":\"Tema aplica\u021biei comer\u021b electronic | Tema WordPress pentru comer\u021b electronic\",\"isPartOf\":{\"@id\":\"https:\/\/themeholt.com\/#website\"},\"primaryImageOfPage\":{\"@id\":\"https:\/\/themeholt.com\/ro\/product\/aplicatia-de-comert-electronic-saep\/#primaryimage\"},\"image\":{\"@id\":\"https:\/\/themeholt.com\/ro\/product\/aplicatia-de-comert-electronic-saep\/#primaryimage\"},\"thumbnailUrl\":\"https:\/\/themeholt.com\/wp-content\/uploads\/2023\/10\/21-4.png\",\"datePublished\":\"2023-10-09T10:19:52+00:00\",\"dateModified\":\"2024-11-04T06:48:27+00:00\",\"description\":\"Ob\u021bine\u021bi o tem\u0103 wordpress pentru aplica\u021bia de comer\u021b electronic modern pentru magazinul dvs. online. Configurare simpl\u0103, design frumos \u0219i integrare lin\u0103 pentru v\u00e2nzarea produselor dvs. online.\",\"breadcrumb\":{\"@id\":\"https:\/\/themeholt.com\/ro\/product\/aplicatia-de-comert-electronic-saep\/#breadcrumb\"},\"inLanguage\":\"ro-RO\",\"potentialAction\":[{\"@type\":\"ReadAction\",\"target\":[\"https:\/\/themeholt.com\/ro\/product\/aplicatia-de-comert-electronic-saep\/\"]}]},{\"@type\":\"ImageObject\",\"inLanguage\":\"ro-RO\",\"@id\":\"https:\/\/themeholt.com\/ro\/product\/aplicatia-de-comert-electronic-saep\/#primaryimage\",\"url\":\"https:\/\/themeholt.com\/wp-content\/uploads\/2023\/10\/21-4.png\",\"contentUrl\":\"https:\/\/themeholt.com\/wp-content\/uploads\/2023\/10\/21-4.png\",\"width\":1362,\"height\":1279},{\"@type\":\"BreadcrumbList\",\"@id\":\"https:\/\/themeholt.com\/ro\/product\/aplicatia-de-comert-electronic-saep\/#breadcrumb\",\"itemListElement\":[{\"@type\":\"ListItem\",\"position\":1,\"name\":\"Home\",\"item\":\"https:\/\/themeholt.com\/ro\/\"},{\"@type\":\"ListItem\",\"position\":2,\"name\":\"Shop\",\"item\":\"https:\/\/themeholt.com\/shop\/\"},{\"@type\":\"ListItem\",\"position\":3,\"name\":\"Aplica\u021bia de comer\u021b electronic Saep\"}]},{\"@type\":\"WebSite\",\"@id\":\"https:\/\/themeholt.com\/#website\",\"url\":\"https:\/\/themeholt.com\/\",\"name\":\"ThemeHolt\",\"description\":\"Themeholt is a website that offers high-quality WordPress themes\",\"publisher\":{\"@id\":\"https:\/\/themeholt.com\/#organization\"},\"potentialAction\":[{\"@type\":\"SearchAction\",\"target\":{\"@type\":\"EntryPoint\",\"urlTemplate\":\"https:\/\/themeholt.com\/?s={search_term_string}\"},\"query-input\":{\"@type\":\"PropertyValueSpecification\",\"valueRequired\":true,\"valueName\":\"search_term_string\"}}],\"inLanguage\":\"ro-RO\"},{\"@type\":\"Organization\",\"@id\":\"https:\/\/themeholt.com\/#organization\",\"name\":\"ThemeHolt\",\"alternateName\":\"ThemeHolt\",\"url\":\"https:\/\/themeholt.com\/\",\"logo\":{\"@type\":\"ImageObject\",\"inLanguage\":\"ro-RO\",\"@id\":\"https:\/\/themeholt.com\/#\/schema\/logo\/image\/\",\"url\":\"https:\/\/themeholt.com\/wp-content\/uploads\/2024\/10\/themeholt.png\",\"contentUrl\":\"https:\/\/themeholt.com\/wp-content\/uploads\/2024\/10\/themeholt.png\",\"width\":225,\"height\":225,\"caption\":\"ThemeHolt\"},\"image\":{\"@id\":\"https:\/\/themeholt.com\/#\/schema\/logo\/image\/\"},\"sameAs\":[\"https:\/\/www.facebook.com\/themeholtT\",\"https:\/\/x.com\/ThemeholtT\",\"https:\/\/www.linkedin.com\/company\/themeholt\",\"https:\/\/www.instagram.com\/themeholtt\/\"],\"description\":\"Themeholt is a website that offers high-quality WordPress themes that are easy to use and ready for just about everything. In Eindhoven, Netherlands, since 2020 offering simple, accessible WordPress themes by providing a variety of requirements. Themeholt focuses on practicality and efficiency, allowing faster project completion with its superior marketplace and easy-to-use templates.\",\"legalName\":\"ThemeHolt\",\"foundingDate\":\"2022-11-10\",\"numberOfEmployees\":{\"@type\":\"QuantitativeValue\",\"minValue\":\"51\",\"maxValue\":\"200\"}}]}<\/script>\n<!-- \/ Yoast SEO Premium plugin. -->","yoast_head_json":{"title":"Tema aplica\u021biei comer\u021b electronic | Tema WordPress pentru comer\u021b electronic","description":"Ob\u021bine\u021bi o tem\u0103 wordpress pentru aplica\u021bia de comer\u021b electronic modern pentru magazinul dvs. online. Configurare simpl\u0103, design frumos \u0219i integrare lin\u0103 pentru v\u00e2nzarea produselor dvs. online.","robots":{"index":"index","follow":"follow","max-snippet":"max-snippet:-1","max-image-preview":"max-image-preview:large","max-video-preview":"max-video-preview:-1"},"canonical":"https:\/\/themeholt.com\/ro\/product\/aplicatia-de-comert-electronic-saep\/","og_locale":"ro_RO","og_type":"article","og_title":"Aplica\u021bia de comer\u021b electronic Saep","og_description":"Ob\u021bine\u021bi o tem\u0103 wordpress pentru aplica\u021bia de comer\u021b electronic modern pentru magazinul dvs. online. Configurare simpl\u0103, design frumos \u0219i integrare lin\u0103 pentru v\u00e2nzarea produselor dvs. online.","og_url":"https:\/\/themeholt.com\/ro\/product\/aplicatia-de-comert-electronic-saep\/","og_site_name":"ThemeHolt","article_publisher":"https:\/\/www.facebook.com\/themeholtT","article_modified_time":"2024-11-04T06:48:27+00:00","og_image":[{"width":1362,"height":1279,"url":"https:\/\/themeholt.com\/wp-content\/uploads\/2023\/10\/21-4.png","type":"image\/png"}],"twitter_card":"summary_large_image","twitter_site":"@ThemeholtT","twitter_misc":{"Timp estimat pentru citire":"1 minut"},"schema":{"@context":"https:\/\/schema.org","@graph":[{"@type":"WebPage","@id":"https:\/\/themeholt.com\/ro\/product\/aplicatia-de-comert-electronic-saep\/","url":"https:\/\/themeholt.com\/ro\/product\/aplicatia-de-comert-electronic-saep\/","name":"Tema aplica\u021biei comer\u021b electronic | Tema WordPress pentru comer\u021b electronic","isPartOf":{"@id":"https:\/\/themeholt.com\/#website"},"primaryImageOfPage":{"@id":"https:\/\/themeholt.com\/ro\/product\/aplicatia-de-comert-electronic-saep\/#primaryimage"},"image":{"@id":"https:\/\/themeholt.com\/ro\/product\/aplicatia-de-comert-electronic-saep\/#primaryimage"},"thumbnailUrl":"https:\/\/themeholt.com\/wp-content\/uploads\/2023\/10\/21-4.png","datePublished":"2023-10-09T10:19:52+00:00","dateModified":"2024-11-04T06:48:27+00:00","description":"Ob\u021bine\u021bi o tem\u0103 wordpress pentru aplica\u021bia de comer\u021b electronic modern pentru magazinul dvs. online. Configurare simpl\u0103, design frumos \u0219i integrare lin\u0103 pentru v\u00e2nzarea produselor dvs. online.","breadcrumb":{"@id":"https:\/\/themeholt.com\/ro\/product\/aplicatia-de-comert-electronic-saep\/#breadcrumb"},"inLanguage":"ro-RO","potentialAction":[{"@type":"ReadAction","target":["https:\/\/themeholt.com\/ro\/product\/aplicatia-de-comert-electronic-saep\/"]}]},{"@type":"ImageObject","inLanguage":"ro-RO","@id":"https:\/\/themeholt.com\/ro\/product\/aplicatia-de-comert-electronic-saep\/#primaryimage","url":"https:\/\/themeholt.com\/wp-content\/uploads\/2023\/10\/21-4.png","contentUrl":"https:\/\/themeholt.com\/wp-content\/uploads\/2023\/10\/21-4.png","width":1362,"height":1279},{"@type":"BreadcrumbList","@id":"https:\/\/themeholt.com\/ro\/product\/aplicatia-de-comert-electronic-saep\/#breadcrumb","itemListElement":[{"@type":"ListItem","position":1,"name":"Home","item":"https:\/\/themeholt.com\/ro\/"},{"@type":"ListItem","position":2,"name":"Shop","item":"https:\/\/themeholt.com\/shop\/"},{"@type":"ListItem","position":3,"name":"Aplica\u021bia de comer\u021b electronic Saep"}]},{"@type":"WebSite","@id":"https:\/\/themeholt.com\/#website","url":"https:\/\/themeholt.com\/","name":"ThemeHolt","description":"Themeholt is a website that offers high-quality WordPress themes","publisher":{"@id":"https:\/\/themeholt.com\/#organization"},"potentialAction":[{"@type":"SearchAction","target":{"@type":"EntryPoint","urlTemplate":"https:\/\/themeholt.com\/?s={search_term_string}"},"query-input":{"@type":"PropertyValueSpecification","valueRequired":true,"valueName":"search_term_string"}}],"inLanguage":"ro-RO"},{"@type":"Organization","@id":"https:\/\/themeholt.com\/#organization","name":"ThemeHolt","alternateName":"ThemeHolt","url":"https:\/\/themeholt.com\/","logo":{"@type":"ImageObject","inLanguage":"ro-RO","@id":"https:\/\/themeholt.com\/#\/schema\/logo\/image\/","url":"https:\/\/themeholt.com\/wp-content\/uploads\/2024\/10\/themeholt.png","contentUrl":"https:\/\/themeholt.com\/wp-content\/uploads\/2024\/10\/themeholt.png","width":225,"height":225,"caption":"ThemeHolt"},"image":{"@id":"https:\/\/themeholt.com\/#\/schema\/logo\/image\/"},"sameAs":["https:\/\/www.facebook.com\/themeholtT","https:\/\/x.com\/ThemeholtT","https:\/\/www.linkedin.com\/company\/themeholt","https:\/\/www.instagram.com\/themeholtt\/"],"description":"Themeholt is a website that offers high-quality WordPress themes that are easy to use and ready for just about everything. In Eindhoven, Netherlands, since 2020 offering simple, accessible WordPress themes by providing a variety of requirements. Themeholt focuses on practicality and efficiency, allowing faster project completion with its superior marketplace and easy-to-use templates.","legalName":"ThemeHolt","foundingDate":"2022-11-10","numberOfEmployees":{"@type":"QuantitativeValue","minValue":"51","maxValue":"200"}}]}},"_links":{"self":[{"href":"https:\/\/themeholt.com\/ro\/wp-json\/wp\/v2\/product\/16636","targetHints":{"allow":["GET"]}}],"collection":[{"href":"https:\/\/themeholt.com\/ro\/wp-json\/wp\/v2\/product"}],"about":[{"href":"https:\/\/themeholt.com\/ro\/wp-json\/wp\/v2\/types\/product"}],"wp:featuredmedia":[{"embeddable":true,"href":"https:\/\/themeholt.com\/ro\/wp-json\/wp\/v2\/media\/16638"}],"wp:attachment":[{"href":"https:\/\/themeholt.com\/ro\/wp-json\/wp\/v2\/media?parent=16636"}],"wp:term":[{"taxonomy":"product_brand","embeddable":true,"href":"https:\/\/themeholt.com\/ro\/wp-json\/wp\/v2\/product_brand?post=16636"},{"taxonomy":"product_cat","embeddable":true,"href":"https:\/\/themeholt.com\/ro\/wp-json\/wp\/v2\/product_cat?post=16636"},{"taxonomy":"product_tag","embeddable":true,"href":"https:\/\/themeholt.com\/ro\/wp-json\/wp\/v2\/product_tag?post=16636"}],"curies":[{"name":"wp","href":"https:\/\/api.w.org\/{rel}","templated":true}]}}