{"id":16665,"date":"2023-10-09T06:26:50","date_gmt":"2023-10-09T06:26:50","guid":{"rendered":"https:\/\/themeholt.com\/product\/favas-woocommerce\/"},"modified":"2024-11-04T07:36:38","modified_gmt":"2024-11-04T07:36:38","slug":"favas-woocommerce","status":"publish","type":"product","link":"https:\/\/themeholt.com\/ro\/product\/favas-woocommerce\/","title":{"rendered":"Favas Woocommerce"},"content":{"rendered":"<p><span style=\"font-weight: 400\">Tema\u00a0 <\/span><b>Favas WooCommerce WordPress<\/b><span style=\"font-weight: 400\"> este o solu\u021bie de comer\u021b electronic versatil\u0103 \u0219i elegant\u0103, conceput\u0103 pentru a v\u0103 \u00eembun\u0103t\u0103\u021bi magazinul online. Caracteristicile puternice ale Favas \u0219i interfa\u021ba u\u0219or de utilizat v\u0103 permit s\u0103 construi\u021bi un magazin online atractiv \u0219i util. Prin integrarea sa lin\u0103 cu WooCommerce, aceast\u0103 tem\u0103 se asigur\u0103 c\u0103 clien\u021bii dvs. au un timp u\u0219or \u0219i rapid la cump\u0103r\u0103turi.<\/span><\/p>\n<p><span style=\"font-weight: 400\">Cu toate op\u021biunile de personalizare pe care le ofer\u0103 Favas, pute\u021bi face ca site-ul dvs. s\u0103 reflecte exact identitatea distinct\u0103 a afacerii dvs. Site-ul dvs. web va ar\u0103ta fantastic pe toate dispozitivele datorit\u0103 designului s\u0103u receptiv, iar utilizatorii vor adora aspectul neted \u0219i curat. \u00cen plus, optimizarea SEO \u0219i vitezele rapide de \u00eenc\u0103rcare ale temei ajut\u0103 la cre\u0219terea traficului pe site.<\/span><\/p>\n","protected":false},"excerpt":{"rendered":"<ul>\n<li><span style=\"font-weight: 400\">O fuziune perfect\u0103 a WooCommerce \u0219i WordPress<\/span><\/li>\n<li><span style=\"font-weight: 400\">Design \u0219i personalizare uimitoare<\/span><\/li>\n<li><span style=\"font-weight: 400\">Optimizat pentru succesul comer\u021bului electronic<\/span><\/li>\n<li><span style=\"font-weight: 400\">Integrarea perfect\u0103 a func\u021biilor WooCommerce<\/span><\/li>\n<li><span style=\"font-weight: 400\">Capacit\u0103\u021bi SEO avansate<\/span><\/li>\n<li><span style=\"font-weight: 400\">Asisten\u021b\u0103 \u0219i documenta\u021bie de clas\u0103 mondial\u0103<\/span><\/li>\n<\/ul>\n","protected":false},"featured_media":16666,"template":"","meta":{"_acf_changed":false,"inline_featured_image":false},"product_brand":[],"product_cat":[1569],"product_tag":[1570,1571,1572,1573],"class_list":{"0":"post-16665","1":"product","2":"type-product","3":"status-publish","4":"has-post-thumbnail","6":"product_cat-fashion-beauty-ro","7":"product_tag-affordable-fashion-and-beauty-themes-ro","8":"product_tag-best-fashion-website-themes-ro","9":"product_tag-best-spa-beauty-salon-wordpress-themes-ro","10":"product_tag-fashion-theme-ro","12":"first","13":"instock","14":"sale","15":"downloadable","16":"taxable","17":"shipping-taxable","18":"purchasable","19":"product-type-simple"},"acf":[],"yoast_head":"<!-- This site is optimized with the Yoast SEO Premium plugin v22.1 (Yoast SEO v26.0) - https:\/\/yoast.com\/wordpress\/plugins\/seo\/ -->\n<title>Tema WordPress WooCommerce | Teme WooCommerce<\/title>\n<meta name=\"description\" content=\"Ob\u021bine\u021bi tema WooCommerce WordPress perfect\u0103 pentru a crea un magazin online frumos. U\u0219or de personalizat, design receptiv \u0219i func\u021bii de comer\u021b electronic \u00eencorporate pentru magazinul dvs.\" \/>\n<meta name=\"robots\" content=\"index, follow, max-snippet:-1, max-image-preview:large, max-video-preview:-1\" \/>\n<link rel=\"canonical\" href=\"https:\/\/themeholt.com\/ro\/product\/favas-woocommerce\/\" \/>\n<meta property=\"og:locale\" content=\"ro_RO\" \/>\n<meta property=\"og:type\" content=\"article\" \/>\n<meta property=\"og:title\" content=\"Favas Woocommerce\" \/>\n<meta property=\"og:description\" content=\"Ob\u021bine\u021bi tema WooCommerce WordPress perfect\u0103 pentru a crea un magazin online frumos. U\u0219or de personalizat, design receptiv \u0219i func\u021bii de comer\u021b electronic \u00eencorporate pentru magazinul dvs.\" \/>\n<meta property=\"og:url\" content=\"https:\/\/themeholt.com\/ro\/product\/favas-woocommerce\/\" \/>\n<meta property=\"og:site_name\" content=\"ThemeHolt\" \/>\n<meta property=\"article:publisher\" content=\"https:\/\/www.facebook.com\/themeholtT\" \/>\n<meta property=\"article:modified_time\" content=\"2024-11-04T07:36:38+00:00\" \/>\n<meta property=\"og:image\" content=\"https:\/\/themeholt.com\/wp-content\/uploads\/2023\/10\/276.png\" \/>\n\t<meta property=\"og:image:width\" content=\"1365\" \/>\n\t<meta property=\"og:image:height\" content=\"1059\" \/>\n\t<meta property=\"og:image:type\" content=\"image\/png\" \/>\n<meta name=\"twitter:card\" content=\"summary_large_image\" \/>\n<meta name=\"twitter:site\" content=\"@ThemeholtT\" \/>\n<meta name=\"twitter:label1\" content=\"Timp estimat pentru citire\" \/>\n\t<meta name=\"twitter:data1\" content=\"1 minut\" \/>\n<script type=\"application\/ld+json\" class=\"yoast-schema-graph\">{\"@context\":\"https:\/\/schema.org\",\"@graph\":[{\"@type\":\"WebPage\",\"@id\":\"https:\/\/themeholt.com\/ro\/product\/favas-woocommerce\/\",\"url\":\"https:\/\/themeholt.com\/ro\/product\/favas-woocommerce\/\",\"name\":\"Tema WordPress WooCommerce | Teme WooCommerce\",\"isPartOf\":{\"@id\":\"https:\/\/themeholt.com\/#website\"},\"primaryImageOfPage\":{\"@id\":\"https:\/\/themeholt.com\/ro\/product\/favas-woocommerce\/#primaryimage\"},\"image\":{\"@id\":\"https:\/\/themeholt.com\/ro\/product\/favas-woocommerce\/#primaryimage\"},\"thumbnailUrl\":\"https:\/\/themeholt.com\/wp-content\/uploads\/2023\/10\/276.png\",\"datePublished\":\"2023-10-09T06:26:50+00:00\",\"dateModified\":\"2024-11-04T07:36:38+00:00\",\"description\":\"Ob\u021bine\u021bi tema WooCommerce WordPress perfect\u0103 pentru a crea un magazin online frumos. U\u0219or de personalizat, design receptiv \u0219i func\u021bii de comer\u021b electronic \u00eencorporate pentru magazinul dvs.\",\"breadcrumb\":{\"@id\":\"https:\/\/themeholt.com\/ro\/product\/favas-woocommerce\/#breadcrumb\"},\"inLanguage\":\"ro-RO\",\"potentialAction\":[{\"@type\":\"ReadAction\",\"target\":[\"https:\/\/themeholt.com\/ro\/product\/favas-woocommerce\/\"]}]},{\"@type\":\"ImageObject\",\"inLanguage\":\"ro-RO\",\"@id\":\"https:\/\/themeholt.com\/ro\/product\/favas-woocommerce\/#primaryimage\",\"url\":\"https:\/\/themeholt.com\/wp-content\/uploads\/2023\/10\/276.png\",\"contentUrl\":\"https:\/\/themeholt.com\/wp-content\/uploads\/2023\/10\/276.png\",\"width\":1365,\"height\":1059},{\"@type\":\"BreadcrumbList\",\"@id\":\"https:\/\/themeholt.com\/ro\/product\/favas-woocommerce\/#breadcrumb\",\"itemListElement\":[{\"@type\":\"ListItem\",\"position\":1,\"name\":\"Home\",\"item\":\"https:\/\/themeholt.com\/ro\/\"},{\"@type\":\"ListItem\",\"position\":2,\"name\":\"Shop\",\"item\":\"https:\/\/themeholt.com\/shop\/\"},{\"@type\":\"ListItem\",\"position\":3,\"name\":\"Favas Woocommerce\"}]},{\"@type\":\"WebSite\",\"@id\":\"https:\/\/themeholt.com\/#website\",\"url\":\"https:\/\/themeholt.com\/\",\"name\":\"ThemeHolt\",\"description\":\"Themeholt is a website that offers high-quality WordPress themes\",\"publisher\":{\"@id\":\"https:\/\/themeholt.com\/#organization\"},\"potentialAction\":[{\"@type\":\"SearchAction\",\"target\":{\"@type\":\"EntryPoint\",\"urlTemplate\":\"https:\/\/themeholt.com\/?s={search_term_string}\"},\"query-input\":{\"@type\":\"PropertyValueSpecification\",\"valueRequired\":true,\"valueName\":\"search_term_string\"}}],\"inLanguage\":\"ro-RO\"},{\"@type\":\"Organization\",\"@id\":\"https:\/\/themeholt.com\/#organization\",\"name\":\"ThemeHolt\",\"alternateName\":\"ThemeHolt\",\"url\":\"https:\/\/themeholt.com\/\",\"logo\":{\"@type\":\"ImageObject\",\"inLanguage\":\"ro-RO\",\"@id\":\"https:\/\/themeholt.com\/#\/schema\/logo\/image\/\",\"url\":\"https:\/\/themeholt.com\/wp-content\/uploads\/2024\/10\/themeholt.png\",\"contentUrl\":\"https:\/\/themeholt.com\/wp-content\/uploads\/2024\/10\/themeholt.png\",\"width\":225,\"height\":225,\"caption\":\"ThemeHolt\"},\"image\":{\"@id\":\"https:\/\/themeholt.com\/#\/schema\/logo\/image\/\"},\"sameAs\":[\"https:\/\/www.facebook.com\/themeholtT\",\"https:\/\/x.com\/ThemeholtT\",\"https:\/\/www.linkedin.com\/company\/themeholt\",\"https:\/\/www.instagram.com\/themeholtt\/\"],\"description\":\"Themeholt is a website that offers high-quality WordPress themes that are easy to use and ready for just about everything. In Eindhoven, Netherlands, since 2020 offering simple, accessible WordPress themes by providing a variety of requirements. Themeholt focuses on practicality and efficiency, allowing faster project completion with its superior marketplace and easy-to-use templates.\",\"legalName\":\"ThemeHolt\",\"foundingDate\":\"2022-11-10\",\"numberOfEmployees\":{\"@type\":\"QuantitativeValue\",\"minValue\":\"51\",\"maxValue\":\"200\"}}]}<\/script>\n<!-- \/ Yoast SEO Premium plugin. -->","yoast_head_json":{"title":"Tema WordPress WooCommerce | Teme WooCommerce","description":"Ob\u021bine\u021bi tema WooCommerce WordPress perfect\u0103 pentru a crea un magazin online frumos. U\u0219or de personalizat, design receptiv \u0219i func\u021bii de comer\u021b electronic \u00eencorporate pentru magazinul dvs.","robots":{"index":"index","follow":"follow","max-snippet":"max-snippet:-1","max-image-preview":"max-image-preview:large","max-video-preview":"max-video-preview:-1"},"canonical":"https:\/\/themeholt.com\/ro\/product\/favas-woocommerce\/","og_locale":"ro_RO","og_type":"article","og_title":"Favas Woocommerce","og_description":"Ob\u021bine\u021bi tema WooCommerce WordPress perfect\u0103 pentru a crea un magazin online frumos. U\u0219or de personalizat, design receptiv \u0219i func\u021bii de comer\u021b electronic \u00eencorporate pentru magazinul dvs.","og_url":"https:\/\/themeholt.com\/ro\/product\/favas-woocommerce\/","og_site_name":"ThemeHolt","article_publisher":"https:\/\/www.facebook.com\/themeholtT","article_modified_time":"2024-11-04T07:36:38+00:00","og_image":[{"width":1365,"height":1059,"url":"https:\/\/themeholt.com\/wp-content\/uploads\/2023\/10\/276.png","type":"image\/png"}],"twitter_card":"summary_large_image","twitter_site":"@ThemeholtT","twitter_misc":{"Timp estimat pentru citire":"1 minut"},"schema":{"@context":"https:\/\/schema.org","@graph":[{"@type":"WebPage","@id":"https:\/\/themeholt.com\/ro\/product\/favas-woocommerce\/","url":"https:\/\/themeholt.com\/ro\/product\/favas-woocommerce\/","name":"Tema WordPress WooCommerce | Teme WooCommerce","isPartOf":{"@id":"https:\/\/themeholt.com\/#website"},"primaryImageOfPage":{"@id":"https:\/\/themeholt.com\/ro\/product\/favas-woocommerce\/#primaryimage"},"image":{"@id":"https:\/\/themeholt.com\/ro\/product\/favas-woocommerce\/#primaryimage"},"thumbnailUrl":"https:\/\/themeholt.com\/wp-content\/uploads\/2023\/10\/276.png","datePublished":"2023-10-09T06:26:50+00:00","dateModified":"2024-11-04T07:36:38+00:00","description":"Ob\u021bine\u021bi tema WooCommerce WordPress perfect\u0103 pentru a crea un magazin online frumos. U\u0219or de personalizat, design receptiv \u0219i func\u021bii de comer\u021b electronic \u00eencorporate pentru magazinul dvs.","breadcrumb":{"@id":"https:\/\/themeholt.com\/ro\/product\/favas-woocommerce\/#breadcrumb"},"inLanguage":"ro-RO","potentialAction":[{"@type":"ReadAction","target":["https:\/\/themeholt.com\/ro\/product\/favas-woocommerce\/"]}]},{"@type":"ImageObject","inLanguage":"ro-RO","@id":"https:\/\/themeholt.com\/ro\/product\/favas-woocommerce\/#primaryimage","url":"https:\/\/themeholt.com\/wp-content\/uploads\/2023\/10\/276.png","contentUrl":"https:\/\/themeholt.com\/wp-content\/uploads\/2023\/10\/276.png","width":1365,"height":1059},{"@type":"BreadcrumbList","@id":"https:\/\/themeholt.com\/ro\/product\/favas-woocommerce\/#breadcrumb","itemListElement":[{"@type":"ListItem","position":1,"name":"Home","item":"https:\/\/themeholt.com\/ro\/"},{"@type":"ListItem","position":2,"name":"Shop","item":"https:\/\/themeholt.com\/shop\/"},{"@type":"ListItem","position":3,"name":"Favas Woocommerce"}]},{"@type":"WebSite","@id":"https:\/\/themeholt.com\/#website","url":"https:\/\/themeholt.com\/","name":"ThemeHolt","description":"Themeholt is a website that offers high-quality WordPress themes","publisher":{"@id":"https:\/\/themeholt.com\/#organization"},"potentialAction":[{"@type":"SearchAction","target":{"@type":"EntryPoint","urlTemplate":"https:\/\/themeholt.com\/?s={search_term_string}"},"query-input":{"@type":"PropertyValueSpecification","valueRequired":true,"valueName":"search_term_string"}}],"inLanguage":"ro-RO"},{"@type":"Organization","@id":"https:\/\/themeholt.com\/#organization","name":"ThemeHolt","alternateName":"ThemeHolt","url":"https:\/\/themeholt.com\/","logo":{"@type":"ImageObject","inLanguage":"ro-RO","@id":"https:\/\/themeholt.com\/#\/schema\/logo\/image\/","url":"https:\/\/themeholt.com\/wp-content\/uploads\/2024\/10\/themeholt.png","contentUrl":"https:\/\/themeholt.com\/wp-content\/uploads\/2024\/10\/themeholt.png","width":225,"height":225,"caption":"ThemeHolt"},"image":{"@id":"https:\/\/themeholt.com\/#\/schema\/logo\/image\/"},"sameAs":["https:\/\/www.facebook.com\/themeholtT","https:\/\/x.com\/ThemeholtT","https:\/\/www.linkedin.com\/company\/themeholt","https:\/\/www.instagram.com\/themeholtt\/"],"description":"Themeholt is a website that offers high-quality WordPress themes that are easy to use and ready for just about everything. In Eindhoven, Netherlands, since 2020 offering simple, accessible WordPress themes by providing a variety of requirements. Themeholt focuses on practicality and efficiency, allowing faster project completion with its superior marketplace and easy-to-use templates.","legalName":"ThemeHolt","foundingDate":"2022-11-10","numberOfEmployees":{"@type":"QuantitativeValue","minValue":"51","maxValue":"200"}}]}},"_links":{"self":[{"href":"https:\/\/themeholt.com\/ro\/wp-json\/wp\/v2\/product\/16665","targetHints":{"allow":["GET"]}}],"collection":[{"href":"https:\/\/themeholt.com\/ro\/wp-json\/wp\/v2\/product"}],"about":[{"href":"https:\/\/themeholt.com\/ro\/wp-json\/wp\/v2\/types\/product"}],"wp:featuredmedia":[{"embeddable":true,"href":"https:\/\/themeholt.com\/ro\/wp-json\/wp\/v2\/media\/16666"}],"wp:attachment":[{"href":"https:\/\/themeholt.com\/ro\/wp-json\/wp\/v2\/media?parent=16665"}],"wp:term":[{"taxonomy":"product_brand","embeddable":true,"href":"https:\/\/themeholt.com\/ro\/wp-json\/wp\/v2\/product_brand?post=16665"},{"taxonomy":"product_cat","embeddable":true,"href":"https:\/\/themeholt.com\/ro\/wp-json\/wp\/v2\/product_cat?post=16665"},{"taxonomy":"product_tag","embeddable":true,"href":"https:\/\/themeholt.com\/ro\/wp-json\/wp\/v2\/product_tag?post=16665"}],"curies":[{"name":"wp","href":"https:\/\/api.w.org\/{rel}","templated":true}]}}