{"id":16670,"date":"2023-10-09T06:22:02","date_gmt":"2023-10-09T06:22:02","guid":{"rendered":"https:\/\/themeholt.com\/product\/edel-luxury-jewelry\/"},"modified":"2024-11-04T08:01:17","modified_gmt":"2024-11-04T08:01:17","slug":"bijuterii-de-lux-edel","status":"publish","type":"product","link":"https:\/\/themeholt.com\/ro\/product\/bijuterii-de-lux-edel\/","title":{"rendered":"Bijuterii de lux Edel"},"content":{"rendered":"<p><span style=\"font-weight: 400\">O<\/span><b> tem\u0103 WordPress pentru bijuterii de lux<\/b><span style=\"font-weight: 400\"> eman\u0103 elegan\u021b\u0103 \u0219i rafinament, g\u0103zduind produse de ultim\u0103 genera\u021bie m\u0103rci de bijuterii \u0219i magazine de tip boutique. Combin\u0103 perfect func\u021bionalitatea \u0219i stilul datorit\u0103 designului s\u0103u atent g\u00e2ndit. Utilizatorii \u00ee\u0219i pot afi\u0219a colec\u021biile frumoase de bijuterii \u00een toat\u0103 gloria, datorit\u0103 designului elegant \u0219i u\u0219or de utilizat al temei. \u00cen timp ce op\u021biunile personalizabile faciliteaz\u0103 potrivirea stilului diferit al m\u0103rcii dvs., designul s\u0103u receptiv garanteaz\u0103 o experien\u021b\u0103 excelent\u0103 de navigare pe orice dispozitiv.<\/span><\/p>\n<p><span style=\"font-weight: 400\">Este ideal pentru companiile care doresc s\u0103 se dezvolte, deoarece integrarea cu pluginuri de comer\u021b electronic simplific\u0103 v\u00e2nz\u0103rile online. \u00cembun\u0103t\u0103\u021bi\u021bi vizibilitatea online a afacerii dvs. de bijuterii cu aceast\u0103 tem\u0103 WordPress luxoas\u0103 \u0219i simpl\u0103.<\/span><\/p>\n","protected":false},"excerpt":{"rendered":"<ul>\n<li><span style=\"font-weight: 400\">O fuziune perfect\u0103 a WooCommerce \u0219i WordPress<\/span><\/li>\n<li><span style=\"font-weight: 400\">Design \u0219i personalizare uimitoare<\/span><\/li>\n<li><span style=\"font-weight: 400\">Optimizat pentru succesul comer\u021bului electronic<\/span><\/li>\n<li><span style=\"font-weight: 400\">Integrarea perfect\u0103 a func\u021biilor WooCommerce<\/span><\/li>\n<li><span style=\"font-weight: 400\">Capacit\u0103\u021bi SEO avansate<\/span><\/li>\n<li><span style=\"font-weight: 400\">Asisten\u021b\u0103 \u0219i documenta\u021bie de clas\u0103 mondial\u0103<\/span><\/li>\n<\/ul>\n","protected":false},"featured_media":16672,"template":"","meta":{"_acf_changed":false,"inline_featured_image":false},"product_brand":[],"product_cat":[1569],"product_tag":[1570,1571,1573],"class_list":{"0":"post-16670","1":"product","2":"type-product","3":"status-publish","4":"has-post-thumbnail","6":"product_cat-fashion-beauty-ro","7":"product_tag-affordable-fashion-and-beauty-themes-ro","8":"product_tag-best-fashion-website-themes-ro","9":"product_tag-fashion-theme-ro","11":"first","12":"instock","13":"sale","14":"downloadable","15":"taxable","16":"shipping-taxable","17":"purchasable","18":"product-type-simple"},"acf":[],"yoast_head":"<!-- This site is optimized with the Yoast SEO Premium plugin v22.1 (Yoast SEO v26.0) - https:\/\/yoast.com\/wordpress\/plugins\/seo\/ -->\n<title>Tema WordPress pentru bijuterii | \u0218ablon de site web pentru magazinul de bijuterii<\/title>\n<meta name=\"description\" content=\"G\u0103si\u021bi \u0219ablonul perfect pentru site-ul web al magazinului de bijuterii pentru a v\u0103 afi\u0219a colec\u021bia online. Crea\u021bi un site web profesional care atrage clien\u021bi \u0219i cre\u0219te v\u00e2nz\u0103rile.\" \/>\n<meta name=\"robots\" content=\"index, follow, max-snippet:-1, max-image-preview:large, max-video-preview:-1\" \/>\n<link rel=\"canonical\" href=\"https:\/\/themeholt.com\/ro\/product\/bijuterii-de-lux-edel\/\" \/>\n<meta property=\"og:locale\" content=\"ro_RO\" \/>\n<meta property=\"og:type\" content=\"article\" \/>\n<meta property=\"og:title\" content=\"Bijuterii de lux Edel\" \/>\n<meta property=\"og:description\" content=\"G\u0103si\u021bi \u0219ablonul perfect pentru site-ul web al magazinului de bijuterii pentru a v\u0103 afi\u0219a colec\u021bia online. Crea\u021bi un site web profesional care atrage clien\u021bi \u0219i cre\u0219te v\u00e2nz\u0103rile.\" \/>\n<meta property=\"og:url\" content=\"https:\/\/themeholt.com\/ro\/product\/bijuterii-de-lux-edel\/\" \/>\n<meta property=\"og:site_name\" content=\"ThemeHolt\" \/>\n<meta property=\"article:publisher\" content=\"https:\/\/www.facebook.com\/themeholtT\" \/>\n<meta property=\"article:modified_time\" content=\"2024-11-04T08:01:17+00:00\" \/>\n<meta property=\"og:image\" content=\"https:\/\/themeholt.com\/wp-content\/uploads\/2023\/10\/271.png\" \/>\n\t<meta property=\"og:image:width\" content=\"1365\" \/>\n\t<meta property=\"og:image:height\" content=\"1283\" \/>\n\t<meta property=\"og:image:type\" content=\"image\/png\" \/>\n<meta name=\"twitter:card\" content=\"summary_large_image\" \/>\n<meta name=\"twitter:site\" content=\"@ThemeholtT\" \/>\n<meta name=\"twitter:label1\" content=\"Timp estimat pentru citire\" \/>\n\t<meta name=\"twitter:data1\" content=\"1 minut\" \/>\n<script type=\"application\/ld+json\" class=\"yoast-schema-graph\">{\"@context\":\"https:\/\/schema.org\",\"@graph\":[{\"@type\":\"WebPage\",\"@id\":\"https:\/\/themeholt.com\/ro\/product\/bijuterii-de-lux-edel\/\",\"url\":\"https:\/\/themeholt.com\/ro\/product\/bijuterii-de-lux-edel\/\",\"name\":\"Tema WordPress pentru bijuterii | \u0218ablon de site web pentru magazinul de bijuterii\",\"isPartOf\":{\"@id\":\"https:\/\/themeholt.com\/#website\"},\"primaryImageOfPage\":{\"@id\":\"https:\/\/themeholt.com\/ro\/product\/bijuterii-de-lux-edel\/#primaryimage\"},\"image\":{\"@id\":\"https:\/\/themeholt.com\/ro\/product\/bijuterii-de-lux-edel\/#primaryimage\"},\"thumbnailUrl\":\"https:\/\/themeholt.com\/wp-content\/uploads\/2023\/10\/271.png\",\"datePublished\":\"2023-10-09T06:22:02+00:00\",\"dateModified\":\"2024-11-04T08:01:17+00:00\",\"description\":\"G\u0103si\u021bi \u0219ablonul perfect pentru site-ul web al magazinului de bijuterii pentru a v\u0103 afi\u0219a colec\u021bia online. Crea\u021bi un site web profesional care atrage clien\u021bi \u0219i cre\u0219te v\u00e2nz\u0103rile.\",\"breadcrumb\":{\"@id\":\"https:\/\/themeholt.com\/ro\/product\/bijuterii-de-lux-edel\/#breadcrumb\"},\"inLanguage\":\"ro-RO\",\"potentialAction\":[{\"@type\":\"ReadAction\",\"target\":[\"https:\/\/themeholt.com\/ro\/product\/bijuterii-de-lux-edel\/\"]}]},{\"@type\":\"ImageObject\",\"inLanguage\":\"ro-RO\",\"@id\":\"https:\/\/themeholt.com\/ro\/product\/bijuterii-de-lux-edel\/#primaryimage\",\"url\":\"https:\/\/themeholt.com\/wp-content\/uploads\/2023\/10\/271.png\",\"contentUrl\":\"https:\/\/themeholt.com\/wp-content\/uploads\/2023\/10\/271.png\",\"width\":1365,\"height\":1283},{\"@type\":\"BreadcrumbList\",\"@id\":\"https:\/\/themeholt.com\/ro\/product\/bijuterii-de-lux-edel\/#breadcrumb\",\"itemListElement\":[{\"@type\":\"ListItem\",\"position\":1,\"name\":\"Home\",\"item\":\"https:\/\/themeholt.com\/ro\/\"},{\"@type\":\"ListItem\",\"position\":2,\"name\":\"Shop\",\"item\":\"https:\/\/themeholt.com\/shop\/\"},{\"@type\":\"ListItem\",\"position\":3,\"name\":\"Bijuterii de lux Edel\"}]},{\"@type\":\"WebSite\",\"@id\":\"https:\/\/themeholt.com\/#website\",\"url\":\"https:\/\/themeholt.com\/\",\"name\":\"ThemeHolt\",\"description\":\"Themeholt is a website that offers high-quality WordPress themes\",\"publisher\":{\"@id\":\"https:\/\/themeholt.com\/#organization\"},\"potentialAction\":[{\"@type\":\"SearchAction\",\"target\":{\"@type\":\"EntryPoint\",\"urlTemplate\":\"https:\/\/themeholt.com\/?s={search_term_string}\"},\"query-input\":{\"@type\":\"PropertyValueSpecification\",\"valueRequired\":true,\"valueName\":\"search_term_string\"}}],\"inLanguage\":\"ro-RO\"},{\"@type\":\"Organization\",\"@id\":\"https:\/\/themeholt.com\/#organization\",\"name\":\"ThemeHolt\",\"alternateName\":\"ThemeHolt\",\"url\":\"https:\/\/themeholt.com\/\",\"logo\":{\"@type\":\"ImageObject\",\"inLanguage\":\"ro-RO\",\"@id\":\"https:\/\/themeholt.com\/#\/schema\/logo\/image\/\",\"url\":\"https:\/\/themeholt.com\/wp-content\/uploads\/2024\/10\/themeholt.png\",\"contentUrl\":\"https:\/\/themeholt.com\/wp-content\/uploads\/2024\/10\/themeholt.png\",\"width\":225,\"height\":225,\"caption\":\"ThemeHolt\"},\"image\":{\"@id\":\"https:\/\/themeholt.com\/#\/schema\/logo\/image\/\"},\"sameAs\":[\"https:\/\/www.facebook.com\/themeholtT\",\"https:\/\/x.com\/ThemeholtT\",\"https:\/\/www.linkedin.com\/company\/themeholt\",\"https:\/\/www.instagram.com\/themeholtt\/\"],\"description\":\"Themeholt is a website that offers high-quality WordPress themes that are easy to use and ready for just about everything. In Eindhoven, Netherlands, since 2020 offering simple, accessible WordPress themes by providing a variety of requirements. Themeholt focuses on practicality and efficiency, allowing faster project completion with its superior marketplace and easy-to-use templates.\",\"legalName\":\"ThemeHolt\",\"foundingDate\":\"2022-11-10\",\"numberOfEmployees\":{\"@type\":\"QuantitativeValue\",\"minValue\":\"51\",\"maxValue\":\"200\"}}]}<\/script>\n<!-- \/ Yoast SEO Premium plugin. -->","yoast_head_json":{"title":"Tema WordPress pentru bijuterii | \u0218ablon de site web pentru magazinul de bijuterii","description":"G\u0103si\u021bi \u0219ablonul perfect pentru site-ul web al magazinului de bijuterii pentru a v\u0103 afi\u0219a colec\u021bia online. Crea\u021bi un site web profesional care atrage clien\u021bi \u0219i cre\u0219te v\u00e2nz\u0103rile.","robots":{"index":"index","follow":"follow","max-snippet":"max-snippet:-1","max-image-preview":"max-image-preview:large","max-video-preview":"max-video-preview:-1"},"canonical":"https:\/\/themeholt.com\/ro\/product\/bijuterii-de-lux-edel\/","og_locale":"ro_RO","og_type":"article","og_title":"Bijuterii de lux Edel","og_description":"G\u0103si\u021bi \u0219ablonul perfect pentru site-ul web al magazinului de bijuterii pentru a v\u0103 afi\u0219a colec\u021bia online. Crea\u021bi un site web profesional care atrage clien\u021bi \u0219i cre\u0219te v\u00e2nz\u0103rile.","og_url":"https:\/\/themeholt.com\/ro\/product\/bijuterii-de-lux-edel\/","og_site_name":"ThemeHolt","article_publisher":"https:\/\/www.facebook.com\/themeholtT","article_modified_time":"2024-11-04T08:01:17+00:00","og_image":[{"width":1365,"height":1283,"url":"https:\/\/themeholt.com\/wp-content\/uploads\/2023\/10\/271.png","type":"image\/png"}],"twitter_card":"summary_large_image","twitter_site":"@ThemeholtT","twitter_misc":{"Timp estimat pentru citire":"1 minut"},"schema":{"@context":"https:\/\/schema.org","@graph":[{"@type":"WebPage","@id":"https:\/\/themeholt.com\/ro\/product\/bijuterii-de-lux-edel\/","url":"https:\/\/themeholt.com\/ro\/product\/bijuterii-de-lux-edel\/","name":"Tema WordPress pentru bijuterii | \u0218ablon de site web pentru magazinul de bijuterii","isPartOf":{"@id":"https:\/\/themeholt.com\/#website"},"primaryImageOfPage":{"@id":"https:\/\/themeholt.com\/ro\/product\/bijuterii-de-lux-edel\/#primaryimage"},"image":{"@id":"https:\/\/themeholt.com\/ro\/product\/bijuterii-de-lux-edel\/#primaryimage"},"thumbnailUrl":"https:\/\/themeholt.com\/wp-content\/uploads\/2023\/10\/271.png","datePublished":"2023-10-09T06:22:02+00:00","dateModified":"2024-11-04T08:01:17+00:00","description":"G\u0103si\u021bi \u0219ablonul perfect pentru site-ul web al magazinului de bijuterii pentru a v\u0103 afi\u0219a colec\u021bia online. Crea\u021bi un site web profesional care atrage clien\u021bi \u0219i cre\u0219te v\u00e2nz\u0103rile.","breadcrumb":{"@id":"https:\/\/themeholt.com\/ro\/product\/bijuterii-de-lux-edel\/#breadcrumb"},"inLanguage":"ro-RO","potentialAction":[{"@type":"ReadAction","target":["https:\/\/themeholt.com\/ro\/product\/bijuterii-de-lux-edel\/"]}]},{"@type":"ImageObject","inLanguage":"ro-RO","@id":"https:\/\/themeholt.com\/ro\/product\/bijuterii-de-lux-edel\/#primaryimage","url":"https:\/\/themeholt.com\/wp-content\/uploads\/2023\/10\/271.png","contentUrl":"https:\/\/themeholt.com\/wp-content\/uploads\/2023\/10\/271.png","width":1365,"height":1283},{"@type":"BreadcrumbList","@id":"https:\/\/themeholt.com\/ro\/product\/bijuterii-de-lux-edel\/#breadcrumb","itemListElement":[{"@type":"ListItem","position":1,"name":"Home","item":"https:\/\/themeholt.com\/ro\/"},{"@type":"ListItem","position":2,"name":"Shop","item":"https:\/\/themeholt.com\/shop\/"},{"@type":"ListItem","position":3,"name":"Bijuterii de lux Edel"}]},{"@type":"WebSite","@id":"https:\/\/themeholt.com\/#website","url":"https:\/\/themeholt.com\/","name":"ThemeHolt","description":"Themeholt is a website that offers high-quality WordPress themes","publisher":{"@id":"https:\/\/themeholt.com\/#organization"},"potentialAction":[{"@type":"SearchAction","target":{"@type":"EntryPoint","urlTemplate":"https:\/\/themeholt.com\/?s={search_term_string}"},"query-input":{"@type":"PropertyValueSpecification","valueRequired":true,"valueName":"search_term_string"}}],"inLanguage":"ro-RO"},{"@type":"Organization","@id":"https:\/\/themeholt.com\/#organization","name":"ThemeHolt","alternateName":"ThemeHolt","url":"https:\/\/themeholt.com\/","logo":{"@type":"ImageObject","inLanguage":"ro-RO","@id":"https:\/\/themeholt.com\/#\/schema\/logo\/image\/","url":"https:\/\/themeholt.com\/wp-content\/uploads\/2024\/10\/themeholt.png","contentUrl":"https:\/\/themeholt.com\/wp-content\/uploads\/2024\/10\/themeholt.png","width":225,"height":225,"caption":"ThemeHolt"},"image":{"@id":"https:\/\/themeholt.com\/#\/schema\/logo\/image\/"},"sameAs":["https:\/\/www.facebook.com\/themeholtT","https:\/\/x.com\/ThemeholtT","https:\/\/www.linkedin.com\/company\/themeholt","https:\/\/www.instagram.com\/themeholtt\/"],"description":"Themeholt is a website that offers high-quality WordPress themes that are easy to use and ready for just about everything. In Eindhoven, Netherlands, since 2020 offering simple, accessible WordPress themes by providing a variety of requirements. Themeholt focuses on practicality and efficiency, allowing faster project completion with its superior marketplace and easy-to-use templates.","legalName":"ThemeHolt","foundingDate":"2022-11-10","numberOfEmployees":{"@type":"QuantitativeValue","minValue":"51","maxValue":"200"}}]}},"_links":{"self":[{"href":"https:\/\/themeholt.com\/ro\/wp-json\/wp\/v2\/product\/16670","targetHints":{"allow":["GET"]}}],"collection":[{"href":"https:\/\/themeholt.com\/ro\/wp-json\/wp\/v2\/product"}],"about":[{"href":"https:\/\/themeholt.com\/ro\/wp-json\/wp\/v2\/types\/product"}],"wp:featuredmedia":[{"embeddable":true,"href":"https:\/\/themeholt.com\/ro\/wp-json\/wp\/v2\/media\/16672"}],"wp:attachment":[{"href":"https:\/\/themeholt.com\/ro\/wp-json\/wp\/v2\/media?parent=16670"}],"wp:term":[{"taxonomy":"product_brand","embeddable":true,"href":"https:\/\/themeholt.com\/ro\/wp-json\/wp\/v2\/product_brand?post=16670"},{"taxonomy":"product_cat","embeddable":true,"href":"https:\/\/themeholt.com\/ro\/wp-json\/wp\/v2\/product_cat?post=16670"},{"taxonomy":"product_tag","embeddable":true,"href":"https:\/\/themeholt.com\/ro\/wp-json\/wp\/v2\/product_tag?post=16670"}],"curies":[{"name":"wp","href":"https:\/\/api.w.org\/{rel}","templated":true}]}}