{"id":16765,"date":"2023-10-09T05:26:55","date_gmt":"2023-10-09T05:26:55","guid":{"rendered":"https:\/\/themeholt.com\/product\/torac-champagne\/"},"modified":"2024-11-04T09:09:53","modified_gmt":"2024-11-04T09:09:53","slug":"sampanie-torac","status":"publish","type":"product","link":"https:\/\/themeholt.com\/ro\/product\/sampanie-torac\/","title":{"rendered":"\u0218ampanie Torac"},"content":{"rendered":"<p><span style=\"font-weight: 400\">Tema <\/span><b>Champagne WordPress<\/b><span style=\"font-weight: 400\"> este un design luxos \u0219i elegant care aduce o not\u0103 de rafinament pentru site-ul dvs. Cu aspectul s\u0103u elegant \u0219i elegant, aceast\u0103 tem\u0103 este perfect\u0103 pentru companii \u0219i persoane care doresc s\u0103 \u00ee\u0219i prezinte produsele sau serviciile \u00eentr-un mod de ultim\u0103 genera\u021bie. Tema ofer\u0103 o varietate de op\u021biuni de personalizare, permi\u021b\u00e2ndu-v\u0103 s\u0103 o personaliza\u021bi \u00een func\u021bie de nevoile dvs. specifice \u0219i de branding.<\/span><\/p>\n<p><span style=\"font-weight: 400\">Designul s\u0103u receptiv asigur\u0103 c\u0103 site-ul dvs. arat\u0103 perfect pe toate dispozitivele, de la desktopuri la telefoane mobile. Interfa\u021ba prietenoas\u0103 a Champagne faciliteaz\u0103 crearea \u0219i gestionarea con\u021binutului, f\u0103c\u00e2ndu-l o alegere de top pentru cei care caut\u0103 o prezen\u021b\u0103 online premium \u0219i rafinat\u0103.<\/span><\/p>\n","protected":false},"excerpt":{"rendered":"<ul>\n<li><span style=\"font-weight: 400\">O experien\u021b\u0103 online f\u0103r\u0103 \u00eentreruperi<\/span><\/li>\n<li><span style=\"font-weight: 400\">Respunsiv \u0219i compatibil cu dispozitivele mobile<\/span><\/li>\n<li><span style=\"font-weight: 400\">Resplendent Analytics<\/span><\/li>\n<li><span style=\"font-weight: 400\">Platform\u0103 de bloguri<\/span><\/li>\n<li><span style=\"font-weight: 400\">Integrare social media<\/span><\/li>\n<li><span style=\"font-weight: 400\">Meniu interactiv<\/span><\/li>\n<\/ul>\n","protected":false},"featured_media":16766,"template":"","meta":{"_acf_changed":false,"inline_featured_image":false},"product_brand":[],"product_cat":[1574],"product_tag":[1575,1577,1578],"class_list":{"0":"post-16765","1":"product","2":"type-product","3":"status-publish","4":"has-post-thumbnail","6":"product_cat-food-resturant-ro","7":"product_tag-affordable-restaurant-website-theme-ideas-ro","8":"product_tag-best-restaurant-themes-ideas-ro","9":"product_tag-fast-food-restaurant-themes-ro","11":"first","12":"instock","13":"sale","14":"downloadable","15":"taxable","16":"shipping-taxable","17":"purchasable","18":"product-type-simple"},"acf":[],"yoast_head":"<!-- This site is optimized with the Yoast SEO Premium plugin v22.1 (Yoast SEO v26.0) - https:\/\/yoast.com\/wordpress\/plugins\/seo\/ -->\n<title>Cre\u0219te-\u021bi site-ul web cu tema WordPress Champagne<\/title>\n<meta name=\"description\" content=\"Dezl\u0103n\u021bui\u021bi sofisticarea \u0219i stilul temei WordPress Champagne. Crea\u021bi un site web care str\u0103luce\u0219te cu elegan\u021b\u0103 \u0219i farmec. Explora\u021bi func\u021biile \u0219i versatilitatea acestei teme premium ast\u0103zi!\" \/>\n<meta name=\"robots\" content=\"index, follow, max-snippet:-1, max-image-preview:large, max-video-preview:-1\" \/>\n<link rel=\"canonical\" href=\"https:\/\/themeholt.com\/ro\/product\/sampanie-torac\/\" \/>\n<meta property=\"og:locale\" content=\"ro_RO\" \/>\n<meta property=\"og:type\" content=\"article\" \/>\n<meta property=\"og:title\" content=\"\u0218ampanie Torac\" \/>\n<meta property=\"og:description\" content=\"Dezl\u0103n\u021bui\u021bi sofisticarea \u0219i stilul temei WordPress Champagne. Crea\u021bi un site web care str\u0103luce\u0219te cu elegan\u021b\u0103 \u0219i farmec. Explora\u021bi func\u021biile \u0219i versatilitatea acestei teme premium ast\u0103zi!\" \/>\n<meta property=\"og:url\" content=\"https:\/\/themeholt.com\/ro\/product\/sampanie-torac\/\" \/>\n<meta property=\"og:site_name\" content=\"ThemeHolt\" \/>\n<meta property=\"article:publisher\" content=\"https:\/\/www.facebook.com\/themeholtT\" \/>\n<meta property=\"article:modified_time\" content=\"2024-11-04T09:09:53+00:00\" \/>\n<meta property=\"og:image\" content=\"https:\/\/themeholt.com\/wp-content\/uploads\/2023\/10\/226.png\" \/>\n\t<meta property=\"og:image:width\" content=\"1365\" \/>\n\t<meta property=\"og:image:height\" content=\"967\" \/>\n\t<meta property=\"og:image:type\" content=\"image\/png\" \/>\n<meta name=\"twitter:card\" content=\"summary_large_image\" \/>\n<meta name=\"twitter:site\" content=\"@ThemeholtT\" \/>\n<meta name=\"twitter:label1\" content=\"Timp estimat pentru citire\" \/>\n\t<meta name=\"twitter:data1\" content=\"1 minut\" \/>\n<script type=\"application\/ld+json\" class=\"yoast-schema-graph\">{\"@context\":\"https:\/\/schema.org\",\"@graph\":[{\"@type\":\"WebPage\",\"@id\":\"https:\/\/themeholt.com\/ro\/product\/sampanie-torac\/\",\"url\":\"https:\/\/themeholt.com\/ro\/product\/sampanie-torac\/\",\"name\":\"Cre\u0219te-\u021bi site-ul web cu tema WordPress Champagne\",\"isPartOf\":{\"@id\":\"https:\/\/themeholt.com\/#website\"},\"primaryImageOfPage\":{\"@id\":\"https:\/\/themeholt.com\/ro\/product\/sampanie-torac\/#primaryimage\"},\"image\":{\"@id\":\"https:\/\/themeholt.com\/ro\/product\/sampanie-torac\/#primaryimage\"},\"thumbnailUrl\":\"https:\/\/themeholt.com\/wp-content\/uploads\/2023\/10\/226.png\",\"datePublished\":\"2023-10-09T05:26:55+00:00\",\"dateModified\":\"2024-11-04T09:09:53+00:00\",\"description\":\"Dezl\u0103n\u021bui\u021bi sofisticarea \u0219i stilul temei WordPress Champagne. Crea\u021bi un site web care str\u0103luce\u0219te cu elegan\u021b\u0103 \u0219i farmec. Explora\u021bi func\u021biile \u0219i versatilitatea acestei teme premium ast\u0103zi!\",\"breadcrumb\":{\"@id\":\"https:\/\/themeholt.com\/ro\/product\/sampanie-torac\/#breadcrumb\"},\"inLanguage\":\"ro-RO\",\"potentialAction\":[{\"@type\":\"ReadAction\",\"target\":[\"https:\/\/themeholt.com\/ro\/product\/sampanie-torac\/\"]}]},{\"@type\":\"ImageObject\",\"inLanguage\":\"ro-RO\",\"@id\":\"https:\/\/themeholt.com\/ro\/product\/sampanie-torac\/#primaryimage\",\"url\":\"https:\/\/themeholt.com\/wp-content\/uploads\/2023\/10\/226.png\",\"contentUrl\":\"https:\/\/themeholt.com\/wp-content\/uploads\/2023\/10\/226.png\",\"width\":1365,\"height\":967},{\"@type\":\"BreadcrumbList\",\"@id\":\"https:\/\/themeholt.com\/ro\/product\/sampanie-torac\/#breadcrumb\",\"itemListElement\":[{\"@type\":\"ListItem\",\"position\":1,\"name\":\"Home\",\"item\":\"https:\/\/themeholt.com\/ro\/\"},{\"@type\":\"ListItem\",\"position\":2,\"name\":\"Shop\",\"item\":\"https:\/\/themeholt.com\/shop\/\"},{\"@type\":\"ListItem\",\"position\":3,\"name\":\"\u0218ampanie Torac\"}]},{\"@type\":\"WebSite\",\"@id\":\"https:\/\/themeholt.com\/#website\",\"url\":\"https:\/\/themeholt.com\/\",\"name\":\"ThemeHolt\",\"description\":\"Themeholt is a website that offers high-quality WordPress themes\",\"publisher\":{\"@id\":\"https:\/\/themeholt.com\/#organization\"},\"potentialAction\":[{\"@type\":\"SearchAction\",\"target\":{\"@type\":\"EntryPoint\",\"urlTemplate\":\"https:\/\/themeholt.com\/?s={search_term_string}\"},\"query-input\":{\"@type\":\"PropertyValueSpecification\",\"valueRequired\":true,\"valueName\":\"search_term_string\"}}],\"inLanguage\":\"ro-RO\"},{\"@type\":\"Organization\",\"@id\":\"https:\/\/themeholt.com\/#organization\",\"name\":\"ThemeHolt\",\"alternateName\":\"ThemeHolt\",\"url\":\"https:\/\/themeholt.com\/\",\"logo\":{\"@type\":\"ImageObject\",\"inLanguage\":\"ro-RO\",\"@id\":\"https:\/\/themeholt.com\/#\/schema\/logo\/image\/\",\"url\":\"https:\/\/themeholt.com\/wp-content\/uploads\/2024\/10\/themeholt.png\",\"contentUrl\":\"https:\/\/themeholt.com\/wp-content\/uploads\/2024\/10\/themeholt.png\",\"width\":225,\"height\":225,\"caption\":\"ThemeHolt\"},\"image\":{\"@id\":\"https:\/\/themeholt.com\/#\/schema\/logo\/image\/\"},\"sameAs\":[\"https:\/\/www.facebook.com\/themeholtT\",\"https:\/\/x.com\/ThemeholtT\",\"https:\/\/www.linkedin.com\/company\/themeholt\",\"https:\/\/www.instagram.com\/themeholtt\/\"],\"description\":\"Themeholt is a website that offers high-quality WordPress themes that are easy to use and ready for just about everything. In Eindhoven, Netherlands, since 2020 offering simple, accessible WordPress themes by providing a variety of requirements. Themeholt focuses on practicality and efficiency, allowing faster project completion with its superior marketplace and easy-to-use templates.\",\"legalName\":\"ThemeHolt\",\"foundingDate\":\"2022-11-10\",\"numberOfEmployees\":{\"@type\":\"QuantitativeValue\",\"minValue\":\"51\",\"maxValue\":\"200\"}}]}<\/script>\n<!-- \/ Yoast SEO Premium plugin. -->","yoast_head_json":{"title":"Cre\u0219te-\u021bi site-ul web cu tema WordPress Champagne","description":"Dezl\u0103n\u021bui\u021bi sofisticarea \u0219i stilul temei WordPress Champagne. Crea\u021bi un site web care str\u0103luce\u0219te cu elegan\u021b\u0103 \u0219i farmec. Explora\u021bi func\u021biile \u0219i versatilitatea acestei teme premium ast\u0103zi!","robots":{"index":"index","follow":"follow","max-snippet":"max-snippet:-1","max-image-preview":"max-image-preview:large","max-video-preview":"max-video-preview:-1"},"canonical":"https:\/\/themeholt.com\/ro\/product\/sampanie-torac\/","og_locale":"ro_RO","og_type":"article","og_title":"\u0218ampanie Torac","og_description":"Dezl\u0103n\u021bui\u021bi sofisticarea \u0219i stilul temei WordPress Champagne. Crea\u021bi un site web care str\u0103luce\u0219te cu elegan\u021b\u0103 \u0219i farmec. Explora\u021bi func\u021biile \u0219i versatilitatea acestei teme premium ast\u0103zi!","og_url":"https:\/\/themeholt.com\/ro\/product\/sampanie-torac\/","og_site_name":"ThemeHolt","article_publisher":"https:\/\/www.facebook.com\/themeholtT","article_modified_time":"2024-11-04T09:09:53+00:00","og_image":[{"width":1365,"height":967,"url":"https:\/\/themeholt.com\/wp-content\/uploads\/2023\/10\/226.png","type":"image\/png"}],"twitter_card":"summary_large_image","twitter_site":"@ThemeholtT","twitter_misc":{"Timp estimat pentru citire":"1 minut"},"schema":{"@context":"https:\/\/schema.org","@graph":[{"@type":"WebPage","@id":"https:\/\/themeholt.com\/ro\/product\/sampanie-torac\/","url":"https:\/\/themeholt.com\/ro\/product\/sampanie-torac\/","name":"Cre\u0219te-\u021bi site-ul web cu tema WordPress Champagne","isPartOf":{"@id":"https:\/\/themeholt.com\/#website"},"primaryImageOfPage":{"@id":"https:\/\/themeholt.com\/ro\/product\/sampanie-torac\/#primaryimage"},"image":{"@id":"https:\/\/themeholt.com\/ro\/product\/sampanie-torac\/#primaryimage"},"thumbnailUrl":"https:\/\/themeholt.com\/wp-content\/uploads\/2023\/10\/226.png","datePublished":"2023-10-09T05:26:55+00:00","dateModified":"2024-11-04T09:09:53+00:00","description":"Dezl\u0103n\u021bui\u021bi sofisticarea \u0219i stilul temei WordPress Champagne. Crea\u021bi un site web care str\u0103luce\u0219te cu elegan\u021b\u0103 \u0219i farmec. Explora\u021bi func\u021biile \u0219i versatilitatea acestei teme premium ast\u0103zi!","breadcrumb":{"@id":"https:\/\/themeholt.com\/ro\/product\/sampanie-torac\/#breadcrumb"},"inLanguage":"ro-RO","potentialAction":[{"@type":"ReadAction","target":["https:\/\/themeholt.com\/ro\/product\/sampanie-torac\/"]}]},{"@type":"ImageObject","inLanguage":"ro-RO","@id":"https:\/\/themeholt.com\/ro\/product\/sampanie-torac\/#primaryimage","url":"https:\/\/themeholt.com\/wp-content\/uploads\/2023\/10\/226.png","contentUrl":"https:\/\/themeholt.com\/wp-content\/uploads\/2023\/10\/226.png","width":1365,"height":967},{"@type":"BreadcrumbList","@id":"https:\/\/themeholt.com\/ro\/product\/sampanie-torac\/#breadcrumb","itemListElement":[{"@type":"ListItem","position":1,"name":"Home","item":"https:\/\/themeholt.com\/ro\/"},{"@type":"ListItem","position":2,"name":"Shop","item":"https:\/\/themeholt.com\/shop\/"},{"@type":"ListItem","position":3,"name":"\u0218ampanie Torac"}]},{"@type":"WebSite","@id":"https:\/\/themeholt.com\/#website","url":"https:\/\/themeholt.com\/","name":"ThemeHolt","description":"Themeholt is a website that offers high-quality WordPress themes","publisher":{"@id":"https:\/\/themeholt.com\/#organization"},"potentialAction":[{"@type":"SearchAction","target":{"@type":"EntryPoint","urlTemplate":"https:\/\/themeholt.com\/?s={search_term_string}"},"query-input":{"@type":"PropertyValueSpecification","valueRequired":true,"valueName":"search_term_string"}}],"inLanguage":"ro-RO"},{"@type":"Organization","@id":"https:\/\/themeholt.com\/#organization","name":"ThemeHolt","alternateName":"ThemeHolt","url":"https:\/\/themeholt.com\/","logo":{"@type":"ImageObject","inLanguage":"ro-RO","@id":"https:\/\/themeholt.com\/#\/schema\/logo\/image\/","url":"https:\/\/themeholt.com\/wp-content\/uploads\/2024\/10\/themeholt.png","contentUrl":"https:\/\/themeholt.com\/wp-content\/uploads\/2024\/10\/themeholt.png","width":225,"height":225,"caption":"ThemeHolt"},"image":{"@id":"https:\/\/themeholt.com\/#\/schema\/logo\/image\/"},"sameAs":["https:\/\/www.facebook.com\/themeholtT","https:\/\/x.com\/ThemeholtT","https:\/\/www.linkedin.com\/company\/themeholt","https:\/\/www.instagram.com\/themeholtt\/"],"description":"Themeholt is a website that offers high-quality WordPress themes that are easy to use and ready for just about everything. In Eindhoven, Netherlands, since 2020 offering simple, accessible WordPress themes by providing a variety of requirements. Themeholt focuses on practicality and efficiency, allowing faster project completion with its superior marketplace and easy-to-use templates.","legalName":"ThemeHolt","foundingDate":"2022-11-10","numberOfEmployees":{"@type":"QuantitativeValue","minValue":"51","maxValue":"200"}}]}},"_links":{"self":[{"href":"https:\/\/themeholt.com\/ro\/wp-json\/wp\/v2\/product\/16765","targetHints":{"allow":["GET"]}}],"collection":[{"href":"https:\/\/themeholt.com\/ro\/wp-json\/wp\/v2\/product"}],"about":[{"href":"https:\/\/themeholt.com\/ro\/wp-json\/wp\/v2\/types\/product"}],"wp:featuredmedia":[{"embeddable":true,"href":"https:\/\/themeholt.com\/ro\/wp-json\/wp\/v2\/media\/16766"}],"wp:attachment":[{"href":"https:\/\/themeholt.com\/ro\/wp-json\/wp\/v2\/media?parent=16765"}],"wp:term":[{"taxonomy":"product_brand","embeddable":true,"href":"https:\/\/themeholt.com\/ro\/wp-json\/wp\/v2\/product_brand?post=16765"},{"taxonomy":"product_cat","embeddable":true,"href":"https:\/\/themeholt.com\/ro\/wp-json\/wp\/v2\/product_cat?post=16765"},{"taxonomy":"product_tag","embeddable":true,"href":"https:\/\/themeholt.com\/ro\/wp-json\/wp\/v2\/product_tag?post=16765"}],"curies":[{"name":"wp","href":"https:\/\/api.w.org\/{rel}","templated":true}]}}