{"id":16835,"date":"2023-10-09T04:34:03","date_gmt":"2023-10-09T04:34:03","guid":{"rendered":"https:\/\/themeholt.com\/product\/cofery-restaurant-cafe\/"},"modified":"2024-11-04T09:38:53","modified_gmt":"2024-11-04T09:38:53","slug":"cafeneaua-restaurant-cofery","status":"publish","type":"product","link":"https:\/\/themeholt.com\/ro\/product\/cafeneaua-restaurant-cofery\/","title":{"rendered":"Cafeneaua Restaurant Cofery"},"content":{"rendered":"<p><span style=\"font-weight: 400\">Tema <\/span><b>Foodie Restaurant Cafe WordPress<\/b><span style=\"font-weight: 400\">\u00a0este un \u0219ablon de site fantastic conceput pentru alimente- afaceri conexe precum restaurante \u0219i cafenele. Ofer\u0103 un amestec \u00eenc\u00e2nt\u0103tor de func\u021bii pentru a v\u0103 \u00eembun\u0103t\u0103\u021bi prezen\u021ba online. Cu op\u021biunile sale de personalizare u\u0219or de utilizat, v\u0103 pute\u021bi personaliza f\u0103r\u0103 efort site-ul pentru a se potrivi cu personalitatea m\u0103rcii dvs. Designul receptiv al temei asigur\u0103 site-ul dvs. web s\u0103 arate grozav pe toate dispozitivele, atr\u0103g\u00e2nd mai mul\u021bi clien\u021bi.<\/span><\/p>\n<p><span style=\"font-weight: 400\"> Include integrarea meniurilor, formulare de rezervare \u0219i linkuri de re\u021bele sociale, facilit\u00e2nd vizitarea ofertelor dvs., rezervarea meselor \u0219i men\u021binerea contactului. Indiferent dac\u0103 sunte\u021bi un proprietar de site web experimentat sau un \u00eencep\u0103tor, \u201eTema WordPress Foodie Restaurant Cafe\u201d ofer\u0103 toate instrumentele de care ave\u021bi nevoie pentru a crea o experien\u021b\u0103 online delicioas\u0103 pentru clien\u021bii dvs.<\/span><\/p>\n","protected":false},"excerpt":{"rendered":"<ul>\n<li><span style=\"font-weight: 400\">Design revigorant<\/span><\/li>\n<li><span style=\"font-weight: 400\">Interfa\u021b\u0103 u\u0219or de utilizat<\/span><\/li>\n<li><span style=\"font-weight: 400\">R\u0103spunde la mobil<\/span><\/li>\n<li><span style=\"font-weight: 400\">Prezentare meniu<\/span><\/li>\n<li><span style=\"font-weight: 400\">Integrarea comenzilor online<\/span><\/li>\n<li><span style=\"font-weight: 400\">H\u0103r\u021bi interactive<\/span><\/li>\n<li><span style=\"font-weight: 400\">Integrare social media<\/span><\/li>\n<li><span style=\"font-weight: 400\">Op\u021biuni de personalizare<\/span><\/li>\n<li><span style=\"font-weight: 400\">SEO optimizat<\/span><\/li>\n<\/ul>\n","protected":false},"featured_media":16836,"template":"","meta":{"_acf_changed":false,"inline_featured_image":false},"product_brand":[],"product_cat":[1574],"product_tag":[1575,1576,1578],"class_list":{"0":"post-16835","1":"product","2":"type-product","3":"status-publish","4":"has-post-thumbnail","6":"product_cat-food-resturant-ro","7":"product_tag-affordable-restaurant-website-theme-ideas-ro","8":"product_tag-best-food-website-themes-ro","9":"product_tag-fast-food-restaurant-themes-ro","11":"first","12":"instock","13":"sale","14":"downloadable","15":"taxable","16":"shipping-taxable","17":"purchasable","18":"product-type-simple"},"acf":[],"yoast_head":"<!-- This site is optimized with the Yoast SEO Premium plugin v22.1 (Yoast SEO v26.0) - https:\/\/yoast.com\/wordpress\/plugins\/seo\/ -->\n<title>Cafe WordPress Tema | Cele mai bune teme de site-uri cu alimente<\/title>\n<meta name=\"description\" content=\"Crea\u021bi un site web atractiv de restaurante \u0219i cafenele cu tema noastr\u0103 WordPress prietenoas\u0103 pentru cafenele. Afi\u0219a\u021bi meniuri, evenimente \u0219i decor f\u0103r\u0103 efort. Cumpara acum!\" \/>\n<meta name=\"robots\" content=\"index, follow, max-snippet:-1, max-image-preview:large, max-video-preview:-1\" \/>\n<link rel=\"canonical\" href=\"https:\/\/themeholt.com\/ro\/product\/cafeneaua-restaurant-cofery\/\" \/>\n<meta property=\"og:locale\" content=\"ro_RO\" \/>\n<meta property=\"og:type\" content=\"article\" \/>\n<meta property=\"og:title\" content=\"Cafeneaua Restaurant Cofery\" \/>\n<meta property=\"og:description\" content=\"Crea\u021bi un site web atractiv de restaurante \u0219i cafenele cu tema noastr\u0103 WordPress prietenoas\u0103 pentru cafenele. Afi\u0219a\u021bi meniuri, evenimente \u0219i decor f\u0103r\u0103 efort. Cumpara acum!\" \/>\n<meta property=\"og:url\" content=\"https:\/\/themeholt.com\/ro\/product\/cafeneaua-restaurant-cofery\/\" \/>\n<meta property=\"og:site_name\" content=\"ThemeHolt\" \/>\n<meta property=\"article:publisher\" content=\"https:\/\/www.facebook.com\/themeholtT\" \/>\n<meta property=\"article:modified_time\" content=\"2024-11-04T09:38:53+00:00\" \/>\n<meta property=\"og:image\" content=\"https:\/\/themeholt.com\/wp-content\/uploads\/2023\/10\/41-2.png\" \/>\n\t<meta property=\"og:image:width\" content=\"1363\" \/>\n\t<meta property=\"og:image:height\" content=\"1469\" \/>\n\t<meta property=\"og:image:type\" content=\"image\/png\" \/>\n<meta name=\"twitter:card\" content=\"summary_large_image\" \/>\n<meta name=\"twitter:site\" content=\"@ThemeholtT\" \/>\n<meta name=\"twitter:label1\" content=\"Timp estimat pentru citire\" \/>\n\t<meta name=\"twitter:data1\" content=\"1 minut\" \/>\n<script type=\"application\/ld+json\" class=\"yoast-schema-graph\">{\"@context\":\"https:\/\/schema.org\",\"@graph\":[{\"@type\":\"WebPage\",\"@id\":\"https:\/\/themeholt.com\/ro\/product\/cafeneaua-restaurant-cofery\/\",\"url\":\"https:\/\/themeholt.com\/ro\/product\/cafeneaua-restaurant-cofery\/\",\"name\":\"Cafe WordPress Tema | Cele mai bune teme de site-uri cu alimente\",\"isPartOf\":{\"@id\":\"https:\/\/themeholt.com\/#website\"},\"primaryImageOfPage\":{\"@id\":\"https:\/\/themeholt.com\/ro\/product\/cafeneaua-restaurant-cofery\/#primaryimage\"},\"image\":{\"@id\":\"https:\/\/themeholt.com\/ro\/product\/cafeneaua-restaurant-cofery\/#primaryimage\"},\"thumbnailUrl\":\"https:\/\/themeholt.com\/wp-content\/uploads\/2023\/10\/41-2.png\",\"datePublished\":\"2023-10-09T04:34:03+00:00\",\"dateModified\":\"2024-11-04T09:38:53+00:00\",\"description\":\"Crea\u021bi un site web atractiv de restaurante \u0219i cafenele cu tema noastr\u0103 WordPress prietenoas\u0103 pentru cafenele. Afi\u0219a\u021bi meniuri, evenimente \u0219i decor f\u0103r\u0103 efort. Cumpara acum!\",\"breadcrumb\":{\"@id\":\"https:\/\/themeholt.com\/ro\/product\/cafeneaua-restaurant-cofery\/#breadcrumb\"},\"inLanguage\":\"ro-RO\",\"potentialAction\":[{\"@type\":\"ReadAction\",\"target\":[\"https:\/\/themeholt.com\/ro\/product\/cafeneaua-restaurant-cofery\/\"]}]},{\"@type\":\"ImageObject\",\"inLanguage\":\"ro-RO\",\"@id\":\"https:\/\/themeholt.com\/ro\/product\/cafeneaua-restaurant-cofery\/#primaryimage\",\"url\":\"https:\/\/themeholt.com\/wp-content\/uploads\/2023\/10\/41-2.png\",\"contentUrl\":\"https:\/\/themeholt.com\/wp-content\/uploads\/2023\/10\/41-2.png\",\"width\":1363,\"height\":1469},{\"@type\":\"BreadcrumbList\",\"@id\":\"https:\/\/themeholt.com\/ro\/product\/cafeneaua-restaurant-cofery\/#breadcrumb\",\"itemListElement\":[{\"@type\":\"ListItem\",\"position\":1,\"name\":\"Home\",\"item\":\"https:\/\/themeholt.com\/ro\/\"},{\"@type\":\"ListItem\",\"position\":2,\"name\":\"Shop\",\"item\":\"https:\/\/themeholt.com\/shop\/\"},{\"@type\":\"ListItem\",\"position\":3,\"name\":\"Cafeneaua Restaurant Cofery\"}]},{\"@type\":\"WebSite\",\"@id\":\"https:\/\/themeholt.com\/#website\",\"url\":\"https:\/\/themeholt.com\/\",\"name\":\"ThemeHolt\",\"description\":\"Themeholt is a website that offers high-quality WordPress themes\",\"publisher\":{\"@id\":\"https:\/\/themeholt.com\/#organization\"},\"potentialAction\":[{\"@type\":\"SearchAction\",\"target\":{\"@type\":\"EntryPoint\",\"urlTemplate\":\"https:\/\/themeholt.com\/?s={search_term_string}\"},\"query-input\":{\"@type\":\"PropertyValueSpecification\",\"valueRequired\":true,\"valueName\":\"search_term_string\"}}],\"inLanguage\":\"ro-RO\"},{\"@type\":\"Organization\",\"@id\":\"https:\/\/themeholt.com\/#organization\",\"name\":\"ThemeHolt\",\"alternateName\":\"ThemeHolt\",\"url\":\"https:\/\/themeholt.com\/\",\"logo\":{\"@type\":\"ImageObject\",\"inLanguage\":\"ro-RO\",\"@id\":\"https:\/\/themeholt.com\/#\/schema\/logo\/image\/\",\"url\":\"https:\/\/themeholt.com\/wp-content\/uploads\/2024\/10\/themeholt.png\",\"contentUrl\":\"https:\/\/themeholt.com\/wp-content\/uploads\/2024\/10\/themeholt.png\",\"width\":225,\"height\":225,\"caption\":\"ThemeHolt\"},\"image\":{\"@id\":\"https:\/\/themeholt.com\/#\/schema\/logo\/image\/\"},\"sameAs\":[\"https:\/\/www.facebook.com\/themeholtT\",\"https:\/\/x.com\/ThemeholtT\",\"https:\/\/www.linkedin.com\/company\/themeholt\",\"https:\/\/www.instagram.com\/themeholtt\/\"],\"description\":\"Themeholt is a website that offers high-quality WordPress themes that are easy to use and ready for just about everything. In Eindhoven, Netherlands, since 2020 offering simple, accessible WordPress themes by providing a variety of requirements. Themeholt focuses on practicality and efficiency, allowing faster project completion with its superior marketplace and easy-to-use templates.\",\"legalName\":\"ThemeHolt\",\"foundingDate\":\"2022-11-10\",\"numberOfEmployees\":{\"@type\":\"QuantitativeValue\",\"minValue\":\"51\",\"maxValue\":\"200\"}}]}<\/script>\n<!-- \/ Yoast SEO Premium plugin. -->","yoast_head_json":{"title":"Cafe WordPress Tema | Cele mai bune teme de site-uri cu alimente","description":"Crea\u021bi un site web atractiv de restaurante \u0219i cafenele cu tema noastr\u0103 WordPress prietenoas\u0103 pentru cafenele. Afi\u0219a\u021bi meniuri, evenimente \u0219i decor f\u0103r\u0103 efort. Cumpara acum!","robots":{"index":"index","follow":"follow","max-snippet":"max-snippet:-1","max-image-preview":"max-image-preview:large","max-video-preview":"max-video-preview:-1"},"canonical":"https:\/\/themeholt.com\/ro\/product\/cafeneaua-restaurant-cofery\/","og_locale":"ro_RO","og_type":"article","og_title":"Cafeneaua Restaurant Cofery","og_description":"Crea\u021bi un site web atractiv de restaurante \u0219i cafenele cu tema noastr\u0103 WordPress prietenoas\u0103 pentru cafenele. Afi\u0219a\u021bi meniuri, evenimente \u0219i decor f\u0103r\u0103 efort. Cumpara acum!","og_url":"https:\/\/themeholt.com\/ro\/product\/cafeneaua-restaurant-cofery\/","og_site_name":"ThemeHolt","article_publisher":"https:\/\/www.facebook.com\/themeholtT","article_modified_time":"2024-11-04T09:38:53+00:00","og_image":[{"width":1363,"height":1469,"url":"https:\/\/themeholt.com\/wp-content\/uploads\/2023\/10\/41-2.png","type":"image\/png"}],"twitter_card":"summary_large_image","twitter_site":"@ThemeholtT","twitter_misc":{"Timp estimat pentru citire":"1 minut"},"schema":{"@context":"https:\/\/schema.org","@graph":[{"@type":"WebPage","@id":"https:\/\/themeholt.com\/ro\/product\/cafeneaua-restaurant-cofery\/","url":"https:\/\/themeholt.com\/ro\/product\/cafeneaua-restaurant-cofery\/","name":"Cafe WordPress Tema | Cele mai bune teme de site-uri cu alimente","isPartOf":{"@id":"https:\/\/themeholt.com\/#website"},"primaryImageOfPage":{"@id":"https:\/\/themeholt.com\/ro\/product\/cafeneaua-restaurant-cofery\/#primaryimage"},"image":{"@id":"https:\/\/themeholt.com\/ro\/product\/cafeneaua-restaurant-cofery\/#primaryimage"},"thumbnailUrl":"https:\/\/themeholt.com\/wp-content\/uploads\/2023\/10\/41-2.png","datePublished":"2023-10-09T04:34:03+00:00","dateModified":"2024-11-04T09:38:53+00:00","description":"Crea\u021bi un site web atractiv de restaurante \u0219i cafenele cu tema noastr\u0103 WordPress prietenoas\u0103 pentru cafenele. Afi\u0219a\u021bi meniuri, evenimente \u0219i decor f\u0103r\u0103 efort. Cumpara acum!","breadcrumb":{"@id":"https:\/\/themeholt.com\/ro\/product\/cafeneaua-restaurant-cofery\/#breadcrumb"},"inLanguage":"ro-RO","potentialAction":[{"@type":"ReadAction","target":["https:\/\/themeholt.com\/ro\/product\/cafeneaua-restaurant-cofery\/"]}]},{"@type":"ImageObject","inLanguage":"ro-RO","@id":"https:\/\/themeholt.com\/ro\/product\/cafeneaua-restaurant-cofery\/#primaryimage","url":"https:\/\/themeholt.com\/wp-content\/uploads\/2023\/10\/41-2.png","contentUrl":"https:\/\/themeholt.com\/wp-content\/uploads\/2023\/10\/41-2.png","width":1363,"height":1469},{"@type":"BreadcrumbList","@id":"https:\/\/themeholt.com\/ro\/product\/cafeneaua-restaurant-cofery\/#breadcrumb","itemListElement":[{"@type":"ListItem","position":1,"name":"Home","item":"https:\/\/themeholt.com\/ro\/"},{"@type":"ListItem","position":2,"name":"Shop","item":"https:\/\/themeholt.com\/shop\/"},{"@type":"ListItem","position":3,"name":"Cafeneaua Restaurant Cofery"}]},{"@type":"WebSite","@id":"https:\/\/themeholt.com\/#website","url":"https:\/\/themeholt.com\/","name":"ThemeHolt","description":"Themeholt is a website that offers high-quality WordPress themes","publisher":{"@id":"https:\/\/themeholt.com\/#organization"},"potentialAction":[{"@type":"SearchAction","target":{"@type":"EntryPoint","urlTemplate":"https:\/\/themeholt.com\/?s={search_term_string}"},"query-input":{"@type":"PropertyValueSpecification","valueRequired":true,"valueName":"search_term_string"}}],"inLanguage":"ro-RO"},{"@type":"Organization","@id":"https:\/\/themeholt.com\/#organization","name":"ThemeHolt","alternateName":"ThemeHolt","url":"https:\/\/themeholt.com\/","logo":{"@type":"ImageObject","inLanguage":"ro-RO","@id":"https:\/\/themeholt.com\/#\/schema\/logo\/image\/","url":"https:\/\/themeholt.com\/wp-content\/uploads\/2024\/10\/themeholt.png","contentUrl":"https:\/\/themeholt.com\/wp-content\/uploads\/2024\/10\/themeholt.png","width":225,"height":225,"caption":"ThemeHolt"},"image":{"@id":"https:\/\/themeholt.com\/#\/schema\/logo\/image\/"},"sameAs":["https:\/\/www.facebook.com\/themeholtT","https:\/\/x.com\/ThemeholtT","https:\/\/www.linkedin.com\/company\/themeholt","https:\/\/www.instagram.com\/themeholtt\/"],"description":"Themeholt is a website that offers high-quality WordPress themes that are easy to use and ready for just about everything. In Eindhoven, Netherlands, since 2020 offering simple, accessible WordPress themes by providing a variety of requirements. Themeholt focuses on practicality and efficiency, allowing faster project completion with its superior marketplace and easy-to-use templates.","legalName":"ThemeHolt","foundingDate":"2022-11-10","numberOfEmployees":{"@type":"QuantitativeValue","minValue":"51","maxValue":"200"}}]}},"_links":{"self":[{"href":"https:\/\/themeholt.com\/ro\/wp-json\/wp\/v2\/product\/16835","targetHints":{"allow":["GET"]}}],"collection":[{"href":"https:\/\/themeholt.com\/ro\/wp-json\/wp\/v2\/product"}],"about":[{"href":"https:\/\/themeholt.com\/ro\/wp-json\/wp\/v2\/types\/product"}],"wp:featuredmedia":[{"embeddable":true,"href":"https:\/\/themeholt.com\/ro\/wp-json\/wp\/v2\/media\/16836"}],"wp:attachment":[{"href":"https:\/\/themeholt.com\/ro\/wp-json\/wp\/v2\/media?parent=16835"}],"wp:term":[{"taxonomy":"product_brand","embeddable":true,"href":"https:\/\/themeholt.com\/ro\/wp-json\/wp\/v2\/product_brand?post=16835"},{"taxonomy":"product_cat","embeddable":true,"href":"https:\/\/themeholt.com\/ro\/wp-json\/wp\/v2\/product_cat?post=16835"},{"taxonomy":"product_tag","embeddable":true,"href":"https:\/\/themeholt.com\/ro\/wp-json\/wp\/v2\/product_tag?post=16835"}],"curies":[{"name":"wp","href":"https:\/\/api.w.org\/{rel}","templated":true}]}}