{"id":17060,"date":"2023-10-06T07:30:41","date_gmt":"2023-10-06T07:30:41","guid":{"rendered":"https:\/\/themeholt.com\/product\/hillcrest-interior-design\/"},"modified":"2024-11-05T03:56:23","modified_gmt":"2024-11-05T03:56:23","slug":"design-interior-hillcrest","status":"publish","type":"product","link":"https:\/\/themeholt.com\/ro\/product\/design-interior-hillcrest\/","title":{"rendered":"Design interior Hillcrest"},"content":{"rendered":"<p><span style=\"font-weight: 400\">A<\/span><b> design interior frumos pentru cas\u0103<\/b><span style=\"font-weight: 400\"> este un amestec melodic de creativitate \u0219i func\u021bionalitate, cre\u00e2nd un spa\u021biu care arat\u0103 c\u0103ldur\u0103, confort \u0219i atrac\u021bie estetic\u0103. Fundamentul unui astfel de design se afl\u0103 \u00een schemele de culori g\u00e2nditoare, \u00een care nuan\u021bele sunt selectate cu aten\u021bie pentru a crea starea de spirit \u0219i atmosfera. Aceste culori se completeaz\u0103 reciproc pentru a crea un mediu compatibil \u0219i primitor.<\/span><\/p>\n<p><span style=\"font-weight: 400\">Alegerea mobilierului \u0219i a decorului joac\u0103 un rol esen\u021bial \u00een definirea caracterului spa\u021biului. Mobilierul de \u00eenalt\u0103 calitate ofer\u0103 nu numai confort, ci \u0219i un plus la farmecul vizual general. Acestea sunt aranjate \u00eentr-un mod care maximizeaz\u0103 at\u00e2t confortul, c\u00e2t \u0219i utilizarea eficient\u0103 a spa\u021biului, cre\u00e2nd un echilibru care permite reziden\u021bilor s\u0103 se bucure la maximum de zonele lor de locuit.<\/span><\/p>\n","protected":false},"excerpt":{"rendered":"<ul>\n<li><span style=\"font-weight: 400\">Design elegant \u0219i modern<\/span><\/li>\n<li><span style=\"font-weight: 400\">Op\u021biuni de personalizare<\/span><\/li>\n<li><span style=\"font-weight: 400\">Respunsiv \u0219i compatibil cu dispozitivele mobile<\/span><\/li>\n<li><span style=\"font-weight: 400\">Generator de pagini glisa\u021bi \u0219i plasa\u021bi<\/span><\/li>\n<li><span style=\"font-weight: 400\">Prezentare portofoliu<\/span><\/li>\n<li><span style=\"font-weight: 400\">Integrare blog<\/span><\/li>\n<\/ul>\n","protected":false},"featured_media":17063,"template":"","meta":{"_acf_changed":false,"inline_featured_image":false},"product_brand":[],"product_cat":[1585],"product_tag":[1586,1587,1588],"class_list":{"0":"post-17060","1":"product","2":"type-product","3":"status-publish","4":"has-post-thumbnail","6":"product_cat-interior-designing-real-estate-ro","7":"product_tag-best-interior-website-templates-ro","8":"product_tag-home-decor-wordpress-themes-ro","9":"product_tag-interior-design-wordpress-theme-ro","11":"first","12":"instock","13":"sale","14":"downloadable","15":"taxable","16":"shipping-taxable","17":"purchasable","18":"product-type-simple"},"acf":[],"yoast_head":"<!-- This site is optimized with the Yoast SEO Premium plugin v22.1 (Yoast SEO v26.0) - https:\/\/yoast.com\/wordpress\/plugins\/seo\/ -->\n<title>Tema WordPress pentru design interior | Decor WordPress Tema<\/title>\n<meta name=\"description\" content=\"Cump\u0103ra\u021bi o tem\u0103 WordPress de design interior elegant, cu personalizare u\u0219oar\u0103. Este perfect pentru a v\u0103 prezenta portofoliul de design. Crea\u021bi un site web profesional acum!\" \/>\n<meta name=\"robots\" content=\"index, follow, max-snippet:-1, max-image-preview:large, max-video-preview:-1\" \/>\n<link rel=\"canonical\" href=\"https:\/\/themeholt.com\/ro\/product\/design-interior-hillcrest\/\" \/>\n<meta property=\"og:locale\" content=\"ro_RO\" \/>\n<meta property=\"og:type\" content=\"article\" \/>\n<meta property=\"og:title\" content=\"Design interior Hillcrest\" \/>\n<meta property=\"og:description\" content=\"Cump\u0103ra\u021bi o tem\u0103 WordPress de design interior elegant, cu personalizare u\u0219oar\u0103. Este perfect pentru a v\u0103 prezenta portofoliul de design. Crea\u021bi un site web profesional acum!\" \/>\n<meta property=\"og:url\" content=\"https:\/\/themeholt.com\/ro\/product\/design-interior-hillcrest\/\" \/>\n<meta property=\"og:site_name\" content=\"ThemeHolt\" \/>\n<meta property=\"article:publisher\" content=\"https:\/\/www.facebook.com\/themeholtT\" \/>\n<meta property=\"article:modified_time\" content=\"2024-11-05T03:56:23+00:00\" \/>\n<meta property=\"og:image\" content=\"https:\/\/themeholt.com\/wp-content\/uploads\/2023\/10\/21-2.png\" \/>\n\t<meta property=\"og:image:width\" content=\"1364\" \/>\n\t<meta property=\"og:image:height\" content=\"935\" \/>\n\t<meta property=\"og:image:type\" content=\"image\/png\" \/>\n<meta name=\"twitter:card\" content=\"summary_large_image\" \/>\n<meta name=\"twitter:site\" content=\"@ThemeholtT\" \/>\n<meta name=\"twitter:label1\" content=\"Timp estimat pentru citire\" \/>\n\t<meta name=\"twitter:data1\" content=\"1 minut\" \/>\n<script type=\"application\/ld+json\" class=\"yoast-schema-graph\">{\"@context\":\"https:\/\/schema.org\",\"@graph\":[{\"@type\":\"WebPage\",\"@id\":\"https:\/\/themeholt.com\/ro\/product\/design-interior-hillcrest\/\",\"url\":\"https:\/\/themeholt.com\/ro\/product\/design-interior-hillcrest\/\",\"name\":\"Tema WordPress pentru design interior | Decor WordPress Tema\",\"isPartOf\":{\"@id\":\"https:\/\/themeholt.com\/#website\"},\"primaryImageOfPage\":{\"@id\":\"https:\/\/themeholt.com\/ro\/product\/design-interior-hillcrest\/#primaryimage\"},\"image\":{\"@id\":\"https:\/\/themeholt.com\/ro\/product\/design-interior-hillcrest\/#primaryimage\"},\"thumbnailUrl\":\"https:\/\/themeholt.com\/wp-content\/uploads\/2023\/10\/21-2.png\",\"datePublished\":\"2023-10-06T07:30:41+00:00\",\"dateModified\":\"2024-11-05T03:56:23+00:00\",\"description\":\"Cump\u0103ra\u021bi o tem\u0103 WordPress de design interior elegant, cu personalizare u\u0219oar\u0103. Este perfect pentru a v\u0103 prezenta portofoliul de design. Crea\u021bi un site web profesional acum!\",\"breadcrumb\":{\"@id\":\"https:\/\/themeholt.com\/ro\/product\/design-interior-hillcrest\/#breadcrumb\"},\"inLanguage\":\"ro-RO\",\"potentialAction\":[{\"@type\":\"ReadAction\",\"target\":[\"https:\/\/themeholt.com\/ro\/product\/design-interior-hillcrest\/\"]}]},{\"@type\":\"ImageObject\",\"inLanguage\":\"ro-RO\",\"@id\":\"https:\/\/themeholt.com\/ro\/product\/design-interior-hillcrest\/#primaryimage\",\"url\":\"https:\/\/themeholt.com\/wp-content\/uploads\/2023\/10\/21-2.png\",\"contentUrl\":\"https:\/\/themeholt.com\/wp-content\/uploads\/2023\/10\/21-2.png\",\"width\":1364,\"height\":935},{\"@type\":\"BreadcrumbList\",\"@id\":\"https:\/\/themeholt.com\/ro\/product\/design-interior-hillcrest\/#breadcrumb\",\"itemListElement\":[{\"@type\":\"ListItem\",\"position\":1,\"name\":\"Home\",\"item\":\"https:\/\/themeholt.com\/ro\/\"},{\"@type\":\"ListItem\",\"position\":2,\"name\":\"Shop\",\"item\":\"https:\/\/themeholt.com\/shop\/\"},{\"@type\":\"ListItem\",\"position\":3,\"name\":\"Design interior Hillcrest\"}]},{\"@type\":\"WebSite\",\"@id\":\"https:\/\/themeholt.com\/#website\",\"url\":\"https:\/\/themeholt.com\/\",\"name\":\"ThemeHolt\",\"description\":\"Themeholt is a website that offers high-quality WordPress themes\",\"publisher\":{\"@id\":\"https:\/\/themeholt.com\/#organization\"},\"potentialAction\":[{\"@type\":\"SearchAction\",\"target\":{\"@type\":\"EntryPoint\",\"urlTemplate\":\"https:\/\/themeholt.com\/?s={search_term_string}\"},\"query-input\":{\"@type\":\"PropertyValueSpecification\",\"valueRequired\":true,\"valueName\":\"search_term_string\"}}],\"inLanguage\":\"ro-RO\"},{\"@type\":\"Organization\",\"@id\":\"https:\/\/themeholt.com\/#organization\",\"name\":\"ThemeHolt\",\"alternateName\":\"ThemeHolt\",\"url\":\"https:\/\/themeholt.com\/\",\"logo\":{\"@type\":\"ImageObject\",\"inLanguage\":\"ro-RO\",\"@id\":\"https:\/\/themeholt.com\/#\/schema\/logo\/image\/\",\"url\":\"https:\/\/themeholt.com\/wp-content\/uploads\/2024\/10\/themeholt.png\",\"contentUrl\":\"https:\/\/themeholt.com\/wp-content\/uploads\/2024\/10\/themeholt.png\",\"width\":225,\"height\":225,\"caption\":\"ThemeHolt\"},\"image\":{\"@id\":\"https:\/\/themeholt.com\/#\/schema\/logo\/image\/\"},\"sameAs\":[\"https:\/\/www.facebook.com\/themeholtT\",\"https:\/\/x.com\/ThemeholtT\",\"https:\/\/www.linkedin.com\/company\/themeholt\",\"https:\/\/www.instagram.com\/themeholtt\/\"],\"description\":\"Themeholt is a website that offers high-quality WordPress themes that are easy to use and ready for just about everything. In Eindhoven, Netherlands, since 2020 offering simple, accessible WordPress themes by providing a variety of requirements. Themeholt focuses on practicality and efficiency, allowing faster project completion with its superior marketplace and easy-to-use templates.\",\"legalName\":\"ThemeHolt\",\"foundingDate\":\"2022-11-10\",\"numberOfEmployees\":{\"@type\":\"QuantitativeValue\",\"minValue\":\"51\",\"maxValue\":\"200\"}}]}<\/script>\n<!-- \/ Yoast SEO Premium plugin. -->","yoast_head_json":{"title":"Tema WordPress pentru design interior | Decor WordPress Tema","description":"Cump\u0103ra\u021bi o tem\u0103 WordPress de design interior elegant, cu personalizare u\u0219oar\u0103. Este perfect pentru a v\u0103 prezenta portofoliul de design. Crea\u021bi un site web profesional acum!","robots":{"index":"index","follow":"follow","max-snippet":"max-snippet:-1","max-image-preview":"max-image-preview:large","max-video-preview":"max-video-preview:-1"},"canonical":"https:\/\/themeholt.com\/ro\/product\/design-interior-hillcrest\/","og_locale":"ro_RO","og_type":"article","og_title":"Design interior Hillcrest","og_description":"Cump\u0103ra\u021bi o tem\u0103 WordPress de design interior elegant, cu personalizare u\u0219oar\u0103. Este perfect pentru a v\u0103 prezenta portofoliul de design. Crea\u021bi un site web profesional acum!","og_url":"https:\/\/themeholt.com\/ro\/product\/design-interior-hillcrest\/","og_site_name":"ThemeHolt","article_publisher":"https:\/\/www.facebook.com\/themeholtT","article_modified_time":"2024-11-05T03:56:23+00:00","og_image":[{"width":1364,"height":935,"url":"https:\/\/themeholt.com\/wp-content\/uploads\/2023\/10\/21-2.png","type":"image\/png"}],"twitter_card":"summary_large_image","twitter_site":"@ThemeholtT","twitter_misc":{"Timp estimat pentru citire":"1 minut"},"schema":{"@context":"https:\/\/schema.org","@graph":[{"@type":"WebPage","@id":"https:\/\/themeholt.com\/ro\/product\/design-interior-hillcrest\/","url":"https:\/\/themeholt.com\/ro\/product\/design-interior-hillcrest\/","name":"Tema WordPress pentru design interior | Decor WordPress Tema","isPartOf":{"@id":"https:\/\/themeholt.com\/#website"},"primaryImageOfPage":{"@id":"https:\/\/themeholt.com\/ro\/product\/design-interior-hillcrest\/#primaryimage"},"image":{"@id":"https:\/\/themeholt.com\/ro\/product\/design-interior-hillcrest\/#primaryimage"},"thumbnailUrl":"https:\/\/themeholt.com\/wp-content\/uploads\/2023\/10\/21-2.png","datePublished":"2023-10-06T07:30:41+00:00","dateModified":"2024-11-05T03:56:23+00:00","description":"Cump\u0103ra\u021bi o tem\u0103 WordPress de design interior elegant, cu personalizare u\u0219oar\u0103. Este perfect pentru a v\u0103 prezenta portofoliul de design. Crea\u021bi un site web profesional acum!","breadcrumb":{"@id":"https:\/\/themeholt.com\/ro\/product\/design-interior-hillcrest\/#breadcrumb"},"inLanguage":"ro-RO","potentialAction":[{"@type":"ReadAction","target":["https:\/\/themeholt.com\/ro\/product\/design-interior-hillcrest\/"]}]},{"@type":"ImageObject","inLanguage":"ro-RO","@id":"https:\/\/themeholt.com\/ro\/product\/design-interior-hillcrest\/#primaryimage","url":"https:\/\/themeholt.com\/wp-content\/uploads\/2023\/10\/21-2.png","contentUrl":"https:\/\/themeholt.com\/wp-content\/uploads\/2023\/10\/21-2.png","width":1364,"height":935},{"@type":"BreadcrumbList","@id":"https:\/\/themeholt.com\/ro\/product\/design-interior-hillcrest\/#breadcrumb","itemListElement":[{"@type":"ListItem","position":1,"name":"Home","item":"https:\/\/themeholt.com\/ro\/"},{"@type":"ListItem","position":2,"name":"Shop","item":"https:\/\/themeholt.com\/shop\/"},{"@type":"ListItem","position":3,"name":"Design interior Hillcrest"}]},{"@type":"WebSite","@id":"https:\/\/themeholt.com\/#website","url":"https:\/\/themeholt.com\/","name":"ThemeHolt","description":"Themeholt is a website that offers high-quality WordPress themes","publisher":{"@id":"https:\/\/themeholt.com\/#organization"},"potentialAction":[{"@type":"SearchAction","target":{"@type":"EntryPoint","urlTemplate":"https:\/\/themeholt.com\/?s={search_term_string}"},"query-input":{"@type":"PropertyValueSpecification","valueRequired":true,"valueName":"search_term_string"}}],"inLanguage":"ro-RO"},{"@type":"Organization","@id":"https:\/\/themeholt.com\/#organization","name":"ThemeHolt","alternateName":"ThemeHolt","url":"https:\/\/themeholt.com\/","logo":{"@type":"ImageObject","inLanguage":"ro-RO","@id":"https:\/\/themeholt.com\/#\/schema\/logo\/image\/","url":"https:\/\/themeholt.com\/wp-content\/uploads\/2024\/10\/themeholt.png","contentUrl":"https:\/\/themeholt.com\/wp-content\/uploads\/2024\/10\/themeholt.png","width":225,"height":225,"caption":"ThemeHolt"},"image":{"@id":"https:\/\/themeholt.com\/#\/schema\/logo\/image\/"},"sameAs":["https:\/\/www.facebook.com\/themeholtT","https:\/\/x.com\/ThemeholtT","https:\/\/www.linkedin.com\/company\/themeholt","https:\/\/www.instagram.com\/themeholtt\/"],"description":"Themeholt is a website that offers high-quality WordPress themes that are easy to use and ready for just about everything. In Eindhoven, Netherlands, since 2020 offering simple, accessible WordPress themes by providing a variety of requirements. Themeholt focuses on practicality and efficiency, allowing faster project completion with its superior marketplace and easy-to-use templates.","legalName":"ThemeHolt","foundingDate":"2022-11-10","numberOfEmployees":{"@type":"QuantitativeValue","minValue":"51","maxValue":"200"}}]}},"_links":{"self":[{"href":"https:\/\/themeholt.com\/ro\/wp-json\/wp\/v2\/product\/17060","targetHints":{"allow":["GET"]}}],"collection":[{"href":"https:\/\/themeholt.com\/ro\/wp-json\/wp\/v2\/product"}],"about":[{"href":"https:\/\/themeholt.com\/ro\/wp-json\/wp\/v2\/types\/product"}],"wp:featuredmedia":[{"embeddable":true,"href":"https:\/\/themeholt.com\/ro\/wp-json\/wp\/v2\/media\/17063"}],"wp:attachment":[{"href":"https:\/\/themeholt.com\/ro\/wp-json\/wp\/v2\/media?parent=17060"}],"wp:term":[{"taxonomy":"product_brand","embeddable":true,"href":"https:\/\/themeholt.com\/ro\/wp-json\/wp\/v2\/product_brand?post=17060"},{"taxonomy":"product_cat","embeddable":true,"href":"https:\/\/themeholt.com\/ro\/wp-json\/wp\/v2\/product_cat?post=17060"},{"taxonomy":"product_tag","embeddable":true,"href":"https:\/\/themeholt.com\/ro\/wp-json\/wp\/v2\/product_tag?post=17060"}],"curies":[{"name":"wp","href":"https:\/\/api.w.org\/{rel}","templated":true}]}}