{"id":17067,"date":"2023-10-05T12:14:10","date_gmt":"2023-10-05T12:14:10","guid":{"rendered":"https:\/\/themeholt.com\/product\/haizea-creative-portfolio\/"},"modified":"2024-11-05T03:59:54","modified_gmt":"2024-11-05T03:59:54","slug":"wind-creative-portofoliu","status":"publish","type":"product","link":"https:\/\/themeholt.com\/ro\/product\/wind-creative-portofoliu\/","title":{"rendered":"Wind Creative Portofoliu"},"content":{"rendered":"<p><span style=\"font-weight: 400\">O <\/span><b>tem\u0103 WordPress pentru portofoliu de programatori<\/b><span style=\"font-weight: 400\"> este un \u0219ablon puternic \u0219i versatil conceput pentru dezvoltatori \u0219i programatori pentru a-\u0219i prezenta abilit\u0103\u021bile, proiectele \u0219i realiz\u0103rile \u00eentr-un mod atr\u0103g\u0103tor \u0219i organizat din punct de vedere vizual. Aceast\u0103 tem\u0103 este creat\u0103 special pentru a satisface nevoile unice ale programatorilor, oferind un design curat \u0219i sobru care eviden\u021biaz\u0103 codul \u0219i prezentarea proiectului.<\/span><\/p>\n<p><span style=\"font-weight: 400\">De obicei, include sec\u021biuni personalizabile pentru proiecte, fragmente de cod \u0219i un blog dedicat pentru \u00eemp\u0103rt\u0103\u0219irea de informa\u021bii \u0219i cuno\u0219tin\u021be. Cu design receptiv, navigare lin\u0103 \u0219i op\u021biuni robuste de personalizare, aceast\u0103 tem\u0103 le permite programatorilor s\u0103 creeze o prezen\u021b\u0103 online profesional\u0103, atr\u0103g\u00e2nd poten\u021biali clien\u021bi, angajatori sau colaboratori, subliniind \u00een acela\u0219i timp expertiza lor tehnic\u0103.<\/span><\/p>\n","protected":false},"excerpt":{"rendered":"<ul>\n<li><span style=\"font-weight: 400\">Design vizual atr\u0103g\u0103tor<\/span><\/li>\n<li><span style=\"font-weight: 400\">Personalizare u\u0219oar\u0103<\/span><\/li>\n<li><span style=\"font-weight: 400\">Portofoliul interactiv<\/span><\/li>\n<li><span style=\"font-weight: 400\">Relua\u021bi sec\u021biunile<\/span><\/li>\n<li><span style=\"font-weight: 400\">Instalare cu un singur clic<\/span><\/li>\n<li><span style=\"font-weight: 400\">Asisten\u021b\u0103 \u0219i actualiz\u0103ri continue<\/span><\/li>\n<\/ul>\n","protected":false},"featured_media":17068,"template":"","meta":{"_acf_changed":false,"inline_featured_image":false},"product_brand":[],"product_cat":[1598],"product_tag":[1599,1601,1602],"class_list":{"0":"post-17067","1":"product","2":"type-product","3":"status-publish","4":"has-post-thumbnail","6":"product_cat-portfolio-resume-ro","7":"product_tag-best-resume-cv-themes-ro","8":"product_tag-personal-resume-themes-ro","9":"product_tag-personal-resume-wordpress-themes-ro","11":"first","12":"instock","13":"sale","14":"downloadable","15":"taxable","16":"shipping-taxable","17":"purchasable","18":"product-type-simple"},"acf":[],"yoast_head":"<!-- This site is optimized with the Yoast SEO Premium plugin v22.1 (Yoast SEO v26.0) - https:\/\/yoast.com\/wordpress\/plugins\/seo\/ -->\n<title>Tema WordPress portofoliu programator | Tema WordPress<\/title>\n<meta name=\"description\" content=\"Cump\u0103ra\u021bi tema WordPress perfect\u0103 pentru portofoliul dvs. de programator. Cu un profesionist modern, v\u0103 pute\u021bi prezenta abilit\u0103\u021bile, proiectele \u0219i experien\u021ba.\" \/>\n<meta name=\"robots\" content=\"index, follow, max-snippet:-1, max-image-preview:large, max-video-preview:-1\" \/>\n<link rel=\"canonical\" href=\"https:\/\/themeholt.com\/ro\/product\/wind-creative-portofoliu\/\" \/>\n<meta property=\"og:locale\" content=\"ro_RO\" \/>\n<meta property=\"og:type\" content=\"article\" \/>\n<meta property=\"og:title\" content=\"Wind Creative Portofoliu\" \/>\n<meta property=\"og:description\" content=\"Cump\u0103ra\u021bi tema WordPress perfect\u0103 pentru portofoliul dvs. de programator. Cu un profesionist modern, v\u0103 pute\u021bi prezenta abilit\u0103\u021bile, proiectele \u0219i experien\u021ba.\" \/>\n<meta property=\"og:url\" content=\"https:\/\/themeholt.com\/ro\/product\/wind-creative-portofoliu\/\" \/>\n<meta property=\"og:site_name\" content=\"ThemeHolt\" \/>\n<meta property=\"article:publisher\" content=\"https:\/\/www.facebook.com\/themeholtT\" \/>\n<meta property=\"article:modified_time\" content=\"2024-11-05T03:59:54+00:00\" \/>\n<meta property=\"og:image\" content=\"https:\/\/themeholt.com\/wp-content\/uploads\/2023\/10\/16-1.png\" \/>\n\t<meta property=\"og:image:width\" content=\"1360\" \/>\n\t<meta property=\"og:image:height\" content=\"1328\" \/>\n\t<meta property=\"og:image:type\" content=\"image\/png\" \/>\n<meta name=\"twitter:card\" content=\"summary_large_image\" \/>\n<meta name=\"twitter:site\" content=\"@ThemeholtT\" \/>\n<meta name=\"twitter:label1\" content=\"Timp estimat pentru citire\" \/>\n\t<meta name=\"twitter:data1\" content=\"1 minut\" \/>\n<script type=\"application\/ld+json\" class=\"yoast-schema-graph\">{\"@context\":\"https:\/\/schema.org\",\"@graph\":[{\"@type\":\"WebPage\",\"@id\":\"https:\/\/themeholt.com\/ro\/product\/wind-creative-portofoliu\/\",\"url\":\"https:\/\/themeholt.com\/ro\/product\/wind-creative-portofoliu\/\",\"name\":\"Tema WordPress portofoliu programator | Tema WordPress\",\"isPartOf\":{\"@id\":\"https:\/\/themeholt.com\/#website\"},\"primaryImageOfPage\":{\"@id\":\"https:\/\/themeholt.com\/ro\/product\/wind-creative-portofoliu\/#primaryimage\"},\"image\":{\"@id\":\"https:\/\/themeholt.com\/ro\/product\/wind-creative-portofoliu\/#primaryimage\"},\"thumbnailUrl\":\"https:\/\/themeholt.com\/wp-content\/uploads\/2023\/10\/16-1.png\",\"datePublished\":\"2023-10-05T12:14:10+00:00\",\"dateModified\":\"2024-11-05T03:59:54+00:00\",\"description\":\"Cump\u0103ra\u021bi tema WordPress perfect\u0103 pentru portofoliul dvs. de programator. Cu un profesionist modern, v\u0103 pute\u021bi prezenta abilit\u0103\u021bile, proiectele \u0219i experien\u021ba.\",\"breadcrumb\":{\"@id\":\"https:\/\/themeholt.com\/ro\/product\/wind-creative-portofoliu\/#breadcrumb\"},\"inLanguage\":\"ro-RO\",\"potentialAction\":[{\"@type\":\"ReadAction\",\"target\":[\"https:\/\/themeholt.com\/ro\/product\/wind-creative-portofoliu\/\"]}]},{\"@type\":\"ImageObject\",\"inLanguage\":\"ro-RO\",\"@id\":\"https:\/\/themeholt.com\/ro\/product\/wind-creative-portofoliu\/#primaryimage\",\"url\":\"https:\/\/themeholt.com\/wp-content\/uploads\/2023\/10\/16-1.png\",\"contentUrl\":\"https:\/\/themeholt.com\/wp-content\/uploads\/2023\/10\/16-1.png\",\"width\":1360,\"height\":1328},{\"@type\":\"BreadcrumbList\",\"@id\":\"https:\/\/themeholt.com\/ro\/product\/wind-creative-portofoliu\/#breadcrumb\",\"itemListElement\":[{\"@type\":\"ListItem\",\"position\":1,\"name\":\"Home\",\"item\":\"https:\/\/themeholt.com\/ro\/\"},{\"@type\":\"ListItem\",\"position\":2,\"name\":\"Shop\",\"item\":\"https:\/\/themeholt.com\/shop\/\"},{\"@type\":\"ListItem\",\"position\":3,\"name\":\"Wind Creative Portofoliu\"}]},{\"@type\":\"WebSite\",\"@id\":\"https:\/\/themeholt.com\/#website\",\"url\":\"https:\/\/themeholt.com\/\",\"name\":\"ThemeHolt\",\"description\":\"Themeholt is a website that offers high-quality WordPress themes\",\"publisher\":{\"@id\":\"https:\/\/themeholt.com\/#organization\"},\"potentialAction\":[{\"@type\":\"SearchAction\",\"target\":{\"@type\":\"EntryPoint\",\"urlTemplate\":\"https:\/\/themeholt.com\/?s={search_term_string}\"},\"query-input\":{\"@type\":\"PropertyValueSpecification\",\"valueRequired\":true,\"valueName\":\"search_term_string\"}}],\"inLanguage\":\"ro-RO\"},{\"@type\":\"Organization\",\"@id\":\"https:\/\/themeholt.com\/#organization\",\"name\":\"ThemeHolt\",\"alternateName\":\"ThemeHolt\",\"url\":\"https:\/\/themeholt.com\/\",\"logo\":{\"@type\":\"ImageObject\",\"inLanguage\":\"ro-RO\",\"@id\":\"https:\/\/themeholt.com\/#\/schema\/logo\/image\/\",\"url\":\"https:\/\/themeholt.com\/wp-content\/uploads\/2024\/10\/themeholt.png\",\"contentUrl\":\"https:\/\/themeholt.com\/wp-content\/uploads\/2024\/10\/themeholt.png\",\"width\":225,\"height\":225,\"caption\":\"ThemeHolt\"},\"image\":{\"@id\":\"https:\/\/themeholt.com\/#\/schema\/logo\/image\/\"},\"sameAs\":[\"https:\/\/www.facebook.com\/themeholtT\",\"https:\/\/x.com\/ThemeholtT\",\"https:\/\/www.linkedin.com\/company\/themeholt\",\"https:\/\/www.instagram.com\/themeholtt\/\"],\"description\":\"Themeholt is a website that offers high-quality WordPress themes that are easy to use and ready for just about everything. In Eindhoven, Netherlands, since 2020 offering simple, accessible WordPress themes by providing a variety of requirements. Themeholt focuses on practicality and efficiency, allowing faster project completion with its superior marketplace and easy-to-use templates.\",\"legalName\":\"ThemeHolt\",\"foundingDate\":\"2022-11-10\",\"numberOfEmployees\":{\"@type\":\"QuantitativeValue\",\"minValue\":\"51\",\"maxValue\":\"200\"}}]}<\/script>\n<!-- \/ Yoast SEO Premium plugin. -->","yoast_head_json":{"title":"Tema WordPress portofoliu programator | Tema WordPress","description":"Cump\u0103ra\u021bi tema WordPress perfect\u0103 pentru portofoliul dvs. de programator. Cu un profesionist modern, v\u0103 pute\u021bi prezenta abilit\u0103\u021bile, proiectele \u0219i experien\u021ba.","robots":{"index":"index","follow":"follow","max-snippet":"max-snippet:-1","max-image-preview":"max-image-preview:large","max-video-preview":"max-video-preview:-1"},"canonical":"https:\/\/themeholt.com\/ro\/product\/wind-creative-portofoliu\/","og_locale":"ro_RO","og_type":"article","og_title":"Wind Creative Portofoliu","og_description":"Cump\u0103ra\u021bi tema WordPress perfect\u0103 pentru portofoliul dvs. de programator. Cu un profesionist modern, v\u0103 pute\u021bi prezenta abilit\u0103\u021bile, proiectele \u0219i experien\u021ba.","og_url":"https:\/\/themeholt.com\/ro\/product\/wind-creative-portofoliu\/","og_site_name":"ThemeHolt","article_publisher":"https:\/\/www.facebook.com\/themeholtT","article_modified_time":"2024-11-05T03:59:54+00:00","og_image":[{"width":1360,"height":1328,"url":"https:\/\/themeholt.com\/wp-content\/uploads\/2023\/10\/16-1.png","type":"image\/png"}],"twitter_card":"summary_large_image","twitter_site":"@ThemeholtT","twitter_misc":{"Timp estimat pentru citire":"1 minut"},"schema":{"@context":"https:\/\/schema.org","@graph":[{"@type":"WebPage","@id":"https:\/\/themeholt.com\/ro\/product\/wind-creative-portofoliu\/","url":"https:\/\/themeholt.com\/ro\/product\/wind-creative-portofoliu\/","name":"Tema WordPress portofoliu programator | Tema WordPress","isPartOf":{"@id":"https:\/\/themeholt.com\/#website"},"primaryImageOfPage":{"@id":"https:\/\/themeholt.com\/ro\/product\/wind-creative-portofoliu\/#primaryimage"},"image":{"@id":"https:\/\/themeholt.com\/ro\/product\/wind-creative-portofoliu\/#primaryimage"},"thumbnailUrl":"https:\/\/themeholt.com\/wp-content\/uploads\/2023\/10\/16-1.png","datePublished":"2023-10-05T12:14:10+00:00","dateModified":"2024-11-05T03:59:54+00:00","description":"Cump\u0103ra\u021bi tema WordPress perfect\u0103 pentru portofoliul dvs. de programator. Cu un profesionist modern, v\u0103 pute\u021bi prezenta abilit\u0103\u021bile, proiectele \u0219i experien\u021ba.","breadcrumb":{"@id":"https:\/\/themeholt.com\/ro\/product\/wind-creative-portofoliu\/#breadcrumb"},"inLanguage":"ro-RO","potentialAction":[{"@type":"ReadAction","target":["https:\/\/themeholt.com\/ro\/product\/wind-creative-portofoliu\/"]}]},{"@type":"ImageObject","inLanguage":"ro-RO","@id":"https:\/\/themeholt.com\/ro\/product\/wind-creative-portofoliu\/#primaryimage","url":"https:\/\/themeholt.com\/wp-content\/uploads\/2023\/10\/16-1.png","contentUrl":"https:\/\/themeholt.com\/wp-content\/uploads\/2023\/10\/16-1.png","width":1360,"height":1328},{"@type":"BreadcrumbList","@id":"https:\/\/themeholt.com\/ro\/product\/wind-creative-portofoliu\/#breadcrumb","itemListElement":[{"@type":"ListItem","position":1,"name":"Home","item":"https:\/\/themeholt.com\/ro\/"},{"@type":"ListItem","position":2,"name":"Shop","item":"https:\/\/themeholt.com\/shop\/"},{"@type":"ListItem","position":3,"name":"Wind Creative Portofoliu"}]},{"@type":"WebSite","@id":"https:\/\/themeholt.com\/#website","url":"https:\/\/themeholt.com\/","name":"ThemeHolt","description":"Themeholt is a website that offers high-quality WordPress themes","publisher":{"@id":"https:\/\/themeholt.com\/#organization"},"potentialAction":[{"@type":"SearchAction","target":{"@type":"EntryPoint","urlTemplate":"https:\/\/themeholt.com\/?s={search_term_string}"},"query-input":{"@type":"PropertyValueSpecification","valueRequired":true,"valueName":"search_term_string"}}],"inLanguage":"ro-RO"},{"@type":"Organization","@id":"https:\/\/themeholt.com\/#organization","name":"ThemeHolt","alternateName":"ThemeHolt","url":"https:\/\/themeholt.com\/","logo":{"@type":"ImageObject","inLanguage":"ro-RO","@id":"https:\/\/themeholt.com\/#\/schema\/logo\/image\/","url":"https:\/\/themeholt.com\/wp-content\/uploads\/2024\/10\/themeholt.png","contentUrl":"https:\/\/themeholt.com\/wp-content\/uploads\/2024\/10\/themeholt.png","width":225,"height":225,"caption":"ThemeHolt"},"image":{"@id":"https:\/\/themeholt.com\/#\/schema\/logo\/image\/"},"sameAs":["https:\/\/www.facebook.com\/themeholtT","https:\/\/x.com\/ThemeholtT","https:\/\/www.linkedin.com\/company\/themeholt","https:\/\/www.instagram.com\/themeholtt\/"],"description":"Themeholt is a website that offers high-quality WordPress themes that are easy to use and ready for just about everything. In Eindhoven, Netherlands, since 2020 offering simple, accessible WordPress themes by providing a variety of requirements. Themeholt focuses on practicality and efficiency, allowing faster project completion with its superior marketplace and easy-to-use templates.","legalName":"ThemeHolt","foundingDate":"2022-11-10","numberOfEmployees":{"@type":"QuantitativeValue","minValue":"51","maxValue":"200"}}]}},"_links":{"self":[{"href":"https:\/\/themeholt.com\/ro\/wp-json\/wp\/v2\/product\/17067","targetHints":{"allow":["GET"]}}],"collection":[{"href":"https:\/\/themeholt.com\/ro\/wp-json\/wp\/v2\/product"}],"about":[{"href":"https:\/\/themeholt.com\/ro\/wp-json\/wp\/v2\/types\/product"}],"wp:featuredmedia":[{"embeddable":true,"href":"https:\/\/themeholt.com\/ro\/wp-json\/wp\/v2\/media\/17068"}],"wp:attachment":[{"href":"https:\/\/themeholt.com\/ro\/wp-json\/wp\/v2\/media?parent=17067"}],"wp:term":[{"taxonomy":"product_brand","embeddable":true,"href":"https:\/\/themeholt.com\/ro\/wp-json\/wp\/v2\/product_brand?post=17067"},{"taxonomy":"product_cat","embeddable":true,"href":"https:\/\/themeholt.com\/ro\/wp-json\/wp\/v2\/product_cat?post=17067"},{"taxonomy":"product_tag","embeddable":true,"href":"https:\/\/themeholt.com\/ro\/wp-json\/wp\/v2\/product_tag?post=17067"}],"curies":[{"name":"wp","href":"https:\/\/api.w.org\/{rel}","templated":true}]}}