{"id":17235,"date":"2023-10-04T09:48:19","date_gmt":"2023-10-04T09:48:19","guid":{"rendered":"https:\/\/themeholt.com\/product\/sadhana-yoga-teacher-studio\/"},"modified":"2024-11-05T06:27:44","modified_gmt":"2024-11-05T06:27:44","slug":"sadhana-yoga-teacher-studio","status":"publish","type":"product","link":"https:\/\/themeholt.com\/ro\/product\/sadhana-yoga-teacher-studio\/","title":{"rendered":"Sadhana Yoga Teacher Studio"},"content":{"rendered":"<p><span style=\"font-weight: 400\">Tema WordPress <\/span><b>Yoga Teacher Studio<\/b><span style=\"font-weight: 400\"> este un \u0219ablon de site web versatil \u0219i special creat concepute pentru a satisface nevoile specifice ale instructorilor \u0219i studiourilor de yoga. Aceast\u0103 tem\u0103 ofer\u0103 un amestec perfect de func\u021bionalitate \u0219i estetic\u0103 pentru a crea o prezen\u021b\u0103 online frumoas\u0103 \u0219i informativ\u0103. Cu designul s\u0103u receptiv, se asigur\u0103 c\u0103 site-ul dvs. web arat\u0103 \u0219i func\u021bioneaz\u0103 perfect pe toate dispozitivele.<\/span><\/p>\n<p><span style=\"font-weight: 400\">Tema vine cu func\u021bii adaptate profesioni\u0219tilor \u00een yoga, cum ar fi programele de curs, profilurile de instructori \u0219i sistemele de rezervare integrate, facilit\u00e2nd g\u0103sirea \u0219i rezervarea cursurilor clien\u021bilor t\u0103i. Caracteristicile sale de design bl\u00e2nde \u0219i schema de culori lini\u0219titoare inspir\u0103 o senza\u021bie de calm, \u00eentruchip\u00e2nd esen\u021ba yoga..M\u0103ri\u021bi-v\u0103 afacerea de yoga cu aceast\u0103 tem\u0103 conceput\u0103 cu aten\u021bie, oferind o experien\u021b\u0103 online armonioas\u0103 at\u00e2t studen\u021bilor, c\u00e2t \u0219i poten\u021bialilor clien\u021bi.<\/span><\/p>\n","protected":false},"excerpt":{"rendered":"<ul>\n<li><span style=\"font-weight: 400\">Design elegant \u0219i modern<\/span><\/li>\n<li><span style=\"font-weight: 400\">Respunsiv \u0219i compatibil cu dispozitivele mobile<\/span><\/li>\n<li><span style=\"font-weight: 400\">Gestionarea evenimentelor<\/span><\/li>\n<li><span style=\"font-weight: 400\">Cronometrul de num\u0103r\u0103toare invers\u0103<\/span><\/li>\n<li><span style=\"font-weight: 400\">Cartarea cursului<\/span><\/li>\n<li><span style=\"font-weight: 400\">Profiluri de alerg\u0103tor<\/span><\/li>\n<li><span style=\"font-weight: 400\">Integrare blog<\/span><\/li>\n<li><span style=\"font-weight: 400\">Integrare social media<\/span><\/li>\n<li><span style=\"font-weight: 400\">Compatibilitate WooCommerce<\/span><\/li>\n<\/ul>\n","protected":false},"featured_media":17236,"template":"","meta":{"_acf_changed":false,"inline_featured_image":false},"product_brand":[],"product_cat":[1624],"product_tag":[1610,1625,1626,1632],"class_list":{"0":"post-17235","1":"product","2":"type-product","3":"status-publish","4":"has-post-thumbnail","6":"product_cat-fitness-ro","7":"product_tag-health-and-fitness-themes-ro","8":"product_tag-best-fitness-wordpress-theme-ro","9":"product_tag-best-yoga-themes-ro","10":"product_tag-affordable-yoga-gym-wordpress-templates-ro","12":"first","13":"instock","14":"sale","15":"downloadable","16":"taxable","17":"shipping-taxable","18":"purchasable","19":"product-type-simple"},"acf":[],"yoast_head":"<!-- This site is optimized with the Yoast SEO Premium plugin v22.1 (Yoast SEO v26.0) - https:\/\/yoast.com\/wordpress\/plugins\/seo\/ -->\n<title>Yoga Teacher WordPress Theme | \u0218ablon WordPress Yoga<\/title>\n<meta name=\"description\" content=\"Crea\u021bi un site web pentru cursurile dvs. de yoga f\u0103r\u0103 codificare. Instala\u021bi tema wordpress pentru profesorul de yoga. personalizare u\u0219oar\u0103 \u0219i perfect\u0103 pentru instructorii de yoga!\" \/>\n<meta name=\"robots\" content=\"index, follow, max-snippet:-1, max-image-preview:large, max-video-preview:-1\" \/>\n<link rel=\"canonical\" href=\"https:\/\/themeholt.com\/ro\/product\/sadhana-yoga-teacher-studio\/\" \/>\n<meta property=\"og:locale\" content=\"ro_RO\" \/>\n<meta property=\"og:type\" content=\"article\" \/>\n<meta property=\"og:title\" content=\"Sadhana Yoga Teacher Studio\" \/>\n<meta property=\"og:description\" content=\"Crea\u021bi un site web pentru cursurile dvs. de yoga f\u0103r\u0103 codificare. Instala\u021bi tema wordpress pentru profesorul de yoga. personalizare u\u0219oar\u0103 \u0219i perfect\u0103 pentru instructorii de yoga!\" \/>\n<meta property=\"og:url\" content=\"https:\/\/themeholt.com\/ro\/product\/sadhana-yoga-teacher-studio\/\" \/>\n<meta property=\"og:site_name\" content=\"ThemeHolt\" \/>\n<meta property=\"article:publisher\" content=\"https:\/\/www.facebook.com\/themeholtT\" \/>\n<meta property=\"article:modified_time\" content=\"2024-11-05T06:27:44+00:00\" \/>\n<meta property=\"og:image\" content=\"https:\/\/themeholt.com\/wp-content\/uploads\/2023\/10\/66.png\" \/>\n\t<meta property=\"og:image:width\" content=\"1365\" \/>\n\t<meta property=\"og:image:height\" content=\"1605\" \/>\n\t<meta property=\"og:image:type\" content=\"image\/png\" \/>\n<meta name=\"twitter:card\" content=\"summary_large_image\" \/>\n<meta name=\"twitter:site\" content=\"@ThemeholtT\" \/>\n<meta name=\"twitter:label1\" content=\"Timp estimat pentru citire\" \/>\n\t<meta name=\"twitter:data1\" content=\"1 minut\" \/>\n<script type=\"application\/ld+json\" class=\"yoast-schema-graph\">{\"@context\":\"https:\/\/schema.org\",\"@graph\":[{\"@type\":\"WebPage\",\"@id\":\"https:\/\/themeholt.com\/ro\/product\/sadhana-yoga-teacher-studio\/\",\"url\":\"https:\/\/themeholt.com\/ro\/product\/sadhana-yoga-teacher-studio\/\",\"name\":\"Yoga Teacher WordPress Theme | \u0218ablon WordPress Yoga\",\"isPartOf\":{\"@id\":\"https:\/\/themeholt.com\/#website\"},\"primaryImageOfPage\":{\"@id\":\"https:\/\/themeholt.com\/ro\/product\/sadhana-yoga-teacher-studio\/#primaryimage\"},\"image\":{\"@id\":\"https:\/\/themeholt.com\/ro\/product\/sadhana-yoga-teacher-studio\/#primaryimage\"},\"thumbnailUrl\":\"https:\/\/themeholt.com\/wp-content\/uploads\/2023\/10\/66.png\",\"datePublished\":\"2023-10-04T09:48:19+00:00\",\"dateModified\":\"2024-11-05T06:27:44+00:00\",\"description\":\"Crea\u021bi un site web pentru cursurile dvs. de yoga f\u0103r\u0103 codificare. Instala\u021bi tema wordpress pentru profesorul de yoga. personalizare u\u0219oar\u0103 \u0219i perfect\u0103 pentru instructorii de yoga!\",\"breadcrumb\":{\"@id\":\"https:\/\/themeholt.com\/ro\/product\/sadhana-yoga-teacher-studio\/#breadcrumb\"},\"inLanguage\":\"ro-RO\",\"potentialAction\":[{\"@type\":\"ReadAction\",\"target\":[\"https:\/\/themeholt.com\/ro\/product\/sadhana-yoga-teacher-studio\/\"]}]},{\"@type\":\"ImageObject\",\"inLanguage\":\"ro-RO\",\"@id\":\"https:\/\/themeholt.com\/ro\/product\/sadhana-yoga-teacher-studio\/#primaryimage\",\"url\":\"https:\/\/themeholt.com\/wp-content\/uploads\/2023\/10\/66.png\",\"contentUrl\":\"https:\/\/themeholt.com\/wp-content\/uploads\/2023\/10\/66.png\",\"width\":1365,\"height\":1605},{\"@type\":\"BreadcrumbList\",\"@id\":\"https:\/\/themeholt.com\/ro\/product\/sadhana-yoga-teacher-studio\/#breadcrumb\",\"itemListElement\":[{\"@type\":\"ListItem\",\"position\":1,\"name\":\"Home\",\"item\":\"https:\/\/themeholt.com\/ro\/\"},{\"@type\":\"ListItem\",\"position\":2,\"name\":\"Shop\",\"item\":\"https:\/\/themeholt.com\/shop\/\"},{\"@type\":\"ListItem\",\"position\":3,\"name\":\"Sadhana Yoga Teacher Studio\"}]},{\"@type\":\"WebSite\",\"@id\":\"https:\/\/themeholt.com\/#website\",\"url\":\"https:\/\/themeholt.com\/\",\"name\":\"ThemeHolt\",\"description\":\"Themeholt is a website that offers high-quality WordPress themes\",\"publisher\":{\"@id\":\"https:\/\/themeholt.com\/#organization\"},\"potentialAction\":[{\"@type\":\"SearchAction\",\"target\":{\"@type\":\"EntryPoint\",\"urlTemplate\":\"https:\/\/themeholt.com\/?s={search_term_string}\"},\"query-input\":{\"@type\":\"PropertyValueSpecification\",\"valueRequired\":true,\"valueName\":\"search_term_string\"}}],\"inLanguage\":\"ro-RO\"},{\"@type\":\"Organization\",\"@id\":\"https:\/\/themeholt.com\/#organization\",\"name\":\"ThemeHolt\",\"alternateName\":\"ThemeHolt\",\"url\":\"https:\/\/themeholt.com\/\",\"logo\":{\"@type\":\"ImageObject\",\"inLanguage\":\"ro-RO\",\"@id\":\"https:\/\/themeholt.com\/#\/schema\/logo\/image\/\",\"url\":\"https:\/\/themeholt.com\/wp-content\/uploads\/2024\/10\/themeholt.png\",\"contentUrl\":\"https:\/\/themeholt.com\/wp-content\/uploads\/2024\/10\/themeholt.png\",\"width\":225,\"height\":225,\"caption\":\"ThemeHolt\"},\"image\":{\"@id\":\"https:\/\/themeholt.com\/#\/schema\/logo\/image\/\"},\"sameAs\":[\"https:\/\/www.facebook.com\/themeholtT\",\"https:\/\/x.com\/ThemeholtT\",\"https:\/\/www.linkedin.com\/company\/themeholt\",\"https:\/\/www.instagram.com\/themeholtt\/\"],\"description\":\"Themeholt is a website that offers high-quality WordPress themes that are easy to use and ready for just about everything. In Eindhoven, Netherlands, since 2020 offering simple, accessible WordPress themes by providing a variety of requirements. Themeholt focuses on practicality and efficiency, allowing faster project completion with its superior marketplace and easy-to-use templates.\",\"legalName\":\"ThemeHolt\",\"foundingDate\":\"2022-11-10\",\"numberOfEmployees\":{\"@type\":\"QuantitativeValue\",\"minValue\":\"51\",\"maxValue\":\"200\"}}]}<\/script>\n<!-- \/ Yoast SEO Premium plugin. -->","yoast_head_json":{"title":"Yoga Teacher WordPress Theme | \u0218ablon WordPress Yoga","description":"Crea\u021bi un site web pentru cursurile dvs. de yoga f\u0103r\u0103 codificare. Instala\u021bi tema wordpress pentru profesorul de yoga. personalizare u\u0219oar\u0103 \u0219i perfect\u0103 pentru instructorii de yoga!","robots":{"index":"index","follow":"follow","max-snippet":"max-snippet:-1","max-image-preview":"max-image-preview:large","max-video-preview":"max-video-preview:-1"},"canonical":"https:\/\/themeholt.com\/ro\/product\/sadhana-yoga-teacher-studio\/","og_locale":"ro_RO","og_type":"article","og_title":"Sadhana Yoga Teacher Studio","og_description":"Crea\u021bi un site web pentru cursurile dvs. de yoga f\u0103r\u0103 codificare. Instala\u021bi tema wordpress pentru profesorul de yoga. personalizare u\u0219oar\u0103 \u0219i perfect\u0103 pentru instructorii de yoga!","og_url":"https:\/\/themeholt.com\/ro\/product\/sadhana-yoga-teacher-studio\/","og_site_name":"ThemeHolt","article_publisher":"https:\/\/www.facebook.com\/themeholtT","article_modified_time":"2024-11-05T06:27:44+00:00","og_image":[{"width":1365,"height":1605,"url":"https:\/\/themeholt.com\/wp-content\/uploads\/2023\/10\/66.png","type":"image\/png"}],"twitter_card":"summary_large_image","twitter_site":"@ThemeholtT","twitter_misc":{"Timp estimat pentru citire":"1 minut"},"schema":{"@context":"https:\/\/schema.org","@graph":[{"@type":"WebPage","@id":"https:\/\/themeholt.com\/ro\/product\/sadhana-yoga-teacher-studio\/","url":"https:\/\/themeholt.com\/ro\/product\/sadhana-yoga-teacher-studio\/","name":"Yoga Teacher WordPress Theme | \u0218ablon WordPress Yoga","isPartOf":{"@id":"https:\/\/themeholt.com\/#website"},"primaryImageOfPage":{"@id":"https:\/\/themeholt.com\/ro\/product\/sadhana-yoga-teacher-studio\/#primaryimage"},"image":{"@id":"https:\/\/themeholt.com\/ro\/product\/sadhana-yoga-teacher-studio\/#primaryimage"},"thumbnailUrl":"https:\/\/themeholt.com\/wp-content\/uploads\/2023\/10\/66.png","datePublished":"2023-10-04T09:48:19+00:00","dateModified":"2024-11-05T06:27:44+00:00","description":"Crea\u021bi un site web pentru cursurile dvs. de yoga f\u0103r\u0103 codificare. Instala\u021bi tema wordpress pentru profesorul de yoga. personalizare u\u0219oar\u0103 \u0219i perfect\u0103 pentru instructorii de yoga!","breadcrumb":{"@id":"https:\/\/themeholt.com\/ro\/product\/sadhana-yoga-teacher-studio\/#breadcrumb"},"inLanguage":"ro-RO","potentialAction":[{"@type":"ReadAction","target":["https:\/\/themeholt.com\/ro\/product\/sadhana-yoga-teacher-studio\/"]}]},{"@type":"ImageObject","inLanguage":"ro-RO","@id":"https:\/\/themeholt.com\/ro\/product\/sadhana-yoga-teacher-studio\/#primaryimage","url":"https:\/\/themeholt.com\/wp-content\/uploads\/2023\/10\/66.png","contentUrl":"https:\/\/themeholt.com\/wp-content\/uploads\/2023\/10\/66.png","width":1365,"height":1605},{"@type":"BreadcrumbList","@id":"https:\/\/themeholt.com\/ro\/product\/sadhana-yoga-teacher-studio\/#breadcrumb","itemListElement":[{"@type":"ListItem","position":1,"name":"Home","item":"https:\/\/themeholt.com\/ro\/"},{"@type":"ListItem","position":2,"name":"Shop","item":"https:\/\/themeholt.com\/shop\/"},{"@type":"ListItem","position":3,"name":"Sadhana Yoga Teacher Studio"}]},{"@type":"WebSite","@id":"https:\/\/themeholt.com\/#website","url":"https:\/\/themeholt.com\/","name":"ThemeHolt","description":"Themeholt is a website that offers high-quality WordPress themes","publisher":{"@id":"https:\/\/themeholt.com\/#organization"},"potentialAction":[{"@type":"SearchAction","target":{"@type":"EntryPoint","urlTemplate":"https:\/\/themeholt.com\/?s={search_term_string}"},"query-input":{"@type":"PropertyValueSpecification","valueRequired":true,"valueName":"search_term_string"}}],"inLanguage":"ro-RO"},{"@type":"Organization","@id":"https:\/\/themeholt.com\/#organization","name":"ThemeHolt","alternateName":"ThemeHolt","url":"https:\/\/themeholt.com\/","logo":{"@type":"ImageObject","inLanguage":"ro-RO","@id":"https:\/\/themeholt.com\/#\/schema\/logo\/image\/","url":"https:\/\/themeholt.com\/wp-content\/uploads\/2024\/10\/themeholt.png","contentUrl":"https:\/\/themeholt.com\/wp-content\/uploads\/2024\/10\/themeholt.png","width":225,"height":225,"caption":"ThemeHolt"},"image":{"@id":"https:\/\/themeholt.com\/#\/schema\/logo\/image\/"},"sameAs":["https:\/\/www.facebook.com\/themeholtT","https:\/\/x.com\/ThemeholtT","https:\/\/www.linkedin.com\/company\/themeholt","https:\/\/www.instagram.com\/themeholtt\/"],"description":"Themeholt is a website that offers high-quality WordPress themes that are easy to use and ready for just about everything. In Eindhoven, Netherlands, since 2020 offering simple, accessible WordPress themes by providing a variety of requirements. Themeholt focuses on practicality and efficiency, allowing faster project completion with its superior marketplace and easy-to-use templates.","legalName":"ThemeHolt","foundingDate":"2022-11-10","numberOfEmployees":{"@type":"QuantitativeValue","minValue":"51","maxValue":"200"}}]}},"_links":{"self":[{"href":"https:\/\/themeholt.com\/ro\/wp-json\/wp\/v2\/product\/17235","targetHints":{"allow":["GET"]}}],"collection":[{"href":"https:\/\/themeholt.com\/ro\/wp-json\/wp\/v2\/product"}],"about":[{"href":"https:\/\/themeholt.com\/ro\/wp-json\/wp\/v2\/types\/product"}],"wp:featuredmedia":[{"embeddable":true,"href":"https:\/\/themeholt.com\/ro\/wp-json\/wp\/v2\/media\/17236"}],"wp:attachment":[{"href":"https:\/\/themeholt.com\/ro\/wp-json\/wp\/v2\/media?parent=17235"}],"wp:term":[{"taxonomy":"product_brand","embeddable":true,"href":"https:\/\/themeholt.com\/ro\/wp-json\/wp\/v2\/product_brand?post=17235"},{"taxonomy":"product_cat","embeddable":true,"href":"https:\/\/themeholt.com\/ro\/wp-json\/wp\/v2\/product_cat?post=17235"},{"taxonomy":"product_tag","embeddable":true,"href":"https:\/\/themeholt.com\/ro\/wp-json\/wp\/v2\/product_tag?post=17235"}],"curies":[{"name":"wp","href":"https:\/\/api.w.org\/{rel}","templated":true}]}}