{"id":17372,"date":"2022-04-25T10:56:12","date_gmt":"2022-04-25T10:56:12","guid":{"rendered":"https:\/\/themeholt.com\/product\/restaurant\/"},"modified":"2024-11-05T08:32:03","modified_gmt":"2024-11-05T08:32:03","slug":"restaurant","status":"publish","type":"product","link":"https:\/\/themeholt.com\/ro\/product\/restaurant\/","title":{"rendered":"Restaurant"},"content":{"rendered":"<p><span style=\"font-weight: 400\">WordPress este un sistem popular de gestionare a con\u021binutului (CMS) care poate fi folosit pentru a crea diverse site-uri web, inclusiv restaurante. Multe teme WordPress sunt concepute special pentru restaurante, iar unele dintre aceste teme includ \u0219i func\u021bionalitatea de comer\u021b electronic.<\/span><\/p>\n<p><span style=\"font-weight: 400\">Func\u021bionalitatea de comer\u021b electronic le permite proprietarilor de restaurante s\u0103-\u0219i v\u00e2nd\u0103 m\u00e2ncarea \u0219i b\u0103uturile online. Aceasta poate fi o modalitate excelent\u0103 de a ajunge la clien\u021bi noi \u0219i de a cre\u0219te v\u00e2nz\u0103rile. Multe <\/span><b>Teme de comer\u021b electronic WordPress pentru restaurante <\/b><span style=\"font-weight: 400\">pluginuri sunt disponibile pentru WordPress, iar unele sunt concepute special pentru restaurante.<\/span><\/p>\n<p><span style=\"font-weight: 400\">C\u00e2nd alege\u021bi o <\/span><b>Tem\u0103 WordPress pentru restaurante creative<\/b><span style=\"font-weight: 400\"> pentru restaurantul dvs., este esen\u021bial s\u0103 lua\u021bi \u00een considerare urm\u0103torii factori:<\/span><\/p>\n<p><span style=\"font-weight: 400\">Design: tema ar trebui s\u0103 aib\u0103 un design atr\u0103g\u0103tor din punct de vedere vizual, care s\u0103 reflecte stilul restaurantului dvs.<\/span><\/p>\n<p><span style=\"font-weight: 400\">Caracteristici: tema ar trebui s\u0103 aib\u0103 caracteristicile necesare pentru a rula magazinele dvs. online, cum ar fi un generator de meniu, un co\u0219 de cump\u0103r\u0103turi \u0219i un proces de finalizare a comenzii.<\/span><\/p>\n<p><span style=\"font-weight: 400\">Asisten\u021b\u0103: tema ar trebui s\u0103 aib\u0103 un suport bun din partea dezvoltatorului \u00een cazul \u00een care ave\u021bi nevoie de ajutor pentru instalare sau personalizare.<\/span><\/p>\n","protected":false},"excerpt":{"rendered":"<p>&nbsp;<\/p>\n<ul>\n<li style=\"font-weight: 400\"><span style=\"font-weight: 400\">U\u0219or de utilizat\u00a0<\/span><\/li>\n<li>Defilare Parallax<\/li>\n<li style=\"font-weight: 400\">Aspecte meniuri alimentare<\/li>\n<li>Aspecte de blog<\/li>\n<li>Gestionarea rezerv\u0103rilor online<\/li>\n<li style=\"font-weight: 400\"><span style=\"font-weight: 400\">Importare demonstrativ\u0103 cu un singur clic<\/span><\/li>\n<li style=\"font-weight: 400\"><span style=\"font-weight: 400\">Descriere extins\u0103 a produsului gata de utilizare<\/span><\/li>\n<li style=\"font-weight: 400\"><span style=\"font-weight: 400\">Galeria Instagram<\/span><\/li>\n<li style=\"font-weight: 400\"><span style=\"font-weight: 400\">Tem\u0103 deja tradus\u0103 \u00een mai multe limbi<\/span><\/li>\n<li style=\"font-weight: 400\"><span style=\"font-weight: 400\">Pre\u00eenc\u0103rcare pentru pagina de pornire<\/span><\/li>\n<li style=\"font-weight: 400\"><span style=\"font-weight: 400\">Fiecare pagin\u0103 este personalizat\u0103<\/span><\/li>\n<li style=\"font-weight: 400\"><span style=\"font-weight: 400\">Documenta\u021bie detaliat\u0103<\/span><\/li>\n<li>Compatibil cu dispozitivele mobile<\/li>\n<li style=\"font-weight: 400\"><span style=\"font-weight: 400\">Personalizare u\u0219oar\u0103 cu cod bine structurat \u0219i comentat<\/span><\/li>\n<\/ul>\n<p>&nbsp;<\/p>\n","protected":false},"featured_media":17373,"template":"","meta":{"_acf_changed":false,"inline_featured_image":false},"product_brand":[],"product_cat":[1639],"product_tag":[1577,1578,1676,1677,1678,1679],"class_list":{"0":"post-17372","1":"product","2":"type-product","3":"status-publish","4":"has-post-thumbnail","6":"product_cat-premium-themes-ro","7":"product_tag-best-restaurant-themes-ideas-ro","8":"product_tag-fast-food-restaurant-themes-ro","9":"product_tag-themes-for-restaurant-interior-ro","10":"product_tag-unique-menu-templates-ro","11":"product_tag-unique-restaurant-ideas-ro","12":"product_tag-unique-restaurant-themes-ro","14":"first","15":"instock","16":"sale","17":"downloadable","18":"taxable","19":"shipping-taxable","20":"purchasable","21":"product-type-simple"},"acf":[],"yoast_head":"<!-- This site is optimized with the Yoast SEO Premium plugin v22.1 (Yoast SEO v26.0) - https:\/\/yoast.com\/wordpress\/plugins\/seo\/ -->\n<title>Teme de comer\u021b electronic WordPress pentru restaurante | Tema restaurantului<\/title>\n<meta name=\"description\" content=\"Crea\u021bi o prezen\u021b\u0103 online cu o tem\u0103 de comer\u021b electronic wordpress pentru restaurant. Alege\u021bi dintr-o varietate de teme \u0219i \u00eencepe\u021bi s\u0103 v\u0103 vinde\u021bi m\u00e2ncarea online ast\u0103zi.\" \/>\n<meta name=\"robots\" content=\"index, follow, max-snippet:-1, max-image-preview:large, max-video-preview:-1\" \/>\n<link rel=\"canonical\" href=\"https:\/\/themeholt.com\/ro\/product\/restaurant\/\" \/>\n<meta property=\"og:locale\" content=\"ro_RO\" \/>\n<meta property=\"og:type\" content=\"article\" \/>\n<meta property=\"og:title\" content=\"Restaurant\" \/>\n<meta property=\"og:description\" content=\"Crea\u021bi o prezen\u021b\u0103 online cu o tem\u0103 de comer\u021b electronic wordpress pentru restaurant. Alege\u021bi dintr-o varietate de teme \u0219i \u00eencepe\u021bi s\u0103 v\u0103 vinde\u021bi m\u00e2ncarea online ast\u0103zi.\" \/>\n<meta property=\"og:url\" content=\"https:\/\/themeholt.com\/ro\/product\/restaurant\/\" \/>\n<meta property=\"og:site_name\" content=\"ThemeHolt\" \/>\n<meta property=\"article:publisher\" content=\"https:\/\/www.facebook.com\/themeholtT\" \/>\n<meta property=\"article:modified_time\" content=\"2024-11-05T08:32:03+00:00\" \/>\n<meta property=\"og:image\" content=\"https:\/\/themeholt.com\/wp-content\/uploads\/2022\/04\/best-restaurants-theme.jpg\" \/>\n\t<meta property=\"og:image:width\" content=\"1300\" \/>\n\t<meta property=\"og:image:height\" content=\"1283\" \/>\n\t<meta property=\"og:image:type\" content=\"image\/jpeg\" \/>\n<meta name=\"twitter:card\" content=\"summary_large_image\" \/>\n<meta name=\"twitter:site\" content=\"@ThemeholtT\" \/>\n<meta name=\"twitter:label1\" content=\"Timp estimat pentru citire\" \/>\n\t<meta name=\"twitter:data1\" content=\"1 minut\" \/>\n<script type=\"application\/ld+json\" class=\"yoast-schema-graph\">{\"@context\":\"https:\/\/schema.org\",\"@graph\":[{\"@type\":\"WebPage\",\"@id\":\"https:\/\/themeholt.com\/ro\/product\/restaurant\/\",\"url\":\"https:\/\/themeholt.com\/ro\/product\/restaurant\/\",\"name\":\"Teme de comer\u021b electronic WordPress pentru restaurante | Tema restaurantului\",\"isPartOf\":{\"@id\":\"https:\/\/themeholt.com\/#website\"},\"primaryImageOfPage\":{\"@id\":\"https:\/\/themeholt.com\/ro\/product\/restaurant\/#primaryimage\"},\"image\":{\"@id\":\"https:\/\/themeholt.com\/ro\/product\/restaurant\/#primaryimage\"},\"thumbnailUrl\":\"https:\/\/themeholt.com\/wp-content\/uploads\/2022\/04\/best-restaurants-theme.jpg\",\"datePublished\":\"2022-04-25T10:56:12+00:00\",\"dateModified\":\"2024-11-05T08:32:03+00:00\",\"description\":\"Crea\u021bi o prezen\u021b\u0103 online cu o tem\u0103 de comer\u021b electronic wordpress pentru restaurant. Alege\u021bi dintr-o varietate de teme \u0219i \u00eencepe\u021bi s\u0103 v\u0103 vinde\u021bi m\u00e2ncarea online ast\u0103zi.\",\"breadcrumb\":{\"@id\":\"https:\/\/themeholt.com\/ro\/product\/restaurant\/#breadcrumb\"},\"inLanguage\":\"ro-RO\",\"potentialAction\":[{\"@type\":\"ReadAction\",\"target\":[\"https:\/\/themeholt.com\/ro\/product\/restaurant\/\"]}]},{\"@type\":\"ImageObject\",\"inLanguage\":\"ro-RO\",\"@id\":\"https:\/\/themeholt.com\/ro\/product\/restaurant\/#primaryimage\",\"url\":\"https:\/\/themeholt.com\/wp-content\/uploads\/2022\/04\/best-restaurants-theme.jpg\",\"contentUrl\":\"https:\/\/themeholt.com\/wp-content\/uploads\/2022\/04\/best-restaurants-theme.jpg\",\"width\":1300,\"height\":1283},{\"@type\":\"BreadcrumbList\",\"@id\":\"https:\/\/themeholt.com\/ro\/product\/restaurant\/#breadcrumb\",\"itemListElement\":[{\"@type\":\"ListItem\",\"position\":1,\"name\":\"Home\",\"item\":\"https:\/\/themeholt.com\/ro\/\"},{\"@type\":\"ListItem\",\"position\":2,\"name\":\"Shop\",\"item\":\"https:\/\/themeholt.com\/shop\/\"},{\"@type\":\"ListItem\",\"position\":3,\"name\":\"Restaurant\"}]},{\"@type\":\"WebSite\",\"@id\":\"https:\/\/themeholt.com\/#website\",\"url\":\"https:\/\/themeholt.com\/\",\"name\":\"ThemeHolt\",\"description\":\"Themeholt is a website that offers high-quality WordPress themes\",\"publisher\":{\"@id\":\"https:\/\/themeholt.com\/#organization\"},\"potentialAction\":[{\"@type\":\"SearchAction\",\"target\":{\"@type\":\"EntryPoint\",\"urlTemplate\":\"https:\/\/themeholt.com\/?s={search_term_string}\"},\"query-input\":{\"@type\":\"PropertyValueSpecification\",\"valueRequired\":true,\"valueName\":\"search_term_string\"}}],\"inLanguage\":\"ro-RO\"},{\"@type\":\"Organization\",\"@id\":\"https:\/\/themeholt.com\/#organization\",\"name\":\"ThemeHolt\",\"alternateName\":\"ThemeHolt\",\"url\":\"https:\/\/themeholt.com\/\",\"logo\":{\"@type\":\"ImageObject\",\"inLanguage\":\"ro-RO\",\"@id\":\"https:\/\/themeholt.com\/#\/schema\/logo\/image\/\",\"url\":\"https:\/\/themeholt.com\/wp-content\/uploads\/2024\/10\/themeholt.png\",\"contentUrl\":\"https:\/\/themeholt.com\/wp-content\/uploads\/2024\/10\/themeholt.png\",\"width\":225,\"height\":225,\"caption\":\"ThemeHolt\"},\"image\":{\"@id\":\"https:\/\/themeholt.com\/#\/schema\/logo\/image\/\"},\"sameAs\":[\"https:\/\/www.facebook.com\/themeholtT\",\"https:\/\/x.com\/ThemeholtT\",\"https:\/\/www.linkedin.com\/company\/themeholt\",\"https:\/\/www.instagram.com\/themeholtt\/\"],\"description\":\"Themeholt is a website that offers high-quality WordPress themes that are easy to use and ready for just about everything. In Eindhoven, Netherlands, since 2020 offering simple, accessible WordPress themes by providing a variety of requirements. Themeholt focuses on practicality and efficiency, allowing faster project completion with its superior marketplace and easy-to-use templates.\",\"legalName\":\"ThemeHolt\",\"foundingDate\":\"2022-11-10\",\"numberOfEmployees\":{\"@type\":\"QuantitativeValue\",\"minValue\":\"51\",\"maxValue\":\"200\"}}]}<\/script>\n<!-- \/ Yoast SEO Premium plugin. -->","yoast_head_json":{"title":"Teme de comer\u021b electronic WordPress pentru restaurante | Tema restaurantului","description":"Crea\u021bi o prezen\u021b\u0103 online cu o tem\u0103 de comer\u021b electronic wordpress pentru restaurant. Alege\u021bi dintr-o varietate de teme \u0219i \u00eencepe\u021bi s\u0103 v\u0103 vinde\u021bi m\u00e2ncarea online ast\u0103zi.","robots":{"index":"index","follow":"follow","max-snippet":"max-snippet:-1","max-image-preview":"max-image-preview:large","max-video-preview":"max-video-preview:-1"},"canonical":"https:\/\/themeholt.com\/ro\/product\/restaurant\/","og_locale":"ro_RO","og_type":"article","og_title":"Restaurant","og_description":"Crea\u021bi o prezen\u021b\u0103 online cu o tem\u0103 de comer\u021b electronic wordpress pentru restaurant. Alege\u021bi dintr-o varietate de teme \u0219i \u00eencepe\u021bi s\u0103 v\u0103 vinde\u021bi m\u00e2ncarea online ast\u0103zi.","og_url":"https:\/\/themeholt.com\/ro\/product\/restaurant\/","og_site_name":"ThemeHolt","article_publisher":"https:\/\/www.facebook.com\/themeholtT","article_modified_time":"2024-11-05T08:32:03+00:00","og_image":[{"width":1300,"height":1283,"url":"https:\/\/themeholt.com\/wp-content\/uploads\/2022\/04\/best-restaurants-theme.jpg","type":"image\/jpeg"}],"twitter_card":"summary_large_image","twitter_site":"@ThemeholtT","twitter_misc":{"Timp estimat pentru citire":"1 minut"},"schema":{"@context":"https:\/\/schema.org","@graph":[{"@type":"WebPage","@id":"https:\/\/themeholt.com\/ro\/product\/restaurant\/","url":"https:\/\/themeholt.com\/ro\/product\/restaurant\/","name":"Teme de comer\u021b electronic WordPress pentru restaurante | Tema restaurantului","isPartOf":{"@id":"https:\/\/themeholt.com\/#website"},"primaryImageOfPage":{"@id":"https:\/\/themeholt.com\/ro\/product\/restaurant\/#primaryimage"},"image":{"@id":"https:\/\/themeholt.com\/ro\/product\/restaurant\/#primaryimage"},"thumbnailUrl":"https:\/\/themeholt.com\/wp-content\/uploads\/2022\/04\/best-restaurants-theme.jpg","datePublished":"2022-04-25T10:56:12+00:00","dateModified":"2024-11-05T08:32:03+00:00","description":"Crea\u021bi o prezen\u021b\u0103 online cu o tem\u0103 de comer\u021b electronic wordpress pentru restaurant. Alege\u021bi dintr-o varietate de teme \u0219i \u00eencepe\u021bi s\u0103 v\u0103 vinde\u021bi m\u00e2ncarea online ast\u0103zi.","breadcrumb":{"@id":"https:\/\/themeholt.com\/ro\/product\/restaurant\/#breadcrumb"},"inLanguage":"ro-RO","potentialAction":[{"@type":"ReadAction","target":["https:\/\/themeholt.com\/ro\/product\/restaurant\/"]}]},{"@type":"ImageObject","inLanguage":"ro-RO","@id":"https:\/\/themeholt.com\/ro\/product\/restaurant\/#primaryimage","url":"https:\/\/themeholt.com\/wp-content\/uploads\/2022\/04\/best-restaurants-theme.jpg","contentUrl":"https:\/\/themeholt.com\/wp-content\/uploads\/2022\/04\/best-restaurants-theme.jpg","width":1300,"height":1283},{"@type":"BreadcrumbList","@id":"https:\/\/themeholt.com\/ro\/product\/restaurant\/#breadcrumb","itemListElement":[{"@type":"ListItem","position":1,"name":"Home","item":"https:\/\/themeholt.com\/ro\/"},{"@type":"ListItem","position":2,"name":"Shop","item":"https:\/\/themeholt.com\/shop\/"},{"@type":"ListItem","position":3,"name":"Restaurant"}]},{"@type":"WebSite","@id":"https:\/\/themeholt.com\/#website","url":"https:\/\/themeholt.com\/","name":"ThemeHolt","description":"Themeholt is a website that offers high-quality WordPress themes","publisher":{"@id":"https:\/\/themeholt.com\/#organization"},"potentialAction":[{"@type":"SearchAction","target":{"@type":"EntryPoint","urlTemplate":"https:\/\/themeholt.com\/?s={search_term_string}"},"query-input":{"@type":"PropertyValueSpecification","valueRequired":true,"valueName":"search_term_string"}}],"inLanguage":"ro-RO"},{"@type":"Organization","@id":"https:\/\/themeholt.com\/#organization","name":"ThemeHolt","alternateName":"ThemeHolt","url":"https:\/\/themeholt.com\/","logo":{"@type":"ImageObject","inLanguage":"ro-RO","@id":"https:\/\/themeholt.com\/#\/schema\/logo\/image\/","url":"https:\/\/themeholt.com\/wp-content\/uploads\/2024\/10\/themeholt.png","contentUrl":"https:\/\/themeholt.com\/wp-content\/uploads\/2024\/10\/themeholt.png","width":225,"height":225,"caption":"ThemeHolt"},"image":{"@id":"https:\/\/themeholt.com\/#\/schema\/logo\/image\/"},"sameAs":["https:\/\/www.facebook.com\/themeholtT","https:\/\/x.com\/ThemeholtT","https:\/\/www.linkedin.com\/company\/themeholt","https:\/\/www.instagram.com\/themeholtt\/"],"description":"Themeholt is a website that offers high-quality WordPress themes that are easy to use and ready for just about everything. In Eindhoven, Netherlands, since 2020 offering simple, accessible WordPress themes by providing a variety of requirements. Themeholt focuses on practicality and efficiency, allowing faster project completion with its superior marketplace and easy-to-use templates.","legalName":"ThemeHolt","foundingDate":"2022-11-10","numberOfEmployees":{"@type":"QuantitativeValue","minValue":"51","maxValue":"200"}}]}},"_links":{"self":[{"href":"https:\/\/themeholt.com\/ro\/wp-json\/wp\/v2\/product\/17372","targetHints":{"allow":["GET"]}}],"collection":[{"href":"https:\/\/themeholt.com\/ro\/wp-json\/wp\/v2\/product"}],"about":[{"href":"https:\/\/themeholt.com\/ro\/wp-json\/wp\/v2\/types\/product"}],"wp:featuredmedia":[{"embeddable":true,"href":"https:\/\/themeholt.com\/ro\/wp-json\/wp\/v2\/media\/17373"}],"wp:attachment":[{"href":"https:\/\/themeholt.com\/ro\/wp-json\/wp\/v2\/media?parent=17372"}],"wp:term":[{"taxonomy":"product_brand","embeddable":true,"href":"https:\/\/themeholt.com\/ro\/wp-json\/wp\/v2\/product_brand?post=17372"},{"taxonomy":"product_cat","embeddable":true,"href":"https:\/\/themeholt.com\/ro\/wp-json\/wp\/v2\/product_cat?post=17372"},{"taxonomy":"product_tag","embeddable":true,"href":"https:\/\/themeholt.com\/ro\/wp-json\/wp\/v2\/product_tag?post=17372"}],"curies":[{"name":"wp","href":"https:\/\/api.w.org\/{rel}","templated":true}]}}