{"id":17386,"date":"2022-04-25T10:01:50","date_gmt":"2022-04-25T10:01:50","guid":{"rendered":"https:\/\/themeholt.com\/product\/portfolio\/"},"modified":"2024-11-05T08:40:30","modified_gmt":"2024-11-05T08:40:30","slug":"portofoliu","status":"publish","type":"product","link":"https:\/\/themeholt.com\/ro\/product\/portofoliu\/","title":{"rendered":"Portofoliu"},"content":{"rendered":"<p><span style=\"font-weight: 400\">Un portofoliu este un instrument puternic pentru arti\u0219ti, designeri, fotografi \u0219i profesioni\u0219ti din diverse domenii creative pentru a-\u0219i afi\u0219a munca \u0219i a-\u0219i eviden\u021bia abilit\u0103\u021bile. \u00cen era digital\u0103, a avea un portofoliu online conving\u0103tor este esen\u021bial\u0103 pentru a face o impresie de durat\u0103 asupra poten\u021bialilor clien\u021bi, angajatori sau colaboratori. Pentru a crea un site web de portofoliu de impact \u0219i uimitor din punct de vedere vizual, v\u0103 recomand\u0103m s\u0103 profita\u021bi de versatilitatea \u0219i func\u021bionalitatea Temelor de portofoliu WordPress.<\/span><\/p>\n<p><b>Temele de portofoliu WordPress<\/b><span style=\"font-weight: 400\"> ofer\u0103 o gam\u0103 larg\u0103 de op\u021biuni de design, caracteristici \u0219i capabilit\u0103\u021bi de personalizare care v\u0103 permit s\u0103 crea\u021bi un site web de portofoliu care s\u0103 reflecte cu adev\u0103rat stilul dvs. unic \u0219i v\u0103 prezint\u0103 munca \u00een cel mai bun mod posibil. Aceste teme ofer\u0103 o platform\u0103 simpl\u0103 \u0219i intuitiv\u0103 pentru a v\u0103 prezenta proiectele, arta, fotografia sau orice alt\u0103 lucrare creativ\u0103 unui public global.<\/span><\/p>\n","protected":false},"excerpt":{"rendered":"<ul>\n<li>Interfa\u021b\u0103 de administrare puternic\u0103, u\u0219or de utilizat<\/li>\n<li>Design responsiv<\/li>\n<li>Retina Ready<\/li>\n<li>Gata de traducere<\/li>\n<li>Complet personalizabil<\/li>\n<li>Compatibil cu WooCommerce<\/li>\n<li>Quick &amp; Asisten\u021b\u0103 rapid\u0103<\/li>\n<\/ul>\n","protected":false},"featured_media":17387,"template":"","meta":{"_acf_changed":false,"inline_featured_image":false},"product_brand":[],"product_cat":[1650],"product_tag":[1685,1686,1687,1688,1689],"class_list":{"0":"post-17386","1":"product","2":"type-product","3":"status-publish","4":"has-post-thumbnail","6":"product_cat-best-seller-ro","7":"product_tag-best-wordpress-portfolio-themes-ro","8":"product_tag-creative-portfolio-theme-ro","9":"product_tag-eelementor-portfolio-themes-ro","10":"product_tag-pportfolio-themes-wordpress-ro","11":"product_tag-wordpress-portfolio-themes-ro","13":"first","14":"instock","15":"sale","16":"downloadable","17":"taxable","18":"shipping-taxable","19":"purchasable","20":"product-type-simple"},"acf":[],"yoast_head":"<!-- This site is optimized with the Yoast SEO Premium plugin v22.1 (Yoast SEO v26.0) - https:\/\/yoast.com\/wordpress\/plugins\/seo\/ -->\n<title>Teme de portofoliu WordPress | Cele mai bune teme de portofoliu WordPress<\/title>\n<meta name=\"description\" content=\"Descoperi\u021bi teme de portofoliu wordpress pentru a v\u0103 prezenta munca \u0219i abilit\u0103\u021bile vizual, uimitor \u0219i profesional. Cre\u0219te-\u021bi site-ul de portofoliu acum!\" \/>\n<meta name=\"robots\" content=\"index, follow, max-snippet:-1, max-image-preview:large, max-video-preview:-1\" \/>\n<link rel=\"canonical\" href=\"https:\/\/themeholt.com\/ro\/product\/portofoliu\/\" \/>\n<meta property=\"og:locale\" content=\"ro_RO\" \/>\n<meta property=\"og:type\" content=\"article\" \/>\n<meta property=\"og:title\" content=\"Portofoliu\" \/>\n<meta property=\"og:description\" content=\"Descoperi\u021bi teme de portofoliu wordpress pentru a v\u0103 prezenta munca \u0219i abilit\u0103\u021bile vizual, uimitor \u0219i profesional. Cre\u0219te-\u021bi site-ul de portofoliu acum!\" \/>\n<meta property=\"og:url\" content=\"https:\/\/themeholt.com\/ro\/product\/portofoliu\/\" \/>\n<meta property=\"og:site_name\" content=\"ThemeHolt\" \/>\n<meta property=\"article:publisher\" content=\"https:\/\/www.facebook.com\/themeholtT\" \/>\n<meta property=\"article:modified_time\" content=\"2024-11-05T08:40:30+00:00\" \/>\n<meta property=\"og:image\" content=\"https:\/\/themeholt.com\/wp-content\/uploads\/2022\/04\/Creative-Home-Portfolio-theme.jpg\" \/>\n\t<meta property=\"og:image:width\" content=\"1300\" \/>\n\t<meta property=\"og:image:height\" content=\"1300\" \/>\n\t<meta property=\"og:image:type\" content=\"image\/jpeg\" \/>\n<meta name=\"twitter:card\" content=\"summary_large_image\" \/>\n<meta name=\"twitter:site\" content=\"@ThemeholtT\" \/>\n<meta name=\"twitter:label1\" content=\"Timp estimat pentru citire\" \/>\n\t<meta name=\"twitter:data1\" content=\"1 minut\" \/>\n<script type=\"application\/ld+json\" class=\"yoast-schema-graph\">{\"@context\":\"https:\/\/schema.org\",\"@graph\":[{\"@type\":\"WebPage\",\"@id\":\"https:\/\/themeholt.com\/ro\/product\/portofoliu\/\",\"url\":\"https:\/\/themeholt.com\/ro\/product\/portofoliu\/\",\"name\":\"Teme de portofoliu WordPress | Cele mai bune teme de portofoliu WordPress\",\"isPartOf\":{\"@id\":\"https:\/\/themeholt.com\/#website\"},\"primaryImageOfPage\":{\"@id\":\"https:\/\/themeholt.com\/ro\/product\/portofoliu\/#primaryimage\"},\"image\":{\"@id\":\"https:\/\/themeholt.com\/ro\/product\/portofoliu\/#primaryimage\"},\"thumbnailUrl\":\"https:\/\/themeholt.com\/wp-content\/uploads\/2022\/04\/Creative-Home-Portfolio-theme.jpg\",\"datePublished\":\"2022-04-25T10:01:50+00:00\",\"dateModified\":\"2024-11-05T08:40:30+00:00\",\"description\":\"Descoperi\u021bi teme de portofoliu wordpress pentru a v\u0103 prezenta munca \u0219i abilit\u0103\u021bile vizual, uimitor \u0219i profesional. Cre\u0219te-\u021bi site-ul de portofoliu acum!\",\"breadcrumb\":{\"@id\":\"https:\/\/themeholt.com\/ro\/product\/portofoliu\/#breadcrumb\"},\"inLanguage\":\"ro-RO\",\"potentialAction\":[{\"@type\":\"ReadAction\",\"target\":[\"https:\/\/themeholt.com\/ro\/product\/portofoliu\/\"]}]},{\"@type\":\"ImageObject\",\"inLanguage\":\"ro-RO\",\"@id\":\"https:\/\/themeholt.com\/ro\/product\/portofoliu\/#primaryimage\",\"url\":\"https:\/\/themeholt.com\/wp-content\/uploads\/2022\/04\/Creative-Home-Portfolio-theme.jpg\",\"contentUrl\":\"https:\/\/themeholt.com\/wp-content\/uploads\/2022\/04\/Creative-Home-Portfolio-theme.jpg\",\"width\":1300,\"height\":1300},{\"@type\":\"BreadcrumbList\",\"@id\":\"https:\/\/themeholt.com\/ro\/product\/portofoliu\/#breadcrumb\",\"itemListElement\":[{\"@type\":\"ListItem\",\"position\":1,\"name\":\"Home\",\"item\":\"https:\/\/themeholt.com\/ro\/\"},{\"@type\":\"ListItem\",\"position\":2,\"name\":\"Shop\",\"item\":\"https:\/\/themeholt.com\/shop\/\"},{\"@type\":\"ListItem\",\"position\":3,\"name\":\"Portofoliu\"}]},{\"@type\":\"WebSite\",\"@id\":\"https:\/\/themeholt.com\/#website\",\"url\":\"https:\/\/themeholt.com\/\",\"name\":\"ThemeHolt\",\"description\":\"Themeholt is a website that offers high-quality WordPress themes\",\"publisher\":{\"@id\":\"https:\/\/themeholt.com\/#organization\"},\"potentialAction\":[{\"@type\":\"SearchAction\",\"target\":{\"@type\":\"EntryPoint\",\"urlTemplate\":\"https:\/\/themeholt.com\/?s={search_term_string}\"},\"query-input\":{\"@type\":\"PropertyValueSpecification\",\"valueRequired\":true,\"valueName\":\"search_term_string\"}}],\"inLanguage\":\"ro-RO\"},{\"@type\":\"Organization\",\"@id\":\"https:\/\/themeholt.com\/#organization\",\"name\":\"ThemeHolt\",\"alternateName\":\"ThemeHolt\",\"url\":\"https:\/\/themeholt.com\/\",\"logo\":{\"@type\":\"ImageObject\",\"inLanguage\":\"ro-RO\",\"@id\":\"https:\/\/themeholt.com\/#\/schema\/logo\/image\/\",\"url\":\"https:\/\/themeholt.com\/wp-content\/uploads\/2024\/10\/themeholt.png\",\"contentUrl\":\"https:\/\/themeholt.com\/wp-content\/uploads\/2024\/10\/themeholt.png\",\"width\":225,\"height\":225,\"caption\":\"ThemeHolt\"},\"image\":{\"@id\":\"https:\/\/themeholt.com\/#\/schema\/logo\/image\/\"},\"sameAs\":[\"https:\/\/www.facebook.com\/themeholtT\",\"https:\/\/x.com\/ThemeholtT\",\"https:\/\/www.linkedin.com\/company\/themeholt\",\"https:\/\/www.instagram.com\/themeholtt\/\"],\"description\":\"Themeholt is a website that offers high-quality WordPress themes that are easy to use and ready for just about everything. In Eindhoven, Netherlands, since 2020 offering simple, accessible WordPress themes by providing a variety of requirements. Themeholt focuses on practicality and efficiency, allowing faster project completion with its superior marketplace and easy-to-use templates.\",\"legalName\":\"ThemeHolt\",\"foundingDate\":\"2022-11-10\",\"numberOfEmployees\":{\"@type\":\"QuantitativeValue\",\"minValue\":\"51\",\"maxValue\":\"200\"}}]}<\/script>\n<!-- \/ Yoast SEO Premium plugin. -->","yoast_head_json":{"title":"Teme de portofoliu WordPress | Cele mai bune teme de portofoliu WordPress","description":"Descoperi\u021bi teme de portofoliu wordpress pentru a v\u0103 prezenta munca \u0219i abilit\u0103\u021bile vizual, uimitor \u0219i profesional. Cre\u0219te-\u021bi site-ul de portofoliu acum!","robots":{"index":"index","follow":"follow","max-snippet":"max-snippet:-1","max-image-preview":"max-image-preview:large","max-video-preview":"max-video-preview:-1"},"canonical":"https:\/\/themeholt.com\/ro\/product\/portofoliu\/","og_locale":"ro_RO","og_type":"article","og_title":"Portofoliu","og_description":"Descoperi\u021bi teme de portofoliu wordpress pentru a v\u0103 prezenta munca \u0219i abilit\u0103\u021bile vizual, uimitor \u0219i profesional. Cre\u0219te-\u021bi site-ul de portofoliu acum!","og_url":"https:\/\/themeholt.com\/ro\/product\/portofoliu\/","og_site_name":"ThemeHolt","article_publisher":"https:\/\/www.facebook.com\/themeholtT","article_modified_time":"2024-11-05T08:40:30+00:00","og_image":[{"width":1300,"height":1300,"url":"https:\/\/themeholt.com\/wp-content\/uploads\/2022\/04\/Creative-Home-Portfolio-theme.jpg","type":"image\/jpeg"}],"twitter_card":"summary_large_image","twitter_site":"@ThemeholtT","twitter_misc":{"Timp estimat pentru citire":"1 minut"},"schema":{"@context":"https:\/\/schema.org","@graph":[{"@type":"WebPage","@id":"https:\/\/themeholt.com\/ro\/product\/portofoliu\/","url":"https:\/\/themeholt.com\/ro\/product\/portofoliu\/","name":"Teme de portofoliu WordPress | Cele mai bune teme de portofoliu WordPress","isPartOf":{"@id":"https:\/\/themeholt.com\/#website"},"primaryImageOfPage":{"@id":"https:\/\/themeholt.com\/ro\/product\/portofoliu\/#primaryimage"},"image":{"@id":"https:\/\/themeholt.com\/ro\/product\/portofoliu\/#primaryimage"},"thumbnailUrl":"https:\/\/themeholt.com\/wp-content\/uploads\/2022\/04\/Creative-Home-Portfolio-theme.jpg","datePublished":"2022-04-25T10:01:50+00:00","dateModified":"2024-11-05T08:40:30+00:00","description":"Descoperi\u021bi teme de portofoliu wordpress pentru a v\u0103 prezenta munca \u0219i abilit\u0103\u021bile vizual, uimitor \u0219i profesional. Cre\u0219te-\u021bi site-ul de portofoliu acum!","breadcrumb":{"@id":"https:\/\/themeholt.com\/ro\/product\/portofoliu\/#breadcrumb"},"inLanguage":"ro-RO","potentialAction":[{"@type":"ReadAction","target":["https:\/\/themeholt.com\/ro\/product\/portofoliu\/"]}]},{"@type":"ImageObject","inLanguage":"ro-RO","@id":"https:\/\/themeholt.com\/ro\/product\/portofoliu\/#primaryimage","url":"https:\/\/themeholt.com\/wp-content\/uploads\/2022\/04\/Creative-Home-Portfolio-theme.jpg","contentUrl":"https:\/\/themeholt.com\/wp-content\/uploads\/2022\/04\/Creative-Home-Portfolio-theme.jpg","width":1300,"height":1300},{"@type":"BreadcrumbList","@id":"https:\/\/themeholt.com\/ro\/product\/portofoliu\/#breadcrumb","itemListElement":[{"@type":"ListItem","position":1,"name":"Home","item":"https:\/\/themeholt.com\/ro\/"},{"@type":"ListItem","position":2,"name":"Shop","item":"https:\/\/themeholt.com\/shop\/"},{"@type":"ListItem","position":3,"name":"Portofoliu"}]},{"@type":"WebSite","@id":"https:\/\/themeholt.com\/#website","url":"https:\/\/themeholt.com\/","name":"ThemeHolt","description":"Themeholt is a website that offers high-quality WordPress themes","publisher":{"@id":"https:\/\/themeholt.com\/#organization"},"potentialAction":[{"@type":"SearchAction","target":{"@type":"EntryPoint","urlTemplate":"https:\/\/themeholt.com\/?s={search_term_string}"},"query-input":{"@type":"PropertyValueSpecification","valueRequired":true,"valueName":"search_term_string"}}],"inLanguage":"ro-RO"},{"@type":"Organization","@id":"https:\/\/themeholt.com\/#organization","name":"ThemeHolt","alternateName":"ThemeHolt","url":"https:\/\/themeholt.com\/","logo":{"@type":"ImageObject","inLanguage":"ro-RO","@id":"https:\/\/themeholt.com\/#\/schema\/logo\/image\/","url":"https:\/\/themeholt.com\/wp-content\/uploads\/2024\/10\/themeholt.png","contentUrl":"https:\/\/themeholt.com\/wp-content\/uploads\/2024\/10\/themeholt.png","width":225,"height":225,"caption":"ThemeHolt"},"image":{"@id":"https:\/\/themeholt.com\/#\/schema\/logo\/image\/"},"sameAs":["https:\/\/www.facebook.com\/themeholtT","https:\/\/x.com\/ThemeholtT","https:\/\/www.linkedin.com\/company\/themeholt","https:\/\/www.instagram.com\/themeholtt\/"],"description":"Themeholt is a website that offers high-quality WordPress themes that are easy to use and ready for just about everything. In Eindhoven, Netherlands, since 2020 offering simple, accessible WordPress themes by providing a variety of requirements. Themeholt focuses on practicality and efficiency, allowing faster project completion with its superior marketplace and easy-to-use templates.","legalName":"ThemeHolt","foundingDate":"2022-11-10","numberOfEmployees":{"@type":"QuantitativeValue","minValue":"51","maxValue":"200"}}]}},"_links":{"self":[{"href":"https:\/\/themeholt.com\/ro\/wp-json\/wp\/v2\/product\/17386","targetHints":{"allow":["GET"]}}],"collection":[{"href":"https:\/\/themeholt.com\/ro\/wp-json\/wp\/v2\/product"}],"about":[{"href":"https:\/\/themeholt.com\/ro\/wp-json\/wp\/v2\/types\/product"}],"wp:featuredmedia":[{"embeddable":true,"href":"https:\/\/themeholt.com\/ro\/wp-json\/wp\/v2\/media\/17387"}],"wp:attachment":[{"href":"https:\/\/themeholt.com\/ro\/wp-json\/wp\/v2\/media?parent=17386"}],"wp:term":[{"taxonomy":"product_brand","embeddable":true,"href":"https:\/\/themeholt.com\/ro\/wp-json\/wp\/v2\/product_brand?post=17386"},{"taxonomy":"product_cat","embeddable":true,"href":"https:\/\/themeholt.com\/ro\/wp-json\/wp\/v2\/product_cat?post=17386"},{"taxonomy":"product_tag","embeddable":true,"href":"https:\/\/themeholt.com\/ro\/wp-json\/wp\/v2\/product_tag?post=17386"}],"curies":[{"name":"wp","href":"https:\/\/api.w.org\/{rel}","templated":true}]}}