{"id":17388,"date":"2022-04-25T09:56:13","date_gmt":"2022-04-25T09:56:13","guid":{"rendered":"https:\/\/themeholt.com\/product\/sushi\/"},"modified":"2024-11-05T08:44:58","modified_gmt":"2024-11-05T08:44:58","slug":"sushi","status":"publish","type":"product","link":"https:\/\/themeholt.com\/ro\/product\/sushi\/","title":{"rendered":"sushi"},"content":{"rendered":"<p><span style=\"font-weight: 400\">Bine a\u021bi venit la Sushi- <\/span><b>Sushi WordPress Themes<\/b><span style=\"font-weight: 400\">, destina\u021bia dvs. unic\u0103 pentru teme WordPress create exclusiv pentru restaurantele de sushi. Colec\u021bia noastr\u0103 ofer\u0103 un amestec perfect de estetic\u0103 \u0219i func\u021bionalitate, oferindu-v\u0103 instrumentele pentru a crea o prezen\u021b\u0103 online captivant\u0103 pentru unitatea dvs. de sushi.<\/span><\/p>\n<p><span style=\"font-weight: 400\">\u00cen era digital\u0103 de ast\u0103zi, a avea un site web atractiv din punct de vedere vizual \u0219i u\u0219or de utilizat este esen\u021bial\u0103 pentru a atrage \u0219i a implica poten\u021biali clien\u021bi. Cu <\/span><b>Tema WordPress Premium Sushi 2023<\/b><span style=\"font-weight: 400\">, v\u0103 pute\u021bi prezenta cu u\u0219urin\u021b\u0103 expertiza culinar\u0103, ambian\u021ba \u0219i experien\u021ba culinar\u0103 unic\u0103.<\/span><\/p>\n<p><span style=\"font-weight: 400\">Fiecare tem\u0103 din colec\u021bia noastr\u0103 este conceput\u0103 cu aten\u021bie pentru a surprinde esen\u021ba culturii sushi. De la scheme de culori elegante, inspirate de elemente tradi\u021bionale japoneze, p\u00e2n\u0103 la amenaj\u0103ri moderne \u0219i curate, temele noastre ofer\u0103 o gam\u0103 de op\u021biuni pentru a se potrivi stilului \u0219i brandului restaurantului dvs.<\/span><\/p>\n","protected":false},"excerpt":{"rendered":"<ul>\n<li>Design frumos<\/li>\n<li>Design responsiv<\/li>\n<li>Meniu personalizabil<\/li>\n<li>Comenzi online<\/li>\n<li>Gestionarea rezerv\u0103rilor<\/li>\n<li>Integrarea re\u021belelor sociale<\/li>\n<li>Optimizare SEO<\/li>\n<li>Op\u021biuni de personalizare<\/li>\n<li>Capacit\u0103\u021bile de bloguri<\/li>\n<li>Asisten\u021b\u0103 \u0219i actualiz\u0103ri continue<\/li>\n<\/ul>\n","protected":false},"featured_media":17389,"template":"","meta":{"_acf_changed":false,"inline_featured_image":false},"product_brand":[],"product_cat":[1634],"product_tag":[1690,1691,1692,1693],"class_list":{"0":"post-17388","1":"product","2":"type-product","3":"status-publish","4":"has-post-thumbnail","6":"product_cat-new-arrivals-ro","7":"product_tag-sushi-delivery-wordpress-themes-ro","8":"product_tag-sushi-restaurant-theme-ro","9":"product_tag-sushi-website-template-ro","10":"product_tag-sushico-wordpress-ro","12":"first","13":"instock","14":"sale","15":"downloadable","16":"taxable","17":"shipping-taxable","18":"purchasable","19":"product-type-simple"},"acf":[],"yoast_head":"<!-- This site is optimized with the Yoast SEO Premium plugin v22.1 (Yoast SEO v26.0) - https:\/\/yoast.com\/wordpress\/plugins\/seo\/ -->\n<title>Teme WordPress pentru sushi | Teme de sushi premium 2023<\/title>\n<meta name=\"description\" content=\"Descoperi\u021bi amestecul perfect de estetic\u0103 \u0219i func\u021bionalitate cu temele de sushi wordpress, o colec\u021bie de restaurante uimitoare \u0219i personalizate pentru restaurantele de sushi.\" \/>\n<meta name=\"robots\" content=\"index, follow, max-snippet:-1, max-image-preview:large, max-video-preview:-1\" \/>\n<link rel=\"canonical\" href=\"https:\/\/themeholt.com\/ro\/product\/sushi\/\" \/>\n<meta property=\"og:locale\" content=\"ro_RO\" \/>\n<meta property=\"og:type\" content=\"article\" \/>\n<meta property=\"og:title\" content=\"sushi\" \/>\n<meta property=\"og:description\" content=\"Descoperi\u021bi amestecul perfect de estetic\u0103 \u0219i func\u021bionalitate cu temele de sushi wordpress, o colec\u021bie de restaurante uimitoare \u0219i personalizate pentru restaurantele de sushi.\" \/>\n<meta property=\"og:url\" content=\"https:\/\/themeholt.com\/ro\/product\/sushi\/\" \/>\n<meta property=\"og:site_name\" content=\"ThemeHolt\" \/>\n<meta property=\"article:publisher\" content=\"https:\/\/www.facebook.com\/themeholtT\" \/>\n<meta property=\"article:modified_time\" content=\"2024-11-05T08:44:58+00:00\" \/>\n<meta property=\"og:image\" content=\"https:\/\/themeholt.com\/wp-content\/uploads\/2022\/04\/Tasty-Sushi-theme.jpg\" \/>\n\t<meta property=\"og:image:width\" content=\"1300\" \/>\n\t<meta property=\"og:image:height\" content=\"1283\" \/>\n\t<meta property=\"og:image:type\" content=\"image\/jpeg\" \/>\n<meta name=\"twitter:card\" content=\"summary_large_image\" \/>\n<meta name=\"twitter:site\" content=\"@ThemeholtT\" \/>\n<meta name=\"twitter:label1\" content=\"Timp estimat pentru citire\" \/>\n\t<meta name=\"twitter:data1\" content=\"1 minut\" \/>\n<script type=\"application\/ld+json\" class=\"yoast-schema-graph\">{\"@context\":\"https:\/\/schema.org\",\"@graph\":[{\"@type\":\"WebPage\",\"@id\":\"https:\/\/themeholt.com\/ro\/product\/sushi\/\",\"url\":\"https:\/\/themeholt.com\/ro\/product\/sushi\/\",\"name\":\"Teme WordPress pentru sushi | Teme de sushi premium 2023\",\"isPartOf\":{\"@id\":\"https:\/\/themeholt.com\/#website\"},\"primaryImageOfPage\":{\"@id\":\"https:\/\/themeholt.com\/ro\/product\/sushi\/#primaryimage\"},\"image\":{\"@id\":\"https:\/\/themeholt.com\/ro\/product\/sushi\/#primaryimage\"},\"thumbnailUrl\":\"https:\/\/themeholt.com\/wp-content\/uploads\/2022\/04\/Tasty-Sushi-theme.jpg\",\"datePublished\":\"2022-04-25T09:56:13+00:00\",\"dateModified\":\"2024-11-05T08:44:58+00:00\",\"description\":\"Descoperi\u021bi amestecul perfect de estetic\u0103 \u0219i func\u021bionalitate cu temele de sushi wordpress, o colec\u021bie de restaurante uimitoare \u0219i personalizate pentru restaurantele de sushi.\",\"breadcrumb\":{\"@id\":\"https:\/\/themeholt.com\/ro\/product\/sushi\/#breadcrumb\"},\"inLanguage\":\"ro-RO\",\"potentialAction\":[{\"@type\":\"ReadAction\",\"target\":[\"https:\/\/themeholt.com\/ro\/product\/sushi\/\"]}]},{\"@type\":\"ImageObject\",\"inLanguage\":\"ro-RO\",\"@id\":\"https:\/\/themeholt.com\/ro\/product\/sushi\/#primaryimage\",\"url\":\"https:\/\/themeholt.com\/wp-content\/uploads\/2022\/04\/Tasty-Sushi-theme.jpg\",\"contentUrl\":\"https:\/\/themeholt.com\/wp-content\/uploads\/2022\/04\/Tasty-Sushi-theme.jpg\",\"width\":1300,\"height\":1283},{\"@type\":\"BreadcrumbList\",\"@id\":\"https:\/\/themeholt.com\/ro\/product\/sushi\/#breadcrumb\",\"itemListElement\":[{\"@type\":\"ListItem\",\"position\":1,\"name\":\"Home\",\"item\":\"https:\/\/themeholt.com\/ro\/\"},{\"@type\":\"ListItem\",\"position\":2,\"name\":\"Shop\",\"item\":\"https:\/\/themeholt.com\/shop\/\"},{\"@type\":\"ListItem\",\"position\":3,\"name\":\"sushi\"}]},{\"@type\":\"WebSite\",\"@id\":\"https:\/\/themeholt.com\/#website\",\"url\":\"https:\/\/themeholt.com\/\",\"name\":\"ThemeHolt\",\"description\":\"Themeholt is a website that offers high-quality WordPress themes\",\"publisher\":{\"@id\":\"https:\/\/themeholt.com\/#organization\"},\"potentialAction\":[{\"@type\":\"SearchAction\",\"target\":{\"@type\":\"EntryPoint\",\"urlTemplate\":\"https:\/\/themeholt.com\/?s={search_term_string}\"},\"query-input\":{\"@type\":\"PropertyValueSpecification\",\"valueRequired\":true,\"valueName\":\"search_term_string\"}}],\"inLanguage\":\"ro-RO\"},{\"@type\":\"Organization\",\"@id\":\"https:\/\/themeholt.com\/#organization\",\"name\":\"ThemeHolt\",\"alternateName\":\"ThemeHolt\",\"url\":\"https:\/\/themeholt.com\/\",\"logo\":{\"@type\":\"ImageObject\",\"inLanguage\":\"ro-RO\",\"@id\":\"https:\/\/themeholt.com\/#\/schema\/logo\/image\/\",\"url\":\"https:\/\/themeholt.com\/wp-content\/uploads\/2024\/10\/themeholt.png\",\"contentUrl\":\"https:\/\/themeholt.com\/wp-content\/uploads\/2024\/10\/themeholt.png\",\"width\":225,\"height\":225,\"caption\":\"ThemeHolt\"},\"image\":{\"@id\":\"https:\/\/themeholt.com\/#\/schema\/logo\/image\/\"},\"sameAs\":[\"https:\/\/www.facebook.com\/themeholtT\",\"https:\/\/x.com\/ThemeholtT\",\"https:\/\/www.linkedin.com\/company\/themeholt\",\"https:\/\/www.instagram.com\/themeholtt\/\"],\"description\":\"Themeholt is a website that offers high-quality WordPress themes that are easy to use and ready for just about everything. In Eindhoven, Netherlands, since 2020 offering simple, accessible WordPress themes by providing a variety of requirements. Themeholt focuses on practicality and efficiency, allowing faster project completion with its superior marketplace and easy-to-use templates.\",\"legalName\":\"ThemeHolt\",\"foundingDate\":\"2022-11-10\",\"numberOfEmployees\":{\"@type\":\"QuantitativeValue\",\"minValue\":\"51\",\"maxValue\":\"200\"}}]}<\/script>\n<!-- \/ Yoast SEO Premium plugin. -->","yoast_head_json":{"title":"Teme WordPress pentru sushi | Teme de sushi premium 2023","description":"Descoperi\u021bi amestecul perfect de estetic\u0103 \u0219i func\u021bionalitate cu temele de sushi wordpress, o colec\u021bie de restaurante uimitoare \u0219i personalizate pentru restaurantele de sushi.","robots":{"index":"index","follow":"follow","max-snippet":"max-snippet:-1","max-image-preview":"max-image-preview:large","max-video-preview":"max-video-preview:-1"},"canonical":"https:\/\/themeholt.com\/ro\/product\/sushi\/","og_locale":"ro_RO","og_type":"article","og_title":"sushi","og_description":"Descoperi\u021bi amestecul perfect de estetic\u0103 \u0219i func\u021bionalitate cu temele de sushi wordpress, o colec\u021bie de restaurante uimitoare \u0219i personalizate pentru restaurantele de sushi.","og_url":"https:\/\/themeholt.com\/ro\/product\/sushi\/","og_site_name":"ThemeHolt","article_publisher":"https:\/\/www.facebook.com\/themeholtT","article_modified_time":"2024-11-05T08:44:58+00:00","og_image":[{"width":1300,"height":1283,"url":"https:\/\/themeholt.com\/wp-content\/uploads\/2022\/04\/Tasty-Sushi-theme.jpg","type":"image\/jpeg"}],"twitter_card":"summary_large_image","twitter_site":"@ThemeholtT","twitter_misc":{"Timp estimat pentru citire":"1 minut"},"schema":{"@context":"https:\/\/schema.org","@graph":[{"@type":"WebPage","@id":"https:\/\/themeholt.com\/ro\/product\/sushi\/","url":"https:\/\/themeholt.com\/ro\/product\/sushi\/","name":"Teme WordPress pentru sushi | Teme de sushi premium 2023","isPartOf":{"@id":"https:\/\/themeholt.com\/#website"},"primaryImageOfPage":{"@id":"https:\/\/themeholt.com\/ro\/product\/sushi\/#primaryimage"},"image":{"@id":"https:\/\/themeholt.com\/ro\/product\/sushi\/#primaryimage"},"thumbnailUrl":"https:\/\/themeholt.com\/wp-content\/uploads\/2022\/04\/Tasty-Sushi-theme.jpg","datePublished":"2022-04-25T09:56:13+00:00","dateModified":"2024-11-05T08:44:58+00:00","description":"Descoperi\u021bi amestecul perfect de estetic\u0103 \u0219i func\u021bionalitate cu temele de sushi wordpress, o colec\u021bie de restaurante uimitoare \u0219i personalizate pentru restaurantele de sushi.","breadcrumb":{"@id":"https:\/\/themeholt.com\/ro\/product\/sushi\/#breadcrumb"},"inLanguage":"ro-RO","potentialAction":[{"@type":"ReadAction","target":["https:\/\/themeholt.com\/ro\/product\/sushi\/"]}]},{"@type":"ImageObject","inLanguage":"ro-RO","@id":"https:\/\/themeholt.com\/ro\/product\/sushi\/#primaryimage","url":"https:\/\/themeholt.com\/wp-content\/uploads\/2022\/04\/Tasty-Sushi-theme.jpg","contentUrl":"https:\/\/themeholt.com\/wp-content\/uploads\/2022\/04\/Tasty-Sushi-theme.jpg","width":1300,"height":1283},{"@type":"BreadcrumbList","@id":"https:\/\/themeholt.com\/ro\/product\/sushi\/#breadcrumb","itemListElement":[{"@type":"ListItem","position":1,"name":"Home","item":"https:\/\/themeholt.com\/ro\/"},{"@type":"ListItem","position":2,"name":"Shop","item":"https:\/\/themeholt.com\/shop\/"},{"@type":"ListItem","position":3,"name":"sushi"}]},{"@type":"WebSite","@id":"https:\/\/themeholt.com\/#website","url":"https:\/\/themeholt.com\/","name":"ThemeHolt","description":"Themeholt is a website that offers high-quality WordPress themes","publisher":{"@id":"https:\/\/themeholt.com\/#organization"},"potentialAction":[{"@type":"SearchAction","target":{"@type":"EntryPoint","urlTemplate":"https:\/\/themeholt.com\/?s={search_term_string}"},"query-input":{"@type":"PropertyValueSpecification","valueRequired":true,"valueName":"search_term_string"}}],"inLanguage":"ro-RO"},{"@type":"Organization","@id":"https:\/\/themeholt.com\/#organization","name":"ThemeHolt","alternateName":"ThemeHolt","url":"https:\/\/themeholt.com\/","logo":{"@type":"ImageObject","inLanguage":"ro-RO","@id":"https:\/\/themeholt.com\/#\/schema\/logo\/image\/","url":"https:\/\/themeholt.com\/wp-content\/uploads\/2024\/10\/themeholt.png","contentUrl":"https:\/\/themeholt.com\/wp-content\/uploads\/2024\/10\/themeholt.png","width":225,"height":225,"caption":"ThemeHolt"},"image":{"@id":"https:\/\/themeholt.com\/#\/schema\/logo\/image\/"},"sameAs":["https:\/\/www.facebook.com\/themeholtT","https:\/\/x.com\/ThemeholtT","https:\/\/www.linkedin.com\/company\/themeholt","https:\/\/www.instagram.com\/themeholtt\/"],"description":"Themeholt is a website that offers high-quality WordPress themes that are easy to use and ready for just about everything. In Eindhoven, Netherlands, since 2020 offering simple, accessible WordPress themes by providing a variety of requirements. Themeholt focuses on practicality and efficiency, allowing faster project completion with its superior marketplace and easy-to-use templates.","legalName":"ThemeHolt","foundingDate":"2022-11-10","numberOfEmployees":{"@type":"QuantitativeValue","minValue":"51","maxValue":"200"}}]}},"_links":{"self":[{"href":"https:\/\/themeholt.com\/ro\/wp-json\/wp\/v2\/product\/17388","targetHints":{"allow":["GET"]}}],"collection":[{"href":"https:\/\/themeholt.com\/ro\/wp-json\/wp\/v2\/product"}],"about":[{"href":"https:\/\/themeholt.com\/ro\/wp-json\/wp\/v2\/types\/product"}],"wp:featuredmedia":[{"embeddable":true,"href":"https:\/\/themeholt.com\/ro\/wp-json\/wp\/v2\/media\/17389"}],"wp:attachment":[{"href":"https:\/\/themeholt.com\/ro\/wp-json\/wp\/v2\/media?parent=17388"}],"wp:term":[{"taxonomy":"product_brand","embeddable":true,"href":"https:\/\/themeholt.com\/ro\/wp-json\/wp\/v2\/product_brand?post=17388"},{"taxonomy":"product_cat","embeddable":true,"href":"https:\/\/themeholt.com\/ro\/wp-json\/wp\/v2\/product_cat?post=17388"},{"taxonomy":"product_tag","embeddable":true,"href":"https:\/\/themeholt.com\/ro\/wp-json\/wp\/v2\/product_tag?post=17388"}],"curies":[{"name":"wp","href":"https:\/\/api.w.org\/{rel}","templated":true}]}}