{"id":17417,"date":"2022-04-20T21:01:18","date_gmt":"2022-04-20T21:01:18","guid":{"rendered":"https:\/\/themeholt.com\/product\/furniture\/"},"modified":"2024-11-05T09:02:15","modified_gmt":"2024-11-05T09:02:15","slug":"mobilier","status":"publish","type":"product","link":"https:\/\/themeholt.com\/ro\/product\/mobilier\/","title":{"rendered":"Mobilier"},"content":{"rendered":"<p><b>Tema pentru mobilier WordPress<\/b><span style=\"font-weight: 400\"> are diverse modele vizuale uimitoare \u0219i personalizabile, create special pentru a prezenta produse de mobilier. Cu machete elegante, tipografii captivante \u0219i galerii de imagini frumoase, pute\u021bi crea un site web atr\u0103g\u0103tor din punct de vedere vizual, care eviden\u021biaz\u0103 caracteristicile unice \u0219i m\u0103iestria colec\u021biei dvs. de mobilier.<\/span><\/p>\n<p><span style=\"font-weight: 400\">Tema noastr\u0103 <\/span><b>Mobilier WordPress<\/b><span style=\"font-weight: 400\"> ofer\u0103 o solu\u021bie perfect\u0103 pentru a crea un site web uimitor care prezint\u0103 colec\u021bia ta de mobil\u0103 cu stil \u0219i elegan\u021b\u0103. \u00cen aceast\u0103 postare pe blog, vom explora caracteristicile excep\u021bionale \u0219i modul \u00een care acestea v\u0103 pot transforma afacerea cu mobilier, oferind o platform\u0103 atractiv\u0103 din punct de vedere vizual pentru a v\u0103 eviden\u021bia produsele \u0219i a interac\u021biona cu publicul \u021bint\u0103.<\/span><\/p>\n","protected":false},"excerpt":{"rendered":"<ul>\n<li>Elementor Page Builder<\/li>\n<li>Preg\u0103tit pentru WooCommerce<\/li>\n<li>Complet personalizabil<\/li>\n<li>Retina Ready<\/li>\n<li>Ei bine documenta\u021bia<\/li>\n<li>SEO optimizat<\/li>\n<li>Efectul de paralax\u0103<\/li>\n<\/ul>\n","protected":false},"featured_media":17420,"template":"","meta":{"_acf_changed":false,"inline_featured_image":false},"product_brand":[],"product_cat":[1639],"product_tag":[1705,1706,1707],"class_list":{"0":"post-17417","1":"product","2":"type-product","3":"status-publish","4":"has-post-thumbnail","6":"product_cat-premium-themes-ro","7":"product_tag-affordable-furniture-theme-ro","8":"product_tag-best-furniture-theme-ro","9":"product_tag-furniture-themes-ro","11":"first","12":"instock","13":"sale","14":"downloadable","15":"taxable","16":"shipping-taxable","17":"purchasable","18":"product-type-simple"},"acf":[],"yoast_head":"<!-- This site is optimized with the Yoast SEO Premium plugin v22.1 (Yoast SEO v26.0) - https:\/\/yoast.com\/wordpress\/plugins\/seo\/ -->\n<title>Teme WordPress pentru mobilier 2023 | Cele mai bune teme de mobilier<\/title>\n<meta name=\"description\" content=\"\u00cembun\u0103t\u0103\u021bi\u021bi prezen\u021ba online a organiza\u021biei dvs. cu funda\u021bie, temele de mobilier wordpress pentru organiza\u021bii. Crea\u021bi un site web profesionist \u0219i de impact.\" \/>\n<meta name=\"robots\" content=\"index, follow, max-snippet:-1, max-image-preview:large, max-video-preview:-1\" \/>\n<link rel=\"canonical\" href=\"https:\/\/themeholt.com\/ro\/product\/mobilier\/\" \/>\n<meta property=\"og:locale\" content=\"ro_RO\" \/>\n<meta property=\"og:type\" content=\"article\" \/>\n<meta property=\"og:title\" content=\"Mobilier\" \/>\n<meta property=\"og:description\" content=\"\u00cembun\u0103t\u0103\u021bi\u021bi prezen\u021ba online a organiza\u021biei dvs. cu funda\u021bie, temele de mobilier wordpress pentru organiza\u021bii. Crea\u021bi un site web profesionist \u0219i de impact.\" \/>\n<meta property=\"og:url\" content=\"https:\/\/themeholt.com\/ro\/product\/mobilier\/\" \/>\n<meta property=\"og:site_name\" content=\"ThemeHolt\" \/>\n<meta property=\"article:publisher\" content=\"https:\/\/www.facebook.com\/themeholtT\" \/>\n<meta property=\"article:modified_time\" content=\"2024-11-05T09:02:15+00:00\" \/>\n<meta property=\"og:image\" content=\"https:\/\/themeholt.com\/wp-content\/uploads\/2022\/04\/Furniture-Home-Page-2-1-872x1024.png\" \/>\n\t<meta property=\"og:image:width\" content=\"872\" \/>\n\t<meta property=\"og:image:height\" content=\"1024\" \/>\n\t<meta property=\"og:image:type\" content=\"image\/png\" \/>\n<meta name=\"twitter:card\" content=\"summary_large_image\" \/>\n<meta name=\"twitter:site\" content=\"@ThemeholtT\" \/>\n<meta name=\"twitter:label1\" content=\"Timp estimat pentru citire\" \/>\n\t<meta name=\"twitter:data1\" content=\"1 minut\" \/>\n<script type=\"application\/ld+json\" class=\"yoast-schema-graph\">{\"@context\":\"https:\/\/schema.org\",\"@graph\":[{\"@type\":\"WebPage\",\"@id\":\"https:\/\/themeholt.com\/ro\/product\/mobilier\/\",\"url\":\"https:\/\/themeholt.com\/ro\/product\/mobilier\/\",\"name\":\"Teme WordPress pentru mobilier 2023 | Cele mai bune teme de mobilier\",\"isPartOf\":{\"@id\":\"https:\/\/themeholt.com\/#website\"},\"primaryImageOfPage\":{\"@id\":\"https:\/\/themeholt.com\/ro\/product\/mobilier\/#primaryimage\"},\"image\":{\"@id\":\"https:\/\/themeholt.com\/ro\/product\/mobilier\/#primaryimage\"},\"thumbnailUrl\":\"https:\/\/themeholt.com\/wp-content\/uploads\/2022\/04\/Furniture-Home-Page-2-1.png\",\"datePublished\":\"2022-04-20T21:01:18+00:00\",\"dateModified\":\"2024-11-05T09:02:15+00:00\",\"description\":\"\u00cembun\u0103t\u0103\u021bi\u021bi prezen\u021ba online a organiza\u021biei dvs. cu funda\u021bie, temele de mobilier wordpress pentru organiza\u021bii. Crea\u021bi un site web profesionist \u0219i de impact.\",\"breadcrumb\":{\"@id\":\"https:\/\/themeholt.com\/ro\/product\/mobilier\/#breadcrumb\"},\"inLanguage\":\"ro-RO\",\"potentialAction\":[{\"@type\":\"ReadAction\",\"target\":[\"https:\/\/themeholt.com\/ro\/product\/mobilier\/\"]}]},{\"@type\":\"ImageObject\",\"inLanguage\":\"ro-RO\",\"@id\":\"https:\/\/themeholt.com\/ro\/product\/mobilier\/#primaryimage\",\"url\":\"https:\/\/themeholt.com\/wp-content\/uploads\/2022\/04\/Furniture-Home-Page-2-1.png\",\"contentUrl\":\"https:\/\/themeholt.com\/wp-content\/uploads\/2022\/04\/Furniture-Home-Page-2-1.png\",\"width\":1807,\"height\":2123},{\"@type\":\"BreadcrumbList\",\"@id\":\"https:\/\/themeholt.com\/ro\/product\/mobilier\/#breadcrumb\",\"itemListElement\":[{\"@type\":\"ListItem\",\"position\":1,\"name\":\"Home\",\"item\":\"https:\/\/themeholt.com\/ro\/\"},{\"@type\":\"ListItem\",\"position\":2,\"name\":\"Shop\",\"item\":\"https:\/\/themeholt.com\/shop\/\"},{\"@type\":\"ListItem\",\"position\":3,\"name\":\"Mobilier\"}]},{\"@type\":\"WebSite\",\"@id\":\"https:\/\/themeholt.com\/#website\",\"url\":\"https:\/\/themeholt.com\/\",\"name\":\"ThemeHolt\",\"description\":\"Themeholt is a website that offers high-quality WordPress themes\",\"publisher\":{\"@id\":\"https:\/\/themeholt.com\/#organization\"},\"potentialAction\":[{\"@type\":\"SearchAction\",\"target\":{\"@type\":\"EntryPoint\",\"urlTemplate\":\"https:\/\/themeholt.com\/?s={search_term_string}\"},\"query-input\":{\"@type\":\"PropertyValueSpecification\",\"valueRequired\":true,\"valueName\":\"search_term_string\"}}],\"inLanguage\":\"ro-RO\"},{\"@type\":\"Organization\",\"@id\":\"https:\/\/themeholt.com\/#organization\",\"name\":\"ThemeHolt\",\"alternateName\":\"ThemeHolt\",\"url\":\"https:\/\/themeholt.com\/\",\"logo\":{\"@type\":\"ImageObject\",\"inLanguage\":\"ro-RO\",\"@id\":\"https:\/\/themeholt.com\/#\/schema\/logo\/image\/\",\"url\":\"https:\/\/themeholt.com\/wp-content\/uploads\/2024\/10\/themeholt.png\",\"contentUrl\":\"https:\/\/themeholt.com\/wp-content\/uploads\/2024\/10\/themeholt.png\",\"width\":225,\"height\":225,\"caption\":\"ThemeHolt\"},\"image\":{\"@id\":\"https:\/\/themeholt.com\/#\/schema\/logo\/image\/\"},\"sameAs\":[\"https:\/\/www.facebook.com\/themeholtT\",\"https:\/\/x.com\/ThemeholtT\",\"https:\/\/www.linkedin.com\/company\/themeholt\",\"https:\/\/www.instagram.com\/themeholtt\/\"],\"description\":\"Themeholt is a website that offers high-quality WordPress themes that are easy to use and ready for just about everything. In Eindhoven, Netherlands, since 2020 offering simple, accessible WordPress themes by providing a variety of requirements. Themeholt focuses on practicality and efficiency, allowing faster project completion with its superior marketplace and easy-to-use templates.\",\"legalName\":\"ThemeHolt\",\"foundingDate\":\"2022-11-10\",\"numberOfEmployees\":{\"@type\":\"QuantitativeValue\",\"minValue\":\"51\",\"maxValue\":\"200\"}}]}<\/script>\n<!-- \/ Yoast SEO Premium plugin. -->","yoast_head_json":{"title":"Teme WordPress pentru mobilier 2023 | Cele mai bune teme de mobilier","description":"\u00cembun\u0103t\u0103\u021bi\u021bi prezen\u021ba online a organiza\u021biei dvs. cu funda\u021bie, temele de mobilier wordpress pentru organiza\u021bii. Crea\u021bi un site web profesionist \u0219i de impact.","robots":{"index":"index","follow":"follow","max-snippet":"max-snippet:-1","max-image-preview":"max-image-preview:large","max-video-preview":"max-video-preview:-1"},"canonical":"https:\/\/themeholt.com\/ro\/product\/mobilier\/","og_locale":"ro_RO","og_type":"article","og_title":"Mobilier","og_description":"\u00cembun\u0103t\u0103\u021bi\u021bi prezen\u021ba online a organiza\u021biei dvs. cu funda\u021bie, temele de mobilier wordpress pentru organiza\u021bii. Crea\u021bi un site web profesionist \u0219i de impact.","og_url":"https:\/\/themeholt.com\/ro\/product\/mobilier\/","og_site_name":"ThemeHolt","article_publisher":"https:\/\/www.facebook.com\/themeholtT","article_modified_time":"2024-11-05T09:02:15+00:00","og_image":[{"width":872,"height":1024,"url":"https:\/\/themeholt.com\/wp-content\/uploads\/2022\/04\/Furniture-Home-Page-2-1-872x1024.png","type":"image\/png"}],"twitter_card":"summary_large_image","twitter_site":"@ThemeholtT","twitter_misc":{"Timp estimat pentru citire":"1 minut"},"schema":{"@context":"https:\/\/schema.org","@graph":[{"@type":"WebPage","@id":"https:\/\/themeholt.com\/ro\/product\/mobilier\/","url":"https:\/\/themeholt.com\/ro\/product\/mobilier\/","name":"Teme WordPress pentru mobilier 2023 | Cele mai bune teme de mobilier","isPartOf":{"@id":"https:\/\/themeholt.com\/#website"},"primaryImageOfPage":{"@id":"https:\/\/themeholt.com\/ro\/product\/mobilier\/#primaryimage"},"image":{"@id":"https:\/\/themeholt.com\/ro\/product\/mobilier\/#primaryimage"},"thumbnailUrl":"https:\/\/themeholt.com\/wp-content\/uploads\/2022\/04\/Furniture-Home-Page-2-1.png","datePublished":"2022-04-20T21:01:18+00:00","dateModified":"2024-11-05T09:02:15+00:00","description":"\u00cembun\u0103t\u0103\u021bi\u021bi prezen\u021ba online a organiza\u021biei dvs. cu funda\u021bie, temele de mobilier wordpress pentru organiza\u021bii. Crea\u021bi un site web profesionist \u0219i de impact.","breadcrumb":{"@id":"https:\/\/themeholt.com\/ro\/product\/mobilier\/#breadcrumb"},"inLanguage":"ro-RO","potentialAction":[{"@type":"ReadAction","target":["https:\/\/themeholt.com\/ro\/product\/mobilier\/"]}]},{"@type":"ImageObject","inLanguage":"ro-RO","@id":"https:\/\/themeholt.com\/ro\/product\/mobilier\/#primaryimage","url":"https:\/\/themeholt.com\/wp-content\/uploads\/2022\/04\/Furniture-Home-Page-2-1.png","contentUrl":"https:\/\/themeholt.com\/wp-content\/uploads\/2022\/04\/Furniture-Home-Page-2-1.png","width":1807,"height":2123},{"@type":"BreadcrumbList","@id":"https:\/\/themeholt.com\/ro\/product\/mobilier\/#breadcrumb","itemListElement":[{"@type":"ListItem","position":1,"name":"Home","item":"https:\/\/themeholt.com\/ro\/"},{"@type":"ListItem","position":2,"name":"Shop","item":"https:\/\/themeholt.com\/shop\/"},{"@type":"ListItem","position":3,"name":"Mobilier"}]},{"@type":"WebSite","@id":"https:\/\/themeholt.com\/#website","url":"https:\/\/themeholt.com\/","name":"ThemeHolt","description":"Themeholt is a website that offers high-quality WordPress themes","publisher":{"@id":"https:\/\/themeholt.com\/#organization"},"potentialAction":[{"@type":"SearchAction","target":{"@type":"EntryPoint","urlTemplate":"https:\/\/themeholt.com\/?s={search_term_string}"},"query-input":{"@type":"PropertyValueSpecification","valueRequired":true,"valueName":"search_term_string"}}],"inLanguage":"ro-RO"},{"@type":"Organization","@id":"https:\/\/themeholt.com\/#organization","name":"ThemeHolt","alternateName":"ThemeHolt","url":"https:\/\/themeholt.com\/","logo":{"@type":"ImageObject","inLanguage":"ro-RO","@id":"https:\/\/themeholt.com\/#\/schema\/logo\/image\/","url":"https:\/\/themeholt.com\/wp-content\/uploads\/2024\/10\/themeholt.png","contentUrl":"https:\/\/themeholt.com\/wp-content\/uploads\/2024\/10\/themeholt.png","width":225,"height":225,"caption":"ThemeHolt"},"image":{"@id":"https:\/\/themeholt.com\/#\/schema\/logo\/image\/"},"sameAs":["https:\/\/www.facebook.com\/themeholtT","https:\/\/x.com\/ThemeholtT","https:\/\/www.linkedin.com\/company\/themeholt","https:\/\/www.instagram.com\/themeholtt\/"],"description":"Themeholt is a website that offers high-quality WordPress themes that are easy to use and ready for just about everything. In Eindhoven, Netherlands, since 2020 offering simple, accessible WordPress themes by providing a variety of requirements. Themeholt focuses on practicality and efficiency, allowing faster project completion with its superior marketplace and easy-to-use templates.","legalName":"ThemeHolt","foundingDate":"2022-11-10","numberOfEmployees":{"@type":"QuantitativeValue","minValue":"51","maxValue":"200"}}]}},"_links":{"self":[{"href":"https:\/\/themeholt.com\/ro\/wp-json\/wp\/v2\/product\/17417","targetHints":{"allow":["GET"]}}],"collection":[{"href":"https:\/\/themeholt.com\/ro\/wp-json\/wp\/v2\/product"}],"about":[{"href":"https:\/\/themeholt.com\/ro\/wp-json\/wp\/v2\/types\/product"}],"wp:featuredmedia":[{"embeddable":true,"href":"https:\/\/themeholt.com\/ro\/wp-json\/wp\/v2\/media\/17420"}],"wp:attachment":[{"href":"https:\/\/themeholt.com\/ro\/wp-json\/wp\/v2\/media?parent=17417"}],"wp:term":[{"taxonomy":"product_brand","embeddable":true,"href":"https:\/\/themeholt.com\/ro\/wp-json\/wp\/v2\/product_brand?post=17417"},{"taxonomy":"product_cat","embeddable":true,"href":"https:\/\/themeholt.com\/ro\/wp-json\/wp\/v2\/product_cat?post=17417"},{"taxonomy":"product_tag","embeddable":true,"href":"https:\/\/themeholt.com\/ro\/wp-json\/wp\/v2\/product_tag?post=17417"}],"curies":[{"name":"wp","href":"https:\/\/api.w.org\/{rel}","templated":true}]}}