{"id":17465,"date":"2022-04-21T19:28:39","date_gmt":"2022-04-21T19:28:39","guid":{"rendered":"https:\/\/themeholt.com\/product\/foundation\/"},"modified":"2024-11-05T09:22:53","modified_gmt":"2024-11-05T09:22:53","slug":"fundatie","status":"publish","type":"product","link":"https:\/\/themeholt.com\/ro\/product\/fundatie\/","title":{"rendered":"Funda\u0163ie"},"content":{"rendered":"<p><span style=\"font-weight: 400\">\u00cen era digital\u0103 de ast\u0103zi, organiza\u021biile au nevoie de o prezen\u021b\u0103 online solid\u0103 pentru a-\u0219i comunica eficient misiunea, a-\u0219i angaja publicul \u0219i a-\u0219i conduce obiectivele. Cu tema noastr\u0103 Funda\u021bia, una dintre temele <strong>Funda\u021bie<\/strong> <\/span><b>pentru organiza\u021bii<\/b><span style=\"font-weight: 400\">, pute\u021bi crea o imagine profesionist\u0103 \u0219i de impact. site-ul web care prezint\u0103 valorile, proiectele \u0219i realiz\u0103rile organiza\u021biei dvs. Aceast\u0103 postare de blog va explora caracteristicile \u0219i beneficiile excep\u021bionale ale Funda\u021biei \u0219i modul \u00een care poate cre\u0219te prezen\u021ba online a organiza\u021biei dvs.<\/span><\/p>\n<p><span style=\"font-weight: 400\">Funda\u021bia este o tem\u0103 puternic\u0103 \u0219i versatil\u0103 care d\u0103 putere organiza\u021biilor s\u0103 creeze o prezen\u021b\u0103 online profesional\u0103 \u0219i de impact. Cu designul s\u0103u robust, <\/span><b>temele WordPress Foundation <\/b>pentru organiza\u021bii <span style=\"font-weight: 400\">afi\u0219area con\u021binutului captivant, integrarea perfect\u0103 \u0219i aspectul potrivit pentru dispozitive mobile, Foundation este idealul alegere pentru organiza\u021biile care doresc s\u0103-\u0219i sporeasc\u0103 prezen\u021ba online. \u00cembr\u0103\u021bi\u0219a\u021bi puterea Funda\u021biei \u0219i construi\u021bi un site web care s\u0103 reflecte misiunea, valorile \u0219i impactul organiza\u021biei dvs., \u00een timp ce v\u0103 implica\u021bi \u00een mod eficient publicul \u0219i v\u0103 \u00eempinge obiectivele.<\/span><\/p>\n","protected":false},"excerpt":{"rendered":"<ul>\n<li>Generator de pagini puternic<\/li>\n<li>Design responsiv<\/li>\n<li>SEO optimizat<\/li>\n<li>Retina Ready<\/li>\n<li>Compatibil cu WooCommerce<\/li>\n<li>Asisten\u021b\u0103 pentru clien\u021bi<\/li>\n<\/ul>\n","protected":false},"featured_media":17466,"template":"","meta":{"_acf_changed":false,"inline_featured_image":false},"product_brand":[],"product_cat":[1650],"product_tag":[1715,1716],"class_list":{"0":"post-17465","1":"product","2":"type-product","3":"status-publish","4":"has-post-thumbnail","6":"product_cat-best-seller-ro","7":"product_tag-foundation-ro","8":"product_tag-foundation-theme-ro","10":"first","11":"instock","12":"sale","13":"downloadable","14":"taxable","15":"shipping-taxable","16":"purchasable","17":"product-type-simple"},"acf":[],"yoast_head":"<!-- This site is optimized with the Yoast SEO Premium plugin v22.1 (Yoast SEO v26.0) - https:\/\/yoast.com\/wordpress\/plugins\/seo\/ -->\n<title>Teme ale funda\u021biei WordPress | \u0218abloane WordPress pentru funda\u021bie<\/title>\n<meta name=\"description\" content=\"\u00cembun\u0103t\u0103\u021bi\u021bi prezen\u021ba online a organiza\u021biei dvs. cu cele mai bune teme wordpress de baz\u0103 pentru organiza\u021bii. Crea\u021bi un site web profesionist \u0219i de impact\" \/>\n<meta name=\"robots\" content=\"index, follow, max-snippet:-1, max-image-preview:large, max-video-preview:-1\" \/>\n<link rel=\"canonical\" href=\"https:\/\/themeholt.com\/ro\/product\/fundatie\/\" \/>\n<meta property=\"og:locale\" content=\"ro_RO\" \/>\n<meta property=\"og:type\" content=\"article\" \/>\n<meta property=\"og:title\" content=\"Funda\u0163ie\" \/>\n<meta property=\"og:description\" content=\"\u00cembun\u0103t\u0103\u021bi\u021bi prezen\u021ba online a organiza\u021biei dvs. cu cele mai bune teme wordpress de baz\u0103 pentru organiza\u021bii. Crea\u021bi un site web profesionist \u0219i de impact\" \/>\n<meta property=\"og:url\" content=\"https:\/\/themeholt.com\/ro\/product\/fundatie\/\" \/>\n<meta property=\"og:site_name\" content=\"ThemeHolt\" \/>\n<meta property=\"article:publisher\" content=\"https:\/\/www.facebook.com\/themeholtT\" \/>\n<meta property=\"article:modified_time\" content=\"2024-11-05T09:22:53+00:00\" \/>\n<meta property=\"og:image\" content=\"https:\/\/themeholt.com\/wp-content\/uploads\/2022\/04\/Best-Featured-Foundation-Theme.jpg\" \/>\n\t<meta property=\"og:image:width\" content=\"1300\" \/>\n\t<meta property=\"og:image:height\" content=\"1283\" \/>\n\t<meta property=\"og:image:type\" content=\"image\/jpeg\" \/>\n<meta name=\"twitter:card\" content=\"summary_large_image\" \/>\n<meta name=\"twitter:site\" content=\"@ThemeholtT\" \/>\n<meta name=\"twitter:label1\" content=\"Timp estimat pentru citire\" \/>\n\t<meta name=\"twitter:data1\" content=\"1 minut\" \/>\n<script type=\"application\/ld+json\" class=\"yoast-schema-graph\">{\"@context\":\"https:\/\/schema.org\",\"@graph\":[{\"@type\":\"WebPage\",\"@id\":\"https:\/\/themeholt.com\/ro\/product\/fundatie\/\",\"url\":\"https:\/\/themeholt.com\/ro\/product\/fundatie\/\",\"name\":\"Teme ale funda\u021biei WordPress | \u0218abloane WordPress pentru funda\u021bie\",\"isPartOf\":{\"@id\":\"https:\/\/themeholt.com\/#website\"},\"primaryImageOfPage\":{\"@id\":\"https:\/\/themeholt.com\/ro\/product\/fundatie\/#primaryimage\"},\"image\":{\"@id\":\"https:\/\/themeholt.com\/ro\/product\/fundatie\/#primaryimage\"},\"thumbnailUrl\":\"https:\/\/themeholt.com\/wp-content\/uploads\/2022\/04\/Best-Featured-Foundation-Theme.jpg\",\"datePublished\":\"2022-04-21T19:28:39+00:00\",\"dateModified\":\"2024-11-05T09:22:53+00:00\",\"description\":\"\u00cembun\u0103t\u0103\u021bi\u021bi prezen\u021ba online a organiza\u021biei dvs. cu cele mai bune teme wordpress de baz\u0103 pentru organiza\u021bii. Crea\u021bi un site web profesionist \u0219i de impact\",\"breadcrumb\":{\"@id\":\"https:\/\/themeholt.com\/ro\/product\/fundatie\/#breadcrumb\"},\"inLanguage\":\"ro-RO\",\"potentialAction\":[{\"@type\":\"ReadAction\",\"target\":[\"https:\/\/themeholt.com\/ro\/product\/fundatie\/\"]}]},{\"@type\":\"ImageObject\",\"inLanguage\":\"ro-RO\",\"@id\":\"https:\/\/themeholt.com\/ro\/product\/fundatie\/#primaryimage\",\"url\":\"https:\/\/themeholt.com\/wp-content\/uploads\/2022\/04\/Best-Featured-Foundation-Theme.jpg\",\"contentUrl\":\"https:\/\/themeholt.com\/wp-content\/uploads\/2022\/04\/Best-Featured-Foundation-Theme.jpg\",\"width\":1300,\"height\":1283},{\"@type\":\"BreadcrumbList\",\"@id\":\"https:\/\/themeholt.com\/ro\/product\/fundatie\/#breadcrumb\",\"itemListElement\":[{\"@type\":\"ListItem\",\"position\":1,\"name\":\"Home\",\"item\":\"https:\/\/themeholt.com\/ro\/\"},{\"@type\":\"ListItem\",\"position\":2,\"name\":\"Shop\",\"item\":\"https:\/\/themeholt.com\/shop\/\"},{\"@type\":\"ListItem\",\"position\":3,\"name\":\"Funda\u0163ie\"}]},{\"@type\":\"WebSite\",\"@id\":\"https:\/\/themeholt.com\/#website\",\"url\":\"https:\/\/themeholt.com\/\",\"name\":\"ThemeHolt\",\"description\":\"Themeholt is a website that offers high-quality WordPress themes\",\"publisher\":{\"@id\":\"https:\/\/themeholt.com\/#organization\"},\"potentialAction\":[{\"@type\":\"SearchAction\",\"target\":{\"@type\":\"EntryPoint\",\"urlTemplate\":\"https:\/\/themeholt.com\/?s={search_term_string}\"},\"query-input\":{\"@type\":\"PropertyValueSpecification\",\"valueRequired\":true,\"valueName\":\"search_term_string\"}}],\"inLanguage\":\"ro-RO\"},{\"@type\":\"Organization\",\"@id\":\"https:\/\/themeholt.com\/#organization\",\"name\":\"ThemeHolt\",\"alternateName\":\"ThemeHolt\",\"url\":\"https:\/\/themeholt.com\/\",\"logo\":{\"@type\":\"ImageObject\",\"inLanguage\":\"ro-RO\",\"@id\":\"https:\/\/themeholt.com\/#\/schema\/logo\/image\/\",\"url\":\"https:\/\/themeholt.com\/wp-content\/uploads\/2024\/10\/themeholt.png\",\"contentUrl\":\"https:\/\/themeholt.com\/wp-content\/uploads\/2024\/10\/themeholt.png\",\"width\":225,\"height\":225,\"caption\":\"ThemeHolt\"},\"image\":{\"@id\":\"https:\/\/themeholt.com\/#\/schema\/logo\/image\/\"},\"sameAs\":[\"https:\/\/www.facebook.com\/themeholtT\",\"https:\/\/x.com\/ThemeholtT\",\"https:\/\/www.linkedin.com\/company\/themeholt\",\"https:\/\/www.instagram.com\/themeholtt\/\"],\"description\":\"Themeholt is a website that offers high-quality WordPress themes that are easy to use and ready for just about everything. In Eindhoven, Netherlands, since 2020 offering simple, accessible WordPress themes by providing a variety of requirements. Themeholt focuses on practicality and efficiency, allowing faster project completion with its superior marketplace and easy-to-use templates.\",\"legalName\":\"ThemeHolt\",\"foundingDate\":\"2022-11-10\",\"numberOfEmployees\":{\"@type\":\"QuantitativeValue\",\"minValue\":\"51\",\"maxValue\":\"200\"}}]}<\/script>\n<!-- \/ Yoast SEO Premium plugin. -->","yoast_head_json":{"title":"Teme ale funda\u021biei WordPress | \u0218abloane WordPress pentru funda\u021bie","description":"\u00cembun\u0103t\u0103\u021bi\u021bi prezen\u021ba online a organiza\u021biei dvs. cu cele mai bune teme wordpress de baz\u0103 pentru organiza\u021bii. Crea\u021bi un site web profesionist \u0219i de impact","robots":{"index":"index","follow":"follow","max-snippet":"max-snippet:-1","max-image-preview":"max-image-preview:large","max-video-preview":"max-video-preview:-1"},"canonical":"https:\/\/themeholt.com\/ro\/product\/fundatie\/","og_locale":"ro_RO","og_type":"article","og_title":"Funda\u0163ie","og_description":"\u00cembun\u0103t\u0103\u021bi\u021bi prezen\u021ba online a organiza\u021biei dvs. cu cele mai bune teme wordpress de baz\u0103 pentru organiza\u021bii. Crea\u021bi un site web profesionist \u0219i de impact","og_url":"https:\/\/themeholt.com\/ro\/product\/fundatie\/","og_site_name":"ThemeHolt","article_publisher":"https:\/\/www.facebook.com\/themeholtT","article_modified_time":"2024-11-05T09:22:53+00:00","og_image":[{"width":1300,"height":1283,"url":"https:\/\/themeholt.com\/wp-content\/uploads\/2022\/04\/Best-Featured-Foundation-Theme.jpg","type":"image\/jpeg"}],"twitter_card":"summary_large_image","twitter_site":"@ThemeholtT","twitter_misc":{"Timp estimat pentru citire":"1 minut"},"schema":{"@context":"https:\/\/schema.org","@graph":[{"@type":"WebPage","@id":"https:\/\/themeholt.com\/ro\/product\/fundatie\/","url":"https:\/\/themeholt.com\/ro\/product\/fundatie\/","name":"Teme ale funda\u021biei WordPress | \u0218abloane WordPress pentru funda\u021bie","isPartOf":{"@id":"https:\/\/themeholt.com\/#website"},"primaryImageOfPage":{"@id":"https:\/\/themeholt.com\/ro\/product\/fundatie\/#primaryimage"},"image":{"@id":"https:\/\/themeholt.com\/ro\/product\/fundatie\/#primaryimage"},"thumbnailUrl":"https:\/\/themeholt.com\/wp-content\/uploads\/2022\/04\/Best-Featured-Foundation-Theme.jpg","datePublished":"2022-04-21T19:28:39+00:00","dateModified":"2024-11-05T09:22:53+00:00","description":"\u00cembun\u0103t\u0103\u021bi\u021bi prezen\u021ba online a organiza\u021biei dvs. cu cele mai bune teme wordpress de baz\u0103 pentru organiza\u021bii. Crea\u021bi un site web profesionist \u0219i de impact","breadcrumb":{"@id":"https:\/\/themeholt.com\/ro\/product\/fundatie\/#breadcrumb"},"inLanguage":"ro-RO","potentialAction":[{"@type":"ReadAction","target":["https:\/\/themeholt.com\/ro\/product\/fundatie\/"]}]},{"@type":"ImageObject","inLanguage":"ro-RO","@id":"https:\/\/themeholt.com\/ro\/product\/fundatie\/#primaryimage","url":"https:\/\/themeholt.com\/wp-content\/uploads\/2022\/04\/Best-Featured-Foundation-Theme.jpg","contentUrl":"https:\/\/themeholt.com\/wp-content\/uploads\/2022\/04\/Best-Featured-Foundation-Theme.jpg","width":1300,"height":1283},{"@type":"BreadcrumbList","@id":"https:\/\/themeholt.com\/ro\/product\/fundatie\/#breadcrumb","itemListElement":[{"@type":"ListItem","position":1,"name":"Home","item":"https:\/\/themeholt.com\/ro\/"},{"@type":"ListItem","position":2,"name":"Shop","item":"https:\/\/themeholt.com\/shop\/"},{"@type":"ListItem","position":3,"name":"Funda\u0163ie"}]},{"@type":"WebSite","@id":"https:\/\/themeholt.com\/#website","url":"https:\/\/themeholt.com\/","name":"ThemeHolt","description":"Themeholt is a website that offers high-quality WordPress themes","publisher":{"@id":"https:\/\/themeholt.com\/#organization"},"potentialAction":[{"@type":"SearchAction","target":{"@type":"EntryPoint","urlTemplate":"https:\/\/themeholt.com\/?s={search_term_string}"},"query-input":{"@type":"PropertyValueSpecification","valueRequired":true,"valueName":"search_term_string"}}],"inLanguage":"ro-RO"},{"@type":"Organization","@id":"https:\/\/themeholt.com\/#organization","name":"ThemeHolt","alternateName":"ThemeHolt","url":"https:\/\/themeholt.com\/","logo":{"@type":"ImageObject","inLanguage":"ro-RO","@id":"https:\/\/themeholt.com\/#\/schema\/logo\/image\/","url":"https:\/\/themeholt.com\/wp-content\/uploads\/2024\/10\/themeholt.png","contentUrl":"https:\/\/themeholt.com\/wp-content\/uploads\/2024\/10\/themeholt.png","width":225,"height":225,"caption":"ThemeHolt"},"image":{"@id":"https:\/\/themeholt.com\/#\/schema\/logo\/image\/"},"sameAs":["https:\/\/www.facebook.com\/themeholtT","https:\/\/x.com\/ThemeholtT","https:\/\/www.linkedin.com\/company\/themeholt","https:\/\/www.instagram.com\/themeholtt\/"],"description":"Themeholt is a website that offers high-quality WordPress themes that are easy to use and ready for just about everything. In Eindhoven, Netherlands, since 2020 offering simple, accessible WordPress themes by providing a variety of requirements. Themeholt focuses on practicality and efficiency, allowing faster project completion with its superior marketplace and easy-to-use templates.","legalName":"ThemeHolt","foundingDate":"2022-11-10","numberOfEmployees":{"@type":"QuantitativeValue","minValue":"51","maxValue":"200"}}]}},"_links":{"self":[{"href":"https:\/\/themeholt.com\/ro\/wp-json\/wp\/v2\/product\/17465","targetHints":{"allow":["GET"]}}],"collection":[{"href":"https:\/\/themeholt.com\/ro\/wp-json\/wp\/v2\/product"}],"about":[{"href":"https:\/\/themeholt.com\/ro\/wp-json\/wp\/v2\/types\/product"}],"wp:featuredmedia":[{"embeddable":true,"href":"https:\/\/themeholt.com\/ro\/wp-json\/wp\/v2\/media\/17466"}],"wp:attachment":[{"href":"https:\/\/themeholt.com\/ro\/wp-json\/wp\/v2\/media?parent=17465"}],"wp:term":[{"taxonomy":"product_brand","embeddable":true,"href":"https:\/\/themeholt.com\/ro\/wp-json\/wp\/v2\/product_brand?post=17465"},{"taxonomy":"product_cat","embeddable":true,"href":"https:\/\/themeholt.com\/ro\/wp-json\/wp\/v2\/product_cat?post=17465"},{"taxonomy":"product_tag","embeddable":true,"href":"https:\/\/themeholt.com\/ro\/wp-json\/wp\/v2\/product_tag?post=17465"}],"curies":[{"name":"wp","href":"https:\/\/api.w.org\/{rel}","templated":true}]}}