{"id":17475,"date":"2022-04-21T19:33:10","date_gmt":"2022-04-21T19:33:10","guid":{"rendered":"https:\/\/themeholt.com\/product\/yoga\/"},"modified":"2024-11-05T09:29:34","modified_gmt":"2024-11-05T09:29:34","slug":"yoga","status":"publish","type":"product","link":"https:\/\/themeholt.com\/ro\/product\/yoga\/","title":{"rendered":"Yoga"},"content":{"rendered":"<p><span style=\"font-weight: 400\">Bine a\u021bi venit \u00een lumea <\/span><b>Temelor WordPress pentru yoga<\/b><span style=\"font-weight: 400\">, unde lini\u0219tea se \u00eent\u00e2lne\u0219te cu cele mai moderne design \u0219i func\u021bionalitate. V\u0103 prezent\u0103m Focus Yoga, tema suprem\u0103 pentru yoghini \u0219i pasiona\u021bii de wellness care doresc s\u0103 creeze o prezen\u021b\u0103 online inspirat\u0103.<\/span><\/p>\n<p><span style=\"font-weight: 400\">Cu designul s\u0103u senin \u0219i armonios, <\/span><b>Cele mai bune teme WordPress pentru yoga <\/b><span style=\"font-weight: 400\">creeaz\u0103 atmosfera perfect\u0103 pentru blogul t\u0103u de yoga. Tema ofer\u0103 o gam\u0103 larg\u0103 de aspecte personalizabile, permi\u021b\u00e2ndu-v\u0103 s\u0103 v\u0103 prezenta\u021bi frumos articolele, tutorialele \u0219i perspectivele. Indiferent dac\u0103 sunte\u021bi un instructor de yoga experimentat sau un practicant pasionat, Focus Yoga ofer\u0103 platforma ideal\u0103 pentru a v\u0103 \u00eemp\u0103rt\u0103\u0219i cuno\u0219tin\u021bele \u0219i pentru a inspira pe al\u021bii.<\/span><\/p>\n<p><span style=\"font-weight: 400\">Ceea ce face Yoga cu adev\u0103rat remarcabil este concentrarea pe experien\u021ba utilizatorului \u0219i implicare. Tema este pe deplin receptiv\u0103, asigur\u00e2ndu-v\u0103 c\u0103 con\u021binutul dvs. arat\u0103 uimitor pe toate dispozitivele, de la computere desktop la telefoane mobile. Utilizatorii se pot bucura de o navigare perfect\u0103 \u0219i pot accesa cu u\u0219urin\u021b\u0103 con\u021binutul dvs. valoros, \u00eembun\u0103t\u0103\u021bindu-\u0219i experien\u021ba general\u0103 \u0219i return\u00e2ndu-le pentru mai mult.<\/span><\/p>\n","protected":false},"excerpt":{"rendered":"<ul>\n<li>Biblioteca de pozi\u021bii de yoga<\/li>\n<li>Magazin online<\/li>\n<li>Pagini personalizabile<\/li>\n<li>Gestionarea evenimentelor<\/li>\n<li>Gestionarea membrilor<\/li>\n<li>Integrare video<\/li>\n<li>Cl\u0103direa comunit\u0103\u021bii<\/li>\n<li>Op\u021biuni de personalizare<\/li>\n<li>Asisten\u021b\u0103 \u0219i actualiz\u0103ri continue<\/li>\n<li>M\u0103rturii \u0219i recenzii<\/li>\n<\/ul>\n","protected":false},"featured_media":17476,"template":"","meta":{"_acf_changed":false,"inline_featured_image":false},"product_brand":[],"product_cat":[1645],"product_tag":[1627,1717,1718,1719],"class_list":{"0":"post-17475","1":"product","2":"type-product","3":"status-publish","4":"has-post-thumbnail","6":"product_cat-exclusive-themes-ro","7":"product_tag-fitness-theme-ro","8":"product_tag-fitness-ro","9":"product_tag-yoga-ro","10":"product_tag-yoga-theme-ro","12":"first","13":"instock","14":"sale","15":"downloadable","16":"taxable","17":"shipping-taxable","18":"purchasable","19":"product-type-simple"},"acf":[],"yoast_head":"<!-- This site is optimized with the Yoast SEO Premium plugin v22.1 (Yoast SEO v26.0) - https:\/\/yoast.com\/wordpress\/plugins\/seo\/ -->\n<title>Teme WordPress pentru yoga | Teme de curs de yoga | Teme premium<\/title>\n<meta name=\"description\" content=\"Cufunda\u021bi-v\u0103 \u00een lumea yoga \u00eentr-o tem\u0103 wordpress captivant\u0103 de yoga, conceput\u0103 pentru a v\u0103 \u00eembun\u0103t\u0103\u021bi site-ul de yoga. G\u0103se\u0219te-\u021bi echilibrul interior.\" \/>\n<meta name=\"robots\" content=\"index, follow, max-snippet:-1, max-image-preview:large, max-video-preview:-1\" \/>\n<link rel=\"canonical\" href=\"https:\/\/themeholt.com\/ro\/product\/yoga\/\" \/>\n<meta property=\"og:locale\" content=\"ro_RO\" \/>\n<meta property=\"og:type\" content=\"article\" \/>\n<meta property=\"og:title\" content=\"Yoga\" \/>\n<meta property=\"og:description\" content=\"Cufunda\u021bi-v\u0103 \u00een lumea yoga \u00eentr-o tem\u0103 wordpress captivant\u0103 de yoga, conceput\u0103 pentru a v\u0103 \u00eembun\u0103t\u0103\u021bi site-ul de yoga. G\u0103se\u0219te-\u021bi echilibrul interior.\" \/>\n<meta property=\"og:url\" content=\"https:\/\/themeholt.com\/ro\/product\/yoga\/\" \/>\n<meta property=\"og:site_name\" content=\"ThemeHolt\" \/>\n<meta property=\"article:publisher\" content=\"https:\/\/www.facebook.com\/themeholtT\" \/>\n<meta property=\"article:modified_time\" content=\"2024-11-05T09:29:34+00:00\" \/>\n<meta property=\"og:image\" content=\"https:\/\/themeholt.com\/wp-content\/uploads\/2022\/04\/Creative-Yoga-Theme.jpg\" \/>\n\t<meta property=\"og:image:width\" content=\"1300\" \/>\n\t<meta property=\"og:image:height\" content=\"1300\" \/>\n\t<meta property=\"og:image:type\" content=\"image\/jpeg\" \/>\n<meta name=\"twitter:card\" content=\"summary_large_image\" \/>\n<meta name=\"twitter:site\" content=\"@ThemeholtT\" \/>\n<meta name=\"twitter:label1\" content=\"Timp estimat pentru citire\" \/>\n\t<meta name=\"twitter:data1\" content=\"1 minut\" \/>\n<script type=\"application\/ld+json\" class=\"yoast-schema-graph\">{\"@context\":\"https:\/\/schema.org\",\"@graph\":[{\"@type\":\"WebPage\",\"@id\":\"https:\/\/themeholt.com\/ro\/product\/yoga\/\",\"url\":\"https:\/\/themeholt.com\/ro\/product\/yoga\/\",\"name\":\"Teme WordPress pentru yoga | Teme de curs de yoga | Teme premium\",\"isPartOf\":{\"@id\":\"https:\/\/themeholt.com\/#website\"},\"primaryImageOfPage\":{\"@id\":\"https:\/\/themeholt.com\/ro\/product\/yoga\/#primaryimage\"},\"image\":{\"@id\":\"https:\/\/themeholt.com\/ro\/product\/yoga\/#primaryimage\"},\"thumbnailUrl\":\"https:\/\/themeholt.com\/wp-content\/uploads\/2022\/04\/Creative-Yoga-Theme.jpg\",\"datePublished\":\"2022-04-21T19:33:10+00:00\",\"dateModified\":\"2024-11-05T09:29:34+00:00\",\"description\":\"Cufunda\u021bi-v\u0103 \u00een lumea yoga \u00eentr-o tem\u0103 wordpress captivant\u0103 de yoga, conceput\u0103 pentru a v\u0103 \u00eembun\u0103t\u0103\u021bi site-ul de yoga. G\u0103se\u0219te-\u021bi echilibrul interior.\",\"breadcrumb\":{\"@id\":\"https:\/\/themeholt.com\/ro\/product\/yoga\/#breadcrumb\"},\"inLanguage\":\"ro-RO\",\"potentialAction\":[{\"@type\":\"ReadAction\",\"target\":[\"https:\/\/themeholt.com\/ro\/product\/yoga\/\"]}]},{\"@type\":\"ImageObject\",\"inLanguage\":\"ro-RO\",\"@id\":\"https:\/\/themeholt.com\/ro\/product\/yoga\/#primaryimage\",\"url\":\"https:\/\/themeholt.com\/wp-content\/uploads\/2022\/04\/Creative-Yoga-Theme.jpg\",\"contentUrl\":\"https:\/\/themeholt.com\/wp-content\/uploads\/2022\/04\/Creative-Yoga-Theme.jpg\",\"width\":1300,\"height\":1300},{\"@type\":\"BreadcrumbList\",\"@id\":\"https:\/\/themeholt.com\/ro\/product\/yoga\/#breadcrumb\",\"itemListElement\":[{\"@type\":\"ListItem\",\"position\":1,\"name\":\"Home\",\"item\":\"https:\/\/themeholt.com\/ro\/\"},{\"@type\":\"ListItem\",\"position\":2,\"name\":\"Shop\",\"item\":\"https:\/\/themeholt.com\/shop\/\"},{\"@type\":\"ListItem\",\"position\":3,\"name\":\"Yoga\"}]},{\"@type\":\"WebSite\",\"@id\":\"https:\/\/themeholt.com\/#website\",\"url\":\"https:\/\/themeholt.com\/\",\"name\":\"ThemeHolt\",\"description\":\"Themeholt is a website that offers high-quality WordPress themes\",\"publisher\":{\"@id\":\"https:\/\/themeholt.com\/#organization\"},\"potentialAction\":[{\"@type\":\"SearchAction\",\"target\":{\"@type\":\"EntryPoint\",\"urlTemplate\":\"https:\/\/themeholt.com\/?s={search_term_string}\"},\"query-input\":{\"@type\":\"PropertyValueSpecification\",\"valueRequired\":true,\"valueName\":\"search_term_string\"}}],\"inLanguage\":\"ro-RO\"},{\"@type\":\"Organization\",\"@id\":\"https:\/\/themeholt.com\/#organization\",\"name\":\"ThemeHolt\",\"alternateName\":\"ThemeHolt\",\"url\":\"https:\/\/themeholt.com\/\",\"logo\":{\"@type\":\"ImageObject\",\"inLanguage\":\"ro-RO\",\"@id\":\"https:\/\/themeholt.com\/#\/schema\/logo\/image\/\",\"url\":\"https:\/\/themeholt.com\/wp-content\/uploads\/2024\/10\/themeholt.png\",\"contentUrl\":\"https:\/\/themeholt.com\/wp-content\/uploads\/2024\/10\/themeholt.png\",\"width\":225,\"height\":225,\"caption\":\"ThemeHolt\"},\"image\":{\"@id\":\"https:\/\/themeholt.com\/#\/schema\/logo\/image\/\"},\"sameAs\":[\"https:\/\/www.facebook.com\/themeholtT\",\"https:\/\/x.com\/ThemeholtT\",\"https:\/\/www.linkedin.com\/company\/themeholt\",\"https:\/\/www.instagram.com\/themeholtt\/\"],\"description\":\"Themeholt is a website that offers high-quality WordPress themes that are easy to use and ready for just about everything. In Eindhoven, Netherlands, since 2020 offering simple, accessible WordPress themes by providing a variety of requirements. Themeholt focuses on practicality and efficiency, allowing faster project completion with its superior marketplace and easy-to-use templates.\",\"legalName\":\"ThemeHolt\",\"foundingDate\":\"2022-11-10\",\"numberOfEmployees\":{\"@type\":\"QuantitativeValue\",\"minValue\":\"51\",\"maxValue\":\"200\"}}]}<\/script>\n<!-- \/ Yoast SEO Premium plugin. -->","yoast_head_json":{"title":"Teme WordPress pentru yoga | Teme de curs de yoga | Teme premium","description":"Cufunda\u021bi-v\u0103 \u00een lumea yoga \u00eentr-o tem\u0103 wordpress captivant\u0103 de yoga, conceput\u0103 pentru a v\u0103 \u00eembun\u0103t\u0103\u021bi site-ul de yoga. G\u0103se\u0219te-\u021bi echilibrul interior.","robots":{"index":"index","follow":"follow","max-snippet":"max-snippet:-1","max-image-preview":"max-image-preview:large","max-video-preview":"max-video-preview:-1"},"canonical":"https:\/\/themeholt.com\/ro\/product\/yoga\/","og_locale":"ro_RO","og_type":"article","og_title":"Yoga","og_description":"Cufunda\u021bi-v\u0103 \u00een lumea yoga \u00eentr-o tem\u0103 wordpress captivant\u0103 de yoga, conceput\u0103 pentru a v\u0103 \u00eembun\u0103t\u0103\u021bi site-ul de yoga. G\u0103se\u0219te-\u021bi echilibrul interior.","og_url":"https:\/\/themeholt.com\/ro\/product\/yoga\/","og_site_name":"ThemeHolt","article_publisher":"https:\/\/www.facebook.com\/themeholtT","article_modified_time":"2024-11-05T09:29:34+00:00","og_image":[{"width":1300,"height":1300,"url":"https:\/\/themeholt.com\/wp-content\/uploads\/2022\/04\/Creative-Yoga-Theme.jpg","type":"image\/jpeg"}],"twitter_card":"summary_large_image","twitter_site":"@ThemeholtT","twitter_misc":{"Timp estimat pentru citire":"1 minut"},"schema":{"@context":"https:\/\/schema.org","@graph":[{"@type":"WebPage","@id":"https:\/\/themeholt.com\/ro\/product\/yoga\/","url":"https:\/\/themeholt.com\/ro\/product\/yoga\/","name":"Teme WordPress pentru yoga | Teme de curs de yoga | Teme premium","isPartOf":{"@id":"https:\/\/themeholt.com\/#website"},"primaryImageOfPage":{"@id":"https:\/\/themeholt.com\/ro\/product\/yoga\/#primaryimage"},"image":{"@id":"https:\/\/themeholt.com\/ro\/product\/yoga\/#primaryimage"},"thumbnailUrl":"https:\/\/themeholt.com\/wp-content\/uploads\/2022\/04\/Creative-Yoga-Theme.jpg","datePublished":"2022-04-21T19:33:10+00:00","dateModified":"2024-11-05T09:29:34+00:00","description":"Cufunda\u021bi-v\u0103 \u00een lumea yoga \u00eentr-o tem\u0103 wordpress captivant\u0103 de yoga, conceput\u0103 pentru a v\u0103 \u00eembun\u0103t\u0103\u021bi site-ul de yoga. G\u0103se\u0219te-\u021bi echilibrul interior.","breadcrumb":{"@id":"https:\/\/themeholt.com\/ro\/product\/yoga\/#breadcrumb"},"inLanguage":"ro-RO","potentialAction":[{"@type":"ReadAction","target":["https:\/\/themeholt.com\/ro\/product\/yoga\/"]}]},{"@type":"ImageObject","inLanguage":"ro-RO","@id":"https:\/\/themeholt.com\/ro\/product\/yoga\/#primaryimage","url":"https:\/\/themeholt.com\/wp-content\/uploads\/2022\/04\/Creative-Yoga-Theme.jpg","contentUrl":"https:\/\/themeholt.com\/wp-content\/uploads\/2022\/04\/Creative-Yoga-Theme.jpg","width":1300,"height":1300},{"@type":"BreadcrumbList","@id":"https:\/\/themeholt.com\/ro\/product\/yoga\/#breadcrumb","itemListElement":[{"@type":"ListItem","position":1,"name":"Home","item":"https:\/\/themeholt.com\/ro\/"},{"@type":"ListItem","position":2,"name":"Shop","item":"https:\/\/themeholt.com\/shop\/"},{"@type":"ListItem","position":3,"name":"Yoga"}]},{"@type":"WebSite","@id":"https:\/\/themeholt.com\/#website","url":"https:\/\/themeholt.com\/","name":"ThemeHolt","description":"Themeholt is a website that offers high-quality WordPress themes","publisher":{"@id":"https:\/\/themeholt.com\/#organization"},"potentialAction":[{"@type":"SearchAction","target":{"@type":"EntryPoint","urlTemplate":"https:\/\/themeholt.com\/?s={search_term_string}"},"query-input":{"@type":"PropertyValueSpecification","valueRequired":true,"valueName":"search_term_string"}}],"inLanguage":"ro-RO"},{"@type":"Organization","@id":"https:\/\/themeholt.com\/#organization","name":"ThemeHolt","alternateName":"ThemeHolt","url":"https:\/\/themeholt.com\/","logo":{"@type":"ImageObject","inLanguage":"ro-RO","@id":"https:\/\/themeholt.com\/#\/schema\/logo\/image\/","url":"https:\/\/themeholt.com\/wp-content\/uploads\/2024\/10\/themeholt.png","contentUrl":"https:\/\/themeholt.com\/wp-content\/uploads\/2024\/10\/themeholt.png","width":225,"height":225,"caption":"ThemeHolt"},"image":{"@id":"https:\/\/themeholt.com\/#\/schema\/logo\/image\/"},"sameAs":["https:\/\/www.facebook.com\/themeholtT","https:\/\/x.com\/ThemeholtT","https:\/\/www.linkedin.com\/company\/themeholt","https:\/\/www.instagram.com\/themeholtt\/"],"description":"Themeholt is a website that offers high-quality WordPress themes that are easy to use and ready for just about everything. In Eindhoven, Netherlands, since 2020 offering simple, accessible WordPress themes by providing a variety of requirements. Themeholt focuses on practicality and efficiency, allowing faster project completion with its superior marketplace and easy-to-use templates.","legalName":"ThemeHolt","foundingDate":"2022-11-10","numberOfEmployees":{"@type":"QuantitativeValue","minValue":"51","maxValue":"200"}}]}},"_links":{"self":[{"href":"https:\/\/themeholt.com\/ro\/wp-json\/wp\/v2\/product\/17475","targetHints":{"allow":["GET"]}}],"collection":[{"href":"https:\/\/themeholt.com\/ro\/wp-json\/wp\/v2\/product"}],"about":[{"href":"https:\/\/themeholt.com\/ro\/wp-json\/wp\/v2\/types\/product"}],"wp:featuredmedia":[{"embeddable":true,"href":"https:\/\/themeholt.com\/ro\/wp-json\/wp\/v2\/media\/17476"}],"wp:attachment":[{"href":"https:\/\/themeholt.com\/ro\/wp-json\/wp\/v2\/media?parent=17475"}],"wp:term":[{"taxonomy":"product_brand","embeddable":true,"href":"https:\/\/themeholt.com\/ro\/wp-json\/wp\/v2\/product_brand?post=17475"},{"taxonomy":"product_cat","embeddable":true,"href":"https:\/\/themeholt.com\/ro\/wp-json\/wp\/v2\/product_cat?post=17475"},{"taxonomy":"product_tag","embeddable":true,"href":"https:\/\/themeholt.com\/ro\/wp-json\/wp\/v2\/product_tag?post=17475"}],"curies":[{"name":"wp","href":"https:\/\/api.w.org\/{rel}","templated":true}]}}