{"id":17486,"date":"2022-04-25T09:26:15","date_gmt":"2022-04-25T09:26:15","guid":{"rendered":"https:\/\/themeholt.com\/product\/lifestyle\/"},"modified":"2024-11-05T09:33:43","modified_gmt":"2024-11-05T09:33:43","slug":"stil-de-viata","status":"publish","type":"product","link":"https:\/\/themeholt.com\/ro\/product\/stil-de-viata\/","title":{"rendered":"Stil de via\u021b\u0103"},"content":{"rendered":"<p><span style=\"font-weight: 400\">Bine a\u021bi venit la <\/span><b>Tema WordPress pentru blogul de stil de via\u021b\u0103<\/b><span style=\"font-weight: 400\">, unde ne afund\u0103m ad\u00e2nc \u00een esen\u021b\u0103 de a tr\u0103i o via\u021b\u0103 \u00eemplinit\u0103 \u0219i vibrant\u0103. Blogul nostru este dedicat s\u0103 v\u0103 ajute s\u0103 adopta\u021bi un stil de via\u021b\u0103 echilibrat, plin de inspira\u021bie, bun\u0103stare \u0219i cre\u0219tere personal\u0103.<\/span><\/p>\n<p><span style=\"font-weight: 400\">\u00cen centrul blogului nostru, ve\u021bi g\u0103si o comoar\u0103 de articole \u0219i resurse concepute pentru a v\u0103 aprinde pasiunea de a tr\u0103i via\u021ba la maximum. Acoperim diverse subiecte care cuprind fiecare aspect al stilului dvs. de via\u021b\u0103, de la s\u0103n\u0103tate \u0219i fitness la c\u0103l\u0103torii, mod\u0103, decor, rela\u021bii \u0219i multe altele.<\/span><\/p>\n<p><span style=\"font-weight: 400\">Scriitorii \u0219i colaboratorii no\u0219tri exper\u021bi sunt pasiona\u021bi s\u0103-\u0219i \u00eemp\u0103rt\u0103\u0219easc\u0103 cuno\u0219tin\u021bele \u0219i experien\u021bele pentru a v\u0103 inspira \u0219i a v\u0103 \u00eemputernici \u00een c\u0103l\u0103toria dvs. Fie c\u0103 cau\u021bi sfaturi pentru o diet\u0103 s\u0103n\u0103toas\u0103, rutine de antrenament sau practici de mindfulness, noi \u00ee\u021bi putem acoperi. Credem c\u0103, hr\u0103nindu-\u021bi corpul, mintea \u0219i sufletul, \u00ee\u021bi po\u021bi debloca adev\u0103ratul poten\u021bial \u0219i po\u021bi crea o via\u021b\u0103 care s\u0103-\u021bi aduc\u0103 bucurie \u0219i \u00eemplinire.<\/span><\/p>\n","protected":false},"excerpt":{"rendered":"<ul>\n<li style=\"font-weight: 400\"><span style=\"font-weight: 400\">Interfa\u021b\u0103 de administrare puternic\u0103<\/span><\/li>\n<li style=\"font-weight: 400\"><span style=\"font-weight: 400\">Punt personalizabil<\/span><\/li>\n<li style=\"font-weight: 400\"><span style=\"font-weight: 400\">Nu sunt necesare cuno\u0219tin\u021be de codificare<\/span><\/li>\n<li style=\"font-weight: 400\"><span style=\"font-weight: 400\">Tema pentru copii inclus\u0103<\/span><\/li>\n<li style=\"font-weight: 400\"><span style=\"font-weight: 400\">Design complet receptiv<\/span><\/li>\n<li style=\"font-weight: 400\"><span style=\"font-weight: 400\">Retina Ready<\/span><\/li>\n<li style=\"font-weight: 400\"><span style=\"font-weight: 400\">Compatibil cu WooCommerce<\/span><\/li>\n<li style=\"font-weight: 400\"><span style=\"font-weight: 400\">Seo-Friendly<\/span><\/li>\n<li style=\"font-weight: 400\"><span style=\"font-weight: 400\">Asisten\u021b\u0103 pentru clien\u021bi<\/span><\/li>\n<\/ul>\n","protected":false},"featured_media":17488,"template":"","meta":{"_acf_changed":false,"inline_featured_image":false},"product_brand":[],"product_cat":[1639],"product_tag":[1720,1721,1722,1723,1724],"class_list":{"0":"post-17486","1":"product","2":"type-product","3":"status-publish","4":"has-post-thumbnail","6":"product_cat-premium-themes-ro","7":"product_tag-lifestyle-blog-theme-ro","8":"product_tag-lifestyle-pro-theme-ro","9":"product_tag-lifestyle-templates-ro","10":"product_tag-lifestyle-theme-templates-ro","11":"product_tag-popular-lifestyle-wordpress-themes-ro","13":"first","14":"instock","15":"sale","16":"downloadable","17":"taxable","18":"shipping-taxable","19":"purchasable","20":"product-type-simple"},"acf":[],"yoast_head":"<!-- This site is optimized with the Yoast SEO Premium plugin v22.1 (Yoast SEO v26.0) - https:\/\/yoast.com\/wordpress\/plugins\/seo\/ -->\n<title>Tema WordPress pentru stil de via\u021b\u0103 - Tema WordPress pentru blogul stil de via\u021b\u0103<\/title>\n<meta name=\"description\" content=\"Descoperi\u021bi o lume de inspira\u021bie \u0219i sfaturi pentru un stil de via\u021b\u0103 vibrant cu tema noastr\u0103 WordPress pentru blogul Lifestyle. \u00cembr\u0103\u021bi\u0219eaz\u0103 o via\u021b\u0103 echilibrat\u0103 \u0219i \u00eemplinit\u0103 ast\u0103zi!\" \/>\n<meta name=\"robots\" content=\"index, follow, max-snippet:-1, max-image-preview:large, max-video-preview:-1\" \/>\n<link rel=\"canonical\" href=\"https:\/\/themeholt.com\/ro\/product\/stil-de-viata\/\" \/>\n<meta property=\"og:locale\" content=\"ro_RO\" \/>\n<meta property=\"og:type\" content=\"article\" \/>\n<meta property=\"og:title\" content=\"Stil de via\u021b\u0103\" \/>\n<meta property=\"og:description\" content=\"Descoperi\u021bi o lume de inspira\u021bie \u0219i sfaturi pentru un stil de via\u021b\u0103 vibrant cu tema noastr\u0103 WordPress pentru blogul Lifestyle. \u00cembr\u0103\u021bi\u0219eaz\u0103 o via\u021b\u0103 echilibrat\u0103 \u0219i \u00eemplinit\u0103 ast\u0103zi!\" \/>\n<meta property=\"og:url\" content=\"https:\/\/themeholt.com\/ro\/product\/stil-de-viata\/\" \/>\n<meta property=\"og:site_name\" content=\"ThemeHolt\" \/>\n<meta property=\"article:publisher\" content=\"https:\/\/www.facebook.com\/themeholtT\" \/>\n<meta property=\"article:modified_time\" content=\"2024-11-05T09:33:43+00:00\" \/>\n<meta property=\"og:image\" content=\"https:\/\/themeholt.com\/wp-content\/uploads\/2022\/04\/Populr-Lifestyle-theme.jpg\" \/>\n\t<meta property=\"og:image:width\" content=\"1300\" \/>\n\t<meta property=\"og:image:height\" content=\"1300\" \/>\n\t<meta property=\"og:image:type\" content=\"image\/jpeg\" \/>\n<meta name=\"twitter:card\" content=\"summary_large_image\" \/>\n<meta name=\"twitter:site\" content=\"@ThemeholtT\" \/>\n<meta name=\"twitter:label1\" content=\"Timp estimat pentru citire\" \/>\n\t<meta name=\"twitter:data1\" content=\"1 minut\" \/>\n<script type=\"application\/ld+json\" class=\"yoast-schema-graph\">{\"@context\":\"https:\/\/schema.org\",\"@graph\":[{\"@type\":\"WebPage\",\"@id\":\"https:\/\/themeholt.com\/ro\/product\/stil-de-viata\/\",\"url\":\"https:\/\/themeholt.com\/ro\/product\/stil-de-viata\/\",\"name\":\"Tema WordPress pentru stil de via\u021b\u0103 - Tema WordPress pentru blogul stil de via\u021b\u0103\",\"isPartOf\":{\"@id\":\"https:\/\/themeholt.com\/#website\"},\"primaryImageOfPage\":{\"@id\":\"https:\/\/themeholt.com\/ro\/product\/stil-de-viata\/#primaryimage\"},\"image\":{\"@id\":\"https:\/\/themeholt.com\/ro\/product\/stil-de-viata\/#primaryimage\"},\"thumbnailUrl\":\"https:\/\/themeholt.com\/wp-content\/uploads\/2022\/04\/Populr-Lifestyle-theme.jpg\",\"datePublished\":\"2022-04-25T09:26:15+00:00\",\"dateModified\":\"2024-11-05T09:33:43+00:00\",\"description\":\"Descoperi\u021bi o lume de inspira\u021bie \u0219i sfaturi pentru un stil de via\u021b\u0103 vibrant cu tema noastr\u0103 WordPress pentru blogul Lifestyle. \u00cembr\u0103\u021bi\u0219eaz\u0103 o via\u021b\u0103 echilibrat\u0103 \u0219i \u00eemplinit\u0103 ast\u0103zi!\",\"breadcrumb\":{\"@id\":\"https:\/\/themeholt.com\/ro\/product\/stil-de-viata\/#breadcrumb\"},\"inLanguage\":\"ro-RO\",\"potentialAction\":[{\"@type\":\"ReadAction\",\"target\":[\"https:\/\/themeholt.com\/ro\/product\/stil-de-viata\/\"]}]},{\"@type\":\"ImageObject\",\"inLanguage\":\"ro-RO\",\"@id\":\"https:\/\/themeholt.com\/ro\/product\/stil-de-viata\/#primaryimage\",\"url\":\"https:\/\/themeholt.com\/wp-content\/uploads\/2022\/04\/Populr-Lifestyle-theme.jpg\",\"contentUrl\":\"https:\/\/themeholt.com\/wp-content\/uploads\/2022\/04\/Populr-Lifestyle-theme.jpg\",\"width\":1300,\"height\":1300},{\"@type\":\"BreadcrumbList\",\"@id\":\"https:\/\/themeholt.com\/ro\/product\/stil-de-viata\/#breadcrumb\",\"itemListElement\":[{\"@type\":\"ListItem\",\"position\":1,\"name\":\"Home\",\"item\":\"https:\/\/themeholt.com\/ro\/\"},{\"@type\":\"ListItem\",\"position\":2,\"name\":\"Shop\",\"item\":\"https:\/\/themeholt.com\/shop\/\"},{\"@type\":\"ListItem\",\"position\":3,\"name\":\"Stil de via\u021b\u0103\"}]},{\"@type\":\"WebSite\",\"@id\":\"https:\/\/themeholt.com\/#website\",\"url\":\"https:\/\/themeholt.com\/\",\"name\":\"ThemeHolt\",\"description\":\"Themeholt is a website that offers high-quality WordPress themes\",\"publisher\":{\"@id\":\"https:\/\/themeholt.com\/#organization\"},\"potentialAction\":[{\"@type\":\"SearchAction\",\"target\":{\"@type\":\"EntryPoint\",\"urlTemplate\":\"https:\/\/themeholt.com\/?s={search_term_string}\"},\"query-input\":{\"@type\":\"PropertyValueSpecification\",\"valueRequired\":true,\"valueName\":\"search_term_string\"}}],\"inLanguage\":\"ro-RO\"},{\"@type\":\"Organization\",\"@id\":\"https:\/\/themeholt.com\/#organization\",\"name\":\"ThemeHolt\",\"alternateName\":\"ThemeHolt\",\"url\":\"https:\/\/themeholt.com\/\",\"logo\":{\"@type\":\"ImageObject\",\"inLanguage\":\"ro-RO\",\"@id\":\"https:\/\/themeholt.com\/#\/schema\/logo\/image\/\",\"url\":\"https:\/\/themeholt.com\/wp-content\/uploads\/2024\/10\/themeholt.png\",\"contentUrl\":\"https:\/\/themeholt.com\/wp-content\/uploads\/2024\/10\/themeholt.png\",\"width\":225,\"height\":225,\"caption\":\"ThemeHolt\"},\"image\":{\"@id\":\"https:\/\/themeholt.com\/#\/schema\/logo\/image\/\"},\"sameAs\":[\"https:\/\/www.facebook.com\/themeholtT\",\"https:\/\/x.com\/ThemeholtT\",\"https:\/\/www.linkedin.com\/company\/themeholt\",\"https:\/\/www.instagram.com\/themeholtt\/\"],\"description\":\"Themeholt is a website that offers high-quality WordPress themes that are easy to use and ready for just about everything. In Eindhoven, Netherlands, since 2020 offering simple, accessible WordPress themes by providing a variety of requirements. Themeholt focuses on practicality and efficiency, allowing faster project completion with its superior marketplace and easy-to-use templates.\",\"legalName\":\"ThemeHolt\",\"foundingDate\":\"2022-11-10\",\"numberOfEmployees\":{\"@type\":\"QuantitativeValue\",\"minValue\":\"51\",\"maxValue\":\"200\"}}]}<\/script>\n<!-- \/ Yoast SEO Premium plugin. -->","yoast_head_json":{"title":"Tema WordPress pentru stil de via\u021b\u0103 - Tema WordPress pentru blogul stil de via\u021b\u0103","description":"Descoperi\u021bi o lume de inspira\u021bie \u0219i sfaturi pentru un stil de via\u021b\u0103 vibrant cu tema noastr\u0103 WordPress pentru blogul Lifestyle. \u00cembr\u0103\u021bi\u0219eaz\u0103 o via\u021b\u0103 echilibrat\u0103 \u0219i \u00eemplinit\u0103 ast\u0103zi!","robots":{"index":"index","follow":"follow","max-snippet":"max-snippet:-1","max-image-preview":"max-image-preview:large","max-video-preview":"max-video-preview:-1"},"canonical":"https:\/\/themeholt.com\/ro\/product\/stil-de-viata\/","og_locale":"ro_RO","og_type":"article","og_title":"Stil de via\u021b\u0103","og_description":"Descoperi\u021bi o lume de inspira\u021bie \u0219i sfaturi pentru un stil de via\u021b\u0103 vibrant cu tema noastr\u0103 WordPress pentru blogul Lifestyle. \u00cembr\u0103\u021bi\u0219eaz\u0103 o via\u021b\u0103 echilibrat\u0103 \u0219i \u00eemplinit\u0103 ast\u0103zi!","og_url":"https:\/\/themeholt.com\/ro\/product\/stil-de-viata\/","og_site_name":"ThemeHolt","article_publisher":"https:\/\/www.facebook.com\/themeholtT","article_modified_time":"2024-11-05T09:33:43+00:00","og_image":[{"width":1300,"height":1300,"url":"https:\/\/themeholt.com\/wp-content\/uploads\/2022\/04\/Populr-Lifestyle-theme.jpg","type":"image\/jpeg"}],"twitter_card":"summary_large_image","twitter_site":"@ThemeholtT","twitter_misc":{"Timp estimat pentru citire":"1 minut"},"schema":{"@context":"https:\/\/schema.org","@graph":[{"@type":"WebPage","@id":"https:\/\/themeholt.com\/ro\/product\/stil-de-viata\/","url":"https:\/\/themeholt.com\/ro\/product\/stil-de-viata\/","name":"Tema WordPress pentru stil de via\u021b\u0103 - Tema WordPress pentru blogul stil de via\u021b\u0103","isPartOf":{"@id":"https:\/\/themeholt.com\/#website"},"primaryImageOfPage":{"@id":"https:\/\/themeholt.com\/ro\/product\/stil-de-viata\/#primaryimage"},"image":{"@id":"https:\/\/themeholt.com\/ro\/product\/stil-de-viata\/#primaryimage"},"thumbnailUrl":"https:\/\/themeholt.com\/wp-content\/uploads\/2022\/04\/Populr-Lifestyle-theme.jpg","datePublished":"2022-04-25T09:26:15+00:00","dateModified":"2024-11-05T09:33:43+00:00","description":"Descoperi\u021bi o lume de inspira\u021bie \u0219i sfaturi pentru un stil de via\u021b\u0103 vibrant cu tema noastr\u0103 WordPress pentru blogul Lifestyle. \u00cembr\u0103\u021bi\u0219eaz\u0103 o via\u021b\u0103 echilibrat\u0103 \u0219i \u00eemplinit\u0103 ast\u0103zi!","breadcrumb":{"@id":"https:\/\/themeholt.com\/ro\/product\/stil-de-viata\/#breadcrumb"},"inLanguage":"ro-RO","potentialAction":[{"@type":"ReadAction","target":["https:\/\/themeholt.com\/ro\/product\/stil-de-viata\/"]}]},{"@type":"ImageObject","inLanguage":"ro-RO","@id":"https:\/\/themeholt.com\/ro\/product\/stil-de-viata\/#primaryimage","url":"https:\/\/themeholt.com\/wp-content\/uploads\/2022\/04\/Populr-Lifestyle-theme.jpg","contentUrl":"https:\/\/themeholt.com\/wp-content\/uploads\/2022\/04\/Populr-Lifestyle-theme.jpg","width":1300,"height":1300},{"@type":"BreadcrumbList","@id":"https:\/\/themeholt.com\/ro\/product\/stil-de-viata\/#breadcrumb","itemListElement":[{"@type":"ListItem","position":1,"name":"Home","item":"https:\/\/themeholt.com\/ro\/"},{"@type":"ListItem","position":2,"name":"Shop","item":"https:\/\/themeholt.com\/shop\/"},{"@type":"ListItem","position":3,"name":"Stil de via\u021b\u0103"}]},{"@type":"WebSite","@id":"https:\/\/themeholt.com\/#website","url":"https:\/\/themeholt.com\/","name":"ThemeHolt","description":"Themeholt is a website that offers high-quality WordPress themes","publisher":{"@id":"https:\/\/themeholt.com\/#organization"},"potentialAction":[{"@type":"SearchAction","target":{"@type":"EntryPoint","urlTemplate":"https:\/\/themeholt.com\/?s={search_term_string}"},"query-input":{"@type":"PropertyValueSpecification","valueRequired":true,"valueName":"search_term_string"}}],"inLanguage":"ro-RO"},{"@type":"Organization","@id":"https:\/\/themeholt.com\/#organization","name":"ThemeHolt","alternateName":"ThemeHolt","url":"https:\/\/themeholt.com\/","logo":{"@type":"ImageObject","inLanguage":"ro-RO","@id":"https:\/\/themeholt.com\/#\/schema\/logo\/image\/","url":"https:\/\/themeholt.com\/wp-content\/uploads\/2024\/10\/themeholt.png","contentUrl":"https:\/\/themeholt.com\/wp-content\/uploads\/2024\/10\/themeholt.png","width":225,"height":225,"caption":"ThemeHolt"},"image":{"@id":"https:\/\/themeholt.com\/#\/schema\/logo\/image\/"},"sameAs":["https:\/\/www.facebook.com\/themeholtT","https:\/\/x.com\/ThemeholtT","https:\/\/www.linkedin.com\/company\/themeholt","https:\/\/www.instagram.com\/themeholtt\/"],"description":"Themeholt is a website that offers high-quality WordPress themes that are easy to use and ready for just about everything. In Eindhoven, Netherlands, since 2020 offering simple, accessible WordPress themes by providing a variety of requirements. Themeholt focuses on practicality and efficiency, allowing faster project completion with its superior marketplace and easy-to-use templates.","legalName":"ThemeHolt","foundingDate":"2022-11-10","numberOfEmployees":{"@type":"QuantitativeValue","minValue":"51","maxValue":"200"}}]}},"_links":{"self":[{"href":"https:\/\/themeholt.com\/ro\/wp-json\/wp\/v2\/product\/17486","targetHints":{"allow":["GET"]}}],"collection":[{"href":"https:\/\/themeholt.com\/ro\/wp-json\/wp\/v2\/product"}],"about":[{"href":"https:\/\/themeholt.com\/ro\/wp-json\/wp\/v2\/types\/product"}],"wp:featuredmedia":[{"embeddable":true,"href":"https:\/\/themeholt.com\/ro\/wp-json\/wp\/v2\/media\/17488"}],"wp:attachment":[{"href":"https:\/\/themeholt.com\/ro\/wp-json\/wp\/v2\/media?parent=17486"}],"wp:term":[{"taxonomy":"product_brand","embeddable":true,"href":"https:\/\/themeholt.com\/ro\/wp-json\/wp\/v2\/product_brand?post=17486"},{"taxonomy":"product_cat","embeddable":true,"href":"https:\/\/themeholt.com\/ro\/wp-json\/wp\/v2\/product_cat?post=17486"},{"taxonomy":"product_tag","embeddable":true,"href":"https:\/\/themeholt.com\/ro\/wp-json\/wp\/v2\/product_tag?post=17486"}],"curies":[{"name":"wp","href":"https:\/\/api.w.org\/{rel}","templated":true}]}}