{"id":17487,"date":"2022-04-25T09:18:50","date_gmt":"2022-04-25T09:18:50","guid":{"rendered":"https:\/\/themeholt.com\/product\/coffee\/"},"modified":"2024-11-05T09:36:10","modified_gmt":"2024-11-05T09:36:10","slug":"cafea","status":"publish","type":"product","link":"https:\/\/themeholt.com\/ro\/product\/cafea\/","title":{"rendered":"Cafea"},"content":{"rendered":"<p><span style=\"font-weight: 400\">Dac\u0103 dori\u021bi s\u0103 crea\u021bi un site web de cafenea excep\u021bional,<\/span><b> Tema cafenea moderat\u0103 <\/b><span style=\"font-weight: 400\">este fara indoiala alegerea perfecta! Aceast\u0103 tem\u0103 ofer\u0103 o colec\u021bie uimitoare de pagini de pornire \u0219i interioare pre-proiectate care pot fi personalizate f\u0103r\u0103 efort pentru a se potrivi nevoilor dvs. Cu caracteristicile sale versatile \u0219i designul impecabil, aceast\u0103 tem\u0103 este ideal\u0103 pentru cafenele, baruri \u0219i companii similare, asigur\u00e2ndu-v\u0103 c\u0103 site-ul dvs. iese \u00een eviden\u021b\u0103.<\/span><\/p>\n<p><span style=\"font-weight: 400\">Una dintre caracteristicile remarcabile ale <\/span><b>Teme de cafenea <\/b><span style=\"font-weight: 400\">este aspectul impecabil al meniului . Afi\u0219area meniului de b\u0103uturi \u00een cel mai bun stil nu a fost niciodat\u0103 mai accesibil\u0103. V\u0103 pute\u021bi prezenta gama extins\u0103 de b\u0103uturi, de la cafele aromate la ceaiuri delicioase \u0219i smoothie-uri r\u0103coritoare. Cu diverse \u0219abloane de meniu atractive din punct de vedere vizual \u0219i u\u0219or de utilizat, v\u0103 pute\u021bi prezenta ofertele \u00eentr-un mod care captiveaz\u0103 vizitatorii \u0219i \u00eei ademene\u0219te s\u0103 \u00eencerce crea\u021biile dvs. delicioase.<\/span><\/p>\n","protected":false},"excerpt":{"rendered":"<ul>\n<li style=\"font-weight: 400\"><span style=\"font-weight: 400\">Elementor<\/span><\/li>\n<li style=\"font-weight: 400\"><span style=\"font-weight: 400\">Elemente uimitoare pentru cafenele \u0219i amp; cantine<\/span><\/li>\n<li style=\"font-weight: 400\"><span style=\"font-weight: 400\">Aspecte frumoase pentru meniul de b\u0103uturi<\/span><\/li>\n<li style=\"font-weight: 400\"><span style=\"font-weight: 400\">Perfect pentru orice bistro, cafenea sau bar<\/span><\/li>\n<li style=\"font-weight: 400\"><span style=\"font-weight: 400\">Op\u021biuni de tipografie<\/span><\/li>\n<li style=\"font-weight: 400\"><span style=\"font-weight: 400\">Bine documentat<\/span><\/li>\n<li style=\"font-weight: 400\"><span style=\"font-weight: 400\">Complet receptiv<\/span><\/li>\n<li style=\"font-weight: 400\"><span style=\"font-weight: 400\">WooCommerce<\/span><\/li>\n<li style=\"font-weight: 400\"><span style=\"font-weight: 400\">Asisten\u021b\u0103 pentru clien\u021bi<\/span><\/li>\n<\/ul>\n","protected":false},"featured_media":17489,"template":"","meta":{"_acf_changed":false,"inline_featured_image":false},"product_brand":[],"product_cat":[1645],"product_tag":[1725,1726,1727,1728],"class_list":{"0":"post-17487","1":"product","2":"type-product","3":"status-publish","4":"has-post-thumbnail","6":"product_cat-exclusive-themes-ro","7":"product_tag-coffee-shop-wordpress-themes-ro","8":"product_tag-coffee-theme-ro","9":"product_tag-coffee-website-templates-ro","10":"product_tag-coffee-wordpress-themes-ro","12":"first","13":"instock","14":"sale","15":"downloadable","16":"taxable","17":"shipping-taxable","18":"purchasable","19":"product-type-simple"},"acf":[],"yoast_head":"<!-- This site is optimized with the Yoast SEO Premium plugin v22.1 (Yoast SEO v26.0) - https:\/\/yoast.com\/wordpress\/plugins\/seo\/ -->\n<title>\u0218abloane site-uri cafea | Teme WordPress pentru cafenea<\/title>\n<meta name=\"description\" content=\"Descoperi\u021bi prezen\u021ba online a cafenelei dvs. cu teme captivante pentru cafenele. Personaliza\u021bi \u0219i prezenta\u021bi-v\u0103 atmosfera \u0219i ofertele unice.\" \/>\n<meta name=\"robots\" content=\"index, follow, max-snippet:-1, max-image-preview:large, max-video-preview:-1\" \/>\n<link rel=\"canonical\" href=\"https:\/\/themeholt.com\/ro\/product\/cafea\/\" \/>\n<meta property=\"og:locale\" content=\"ro_RO\" \/>\n<meta property=\"og:type\" content=\"article\" \/>\n<meta property=\"og:title\" content=\"Cafea\" \/>\n<meta property=\"og:description\" content=\"Descoperi\u021bi prezen\u021ba online a cafenelei dvs. cu teme captivante pentru cafenele. Personaliza\u021bi \u0219i prezenta\u021bi-v\u0103 atmosfera \u0219i ofertele unice.\" \/>\n<meta property=\"og:url\" content=\"https:\/\/themeholt.com\/ro\/product\/cafea\/\" \/>\n<meta property=\"og:site_name\" content=\"ThemeHolt\" \/>\n<meta property=\"article:publisher\" content=\"https:\/\/www.facebook.com\/themeholtT\" \/>\n<meta property=\"article:modified_time\" content=\"2024-11-05T09:36:10+00:00\" \/>\n<meta property=\"og:image\" content=\"https:\/\/themeholt.com\/wp-content\/uploads\/2022\/04\/best-coffee-theme.jpg\" \/>\n\t<meta property=\"og:image:width\" content=\"1300\" \/>\n\t<meta property=\"og:image:height\" content=\"1283\" \/>\n\t<meta property=\"og:image:type\" content=\"image\/jpeg\" \/>\n<meta name=\"twitter:card\" content=\"summary_large_image\" \/>\n<meta name=\"twitter:site\" content=\"@ThemeholtT\" \/>\n<meta name=\"twitter:label1\" content=\"Timp estimat pentru citire\" \/>\n\t<meta name=\"twitter:data1\" content=\"1 minut\" \/>\n<script type=\"application\/ld+json\" class=\"yoast-schema-graph\">{\"@context\":\"https:\/\/schema.org\",\"@graph\":[{\"@type\":\"WebPage\",\"@id\":\"https:\/\/themeholt.com\/ro\/product\/cafea\/\",\"url\":\"https:\/\/themeholt.com\/ro\/product\/cafea\/\",\"name\":\"\u0218abloane site-uri cafea | Teme WordPress pentru cafenea\",\"isPartOf\":{\"@id\":\"https:\/\/themeholt.com\/#website\"},\"primaryImageOfPage\":{\"@id\":\"https:\/\/themeholt.com\/ro\/product\/cafea\/#primaryimage\"},\"image\":{\"@id\":\"https:\/\/themeholt.com\/ro\/product\/cafea\/#primaryimage\"},\"thumbnailUrl\":\"https:\/\/themeholt.com\/wp-content\/uploads\/2022\/04\/best-coffee-theme.jpg\",\"datePublished\":\"2022-04-25T09:18:50+00:00\",\"dateModified\":\"2024-11-05T09:36:10+00:00\",\"description\":\"Descoperi\u021bi prezen\u021ba online a cafenelei dvs. cu teme captivante pentru cafenele. Personaliza\u021bi \u0219i prezenta\u021bi-v\u0103 atmosfera \u0219i ofertele unice.\",\"breadcrumb\":{\"@id\":\"https:\/\/themeholt.com\/ro\/product\/cafea\/#breadcrumb\"},\"inLanguage\":\"ro-RO\",\"potentialAction\":[{\"@type\":\"ReadAction\",\"target\":[\"https:\/\/themeholt.com\/ro\/product\/cafea\/\"]}]},{\"@type\":\"ImageObject\",\"inLanguage\":\"ro-RO\",\"@id\":\"https:\/\/themeholt.com\/ro\/product\/cafea\/#primaryimage\",\"url\":\"https:\/\/themeholt.com\/wp-content\/uploads\/2022\/04\/best-coffee-theme.jpg\",\"contentUrl\":\"https:\/\/themeholt.com\/wp-content\/uploads\/2022\/04\/best-coffee-theme.jpg\",\"width\":1300,\"height\":1283},{\"@type\":\"BreadcrumbList\",\"@id\":\"https:\/\/themeholt.com\/ro\/product\/cafea\/#breadcrumb\",\"itemListElement\":[{\"@type\":\"ListItem\",\"position\":1,\"name\":\"Home\",\"item\":\"https:\/\/themeholt.com\/ro\/\"},{\"@type\":\"ListItem\",\"position\":2,\"name\":\"Shop\",\"item\":\"https:\/\/themeholt.com\/shop\/\"},{\"@type\":\"ListItem\",\"position\":3,\"name\":\"Cafea\"}]},{\"@type\":\"WebSite\",\"@id\":\"https:\/\/themeholt.com\/#website\",\"url\":\"https:\/\/themeholt.com\/\",\"name\":\"ThemeHolt\",\"description\":\"Themeholt is a website that offers high-quality WordPress themes\",\"publisher\":{\"@id\":\"https:\/\/themeholt.com\/#organization\"},\"potentialAction\":[{\"@type\":\"SearchAction\",\"target\":{\"@type\":\"EntryPoint\",\"urlTemplate\":\"https:\/\/themeholt.com\/?s={search_term_string}\"},\"query-input\":{\"@type\":\"PropertyValueSpecification\",\"valueRequired\":true,\"valueName\":\"search_term_string\"}}],\"inLanguage\":\"ro-RO\"},{\"@type\":\"Organization\",\"@id\":\"https:\/\/themeholt.com\/#organization\",\"name\":\"ThemeHolt\",\"alternateName\":\"ThemeHolt\",\"url\":\"https:\/\/themeholt.com\/\",\"logo\":{\"@type\":\"ImageObject\",\"inLanguage\":\"ro-RO\",\"@id\":\"https:\/\/themeholt.com\/#\/schema\/logo\/image\/\",\"url\":\"https:\/\/themeholt.com\/wp-content\/uploads\/2024\/10\/themeholt.png\",\"contentUrl\":\"https:\/\/themeholt.com\/wp-content\/uploads\/2024\/10\/themeholt.png\",\"width\":225,\"height\":225,\"caption\":\"ThemeHolt\"},\"image\":{\"@id\":\"https:\/\/themeholt.com\/#\/schema\/logo\/image\/\"},\"sameAs\":[\"https:\/\/www.facebook.com\/themeholtT\",\"https:\/\/x.com\/ThemeholtT\",\"https:\/\/www.linkedin.com\/company\/themeholt\",\"https:\/\/www.instagram.com\/themeholtt\/\"],\"description\":\"Themeholt is a website that offers high-quality WordPress themes that are easy to use and ready for just about everything. In Eindhoven, Netherlands, since 2020 offering simple, accessible WordPress themes by providing a variety of requirements. Themeholt focuses on practicality and efficiency, allowing faster project completion with its superior marketplace and easy-to-use templates.\",\"legalName\":\"ThemeHolt\",\"foundingDate\":\"2022-11-10\",\"numberOfEmployees\":{\"@type\":\"QuantitativeValue\",\"minValue\":\"51\",\"maxValue\":\"200\"}}]}<\/script>\n<!-- \/ Yoast SEO Premium plugin. -->","yoast_head_json":{"title":"\u0218abloane site-uri cafea | Teme WordPress pentru cafenea","description":"Descoperi\u021bi prezen\u021ba online a cafenelei dvs. cu teme captivante pentru cafenele. Personaliza\u021bi \u0219i prezenta\u021bi-v\u0103 atmosfera \u0219i ofertele unice.","robots":{"index":"index","follow":"follow","max-snippet":"max-snippet:-1","max-image-preview":"max-image-preview:large","max-video-preview":"max-video-preview:-1"},"canonical":"https:\/\/themeholt.com\/ro\/product\/cafea\/","og_locale":"ro_RO","og_type":"article","og_title":"Cafea","og_description":"Descoperi\u021bi prezen\u021ba online a cafenelei dvs. cu teme captivante pentru cafenele. Personaliza\u021bi \u0219i prezenta\u021bi-v\u0103 atmosfera \u0219i ofertele unice.","og_url":"https:\/\/themeholt.com\/ro\/product\/cafea\/","og_site_name":"ThemeHolt","article_publisher":"https:\/\/www.facebook.com\/themeholtT","article_modified_time":"2024-11-05T09:36:10+00:00","og_image":[{"width":1300,"height":1283,"url":"https:\/\/themeholt.com\/wp-content\/uploads\/2022\/04\/best-coffee-theme.jpg","type":"image\/jpeg"}],"twitter_card":"summary_large_image","twitter_site":"@ThemeholtT","twitter_misc":{"Timp estimat pentru citire":"1 minut"},"schema":{"@context":"https:\/\/schema.org","@graph":[{"@type":"WebPage","@id":"https:\/\/themeholt.com\/ro\/product\/cafea\/","url":"https:\/\/themeholt.com\/ro\/product\/cafea\/","name":"\u0218abloane site-uri cafea | Teme WordPress pentru cafenea","isPartOf":{"@id":"https:\/\/themeholt.com\/#website"},"primaryImageOfPage":{"@id":"https:\/\/themeholt.com\/ro\/product\/cafea\/#primaryimage"},"image":{"@id":"https:\/\/themeholt.com\/ro\/product\/cafea\/#primaryimage"},"thumbnailUrl":"https:\/\/themeholt.com\/wp-content\/uploads\/2022\/04\/best-coffee-theme.jpg","datePublished":"2022-04-25T09:18:50+00:00","dateModified":"2024-11-05T09:36:10+00:00","description":"Descoperi\u021bi prezen\u021ba online a cafenelei dvs. cu teme captivante pentru cafenele. Personaliza\u021bi \u0219i prezenta\u021bi-v\u0103 atmosfera \u0219i ofertele unice.","breadcrumb":{"@id":"https:\/\/themeholt.com\/ro\/product\/cafea\/#breadcrumb"},"inLanguage":"ro-RO","potentialAction":[{"@type":"ReadAction","target":["https:\/\/themeholt.com\/ro\/product\/cafea\/"]}]},{"@type":"ImageObject","inLanguage":"ro-RO","@id":"https:\/\/themeholt.com\/ro\/product\/cafea\/#primaryimage","url":"https:\/\/themeholt.com\/wp-content\/uploads\/2022\/04\/best-coffee-theme.jpg","contentUrl":"https:\/\/themeholt.com\/wp-content\/uploads\/2022\/04\/best-coffee-theme.jpg","width":1300,"height":1283},{"@type":"BreadcrumbList","@id":"https:\/\/themeholt.com\/ro\/product\/cafea\/#breadcrumb","itemListElement":[{"@type":"ListItem","position":1,"name":"Home","item":"https:\/\/themeholt.com\/ro\/"},{"@type":"ListItem","position":2,"name":"Shop","item":"https:\/\/themeholt.com\/shop\/"},{"@type":"ListItem","position":3,"name":"Cafea"}]},{"@type":"WebSite","@id":"https:\/\/themeholt.com\/#website","url":"https:\/\/themeholt.com\/","name":"ThemeHolt","description":"Themeholt is a website that offers high-quality WordPress themes","publisher":{"@id":"https:\/\/themeholt.com\/#organization"},"potentialAction":[{"@type":"SearchAction","target":{"@type":"EntryPoint","urlTemplate":"https:\/\/themeholt.com\/?s={search_term_string}"},"query-input":{"@type":"PropertyValueSpecification","valueRequired":true,"valueName":"search_term_string"}}],"inLanguage":"ro-RO"},{"@type":"Organization","@id":"https:\/\/themeholt.com\/#organization","name":"ThemeHolt","alternateName":"ThemeHolt","url":"https:\/\/themeholt.com\/","logo":{"@type":"ImageObject","inLanguage":"ro-RO","@id":"https:\/\/themeholt.com\/#\/schema\/logo\/image\/","url":"https:\/\/themeholt.com\/wp-content\/uploads\/2024\/10\/themeholt.png","contentUrl":"https:\/\/themeholt.com\/wp-content\/uploads\/2024\/10\/themeholt.png","width":225,"height":225,"caption":"ThemeHolt"},"image":{"@id":"https:\/\/themeholt.com\/#\/schema\/logo\/image\/"},"sameAs":["https:\/\/www.facebook.com\/themeholtT","https:\/\/x.com\/ThemeholtT","https:\/\/www.linkedin.com\/company\/themeholt","https:\/\/www.instagram.com\/themeholtt\/"],"description":"Themeholt is a website that offers high-quality WordPress themes that are easy to use and ready for just about everything. In Eindhoven, Netherlands, since 2020 offering simple, accessible WordPress themes by providing a variety of requirements. Themeholt focuses on practicality and efficiency, allowing faster project completion with its superior marketplace and easy-to-use templates.","legalName":"ThemeHolt","foundingDate":"2022-11-10","numberOfEmployees":{"@type":"QuantitativeValue","minValue":"51","maxValue":"200"}}]}},"_links":{"self":[{"href":"https:\/\/themeholt.com\/ro\/wp-json\/wp\/v2\/product\/17487","targetHints":{"allow":["GET"]}}],"collection":[{"href":"https:\/\/themeholt.com\/ro\/wp-json\/wp\/v2\/product"}],"about":[{"href":"https:\/\/themeholt.com\/ro\/wp-json\/wp\/v2\/types\/product"}],"wp:featuredmedia":[{"embeddable":true,"href":"https:\/\/themeholt.com\/ro\/wp-json\/wp\/v2\/media\/17489"}],"wp:attachment":[{"href":"https:\/\/themeholt.com\/ro\/wp-json\/wp\/v2\/media?parent=17487"}],"wp:term":[{"taxonomy":"product_brand","embeddable":true,"href":"https:\/\/themeholt.com\/ro\/wp-json\/wp\/v2\/product_brand?post=17487"},{"taxonomy":"product_cat","embeddable":true,"href":"https:\/\/themeholt.com\/ro\/wp-json\/wp\/v2\/product_cat?post=17487"},{"taxonomy":"product_tag","embeddable":true,"href":"https:\/\/themeholt.com\/ro\/wp-json\/wp\/v2\/product_tag?post=17487"}],"curies":[{"name":"wp","href":"https:\/\/api.w.org\/{rel}","templated":true}]}}