{"id":17518,"date":"2022-04-22T13:17:08","date_gmt":"2022-04-22T13:17:08","guid":{"rendered":"https:\/\/themeholt.com\/product\/software\/"},"modified":"2024-11-05T09:54:48","modified_gmt":"2024-11-05T09:54:48","slug":"software","status":"publish","type":"product","link":"https:\/\/themeholt.com\/ro\/product\/software\/","title":{"rendered":"Software"},"content":{"rendered":"<p><span style=\"font-weight: 400\">Bine a\u021bi venit \u00een lumea <\/span><b>Software Company Theme WordPress,<\/b><span style=\"font-weight: 400\"> unde design de ultim\u0103 or\u0103 \u00eendepline\u0219te func\u021bionalitatea pentru a v\u0103 ajuta s\u0103 crea\u021bi o prezen\u021b\u0103 online puternic\u0103 pentru compania dvs. de software. \u00cen peisajul digital competitiv de ast\u0103zi, este esen\u021bial s\u0103 ai un site web captivant, care s\u0103 \u00ee\u021bi prezinte produsele \u0219i serviciile, pentru a atrage clien\u021bi \u0219i pentru a-\u021bi stabili marca ca lider \u00een industrie.<\/span><\/p>\n<p><span style=\"font-weight: 400\">Tema <strong>Excelente<\/strong> <\/span><b>Servicii software <\/b><span style=\"font-weight: 400\">ofer\u0103 un gam\u0103 de caracteristici \u0219i op\u021biuni de personalizare, f\u0103c\u00e2ndu-l o alegere ideal\u0103 pentru companiile de software de toate dimensiunile. Cu designul s\u0103u elegant \u0219i modern, pute\u021bi crea un site web uimitor din punct de vedere vizual, care atrage instantaneu aten\u021bia vizitatorilor dvs. Fie c\u0103 dezvolt\u0103 solu\u021bii software pentru companii sau ofer\u0103 aplica\u021bii orientate spre consumatori, aceast\u0103 tem\u0103 ofer\u0103 un aspect profesional \u0219i \u0219lefuit care v\u0103 spore\u0219te credibilitatea.<\/span><\/p>\n","protected":false},"excerpt":{"rendered":"<div class=\"module module-text tb_cb6a73e repeat\">\n<div class=\"tb_text_wrap\">\n<ul>\n<li>Design tehnic<\/li>\n<li>Pagini personalizabile<\/li>\n<li>Vitrina de produse<\/li>\n<li>Pagini de servicii<\/li>\n<li>Capacit\u0103\u021bile de bloguri<\/li>\n<li>Optimizare SEO<\/li>\n<li>Integrarea re\u021belelor sociale<\/li>\n<li>Widgeturi personalizate<\/li>\n<li>M\u0103rturii<\/li>\n<li>Asisten\u021b\u0103 \u0219i actualiz\u0103ri continue<\/li>\n<\/ul>\n<\/div>\n<\/div>\n","protected":false},"featured_media":17520,"template":"","meta":{"_acf_changed":false,"inline_featured_image":false},"product_brand":[],"product_cat":[1639],"product_tag":[1739,1740,1741],"class_list":{"0":"post-17518","1":"product","2":"type-product","3":"status-publish","4":"has-post-thumbnail","6":"product_cat-premium-themes-ro","7":"product_tag-software-company-wordpress-themes-ro","8":"product_tag-software-wordpress-themes-ro","9":"product_tag-themes-for-wordpress-ro","11":"first","12":"instock","13":"sale","14":"downloadable","15":"taxable","16":"shipping-taxable","17":"purchasable","18":"product-type-simple"},"acf":[],"yoast_head":"<!-- This site is optimized with the Yoast SEO Premium plugin v22.1 (Yoast SEO v26.0) - https:\/\/yoast.com\/wordpress\/plugins\/seo\/ -->\n<title>Teme excelente pentru companii de software WordPress 2023<\/title>\n<meta name=\"description\" content=\"Cre\u0219te\u021bi prezen\u021ba online a companiei dvs. de software cu tema companiei de software wordpress. Prezenta\u021bi-v\u0103 produsele cu stil \u0219i func\u021bionalitate.\" \/>\n<meta name=\"robots\" content=\"index, follow, max-snippet:-1, max-image-preview:large, max-video-preview:-1\" \/>\n<link rel=\"canonical\" href=\"https:\/\/themeholt.com\/ro\/product\/software\/\" \/>\n<meta property=\"og:locale\" content=\"ro_RO\" \/>\n<meta property=\"og:type\" content=\"article\" \/>\n<meta property=\"og:title\" content=\"Software\" \/>\n<meta property=\"og:description\" content=\"Cre\u0219te\u021bi prezen\u021ba online a companiei dvs. de software cu tema companiei de software wordpress. Prezenta\u021bi-v\u0103 produsele cu stil \u0219i func\u021bionalitate.\" \/>\n<meta property=\"og:url\" content=\"https:\/\/themeholt.com\/ro\/product\/software\/\" \/>\n<meta property=\"og:site_name\" content=\"ThemeHolt\" \/>\n<meta property=\"article:publisher\" content=\"https:\/\/www.facebook.com\/themeholtT\" \/>\n<meta property=\"article:modified_time\" content=\"2024-11-05T09:54:48+00:00\" \/>\n<meta property=\"og:image\" content=\"https:\/\/themeholt.com\/wp-content\/uploads\/2022\/04\/software-application-developer-theme.jpg\" \/>\n\t<meta property=\"og:image:width\" content=\"1300\" \/>\n\t<meta property=\"og:image:height\" content=\"1283\" \/>\n\t<meta property=\"og:image:type\" content=\"image\/jpeg\" \/>\n<meta name=\"twitter:card\" content=\"summary_large_image\" \/>\n<meta name=\"twitter:site\" content=\"@ThemeholtT\" \/>\n<meta name=\"twitter:label1\" content=\"Timp estimat pentru citire\" \/>\n\t<meta name=\"twitter:data1\" content=\"1 minut\" \/>\n<script type=\"application\/ld+json\" class=\"yoast-schema-graph\">{\"@context\":\"https:\/\/schema.org\",\"@graph\":[{\"@type\":\"WebPage\",\"@id\":\"https:\/\/themeholt.com\/ro\/product\/software\/\",\"url\":\"https:\/\/themeholt.com\/ro\/product\/software\/\",\"name\":\"Teme excelente pentru companii de software WordPress 2023\",\"isPartOf\":{\"@id\":\"https:\/\/themeholt.com\/#website\"},\"primaryImageOfPage\":{\"@id\":\"https:\/\/themeholt.com\/ro\/product\/software\/#primaryimage\"},\"image\":{\"@id\":\"https:\/\/themeholt.com\/ro\/product\/software\/#primaryimage\"},\"thumbnailUrl\":\"https:\/\/themeholt.com\/wp-content\/uploads\/2022\/04\/software-application-developer-theme.jpg\",\"datePublished\":\"2022-04-22T13:17:08+00:00\",\"dateModified\":\"2024-11-05T09:54:48+00:00\",\"description\":\"Cre\u0219te\u021bi prezen\u021ba online a companiei dvs. de software cu tema companiei de software wordpress. Prezenta\u021bi-v\u0103 produsele cu stil \u0219i func\u021bionalitate.\",\"breadcrumb\":{\"@id\":\"https:\/\/themeholt.com\/ro\/product\/software\/#breadcrumb\"},\"inLanguage\":\"ro-RO\",\"potentialAction\":[{\"@type\":\"ReadAction\",\"target\":[\"https:\/\/themeholt.com\/ro\/product\/software\/\"]}]},{\"@type\":\"ImageObject\",\"inLanguage\":\"ro-RO\",\"@id\":\"https:\/\/themeholt.com\/ro\/product\/software\/#primaryimage\",\"url\":\"https:\/\/themeholt.com\/wp-content\/uploads\/2022\/04\/software-application-developer-theme.jpg\",\"contentUrl\":\"https:\/\/themeholt.com\/wp-content\/uploads\/2022\/04\/software-application-developer-theme.jpg\",\"width\":1300,\"height\":1283},{\"@type\":\"BreadcrumbList\",\"@id\":\"https:\/\/themeholt.com\/ro\/product\/software\/#breadcrumb\",\"itemListElement\":[{\"@type\":\"ListItem\",\"position\":1,\"name\":\"Home\",\"item\":\"https:\/\/themeholt.com\/ro\/\"},{\"@type\":\"ListItem\",\"position\":2,\"name\":\"Shop\",\"item\":\"https:\/\/themeholt.com\/shop\/\"},{\"@type\":\"ListItem\",\"position\":3,\"name\":\"Software\"}]},{\"@type\":\"WebSite\",\"@id\":\"https:\/\/themeholt.com\/#website\",\"url\":\"https:\/\/themeholt.com\/\",\"name\":\"ThemeHolt\",\"description\":\"Themeholt is a website that offers high-quality WordPress themes\",\"publisher\":{\"@id\":\"https:\/\/themeholt.com\/#organization\"},\"potentialAction\":[{\"@type\":\"SearchAction\",\"target\":{\"@type\":\"EntryPoint\",\"urlTemplate\":\"https:\/\/themeholt.com\/?s={search_term_string}\"},\"query-input\":{\"@type\":\"PropertyValueSpecification\",\"valueRequired\":true,\"valueName\":\"search_term_string\"}}],\"inLanguage\":\"ro-RO\"},{\"@type\":\"Organization\",\"@id\":\"https:\/\/themeholt.com\/#organization\",\"name\":\"ThemeHolt\",\"alternateName\":\"ThemeHolt\",\"url\":\"https:\/\/themeholt.com\/\",\"logo\":{\"@type\":\"ImageObject\",\"inLanguage\":\"ro-RO\",\"@id\":\"https:\/\/themeholt.com\/#\/schema\/logo\/image\/\",\"url\":\"https:\/\/themeholt.com\/wp-content\/uploads\/2024\/10\/themeholt.png\",\"contentUrl\":\"https:\/\/themeholt.com\/wp-content\/uploads\/2024\/10\/themeholt.png\",\"width\":225,\"height\":225,\"caption\":\"ThemeHolt\"},\"image\":{\"@id\":\"https:\/\/themeholt.com\/#\/schema\/logo\/image\/\"},\"sameAs\":[\"https:\/\/www.facebook.com\/themeholtT\",\"https:\/\/x.com\/ThemeholtT\",\"https:\/\/www.linkedin.com\/company\/themeholt\",\"https:\/\/www.instagram.com\/themeholtt\/\"],\"description\":\"Themeholt is a website that offers high-quality WordPress themes that are easy to use and ready for just about everything. In Eindhoven, Netherlands, since 2020 offering simple, accessible WordPress themes by providing a variety of requirements. Themeholt focuses on practicality and efficiency, allowing faster project completion with its superior marketplace and easy-to-use templates.\",\"legalName\":\"ThemeHolt\",\"foundingDate\":\"2022-11-10\",\"numberOfEmployees\":{\"@type\":\"QuantitativeValue\",\"minValue\":\"51\",\"maxValue\":\"200\"}}]}<\/script>\n<!-- \/ Yoast SEO Premium plugin. -->","yoast_head_json":{"title":"Teme excelente pentru companii de software WordPress 2023","description":"Cre\u0219te\u021bi prezen\u021ba online a companiei dvs. de software cu tema companiei de software wordpress. Prezenta\u021bi-v\u0103 produsele cu stil \u0219i func\u021bionalitate.","robots":{"index":"index","follow":"follow","max-snippet":"max-snippet:-1","max-image-preview":"max-image-preview:large","max-video-preview":"max-video-preview:-1"},"canonical":"https:\/\/themeholt.com\/ro\/product\/software\/","og_locale":"ro_RO","og_type":"article","og_title":"Software","og_description":"Cre\u0219te\u021bi prezen\u021ba online a companiei dvs. de software cu tema companiei de software wordpress. Prezenta\u021bi-v\u0103 produsele cu stil \u0219i func\u021bionalitate.","og_url":"https:\/\/themeholt.com\/ro\/product\/software\/","og_site_name":"ThemeHolt","article_publisher":"https:\/\/www.facebook.com\/themeholtT","article_modified_time":"2024-11-05T09:54:48+00:00","og_image":[{"width":1300,"height":1283,"url":"https:\/\/themeholt.com\/wp-content\/uploads\/2022\/04\/software-application-developer-theme.jpg","type":"image\/jpeg"}],"twitter_card":"summary_large_image","twitter_site":"@ThemeholtT","twitter_misc":{"Timp estimat pentru citire":"1 minut"},"schema":{"@context":"https:\/\/schema.org","@graph":[{"@type":"WebPage","@id":"https:\/\/themeholt.com\/ro\/product\/software\/","url":"https:\/\/themeholt.com\/ro\/product\/software\/","name":"Teme excelente pentru companii de software WordPress 2023","isPartOf":{"@id":"https:\/\/themeholt.com\/#website"},"primaryImageOfPage":{"@id":"https:\/\/themeholt.com\/ro\/product\/software\/#primaryimage"},"image":{"@id":"https:\/\/themeholt.com\/ro\/product\/software\/#primaryimage"},"thumbnailUrl":"https:\/\/themeholt.com\/wp-content\/uploads\/2022\/04\/software-application-developer-theme.jpg","datePublished":"2022-04-22T13:17:08+00:00","dateModified":"2024-11-05T09:54:48+00:00","description":"Cre\u0219te\u021bi prezen\u021ba online a companiei dvs. de software cu tema companiei de software wordpress. Prezenta\u021bi-v\u0103 produsele cu stil \u0219i func\u021bionalitate.","breadcrumb":{"@id":"https:\/\/themeholt.com\/ro\/product\/software\/#breadcrumb"},"inLanguage":"ro-RO","potentialAction":[{"@type":"ReadAction","target":["https:\/\/themeholt.com\/ro\/product\/software\/"]}]},{"@type":"ImageObject","inLanguage":"ro-RO","@id":"https:\/\/themeholt.com\/ro\/product\/software\/#primaryimage","url":"https:\/\/themeholt.com\/wp-content\/uploads\/2022\/04\/software-application-developer-theme.jpg","contentUrl":"https:\/\/themeholt.com\/wp-content\/uploads\/2022\/04\/software-application-developer-theme.jpg","width":1300,"height":1283},{"@type":"BreadcrumbList","@id":"https:\/\/themeholt.com\/ro\/product\/software\/#breadcrumb","itemListElement":[{"@type":"ListItem","position":1,"name":"Home","item":"https:\/\/themeholt.com\/ro\/"},{"@type":"ListItem","position":2,"name":"Shop","item":"https:\/\/themeholt.com\/shop\/"},{"@type":"ListItem","position":3,"name":"Software"}]},{"@type":"WebSite","@id":"https:\/\/themeholt.com\/#website","url":"https:\/\/themeholt.com\/","name":"ThemeHolt","description":"Themeholt is a website that offers high-quality WordPress themes","publisher":{"@id":"https:\/\/themeholt.com\/#organization"},"potentialAction":[{"@type":"SearchAction","target":{"@type":"EntryPoint","urlTemplate":"https:\/\/themeholt.com\/?s={search_term_string}"},"query-input":{"@type":"PropertyValueSpecification","valueRequired":true,"valueName":"search_term_string"}}],"inLanguage":"ro-RO"},{"@type":"Organization","@id":"https:\/\/themeholt.com\/#organization","name":"ThemeHolt","alternateName":"ThemeHolt","url":"https:\/\/themeholt.com\/","logo":{"@type":"ImageObject","inLanguage":"ro-RO","@id":"https:\/\/themeholt.com\/#\/schema\/logo\/image\/","url":"https:\/\/themeholt.com\/wp-content\/uploads\/2024\/10\/themeholt.png","contentUrl":"https:\/\/themeholt.com\/wp-content\/uploads\/2024\/10\/themeholt.png","width":225,"height":225,"caption":"ThemeHolt"},"image":{"@id":"https:\/\/themeholt.com\/#\/schema\/logo\/image\/"},"sameAs":["https:\/\/www.facebook.com\/themeholtT","https:\/\/x.com\/ThemeholtT","https:\/\/www.linkedin.com\/company\/themeholt","https:\/\/www.instagram.com\/themeholtt\/"],"description":"Themeholt is a website that offers high-quality WordPress themes that are easy to use and ready for just about everything. In Eindhoven, Netherlands, since 2020 offering simple, accessible WordPress themes by providing a variety of requirements. Themeholt focuses on practicality and efficiency, allowing faster project completion with its superior marketplace and easy-to-use templates.","legalName":"ThemeHolt","foundingDate":"2022-11-10","numberOfEmployees":{"@type":"QuantitativeValue","minValue":"51","maxValue":"200"}}]}},"_links":{"self":[{"href":"https:\/\/themeholt.com\/ro\/wp-json\/wp\/v2\/product\/17518","targetHints":{"allow":["GET"]}}],"collection":[{"href":"https:\/\/themeholt.com\/ro\/wp-json\/wp\/v2\/product"}],"about":[{"href":"https:\/\/themeholt.com\/ro\/wp-json\/wp\/v2\/types\/product"}],"wp:featuredmedia":[{"embeddable":true,"href":"https:\/\/themeholt.com\/ro\/wp-json\/wp\/v2\/media\/17520"}],"wp:attachment":[{"href":"https:\/\/themeholt.com\/ro\/wp-json\/wp\/v2\/media?parent=17518"}],"wp:term":[{"taxonomy":"product_brand","embeddable":true,"href":"https:\/\/themeholt.com\/ro\/wp-json\/wp\/v2\/product_brand?post=17518"},{"taxonomy":"product_cat","embeddable":true,"href":"https:\/\/themeholt.com\/ro\/wp-json\/wp\/v2\/product_cat?post=17518"},{"taxonomy":"product_tag","embeddable":true,"href":"https:\/\/themeholt.com\/ro\/wp-json\/wp\/v2\/product_tag?post=17518"}],"curies":[{"name":"wp","href":"https:\/\/api.w.org\/{rel}","templated":true}]}}