{"id":17524,"date":"2022-04-22T13:07:37","date_gmt":"2022-04-22T13:07:37","guid":{"rendered":"https:\/\/themeholt.com\/product\/church\/"},"modified":"2024-11-05T10:00:37","modified_gmt":"2024-11-05T10:00:37","slug":"biserica","status":"publish","type":"product","link":"https:\/\/themeholt.com\/ro\/product\/biserica\/","title":{"rendered":"Biseric\u0103"},"content":{"rendered":"<p><span style=\"font-weight: 400\">Bine a\u021bi venit \u00een lumea <\/span><b>Temei site-ului bisericii<\/b><span style=\"font-weight: 400\">, unde credin\u021ba \u0219i tehnologia converg c\u0103tre creeaz\u0103 un sanctuar digital pentru congrega\u021bia ta. V\u0103 prezent\u0103m Biserica, o tem\u0103 transformatoare conceput\u0103 pentru a spori prezen\u021ba online a Bisericii dvs. \u0219i pentru a v\u0103 conecta comunitatea ca niciodat\u0103.<\/span><\/p>\n<p><span style=\"font-weight: 400\">Cu designul s\u0103u elegant \u0219i spiritual, <\/span><b>Temele WordPress pentru biseric\u0103<\/b><span style=\"font-weight: 400\"> preg\u0103te\u0219te scena pentru o experien\u021b\u0103 profund\u0103 \u0219i captivant\u0103 pe blog. Tema ofer\u0103 o varietate de aspecte personalizabile, permi\u021b\u00e2ndu-v\u0103 s\u0103 v\u0103 prezenta\u021bi frumos predicile, devo\u021biunile, evenimentele comunitare \u0219i con\u021binutul inspira\u021bional. Fie c\u0103 este un pastor, un lider al bisericii sau un membru pasionat, Church ofer\u0103 platforma perfect\u0103 pentru a v\u0103 \u00eemp\u0103rt\u0103\u0219i mesajele de speran\u021b\u0103, iubire \u0219i credin\u021b\u0103.<\/span><\/p>\n","protected":false},"excerpt":{"rendered":"<article id=\"post-136\" class=\"post tf_clearfix post-136 type-post status-publish format-standard has-post-thumbnail hentry category-sermon has-post-title has-post-date has-post-category has-post-tag has-post-comment has-post-author \">\n<div class=\"post-content\">\n<div class=\"post-content-inner\">\n<div class=\"entry-content\">\n<ul>\n<li>Design religios<\/li>\n<li>Sistemul de dona\u021bii<\/li>\n<li>Gestionarea predicilor<\/li>\n<li>Gestionarea evenimentelor<\/li>\n<li>Pagini personalizabile<\/li>\n<li>Solicit\u0103ri de rug\u0103ciune<\/li>\n<li>Managementul voluntarilor<\/li>\n<li>Capacit\u0103\u021bile de bloguri<\/li>\n<li>Podcasting cu predici<\/li>\n<li>Asisten\u021b\u0103 \u0219i actualiz\u0103ri continue<\/li>\n<\/ul>\n<\/div>\n<\/div>\n<\/div>\n<\/article>\n","protected":false},"featured_media":17526,"template":"","meta":{"_acf_changed":false,"inline_featured_image":false},"product_brand":[],"product_cat":[1634],"product_tag":[1745,1746,1747],"class_list":{"0":"post-17524","1":"product","2":"type-product","3":"status-publish","4":"has-post-thumbnail","6":"product_cat-new-arrivals-ro","7":"product_tag-church-themes-ro","8":"product_tag-holy-wordpress-themes-ro","9":"product_tag-religious-wordpress-themes-ro","11":"first","12":"instock","13":"sale","14":"downloadable","15":"taxable","16":"shipping-taxable","17":"purchasable","18":"product-type-simple"},"acf":[],"yoast_head":"<!-- This site is optimized with the Yoast SEO Premium plugin v22.1 (Yoast SEO v26.0) - https:\/\/yoast.com\/wordpress\/plugins\/seo\/ -->\n<title>Teme religioase WordPress | Tema bisericii WordPress<\/title>\n<meta name=\"description\" content=\"G\u0103si\u021bi o tem\u0103 de biseric\u0103 WordPress u\u0219or de utilizat pentru site-ul dvs. religios. Crea\u021bi o interfa\u021b\u0103 u\u0219or de utilizat pentru site-ul dvs. Ia acum!\" \/>\n<meta name=\"robots\" content=\"index, follow, max-snippet:-1, max-image-preview:large, max-video-preview:-1\" \/>\n<link rel=\"canonical\" href=\"https:\/\/themeholt.com\/ro\/product\/biserica\/\" \/>\n<meta property=\"og:locale\" content=\"ro_RO\" \/>\n<meta property=\"og:type\" content=\"article\" \/>\n<meta property=\"og:title\" content=\"Biseric\u0103\" \/>\n<meta property=\"og:description\" content=\"G\u0103si\u021bi o tem\u0103 de biseric\u0103 WordPress u\u0219or de utilizat pentru site-ul dvs. religios. Crea\u021bi o interfa\u021b\u0103 u\u0219or de utilizat pentru site-ul dvs. Ia acum!\" \/>\n<meta property=\"og:url\" content=\"https:\/\/themeholt.com\/ro\/product\/biserica\/\" \/>\n<meta property=\"og:site_name\" content=\"ThemeHolt\" \/>\n<meta property=\"article:publisher\" content=\"https:\/\/www.facebook.com\/themeholtT\" \/>\n<meta property=\"article:modified_time\" content=\"2024-11-05T10:00:37+00:00\" \/>\n<meta property=\"og:image\" content=\"https:\/\/themeholt.com\/wp-content\/uploads\/2022\/04\/Catholic-Church-Theme-1.jpg\" \/>\n\t<meta property=\"og:image:width\" content=\"1300\" \/>\n\t<meta property=\"og:image:height\" content=\"1283\" \/>\n\t<meta property=\"og:image:type\" content=\"image\/jpeg\" \/>\n<meta name=\"twitter:card\" content=\"summary_large_image\" \/>\n<meta name=\"twitter:site\" content=\"@ThemeholtT\" \/>\n<meta name=\"twitter:label1\" content=\"Timp estimat pentru citire\" \/>\n\t<meta name=\"twitter:data1\" content=\"1 minut\" \/>\n<script type=\"application\/ld+json\" class=\"yoast-schema-graph\">{\"@context\":\"https:\/\/schema.org\",\"@graph\":[{\"@type\":\"WebPage\",\"@id\":\"https:\/\/themeholt.com\/ro\/product\/biserica\/\",\"url\":\"https:\/\/themeholt.com\/ro\/product\/biserica\/\",\"name\":\"Teme religioase WordPress | Tema bisericii WordPress\",\"isPartOf\":{\"@id\":\"https:\/\/themeholt.com\/#website\"},\"primaryImageOfPage\":{\"@id\":\"https:\/\/themeholt.com\/ro\/product\/biserica\/#primaryimage\"},\"image\":{\"@id\":\"https:\/\/themeholt.com\/ro\/product\/biserica\/#primaryimage\"},\"thumbnailUrl\":\"https:\/\/themeholt.com\/wp-content\/uploads\/2022\/04\/Catholic-Church-Theme-1.jpg\",\"datePublished\":\"2022-04-22T13:07:37+00:00\",\"dateModified\":\"2024-11-05T10:00:37+00:00\",\"description\":\"G\u0103si\u021bi o tem\u0103 de biseric\u0103 WordPress u\u0219or de utilizat pentru site-ul dvs. religios. Crea\u021bi o interfa\u021b\u0103 u\u0219or de utilizat pentru site-ul dvs. Ia acum!\",\"breadcrumb\":{\"@id\":\"https:\/\/themeholt.com\/ro\/product\/biserica\/#breadcrumb\"},\"inLanguage\":\"ro-RO\",\"potentialAction\":[{\"@type\":\"ReadAction\",\"target\":[\"https:\/\/themeholt.com\/ro\/product\/biserica\/\"]}]},{\"@type\":\"ImageObject\",\"inLanguage\":\"ro-RO\",\"@id\":\"https:\/\/themeholt.com\/ro\/product\/biserica\/#primaryimage\",\"url\":\"https:\/\/themeholt.com\/wp-content\/uploads\/2022\/04\/Catholic-Church-Theme-1.jpg\",\"contentUrl\":\"https:\/\/themeholt.com\/wp-content\/uploads\/2022\/04\/Catholic-Church-Theme-1.jpg\",\"width\":1300,\"height\":1283},{\"@type\":\"BreadcrumbList\",\"@id\":\"https:\/\/themeholt.com\/ro\/product\/biserica\/#breadcrumb\",\"itemListElement\":[{\"@type\":\"ListItem\",\"position\":1,\"name\":\"Home\",\"item\":\"https:\/\/themeholt.com\/ro\/\"},{\"@type\":\"ListItem\",\"position\":2,\"name\":\"Shop\",\"item\":\"https:\/\/themeholt.com\/shop\/\"},{\"@type\":\"ListItem\",\"position\":3,\"name\":\"Biseric\u0103\"}]},{\"@type\":\"WebSite\",\"@id\":\"https:\/\/themeholt.com\/#website\",\"url\":\"https:\/\/themeholt.com\/\",\"name\":\"ThemeHolt\",\"description\":\"Themeholt is a website that offers high-quality WordPress themes\",\"publisher\":{\"@id\":\"https:\/\/themeholt.com\/#organization\"},\"potentialAction\":[{\"@type\":\"SearchAction\",\"target\":{\"@type\":\"EntryPoint\",\"urlTemplate\":\"https:\/\/themeholt.com\/?s={search_term_string}\"},\"query-input\":{\"@type\":\"PropertyValueSpecification\",\"valueRequired\":true,\"valueName\":\"search_term_string\"}}],\"inLanguage\":\"ro-RO\"},{\"@type\":\"Organization\",\"@id\":\"https:\/\/themeholt.com\/#organization\",\"name\":\"ThemeHolt\",\"alternateName\":\"ThemeHolt\",\"url\":\"https:\/\/themeholt.com\/\",\"logo\":{\"@type\":\"ImageObject\",\"inLanguage\":\"ro-RO\",\"@id\":\"https:\/\/themeholt.com\/#\/schema\/logo\/image\/\",\"url\":\"https:\/\/themeholt.com\/wp-content\/uploads\/2024\/10\/themeholt.png\",\"contentUrl\":\"https:\/\/themeholt.com\/wp-content\/uploads\/2024\/10\/themeholt.png\",\"width\":225,\"height\":225,\"caption\":\"ThemeHolt\"},\"image\":{\"@id\":\"https:\/\/themeholt.com\/#\/schema\/logo\/image\/\"},\"sameAs\":[\"https:\/\/www.facebook.com\/themeholtT\",\"https:\/\/x.com\/ThemeholtT\",\"https:\/\/www.linkedin.com\/company\/themeholt\",\"https:\/\/www.instagram.com\/themeholtt\/\"],\"description\":\"Themeholt is a website that offers high-quality WordPress themes that are easy to use and ready for just about everything. In Eindhoven, Netherlands, since 2020 offering simple, accessible WordPress themes by providing a variety of requirements. Themeholt focuses on practicality and efficiency, allowing faster project completion with its superior marketplace and easy-to-use templates.\",\"legalName\":\"ThemeHolt\",\"foundingDate\":\"2022-11-10\",\"numberOfEmployees\":{\"@type\":\"QuantitativeValue\",\"minValue\":\"51\",\"maxValue\":\"200\"}}]}<\/script>\n<!-- \/ Yoast SEO Premium plugin. -->","yoast_head_json":{"title":"Teme religioase WordPress | Tema bisericii WordPress","description":"G\u0103si\u021bi o tem\u0103 de biseric\u0103 WordPress u\u0219or de utilizat pentru site-ul dvs. religios. Crea\u021bi o interfa\u021b\u0103 u\u0219or de utilizat pentru site-ul dvs. Ia acum!","robots":{"index":"index","follow":"follow","max-snippet":"max-snippet:-1","max-image-preview":"max-image-preview:large","max-video-preview":"max-video-preview:-1"},"canonical":"https:\/\/themeholt.com\/ro\/product\/biserica\/","og_locale":"ro_RO","og_type":"article","og_title":"Biseric\u0103","og_description":"G\u0103si\u021bi o tem\u0103 de biseric\u0103 WordPress u\u0219or de utilizat pentru site-ul dvs. religios. Crea\u021bi o interfa\u021b\u0103 u\u0219or de utilizat pentru site-ul dvs. Ia acum!","og_url":"https:\/\/themeholt.com\/ro\/product\/biserica\/","og_site_name":"ThemeHolt","article_publisher":"https:\/\/www.facebook.com\/themeholtT","article_modified_time":"2024-11-05T10:00:37+00:00","og_image":[{"width":1300,"height":1283,"url":"https:\/\/themeholt.com\/wp-content\/uploads\/2022\/04\/Catholic-Church-Theme-1.jpg","type":"image\/jpeg"}],"twitter_card":"summary_large_image","twitter_site":"@ThemeholtT","twitter_misc":{"Timp estimat pentru citire":"1 minut"},"schema":{"@context":"https:\/\/schema.org","@graph":[{"@type":"WebPage","@id":"https:\/\/themeholt.com\/ro\/product\/biserica\/","url":"https:\/\/themeholt.com\/ro\/product\/biserica\/","name":"Teme religioase WordPress | Tema bisericii WordPress","isPartOf":{"@id":"https:\/\/themeholt.com\/#website"},"primaryImageOfPage":{"@id":"https:\/\/themeholt.com\/ro\/product\/biserica\/#primaryimage"},"image":{"@id":"https:\/\/themeholt.com\/ro\/product\/biserica\/#primaryimage"},"thumbnailUrl":"https:\/\/themeholt.com\/wp-content\/uploads\/2022\/04\/Catholic-Church-Theme-1.jpg","datePublished":"2022-04-22T13:07:37+00:00","dateModified":"2024-11-05T10:00:37+00:00","description":"G\u0103si\u021bi o tem\u0103 de biseric\u0103 WordPress u\u0219or de utilizat pentru site-ul dvs. religios. Crea\u021bi o interfa\u021b\u0103 u\u0219or de utilizat pentru site-ul dvs. Ia acum!","breadcrumb":{"@id":"https:\/\/themeholt.com\/ro\/product\/biserica\/#breadcrumb"},"inLanguage":"ro-RO","potentialAction":[{"@type":"ReadAction","target":["https:\/\/themeholt.com\/ro\/product\/biserica\/"]}]},{"@type":"ImageObject","inLanguage":"ro-RO","@id":"https:\/\/themeholt.com\/ro\/product\/biserica\/#primaryimage","url":"https:\/\/themeholt.com\/wp-content\/uploads\/2022\/04\/Catholic-Church-Theme-1.jpg","contentUrl":"https:\/\/themeholt.com\/wp-content\/uploads\/2022\/04\/Catholic-Church-Theme-1.jpg","width":1300,"height":1283},{"@type":"BreadcrumbList","@id":"https:\/\/themeholt.com\/ro\/product\/biserica\/#breadcrumb","itemListElement":[{"@type":"ListItem","position":1,"name":"Home","item":"https:\/\/themeholt.com\/ro\/"},{"@type":"ListItem","position":2,"name":"Shop","item":"https:\/\/themeholt.com\/shop\/"},{"@type":"ListItem","position":3,"name":"Biseric\u0103"}]},{"@type":"WebSite","@id":"https:\/\/themeholt.com\/#website","url":"https:\/\/themeholt.com\/","name":"ThemeHolt","description":"Themeholt is a website that offers high-quality WordPress themes","publisher":{"@id":"https:\/\/themeholt.com\/#organization"},"potentialAction":[{"@type":"SearchAction","target":{"@type":"EntryPoint","urlTemplate":"https:\/\/themeholt.com\/?s={search_term_string}"},"query-input":{"@type":"PropertyValueSpecification","valueRequired":true,"valueName":"search_term_string"}}],"inLanguage":"ro-RO"},{"@type":"Organization","@id":"https:\/\/themeholt.com\/#organization","name":"ThemeHolt","alternateName":"ThemeHolt","url":"https:\/\/themeholt.com\/","logo":{"@type":"ImageObject","inLanguage":"ro-RO","@id":"https:\/\/themeholt.com\/#\/schema\/logo\/image\/","url":"https:\/\/themeholt.com\/wp-content\/uploads\/2024\/10\/themeholt.png","contentUrl":"https:\/\/themeholt.com\/wp-content\/uploads\/2024\/10\/themeholt.png","width":225,"height":225,"caption":"ThemeHolt"},"image":{"@id":"https:\/\/themeholt.com\/#\/schema\/logo\/image\/"},"sameAs":["https:\/\/www.facebook.com\/themeholtT","https:\/\/x.com\/ThemeholtT","https:\/\/www.linkedin.com\/company\/themeholt","https:\/\/www.instagram.com\/themeholtt\/"],"description":"Themeholt is a website that offers high-quality WordPress themes that are easy to use and ready for just about everything. In Eindhoven, Netherlands, since 2020 offering simple, accessible WordPress themes by providing a variety of requirements. Themeholt focuses on practicality and efficiency, allowing faster project completion with its superior marketplace and easy-to-use templates.","legalName":"ThemeHolt","foundingDate":"2022-11-10","numberOfEmployees":{"@type":"QuantitativeValue","minValue":"51","maxValue":"200"}}]}},"_links":{"self":[{"href":"https:\/\/themeholt.com\/ro\/wp-json\/wp\/v2\/product\/17524","targetHints":{"allow":["GET"]}}],"collection":[{"href":"https:\/\/themeholt.com\/ro\/wp-json\/wp\/v2\/product"}],"about":[{"href":"https:\/\/themeholt.com\/ro\/wp-json\/wp\/v2\/types\/product"}],"wp:featuredmedia":[{"embeddable":true,"href":"https:\/\/themeholt.com\/ro\/wp-json\/wp\/v2\/media\/17526"}],"wp:attachment":[{"href":"https:\/\/themeholt.com\/ro\/wp-json\/wp\/v2\/media?parent=17524"}],"wp:term":[{"taxonomy":"product_brand","embeddable":true,"href":"https:\/\/themeholt.com\/ro\/wp-json\/wp\/v2\/product_brand?post=17524"},{"taxonomy":"product_cat","embeddable":true,"href":"https:\/\/themeholt.com\/ro\/wp-json\/wp\/v2\/product_cat?post=17524"},{"taxonomy":"product_tag","embeddable":true,"href":"https:\/\/themeholt.com\/ro\/wp-json\/wp\/v2\/product_tag?post=17524"}],"curies":[{"name":"wp","href":"https:\/\/api.w.org\/{rel}","templated":true}]}}