{"id":17566,"date":"2022-04-22T12:12:58","date_gmt":"2022-04-22T12:12:58","guid":{"rendered":"https:\/\/themeholt.com\/product\/trainer\/"},"modified":"2024-11-05T10:04:56","modified_gmt":"2024-11-05T10:04:56","slug":"antrenor","status":"publish","type":"product","link":"https:\/\/themeholt.com\/ro\/product\/antrenor\/","title":{"rendered":"Antrenor"},"content":{"rendered":"<p><span style=\"font-weight: 400\">Bine a\u021bi venit \u00een lumea <\/span><b>Teme WordPress pentru antrenor personal<\/b><span style=\"font-weight: 400\">, unde fitness \u0219i tehnologia converg c\u0103tre crea\u021bi o platform\u0103 online dinamic\u0103 \u0219i captivant\u0103. Indiferent dac\u0103 sunte\u021bi antrenor personal, pasionat de fitness sau blogger de wellness, aceste teme ofer\u0103 o baz\u0103 solid\u0103 pentru a v\u0103 \u00eemp\u0103rt\u0103\u0219i expertiza, pentru a inspira pe al\u021bii \u0219i pentru a construi o comunitate de fitness \u00eenfloritoare.<\/span><\/p>\n<p><span style=\"font-weight: 400\">Sec\u021biunea de blog a\u00a0 <\/span><b>Teme WordPress Trainer<\/b><span style=\"font-weight: 400\"> devine sala ta digital\u0103, unde po\u021bi educa\u021bi, motiva\u021bi \u0219i conecta\u021bi-v\u0103 cu publicul dvs. \u00cemp\u0103rt\u0103\u0219i\u021bi sfaturi de antrenament, sfaturi nutri\u021bionale, pove\u0219ti de succes \u0219i anecdote personale pentru a v\u0103 stabili ca o autoritate de \u00eencredere de fitness. Atrage\u021bi cititorii dvs. cu articole informative, rutine de antrenament \u0219i re\u021bete s\u0103n\u0103toase care \u00eei permit s\u0103 duc\u0103 o via\u021b\u0103 mai s\u0103n\u0103toas\u0103 \u0219i mai activ\u0103.<\/span><\/p>\n","protected":false},"excerpt":{"rendered":"<ul>\n<li>Fitness Tracking<\/li>\n<li>Class Scheduling<\/li>\n<li>Workout Videos<\/li>\n<li>Meal Planning<\/li>\n<li>eCommerce Integration<\/li>\n<li>Blogging Capabilities<\/li>\n<li>SEO Optimization<\/li>\n<li>Social Media Integration<\/li>\n<li>Customization Options<\/li>\n<li>Ongoing Support and Updates<\/li>\n<\/ul>\n","protected":false},"featured_media":17568,"template":"","meta":{"_acf_changed":false,"inline_featured_image":false},"product_brand":[],"product_cat":[1634,235],"product_tag":[88,89,90,91,92,93],"class_list":{"0":"post-17566","1":"product","2":"type-product","3":"status-publish","4":"has-post-thumbnail","6":"product_cat-new-arrivals-ro","7":"product_cat-premium-themes","8":"product_tag-trainer","9":"product_tag-fitness-trainer","10":"product_tag-trainer-theme","11":"product_tag-trainer-website","12":"product_tag-personal-trainer-templates","13":"product_tag-trainer-wordpress-themes","15":"first","16":"instock","17":"sale","18":"downloadable","19":"taxable","20":"shipping-taxable","21":"purchasable","22":"product-type-simple"},"acf":[],"yoast_head":"<!-- This site is optimized with the Yoast SEO Premium plugin v22.1 (Yoast SEO v26.0) - https:\/\/yoast.com\/wordpress\/plugins\/seo\/ -->\n<title>Teme WordPress pentru antrenor personal - Teme personalizate pentru antrenor<\/title>\n<meta name=\"description\" content=\"Elibera\u021bi-v\u0103 poten\u021bialul cu teme wordpress pentru antrenor personal, concepute pentru a v\u0103 \u00eembun\u0103t\u0103\u021bi site-ul de fitness. Fii \u00een form\u0103, inspir\u0103 \u0219i transform\u0103 vie\u021bi.\" \/>\n<meta name=\"robots\" content=\"index, follow, max-snippet:-1, max-image-preview:large, max-video-preview:-1\" \/>\n<link rel=\"canonical\" href=\"https:\/\/themeholt.com\/ro\/product\/antrenor\/\" \/>\n<meta property=\"og:locale\" content=\"ro_RO\" \/>\n<meta property=\"og:type\" content=\"article\" \/>\n<meta property=\"og:title\" content=\"Antrenor\" \/>\n<meta property=\"og:description\" content=\"Elibera\u021bi-v\u0103 poten\u021bialul cu teme wordpress pentru antrenor personal, concepute pentru a v\u0103 \u00eembun\u0103t\u0103\u021bi site-ul de fitness. Fii \u00een form\u0103, inspir\u0103 \u0219i transform\u0103 vie\u021bi.\" \/>\n<meta property=\"og:url\" content=\"https:\/\/themeholt.com\/ro\/product\/antrenor\/\" \/>\n<meta property=\"og:site_name\" content=\"ThemeHolt\" \/>\n<meta property=\"article:publisher\" content=\"https:\/\/www.facebook.com\/themeholtT\" \/>\n<meta property=\"article:modified_time\" content=\"2024-11-05T10:04:56+00:00\" \/>\n<meta property=\"og:image\" content=\"https:\/\/themeholt.com\/wp-content\/uploads\/2022\/04\/Fitness-Trainer-Theme-1.jpg\" \/>\n\t<meta property=\"og:image:width\" content=\"1300\" \/>\n\t<meta property=\"og:image:height\" content=\"1283\" \/>\n\t<meta property=\"og:image:type\" content=\"image\/jpeg\" \/>\n<meta name=\"twitter:card\" content=\"summary_large_image\" \/>\n<meta name=\"twitter:site\" content=\"@ThemeholtT\" \/>\n<meta name=\"twitter:label1\" content=\"Timp estimat pentru citire\" \/>\n\t<meta name=\"twitter:data1\" content=\"1 minut\" \/>\n<script type=\"application\/ld+json\" class=\"yoast-schema-graph\">{\"@context\":\"https:\/\/schema.org\",\"@graph\":[{\"@type\":\"WebPage\",\"@id\":\"https:\/\/themeholt.com\/ro\/product\/antrenor\/\",\"url\":\"https:\/\/themeholt.com\/ro\/product\/antrenor\/\",\"name\":\"Teme WordPress pentru antrenor personal - Teme personalizate pentru antrenor\",\"isPartOf\":{\"@id\":\"https:\/\/themeholt.com\/#website\"},\"primaryImageOfPage\":{\"@id\":\"https:\/\/themeholt.com\/ro\/product\/antrenor\/#primaryimage\"},\"image\":{\"@id\":\"https:\/\/themeholt.com\/ro\/product\/antrenor\/#primaryimage\"},\"thumbnailUrl\":\"https:\/\/themeholt.com\/wp-content\/uploads\/2022\/04\/Fitness-Trainer-Theme-1.jpg\",\"datePublished\":\"2022-04-22T12:12:58+00:00\",\"dateModified\":\"2024-11-05T10:04:56+00:00\",\"description\":\"Elibera\u021bi-v\u0103 poten\u021bialul cu teme wordpress pentru antrenor personal, concepute pentru a v\u0103 \u00eembun\u0103t\u0103\u021bi site-ul de fitness. Fii \u00een form\u0103, inspir\u0103 \u0219i transform\u0103 vie\u021bi.\",\"breadcrumb\":{\"@id\":\"https:\/\/themeholt.com\/ro\/product\/antrenor\/#breadcrumb\"},\"inLanguage\":\"ro-RO\",\"potentialAction\":[{\"@type\":\"ReadAction\",\"target\":[\"https:\/\/themeholt.com\/ro\/product\/antrenor\/\"]}]},{\"@type\":\"ImageObject\",\"inLanguage\":\"ro-RO\",\"@id\":\"https:\/\/themeholt.com\/ro\/product\/antrenor\/#primaryimage\",\"url\":\"https:\/\/themeholt.com\/wp-content\/uploads\/2022\/04\/Fitness-Trainer-Theme-1.jpg\",\"contentUrl\":\"https:\/\/themeholt.com\/wp-content\/uploads\/2022\/04\/Fitness-Trainer-Theme-1.jpg\",\"width\":1300,\"height\":1283},{\"@type\":\"BreadcrumbList\",\"@id\":\"https:\/\/themeholt.com\/ro\/product\/antrenor\/#breadcrumb\",\"itemListElement\":[{\"@type\":\"ListItem\",\"position\":1,\"name\":\"Home\",\"item\":\"https:\/\/themeholt.com\/ro\/\"},{\"@type\":\"ListItem\",\"position\":2,\"name\":\"Shop\",\"item\":\"https:\/\/themeholt.com\/shop\/\"},{\"@type\":\"ListItem\",\"position\":3,\"name\":\"Antrenor\"}]},{\"@type\":\"WebSite\",\"@id\":\"https:\/\/themeholt.com\/#website\",\"url\":\"https:\/\/themeholt.com\/\",\"name\":\"ThemeHolt\",\"description\":\"Themeholt is a website that offers high-quality WordPress themes\",\"publisher\":{\"@id\":\"https:\/\/themeholt.com\/#organization\"},\"potentialAction\":[{\"@type\":\"SearchAction\",\"target\":{\"@type\":\"EntryPoint\",\"urlTemplate\":\"https:\/\/themeholt.com\/?s={search_term_string}\"},\"query-input\":{\"@type\":\"PropertyValueSpecification\",\"valueRequired\":true,\"valueName\":\"search_term_string\"}}],\"inLanguage\":\"ro-RO\"},{\"@type\":\"Organization\",\"@id\":\"https:\/\/themeholt.com\/#organization\",\"name\":\"ThemeHolt\",\"alternateName\":\"ThemeHolt\",\"url\":\"https:\/\/themeholt.com\/\",\"logo\":{\"@type\":\"ImageObject\",\"inLanguage\":\"ro-RO\",\"@id\":\"https:\/\/themeholt.com\/#\/schema\/logo\/image\/\",\"url\":\"https:\/\/themeholt.com\/wp-content\/uploads\/2024\/10\/themeholt.png\",\"contentUrl\":\"https:\/\/themeholt.com\/wp-content\/uploads\/2024\/10\/themeholt.png\",\"width\":225,\"height\":225,\"caption\":\"ThemeHolt\"},\"image\":{\"@id\":\"https:\/\/themeholt.com\/#\/schema\/logo\/image\/\"},\"sameAs\":[\"https:\/\/www.facebook.com\/themeholtT\",\"https:\/\/x.com\/ThemeholtT\",\"https:\/\/www.linkedin.com\/company\/themeholt\",\"https:\/\/www.instagram.com\/themeholtt\/\"],\"description\":\"Themeholt is a website that offers high-quality WordPress themes that are easy to use and ready for just about everything. In Eindhoven, Netherlands, since 2020 offering simple, accessible WordPress themes by providing a variety of requirements. Themeholt focuses on practicality and efficiency, allowing faster project completion with its superior marketplace and easy-to-use templates.\",\"legalName\":\"ThemeHolt\",\"foundingDate\":\"2022-11-10\",\"numberOfEmployees\":{\"@type\":\"QuantitativeValue\",\"minValue\":\"51\",\"maxValue\":\"200\"}}]}<\/script>\n<!-- \/ Yoast SEO Premium plugin. -->","yoast_head_json":{"title":"Teme WordPress pentru antrenor personal - Teme personalizate pentru antrenor","description":"Elibera\u021bi-v\u0103 poten\u021bialul cu teme wordpress pentru antrenor personal, concepute pentru a v\u0103 \u00eembun\u0103t\u0103\u021bi site-ul de fitness. Fii \u00een form\u0103, inspir\u0103 \u0219i transform\u0103 vie\u021bi.","robots":{"index":"index","follow":"follow","max-snippet":"max-snippet:-1","max-image-preview":"max-image-preview:large","max-video-preview":"max-video-preview:-1"},"canonical":"https:\/\/themeholt.com\/ro\/product\/antrenor\/","og_locale":"ro_RO","og_type":"article","og_title":"Antrenor","og_description":"Elibera\u021bi-v\u0103 poten\u021bialul cu teme wordpress pentru antrenor personal, concepute pentru a v\u0103 \u00eembun\u0103t\u0103\u021bi site-ul de fitness. Fii \u00een form\u0103, inspir\u0103 \u0219i transform\u0103 vie\u021bi.","og_url":"https:\/\/themeholt.com\/ro\/product\/antrenor\/","og_site_name":"ThemeHolt","article_publisher":"https:\/\/www.facebook.com\/themeholtT","article_modified_time":"2024-11-05T10:04:56+00:00","og_image":[{"width":1300,"height":1283,"url":"https:\/\/themeholt.com\/wp-content\/uploads\/2022\/04\/Fitness-Trainer-Theme-1.jpg","type":"image\/jpeg"}],"twitter_card":"summary_large_image","twitter_site":"@ThemeholtT","twitter_misc":{"Timp estimat pentru citire":"1 minut"},"schema":{"@context":"https:\/\/schema.org","@graph":[{"@type":"WebPage","@id":"https:\/\/themeholt.com\/ro\/product\/antrenor\/","url":"https:\/\/themeholt.com\/ro\/product\/antrenor\/","name":"Teme WordPress pentru antrenor personal - Teme personalizate pentru antrenor","isPartOf":{"@id":"https:\/\/themeholt.com\/#website"},"primaryImageOfPage":{"@id":"https:\/\/themeholt.com\/ro\/product\/antrenor\/#primaryimage"},"image":{"@id":"https:\/\/themeholt.com\/ro\/product\/antrenor\/#primaryimage"},"thumbnailUrl":"https:\/\/themeholt.com\/wp-content\/uploads\/2022\/04\/Fitness-Trainer-Theme-1.jpg","datePublished":"2022-04-22T12:12:58+00:00","dateModified":"2024-11-05T10:04:56+00:00","description":"Elibera\u021bi-v\u0103 poten\u021bialul cu teme wordpress pentru antrenor personal, concepute pentru a v\u0103 \u00eembun\u0103t\u0103\u021bi site-ul de fitness. Fii \u00een form\u0103, inspir\u0103 \u0219i transform\u0103 vie\u021bi.","breadcrumb":{"@id":"https:\/\/themeholt.com\/ro\/product\/antrenor\/#breadcrumb"},"inLanguage":"ro-RO","potentialAction":[{"@type":"ReadAction","target":["https:\/\/themeholt.com\/ro\/product\/antrenor\/"]}]},{"@type":"ImageObject","inLanguage":"ro-RO","@id":"https:\/\/themeholt.com\/ro\/product\/antrenor\/#primaryimage","url":"https:\/\/themeholt.com\/wp-content\/uploads\/2022\/04\/Fitness-Trainer-Theme-1.jpg","contentUrl":"https:\/\/themeholt.com\/wp-content\/uploads\/2022\/04\/Fitness-Trainer-Theme-1.jpg","width":1300,"height":1283},{"@type":"BreadcrumbList","@id":"https:\/\/themeholt.com\/ro\/product\/antrenor\/#breadcrumb","itemListElement":[{"@type":"ListItem","position":1,"name":"Home","item":"https:\/\/themeholt.com\/ro\/"},{"@type":"ListItem","position":2,"name":"Shop","item":"https:\/\/themeholt.com\/shop\/"},{"@type":"ListItem","position":3,"name":"Antrenor"}]},{"@type":"WebSite","@id":"https:\/\/themeholt.com\/#website","url":"https:\/\/themeholt.com\/","name":"ThemeHolt","description":"Themeholt is a website that offers high-quality WordPress themes","publisher":{"@id":"https:\/\/themeholt.com\/#organization"},"potentialAction":[{"@type":"SearchAction","target":{"@type":"EntryPoint","urlTemplate":"https:\/\/themeholt.com\/?s={search_term_string}"},"query-input":{"@type":"PropertyValueSpecification","valueRequired":true,"valueName":"search_term_string"}}],"inLanguage":"ro-RO"},{"@type":"Organization","@id":"https:\/\/themeholt.com\/#organization","name":"ThemeHolt","alternateName":"ThemeHolt","url":"https:\/\/themeholt.com\/","logo":{"@type":"ImageObject","inLanguage":"ro-RO","@id":"https:\/\/themeholt.com\/#\/schema\/logo\/image\/","url":"https:\/\/themeholt.com\/wp-content\/uploads\/2024\/10\/themeholt.png","contentUrl":"https:\/\/themeholt.com\/wp-content\/uploads\/2024\/10\/themeholt.png","width":225,"height":225,"caption":"ThemeHolt"},"image":{"@id":"https:\/\/themeholt.com\/#\/schema\/logo\/image\/"},"sameAs":["https:\/\/www.facebook.com\/themeholtT","https:\/\/x.com\/ThemeholtT","https:\/\/www.linkedin.com\/company\/themeholt","https:\/\/www.instagram.com\/themeholtt\/"],"description":"Themeholt is a website that offers high-quality WordPress themes that are easy to use and ready for just about everything. In Eindhoven, Netherlands, since 2020 offering simple, accessible WordPress themes by providing a variety of requirements. Themeholt focuses on practicality and efficiency, allowing faster project completion with its superior marketplace and easy-to-use templates.","legalName":"ThemeHolt","foundingDate":"2022-11-10","numberOfEmployees":{"@type":"QuantitativeValue","minValue":"51","maxValue":"200"}}]}},"_links":{"self":[{"href":"https:\/\/themeholt.com\/ro\/wp-json\/wp\/v2\/product\/17566","targetHints":{"allow":["GET"]}}],"collection":[{"href":"https:\/\/themeholt.com\/ro\/wp-json\/wp\/v2\/product"}],"about":[{"href":"https:\/\/themeholt.com\/ro\/wp-json\/wp\/v2\/types\/product"}],"wp:featuredmedia":[{"embeddable":true,"href":"https:\/\/themeholt.com\/ro\/wp-json\/wp\/v2\/media\/17568"}],"wp:attachment":[{"href":"https:\/\/themeholt.com\/ro\/wp-json\/wp\/v2\/media?parent=17566"}],"wp:term":[{"taxonomy":"product_brand","embeddable":true,"href":"https:\/\/themeholt.com\/ro\/wp-json\/wp\/v2\/product_brand?post=17566"},{"taxonomy":"product_cat","embeddable":true,"href":"https:\/\/themeholt.com\/ro\/wp-json\/wp\/v2\/product_cat?post=17566"},{"taxonomy":"product_tag","embeddable":true,"href":"https:\/\/themeholt.com\/ro\/wp-json\/wp\/v2\/product_tag?post=17566"}],"curies":[{"name":"wp","href":"https:\/\/api.w.org\/{rel}","templated":true}]}}